{"id":783,"date":"2022-06-14T13:07:41","date_gmt":"2022-06-14T11:07:41","guid":{"rendered":"https:\/\/agora.xtec.cat\/ztac\/?page_id=783"},"modified":"2025-11-05T09:32:19","modified_gmt":"2025-11-05T08:32:19","slug":"consell-escolar-consellescolar","status":"publish","type":"page","link":"https:\/\/agora.xtec.cat\/ztac\/consell-escolar-consellescolar\/","title":{"rendered":"Consell Escolar"},"content":{"rendered":"<p><strong>REPRESENTANTS<\/strong><\/p>\n<ul>\n<li><strong>Presidenta:<\/strong>\n<ul>\n<li>Montse Vidal Fuster<\/li>\n<\/ul>\n<\/li>\n<li><strong>Secretari, Cap d&#8217;estudis i direccions de centre:<\/strong>\n<ul>\n<li>Joan Mart\u00ednez Aroca<\/li>\n<li>Judith L\u00f3pez Rins<\/li>\n<li>Annabel Garc\u00eda<\/li>\n<\/ul>\n<\/li>\n<li><strong>Representants dels mestres:<\/strong>\n<ul>\n<li>Marga Llamas (El Pinell de Brai)<\/li>\n<li>Lourdes Rius Sol\u00e9 (Corbera d&#8217;Ebre)<\/li>\n<\/ul>\n<\/li>\n<li><strong>Representants de les fam\u00edlies:<\/strong>\n<ul>\n<li>Montse Ferr\u00e9 (Corbera d&#8217;Ebre)<\/li>\n<li>\u00a0Cristina Vidiella (El Pinell de Brai)<\/li>\n<li>Valeria Stone (Bot)<\/li>\n<\/ul>\n<\/li>\n<li><strong>Representants dels ajuntaments:<\/strong>\n<ul>\n<li>Cristina Oprisor (Corbera d&#8217;Ebre)<\/li>\n<li>Oriol Fidel (Bot)<\/li>\n<li>Laura Vallesp\u00ed (El Pinell de Brai)<\/li>\n<\/ul>\n<\/li>\n<li><strong>Representant del Personal d&#8217;Administraci\u00f3 i Serveis:<\/strong>\n<ul>\n<li>Aida Castro<\/li>\n<\/ul>\n<\/li>\n<\/ul>\n<p><a href=\"https:\/\/drive.google.com\/drive\/folders\/14iGPBB6ybAyZN0EhmvjSOWUNdirII7n7?usp=drive_link\">Acords Consell Escolar<\/a><\/p>\n","protected":false},"excerpt":{"rendered":"<p>REPRESENTANTS Presidenta: Montse Vidal Fuster Secretari, Cap d&#8217;estudis i direccions de centre: Joan Mart\u00ednez Aroca Judith L\u00f3pez Rins Annabel Garc\u00eda Representants dels mestres: Marga Llamas (El Pinell de Brai) Lourdes Rius Sol\u00e9 (Corbera d&#8217;Ebre) Representants de les fam\u00edlies: Montse Ferr\u00e9 (Corbera d&#8217;Ebre) \u00a0Cristina Vidiella (El Pinell de Brai) Valeria Stone (Bot) Representants dels ajuntaments: Cristina [&hellip;]<\/p>\n","protected":false},"author":1,"featured_media":0,"parent":0,"menu_order":0,"comment_status":"closed","ping_status":"closed","template":"","meta":{"_bbp_topic_count":0,"_bbp_reply_count":0,"_bbp_total_topic_count":0,"_bbp_total_reply_count":0,"_bbp_voice_count":0,"_bbp_anonymous_reply_count":0,"_bbp_topic_count_hidden":0,"_bbp_reply_count_hidden":0,"_bbp_forum_subforum_count":0,"site-sidebar-layout":"default","site-content-layout":"","ast-site-content-layout":"default","site-content-style":"default","site-sidebar-style":"default","ast-global-header-display":"","ast-banner-title-visibility":"","ast-main-header-display":"","ast-hfb-above-header-display":"","ast-hfb-below-header-display":"","ast-hfb-mobile-header-display":"","site-post-title":"","ast-breadcrumbs-content":"","ast-featured-img":"","footer-sml-layout":"","theme-transparent-header-meta":"default","adv-header-id-meta":"","stick-header-meta":"","header-above-stick-meta":"","header-main-stick-meta":"","header-below-stick-meta":"","astra-migrate-meta-layouts":"set","ast-page-background-enabled":"default","ast-page-background-meta":{"desktop":{"background-color":"var(--ast-global-color-4)","background-image":"","background-repeat":"repeat","background-position":"center center","background-size":"auto","background-attachment":"scroll","background-type":"","background-media":"","overlay-type":"","overlay-color":"","overlay-opacity":"","overlay-gradient":""},"tablet":{"background-color":"","background-image":"","background-repeat":"repeat","background-position":"center center","background-size":"auto","background-attachment":"scroll","background-type":"","background-media":"","overlay-type":"","overlay-color":"","overlay-opacity":"","overlay-gradient":""},"mobile":{"background-color":"","background-image":"","background-repeat":"repeat","background-position":"center center","background-size":"auto","background-attachment":"scroll","background-type":"","background-media":"","overlay-type":"","overlay-color":"","overlay-opacity":"","overlay-gradient":""}},"ast-content-background-meta":{"desktop":{"background-color":"var(--ast-global-color-5)","background-image":"","background-repeat":"repeat","background-position":"center center","background-size":"auto","background-attachment":"scroll","background-type":"","background-media":"","overlay-type":"","overlay-color":"","overlay-opacity":"","overlay-gradient":""},"tablet":{"background-color":"var(--ast-global-color-5)","background-image":"","background-repeat":"repeat","background-position":"center center","background-size":"auto","background-attachment":"scroll","background-type":"","background-media":"","overlay-type":"","overlay-color":"","overlay-opacity":"","overlay-gradient":""},"mobile":{"background-color":"var(--ast-global-color-5)","background-image":"","background-repeat":"repeat","background-position":"center center","background-size":"auto","background-attachment":"scroll","background-type":"","background-media":"","overlay-type":"","overlay-color":"","overlay-opacity":"","overlay-gradient":""}},"footnotes":""},"class_list":["post-783","page","type-page","status-publish","hentry"],"post_mailing_queue_ids":[],"_links":{"self":[{"href":"https:\/\/agora.xtec.cat\/ztac\/wp-json\/wp\/v2\/pages\/783","targetHints":{"allow":["GET"]}}],"collection":[{"href":"https:\/\/agora.xtec.cat\/ztac\/wp-json\/wp\/v2\/pages"}],"about":[{"href":"https:\/\/agora.xtec.cat\/ztac\/wp-json\/wp\/v2\/types\/page"}],"author":[{"embeddable":true,"href":"https:\/\/agora.xtec.cat\/ztac\/wp-json\/wp\/v2\/users\/1"}],"replies":[{"embeddable":true,"href":"https:\/\/agora.xtec.cat\/ztac\/wp-json\/wp\/v2\/comments?post=783"}],"version-history":[{"count":6,"href":"https:\/\/agora.xtec.cat\/ztac\/wp-json\/wp\/v2\/pages\/783\/revisions"}],"predecessor-version":[{"id":1077,"href":"https:\/\/agora.xtec.cat\/ztac\/wp-json\/wp\/v2\/pages\/783\/revisions\/1077"}],"wp:attachment":[{"href":"https:\/\/agora.xtec.cat\/ztac\/wp-json\/wp\/v2\/media?parent=783"}],"curies":[{"name":"wp","href":"https:\/\/api.w.org\/{rel}","templated":true}]}}