{"id":780,"date":"2022-06-14T12:59:07","date_gmt":"2022-06-14T10:59:07","guid":{"rendered":"https:\/\/agora.xtec.cat\/ztac\/?page_id=780"},"modified":"2026-01-26T12:44:55","modified_gmt":"2026-01-26T11:44:55","slug":"documents","status":"publish","type":"page","link":"https:\/\/agora.xtec.cat\/ztac\/documents\/","title":{"rendered":"Documents"},"content":{"rendered":"<p><a href=\"https:\/\/drive.google.com\/file\/d\/1hY98Fb0nu1Ah3buGE5hErFlLk9aVOFMD\/view?usp=drive_link\"><span style=\"font-weight: 400;\">Projecte Educatiu de la ZER Terra Alta centre (en revisi\u00f3)<\/span><\/a><\/p>\n<p><a href=\"https:\/\/drive.google.com\/file\/d\/1te--lHeH4lmKyi9giJkE7VkasaWYYMkf\/view?usp=sharing\"><span style=\"font-weight: 400;\">Projecte ling\u00fc\u00edstic. \u00daltima revisi\u00f3: 2016<\/span><\/a><\/p>\n<p><a href=\"https:\/\/issuu.com\/zerterraaltacentre\/docs\/pla_d_acci___tutorial_de_zer\/1\"><span style=\"font-weight: 400;\">Pla d&#8217;acci\u00f3 tutorial. \u00daltima revisi\u00f3: juny 2012<\/span><\/a><\/p>\n<p><a href=\"https:\/\/drive.google.com\/file\/d\/1lSDSM9mGEQOiJeJIlLxpKo5yYwA6gc-i\/view\"><span style=\"font-weight: 400;\">Normes d&#8217;organitzaci\u00f3 i funcionament de la ZER (NOFZ). \u00daltima revisi\u00f3: setembre 2025<\/span><\/a><\/p>\n<p><a href=\"https:\/\/drive.google.com\/file\/d\/1jtu5DCQv2sN3ciQwcdHHt0uX98YAOg4V\/view?usp=drive_link\" target=\"_blank\" rel=\"noopener\">Projecte de direcci\u00f3 ZER Terra Alta centre. 2025-2029<\/a><\/p>\n<p><a href=\"https:\/\/drive.google.com\/file\/d\/1y7xfXsEFHQ4-S8mX8UMZVlfeir1CIIY1\/view\"><span style=\"font-weight: 400;\">Programaci\u00f3 general anual ZER Terra Alta centre 2025-2026<\/span><\/a><\/p>\n<p><a href=\"https:\/\/drive.google.com\/file\/d\/1XQlMAvRNGugVJvWWzkoyymqFk6ZjIsDf\/view?usp=drive_link\"><span style=\"font-weight: 400;\">Projecte de conviv\u00e8ncia. \u00daltima revisi\u00f3: maig 2021.<\/span><\/a><\/p>\n<p><a href=\"https:\/\/drive.google.com\/file\/d\/1kY5r6Wy8zd6fH5TPsAFJTY3dtkjRKfQC\/view?usp=sharing\"><span style=\"font-weight: 400;\">Mem\u00f2ria anual 2024 &#8211; 2025<\/span><\/a><\/p>\n<p><a href=\"https:\/\/drive.google.com\/file\/d\/1dUvHm4_cbdRH75L9YYf4YWKOs8O6M35A\/view?usp=drive_link\"><span style=\"font-weight: 400;\">Pla d&#8217;acollida. \u00daltima revisi\u00f3: mar\u00e7 2024<\/span><\/a><\/p>\n<p>&nbsp;<\/p>\n<p><strong>Perfils professionals de direcci\u00f3:<\/strong><\/p>\n<p><a href=\"https:\/\/drive.google.com\/file\/d\/13-4zC8Y-U2hugMNkBt6ZXCYXhT4atVFf\/view?usp=drive_link\" target=\"_blank\" rel=\"noopener\">Directora de la ZER<\/a><\/p>\n<p><a href=\"https:\/\/drive.google.com\/file\/d\/13aMZjmXdl8AE0ibp8xCDpv9qNEikVeuW\/view?usp=drive_link\" target=\"_blank\" rel=\"noopener\">Cap d&#8217;estudis de la ZER<\/a><\/p>\n<p><a href=\"https:\/\/drive.google.com\/file\/d\/1K-A-tdoP-SW_d1qf-4PLYNN9lZVsKx8t\/view?usp=drive_link\" target=\"_blank\" rel=\"noopener\">Secretari de la ZER<\/a><\/p>\n","protected":false},"excerpt":{"rendered":"<p>Projecte Educatiu de la ZER Terra Alta centre (en revisi\u00f3) Projecte ling\u00fc\u00edstic. \u00daltima revisi\u00f3: 2016 Pla d&#8217;acci\u00f3 tutorial. \u00daltima revisi\u00f3: juny 2012 Normes d&#8217;organitzaci\u00f3 i funcionament de la ZER (NOFZ). \u00daltima revisi\u00f3: setembre 2025 Projecte de direcci\u00f3 ZER Terra Alta centre. 2025-2029 Programaci\u00f3 general anual ZER Terra Alta centre 2025-2026 Projecte de conviv\u00e8ncia. \u00daltima revisi\u00f3: [&hellip;]<\/p>\n","protected":false},"author":1,"featured_media":0,"parent":0,"menu_order":0,"comment_status":"closed","ping_status":"closed","template":"","meta":{"_bbp_topic_count":0,"_bbp_reply_count":0,"_bbp_total_topic_count":0,"_bbp_total_reply_count":0,"_bbp_voice_count":0,"_bbp_anonymous_reply_count":0,"_bbp_topic_count_hidden":0,"_bbp_reply_count_hidden":0,"_bbp_forum_subforum_count":0,"site-sidebar-layout":"default","site-content-layout":"","ast-site-content-layout":"default","site-content-style":"default","site-sidebar-style":"default","ast-global-header-display":"","ast-banner-title-visibility":"","ast-main-header-display":"","ast-hfb-above-header-display":"","ast-hfb-below-header-display":"","ast-hfb-mobile-header-display":"","site-post-title":"","ast-breadcrumbs-content":"","ast-featured-img":"","footer-sml-layout":"","theme-transparent-header-meta":"default","adv-header-id-meta":"","stick-header-meta":"","header-above-stick-meta":"","header-main-stick-meta":"","header-below-stick-meta":"","astra-migrate-meta-layouts":"set","ast-page-background-enabled":"default","ast-page-background-meta":{"desktop":{"background-color":"var(--ast-global-color-4)","background-image":"","background-repeat":"repeat","background-position":"center center","background-size":"auto","background-attachment":"scroll","background-type":"","background-media":"","overlay-type":"","overlay-color":"","overlay-opacity":"","overlay-gradient":""},"tablet":{"background-color":"","background-image":"","background-repeat":"repeat","background-position":"center center","background-size":"auto","background-attachment":"scroll","background-type":"","background-media":"","overlay-type":"","overlay-color":"","overlay-opacity":"","overlay-gradient":""},"mobile":{"background-color":"","background-image":"","background-repeat":"repeat","background-position":"center center","background-size":"auto","background-attachment":"scroll","background-type":"","background-media":"","overlay-type":"","overlay-color":"","overlay-opacity":"","overlay-gradient":""}},"ast-content-background-meta":{"desktop":{"background-color":"var(--ast-global-color-5)","background-image":"","background-repeat":"repeat","background-position":"center center","background-size":"auto","background-attachment":"scroll","background-type":"","background-media":"","overlay-type":"","overlay-color":"","overlay-opacity":"","overlay-gradient":""},"tablet":{"background-color":"var(--ast-global-color-5)","background-image":"","background-repeat":"repeat","background-position":"center center","background-size":"auto","background-attachment":"scroll","background-type":"","background-media":"","overlay-type":"","overlay-color":"","overlay-opacity":"","overlay-gradient":""},"mobile":{"background-color":"var(--ast-global-color-5)","background-image":"","background-repeat":"repeat","background-position":"center center","background-size":"auto","background-attachment":"scroll","background-type":"","background-media":"","overlay-type":"","overlay-color":"","overlay-opacity":"","overlay-gradient":""}},"footnotes":""},"class_list":["post-780","page","type-page","status-publish","hentry"],"post_mailing_queue_ids":[],"_links":{"self":[{"href":"https:\/\/agora.xtec.cat\/ztac\/wp-json\/wp\/v2\/pages\/780","targetHints":{"allow":["GET"]}}],"collection":[{"href":"https:\/\/agora.xtec.cat\/ztac\/wp-json\/wp\/v2\/pages"}],"about":[{"href":"https:\/\/agora.xtec.cat\/ztac\/wp-json\/wp\/v2\/types\/page"}],"author":[{"embeddable":true,"href":"https:\/\/agora.xtec.cat\/ztac\/wp-json\/wp\/v2\/users\/1"}],"replies":[{"embeddable":true,"href":"https:\/\/agora.xtec.cat\/ztac\/wp-json\/wp\/v2\/comments?post=780"}],"version-history":[{"count":6,"href":"https:\/\/agora.xtec.cat\/ztac\/wp-json\/wp\/v2\/pages\/780\/revisions"}],"predecessor-version":[{"id":1087,"href":"https:\/\/agora.xtec.cat\/ztac\/wp-json\/wp\/v2\/pages\/780\/revisions\/1087"}],"wp:attachment":[{"href":"https:\/\/agora.xtec.cat\/ztac\/wp-json\/wp\/v2\/media?parent=780"}],"curies":[{"name":"wp","href":"https:\/\/api.w.org\/{rel}","templated":true}]}}