{"id":703,"date":"2022-05-04T13:03:10","date_gmt":"2022-05-04T11:03:10","guid":{"rendered":"https:\/\/agora.xtec.cat\/ztac\/?page_id=703"},"modified":"2023-04-24T13:26:32","modified_gmt":"2023-04-24T11:26:32","slug":"estrategia-digital","status":"publish","type":"page","link":"https:\/\/agora.xtec.cat\/ztac\/estrategia-digital\/","title":{"rendered":"Estrat\u00e8gia Digital"},"content":{"rendered":"<p><img loading=\"lazy\" decoding=\"async\" class=\"wp-image-8683 aligncenter\" src=\"https:\/\/projectes.xtec.cat\/edc-suport\/wp-content\/uploads\/usu2435\/2021\/03\/edc5.jpg\" sizes=\"auto, (max-width: 659px) 100vw, 659px\" srcset=\"https:\/\/projectes.xtec.cat\/edc-suport\/wp-content\/uploads\/usu2435\/2021\/03\/edc5.jpg 993w, https:\/\/projectes.xtec.cat\/edc-suport\/wp-content\/uploads\/usu2435\/2021\/03\/edc5-300x232.jpg 300w, https:\/\/projectes.xtec.cat\/edc-suport\/wp-content\/uploads\/usu2435\/2021\/03\/edc5-768x593.jpg 768w\" alt=\"Fases de l'EDC\" width=\"659\" height=\"509\" \/><\/p>\n<p>Per dissenyar una bona EDC cal seguir unes fases determinades. Per a cada fase ens valdrem de diferents instruments que ens permetran concretar quin grau de maduresa digital necessitem que assoleixi el centre en cada \u00e0mbit (alumnat, professorat i centre) i com fer-ho. Tot i aix\u00f2, en el document EDC no caldr\u00e0 indicar tots els instruments que s\u2019han utilitzat. Nom\u00e9s haurem d\u2019incloure-hi els que s\u00f3n necessaris per entendre el disseny final de l\u2019EDC. Veiem, fase per fase, qu\u00e8 \u00e9s recomanable que inclogui el document d\u2019EDC.<\/p>\n<ul>\n<li><strong>Diagnosi:<\/strong>\u00a0tal com s\u2019indica en la\u00a0<a href=\"https:\/\/projectes.xtec.cat\/edc-suport\/?page_id=8227\">guia d\u2019elaboraci\u00f3 de la diagnosi<\/a>, hi ha moltes formes possibles per abordar aquesta diagnosi: an\u00e0lisi dels indicadors de centre, realitzaci\u00f3 d\u2019enquestes a la comunitat escolar, entrevistes, observacions, \u00fas de la r\u00fabrica del pla TAC, de l\u2019eina SELFIE, etc. Totes aquestes t\u00e8cniques ens proporcionen molta informaci\u00f3. Per\u00f2 cal destacar que a l\u2019EDC nom\u00e9s s\u2019hi han d\u2019incloure les conclusions argumentades de la diagnosi, que permetin entendre la selecci\u00f3 dels objectius.<br \/>\nAix\u00ed doncs, no \u00e9s necessari indicar els gr\u00e0fics de totes les enquestes o afegir tots els indicadors analitzats. Nom\u00e9s caldr\u00e0 indicar aquelles dades o gr\u00e0fics que permetin argumentar les conclusions de la diagnosi.\u200b\u200b\u200b<\/li>\n<\/ul>\n<table style=\"border-collapse: collapse; width: 100%;\">\n<tbody>\n<tr>\n<td style=\"width: 32.5456%; text-align: center;\"><a href=\"https:\/\/drive.google.com\/file\/d\/1LdjoCXgrLivJPS9naLu5S6RON5igm9ov\/view?usp=share_link\"><img loading=\"lazy\" decoding=\"async\" class=\"size-full wp-image-723 alignnone\" src=\"https:\/\/agora.xtec.cat\/ztac\/wp-content\/uploads\/usu2297\/2022\/05\/platac-1.png\" alt=\"\" width=\"341\" height=\"148\" srcset=\"https:\/\/agora.xtec.cat\/ztac\/wp-content\/uploads\/usu2297\/2022\/05\/platac-1.png 341w, https:\/\/agora.xtec.cat\/ztac\/wp-content\/uploads\/usu2297\/2022\/05\/platac-1-300x130.png 300w\" sizes=\"auto, (max-width: 341px) 100vw, 341px\" \/><\/a><\/td>\n<td style=\"width: 22.5954%; text-align: center;\">\n<p style=\"font-family: 'Helvetica Neue', Helvetica, Helvetica, Arial, sans-serif; font-size: 14px;\"><strong><a style=\"color: #2795b6;\" href=\"https:\/\/drive.google.com\/file\/d\/1MYZCoJmhkDLRfqRJoEbonMkHiFry1EVS\/view?usp=share_link\"><img loading=\"lazy\" decoding=\"async\" class=\"wp-image-732 aligncenter\" src=\"https:\/\/agora.xtec.cat\/ztac\/wp-content\/uploads\/usu2297\/2022\/05\/image.png\" alt=\"\" width=\"89\" height=\"59\" srcset=\"https:\/\/agora.xtec.cat\/ztac\/wp-content\/uploads\/usu2297\/2022\/05\/image.png 600w, https:\/\/agora.xtec.cat\/ztac\/wp-content\/uploads\/usu2297\/2022\/05\/image-300x200.png 300w\" sizes=\"auto, (max-width: 89px) 100vw, 89px\" \/><\/a><\/strong><\/p>\n<p style=\"text-align: center;\"><strong>ENQUESTA<\/strong><\/p>\n<\/td>\n<td style=\"width: 23.6733%; text-align: center;\">\n<p style=\"font-family: 'Helvetica Neue', Helvetica, Helvetica, Arial, sans-serif; font-size: 14px;\"><strong><a style=\"color: #2795b6;\" href=\"https:\/\/drive.google.com\/file\/d\/15weU-BQx1qol_Ost8Rq74h5vuZSUL6U6\/view?usp=share_link\"><img loading=\"lazy\" decoding=\"async\" class=\"wp-image-732 aligncenter\" src=\"https:\/\/agora.xtec.cat\/ztac\/wp-content\/uploads\/usu2297\/2022\/05\/image.png\" alt=\"\" width=\"89\" height=\"59\" srcset=\"https:\/\/agora.xtec.cat\/ztac\/wp-content\/uploads\/usu2297\/2022\/05\/image.png 600w, https:\/\/agora.xtec.cat\/ztac\/wp-content\/uploads\/usu2297\/2022\/05\/image-300x200.png 300w\" sizes=\"auto, (max-width: 89px) 100vw, 89px\" \/><\/a><\/strong><\/p>\n<p style=\"text-align: center;\"><strong>RESULTATS<\/strong><\/p>\n<\/td>\n<td style=\"width: 21.1857%; text-align: center;\">\n<p style=\"font-family: 'Helvetica Neue', Helvetica, Helvetica, Arial, sans-serif; font-size: 14px;\"><strong><a style=\"color: #2795b6;\" href=\"https:\/\/drive.google.com\/file\/d\/1dRfWg8DtQQNYsC-ax-s60B2bdTGd0oGF\/view?usp=sharing\"><img loading=\"lazy\" decoding=\"async\" class=\"wp-image-732 aligncenter\" src=\"https:\/\/agora.xtec.cat\/ztac\/wp-content\/uploads\/usu2297\/2022\/05\/image.png\" alt=\"\" width=\"89\" height=\"59\" srcset=\"https:\/\/agora.xtec.cat\/ztac\/wp-content\/uploads\/usu2297\/2022\/05\/image.png 600w, https:\/\/agora.xtec.cat\/ztac\/wp-content\/uploads\/usu2297\/2022\/05\/image-300x200.png 300w\" sizes=\"auto, (max-width: 89px) 100vw, 89px\" \/><\/a><\/strong><\/p>\n<p style=\"text-align: center;\"><strong>AN\u00c0LISI<\/strong><\/p>\n<\/td>\n<\/tr>\n<\/tbody>\n<\/table>\n<table style=\"border-collapse: collapse; width: 100%;\">\n<tbody>\n<tr>\n<td style=\"width: 33.3333%;\"><a href=\"https:\/\/drive.google.com\/file\/d\/1MyktmC9c2UcUKhUM7lN6EzuzalVuHmbv\/view?usp=sharing\"><img loading=\"lazy\" decoding=\"async\" class=\"alignnone size-full wp-image-927\" src=\"https:\/\/agora.xtec.cat\/ztac\/wp-content\/uploads\/usu2297\/2022\/12\/ESCOLA-CESAR-MARTINELL.png\" alt=\"\" width=\"500\" height=\"500\" srcset=\"https:\/\/agora.xtec.cat\/ztac\/wp-content\/uploads\/usu2297\/2022\/12\/ESCOLA-CESAR-MARTINELL.png 500w, https:\/\/agora.xtec.cat\/ztac\/wp-content\/uploads\/usu2297\/2022\/12\/ESCOLA-CESAR-MARTINELL-300x300.png 300w, https:\/\/agora.xtec.cat\/ztac\/wp-content\/uploads\/usu2297\/2022\/12\/ESCOLA-CESAR-MARTINELL-150x150.png 150w\" sizes=\"auto, (max-width: 500px) 100vw, 500px\" \/><\/a><\/td>\n<td style=\"width: 33.3333%;\"><a href=\"https:\/\/drive.google.com\/file\/d\/1kMGZsQAE2AJOYPaVxngEHfq_9GnXQ7nv\/view?usp=sharing\"><img loading=\"lazy\" decoding=\"async\" class=\"alignnone size-full wp-image-928\" src=\"https:\/\/agora.xtec.cat\/ztac\/wp-content\/uploads\/usu2297\/2022\/12\/ESCOLA-DOCTOR-FERRAN.png\" alt=\"\" width=\"500\" height=\"500\" srcset=\"https:\/\/agora.xtec.cat\/ztac\/wp-content\/uploads\/usu2297\/2022\/12\/ESCOLA-DOCTOR-FERRAN.png 500w, https:\/\/agora.xtec.cat\/ztac\/wp-content\/uploads\/usu2297\/2022\/12\/ESCOLA-DOCTOR-FERRAN-300x300.png 300w, https:\/\/agora.xtec.cat\/ztac\/wp-content\/uploads\/usu2297\/2022\/12\/ESCOLA-DOCTOR-FERRAN-150x150.png 150w\" sizes=\"auto, (max-width: 500px) 100vw, 500px\" \/><\/a><\/td>\n<td style=\"width: 33.3333%;\"><a href=\"https:\/\/drive.google.com\/file\/d\/1fnLMDuUr8iqLLY1_3xIYmtkRsxqJgRHP\/view?usp=sharing\"><img loading=\"lazy\" decoding=\"async\" class=\"alignnone size-full wp-image-926\" src=\"https:\/\/agora.xtec.cat\/ztac\/wp-content\/uploads\/usu2297\/2022\/12\/ESCOLA-SANT-BLAI.png\" alt=\"\" width=\"500\" height=\"500\" srcset=\"https:\/\/agora.xtec.cat\/ztac\/wp-content\/uploads\/usu2297\/2022\/12\/ESCOLA-SANT-BLAI.png 500w, https:\/\/agora.xtec.cat\/ztac\/wp-content\/uploads\/usu2297\/2022\/12\/ESCOLA-SANT-BLAI-300x300.png 300w, https:\/\/agora.xtec.cat\/ztac\/wp-content\/uploads\/usu2297\/2022\/12\/ESCOLA-SANT-BLAI-150x150.png 150w\" sizes=\"auto, (max-width: 500px) 100vw, 500px\" \/><\/a><\/td>\n<\/tr>\n<\/tbody>\n<\/table>\n<ul>\n<li><strong>Objectius de l\u2019Estrat\u00e8gia Digital:<\/strong> en el document han d\u2019apar\u00e8ixer els objectius que es concreten a mitj\u00e0 termini (3 o 4 anys). Despr\u00e9s de la diagnosi hauran aparegut molts prop\u00f2sits. Caldr\u00e0 seleccionar-los i prioritzar-los. En el document d\u2019EDC nom\u00e9s apareixeran aquells que el centre intentar\u00e0 assolir en el termini establert.<\/li>\n<\/ul>\n<table style=\"border-collapse: collapse; width: 100%;\">\n<tbody>\n<tr>\n<td style=\"width: 100%;\">\n<p style=\"text-align: center;\">1 &#8211; Millorar la compet\u00e8ncia digital de l&#8217;alumnat<\/p>\n<p style=\"text-align: center;\">2- Millorar la compet\u00e8ncia digital docent<\/p>\n<p style=\"text-align: center;\">3- \u00das \u00e8tic i racional dels recursos digitals<\/p>\n<p style=\"text-align: center;\">4- Difusi\u00f3 de l&#8217;EDC entre la comunitat educativa<\/p>\n<\/td>\n<\/tr>\n<tr>\n<td style=\"width: 100%; text-align: center;\">OBJECTIUS EDC<\/td>\n<\/tr>\n<\/tbody>\n<\/table>\n<ul>\n<li><strong>Planificaci\u00f3:\u00a0<\/strong>en el document tamb\u00e9 s\u2019han d\u2019incloure les accions detallades per tal d\u2019aconseguir els objectius fixats. Per cada activitat \u00e9s convenient indicar, com a m\u00ednim, la seva temporitzaci\u00f3, els responsables i els recursos necessaris.<\/li>\n<\/ul>\n<table style=\"border-collapse: collapse; width: 100%;\">\n<tbody>\n<tr>\n<td style=\"width: 100%;\"><a href=\"https:\/\/docs.google.com\/spreadsheets\/d\/1M6NUuqU1Te20Y163WJW65FXHzghe-pFCIgDp-n4iMZE\/edit?usp=sharing\"><img loading=\"lazy\" decoding=\"async\" class=\"wp-image-889 aligncenter\" src=\"https:\/\/agora.xtec.cat\/ztac\/wp-content\/uploads\/usu2297\/2022\/06\/PLANIFICACIO-EDC.png\" alt=\"\" width=\"250\" height=\"250\" srcset=\"https:\/\/agora.xtec.cat\/ztac\/wp-content\/uploads\/usu2297\/2022\/06\/PLANIFICACIO-EDC.png 500w, https:\/\/agora.xtec.cat\/ztac\/wp-content\/uploads\/usu2297\/2022\/06\/PLANIFICACIO-EDC-300x300.png 300w, https:\/\/agora.xtec.cat\/ztac\/wp-content\/uploads\/usu2297\/2022\/06\/PLANIFICACIO-EDC-150x150.png 150w\" sizes=\"auto, (max-width: 250px) 100vw, 250px\" \/><\/a><\/td>\n<\/tr>\n<tr>\n<td style=\"width: 100%; text-align: center;\">PLANIFICACI\u00d3 EDC<\/td>\n<\/tr>\n<\/tbody>\n<\/table>\n<ul>\n<li style=\"text-align: left;\"><strong>Avaluaci\u00f3:<\/strong>\u00a0aquesta fase s\u2019ha de concretar en indicadors d\u2019assoliments per cada objectiu i en indicadors de seguiment de cada activitat. Tamb\u00e9 \u00e9s recomanable que en el mateix document de l\u2019EDC s\u2019especifiqui quan es far\u00e0 l\u2019avaluaci\u00f3 peri\u00f2dica de la mateixa EDC dissenyada.<\/li>\n<\/ul>\n<table style=\"border-collapse: collapse; width: 100%;\">\n<tbody>\n<tr>\n<td style=\"width: 100%;\">\n<p dir=\"ltr\">L\u2019EDC \u00e9s un document viu i susceptible a canvis continus en qualsevol moment. Aix\u00f2 ens permet adaptar-nos a la realitat del centre i al dinamisme propiciat per la societat, com potser una pand\u00e8mia, introducci\u00f3 d\u2019equipament nou que possibilita un canvi metodol\u00f2gic, etc.<\/p>\n<p dir=\"ltr\">El proc\u00e9s d\u2019avaluaci\u00f3 que hem dissenyat \u00e9s avaluar cada indicador una vegada ha acabat el seu per\u00edode de realitzaci\u00f3. Si s\u2019escau es podria allargar el per\u00edode de realitzaci\u00f3 si no hem acomplert l\u2019actuaci\u00f3 en el pla\u00e7 previst. D\u2019altra banda, tamb\u00e9 tenim previst actualitzar algun indicador si una vegada iniciada l\u2019actuaci\u00f3 requereix un canvi en el plantejament previst.<\/p>\n<p dir=\"ltr\">La comissi\u00f3 vetllar\u00e0 pel compliment de les actuacions en cadascun dels objectius tot i no ser responsables de les mateixes. A m\u00e9s, a l\u2019inici del curs, recollir\u00e0 en una acta les actuacions previstes pel curs escolar que tot just s\u2019inicia i s\u2019encarregar\u00e0 de la seva realitzaci\u00f3 i posterior avaluaci\u00f3, planificant aix\u00ed les diferents reunions per tal de fer el seguiment i implementaci\u00f3 de l\u2019EDC. S\u2019ha creat un document de seguiment dels indicadors amb els criteris d\u2019acompliment i els criteris d\u2019\u00e8xit que ajuda a tenir una visi\u00f3 global de l\u2019avaluaci\u00f3 i implementaci\u00f3 de l\u2019EDC.<\/p>\n<\/td>\n<\/tr>\n<tr>\n<td style=\"width: 100%; text-align: center;\">AVALUACI\u00d3 EDC<\/td>\n<\/tr>\n<\/tbody>\n<\/table>\n<p><a href=\" https:\/\/agora.xtec.cat\/ztac\/edc-estrategia-digital-de-centre\/\"><img loading=\"lazy\" decoding=\"async\" class=\"aligncenter wp-image-713\" src=\"https:\/\/agora.xtec.cat\/ztac\/wp-content\/uploads\/usu2297\/2022\/05\/boton_atras_03_atras-200x150-1-150x150.png\" alt=\"\" width=\"100\" height=\"75\" \/><\/a><\/p>\n","protected":false},"excerpt":{"rendered":"<p>Per dissenyar una bona EDC cal seguir unes fases determinades. Per a cada fase ens valdrem de diferents instruments que ens permetran concretar quin grau de maduresa digital necessitem que assoleixi el centre en cada \u00e0mbit (alumnat, professorat i centre) i com fer-ho. Tot i aix\u00f2, en el document EDC no caldr\u00e0 indicar tots els [&hellip;]<\/p>\n","protected":false},"author":1,"featured_media":0,"parent":0,"menu_order":0,"comment_status":"closed","ping_status":"closed","template":"","meta":{"_bbp_topic_count":0,"_bbp_reply_count":0,"_bbp_total_topic_count":0,"_bbp_total_reply_count":0,"_bbp_voice_count":0,"_bbp_anonymous_reply_count":0,"_bbp_topic_count_hidden":0,"_bbp_reply_count_hidden":0,"_bbp_forum_subforum_count":0,"site-sidebar-layout":"default","site-content-layout":"","ast-site-content-layout":"","site-content-style":"default","site-sidebar-style":"default","ast-global-header-display":"","ast-banner-title-visibility":"","ast-main-header-display":"","ast-hfb-above-header-display":"","ast-hfb-below-header-display":"","ast-hfb-mobile-header-display":"","site-post-title":"","ast-breadcrumbs-content":"","ast-featured-img":"","footer-sml-layout":"","theme-transparent-header-meta":"","adv-header-id-meta":"","stick-header-meta":"","header-above-stick-meta":"","header-main-stick-meta":"","header-below-stick-meta":"","astra-migrate-meta-layouts":"default","ast-page-background-enabled":"default","ast-page-background-meta":{"desktop":{"background-color":"var(--ast-global-color-4)","background-image":"","background-repeat":"repeat","background-position":"center center","background-size":"auto","background-attachment":"scroll","background-type":"","background-media":"","overlay-type":"","overlay-color":"","overlay-opacity":"","overlay-gradient":""},"tablet":{"background-color":"","background-image":"","background-repeat":"repeat","background-position":"center center","background-size":"auto","background-attachment":"scroll","background-type":"","background-media":"","overlay-type":"","overlay-color":"","overlay-opacity":"","overlay-gradient":""},"mobile":{"background-color":"","background-image":"","background-repeat":"repeat","background-position":"center center","background-size":"auto","background-attachment":"scroll","background-type":"","background-media":"","overlay-type":"","overlay-color":"","overlay-opacity":"","overlay-gradient":""}},"ast-content-background-meta":{"desktop":{"background-color":"var(--ast-global-color-5)","background-image":"","background-repeat":"repeat","background-position":"center center","background-size":"auto","background-attachment":"scroll","background-type":"","background-media":"","overlay-type":"","overlay-color":"","overlay-opacity":"","overlay-gradient":""},"tablet":{"background-color":"var(--ast-global-color-5)","background-image":"","background-repeat":"repeat","background-position":"center center","background-size":"auto","background-attachment":"scroll","background-type":"","background-media":"","overlay-type":"","overlay-color":"","overlay-opacity":"","overlay-gradient":""},"mobile":{"background-color":"var(--ast-global-color-5)","background-image":"","background-repeat":"repeat","background-position":"center center","background-size":"auto","background-attachment":"scroll","background-type":"","background-media":"","overlay-type":"","overlay-color":"","overlay-opacity":"","overlay-gradient":""}},"footnotes":""},"class_list":["post-703","page","type-page","status-publish","hentry"],"post_mailing_queue_ids":[],"_links":{"self":[{"href":"https:\/\/agora.xtec.cat\/ztac\/wp-json\/wp\/v2\/pages\/703","targetHints":{"allow":["GET"]}}],"collection":[{"href":"https:\/\/agora.xtec.cat\/ztac\/wp-json\/wp\/v2\/pages"}],"about":[{"href":"https:\/\/agora.xtec.cat\/ztac\/wp-json\/wp\/v2\/types\/page"}],"author":[{"embeddable":true,"href":"https:\/\/agora.xtec.cat\/ztac\/wp-json\/wp\/v2\/users\/1"}],"replies":[{"embeddable":true,"href":"https:\/\/agora.xtec.cat\/ztac\/wp-json\/wp\/v2\/comments?post=703"}],"version-history":[{"count":4,"href":"https:\/\/agora.xtec.cat\/ztac\/wp-json\/wp\/v2\/pages\/703\/revisions"}],"predecessor-version":[{"id":936,"href":"https:\/\/agora.xtec.cat\/ztac\/wp-json\/wp\/v2\/pages\/703\/revisions\/936"}],"wp:attachment":[{"href":"https:\/\/agora.xtec.cat\/ztac\/wp-json\/wp\/v2\/media?parent=703"}],"curies":[{"name":"wp","href":"https:\/\/api.w.org\/{rel}","templated":true}]}}