{"id":5892,"date":"2019-11-24T17:08:02","date_gmt":"2019-11-24T16:08:02","guid":{"rendered":"http:\/\/agora.xtec.cat\/ceipcastellfollit\/?page_id=692"},"modified":"2022-02-02T15:51:53","modified_gmt":"2022-02-02T14:51:53","slug":"com-es-la-nostra-escola","status":"publish","type":"page","link":"https:\/\/agora.xtec.cat\/zerventdavall\/com-es-la-nostra-escola\/","title":{"rendered":"Escola Sant Roc"},"content":{"rendered":"<p style=\"text-align: justify;\">L\u2019escola <strong>Sant Roc<\/strong> de Castellfollit de Riubreg\u00f3s \u00e9s una escola unit\u00e0ria en la qual hi ha en aquests moments <strong>10 alumnes<\/strong>.<\/p>\n<p style=\"text-align: justify;\">Est\u00e0 ubicada al petit i encantador poble de Castellfollit de Riubreg\u00f3s i forma part, junt amb 3 escoles m\u00e9s, de la <strong>ZER Vent d\u2019Avall<\/strong>.<\/p>\n<p style=\"text-align: justify;\">L\u2019escola disposa de dues mestres i quatre itinerants especialistes (educaci\u00f3 especial, m\u00fasica, angl\u00e8s i educaci\u00f3 f\u00edsica).<\/p>\n<p style=\"text-align: justify;\">\u00c9s una escola <strong>rural<\/strong> molt <strong>propera<\/strong>, <strong>familiar<\/strong> i amb <strong>atencions individualitzades<\/strong> a cada alumne on els nens i nenes juguen, s&#8217;ajuden, creixen i es diverteixen, sempre aprenent de la millor manera possible.<\/p>\n<h3 style=\"text-align: center;\"><a href=\"https:\/\/agora.xtec.cat\/ceipcastellfollit\/\">Enlla\u00e7 al blog de l\u2019escola<\/a><\/h3>\n<h4><a href=\"http:\/\/agora.xtec.cat\/ceipcastellfollit\"><img loading=\"lazy\" decoding=\"async\" class=\"alignnone wp-image-6308 aligncenter\" src=\"https:\/\/agora.xtec.cat\/zerventdavall\/wp-content\/uploads\/usu1284\/2022\/01\/32c482_34a75bd04f8d4e479b5380e683e8eb25_mv2.gif\" alt=\"\" width=\"109\" height=\"115\" \/><\/a><\/h4>\n<p>&nbsp;<\/p>\n","protected":false},"excerpt":{"rendered":"<p>\t\t\t\t\t\t&hellip;  <a href=\"https:\/\/agora.xtec.cat\/zerventdavall\/com-es-la-nostra-escola\/\" title=\"Read Escola Sant Roc\">Llegeix m\u00e9s\u00bb<\/a><\/p>\n","protected":false},"author":6,"featured_media":0,"parent":0,"menu_order":22,"comment_status":"closed","ping_status":"closed","template":"page-templates\/side-menu.php","meta":{"_bbp_topic_count":0,"_bbp_reply_count":0,"_bbp_total_topic_count":0,"_bbp_total_reply_count":0,"_bbp_voice_count":0,"_bbp_anonymous_reply_count":0,"_bbp_topic_count_hidden":0,"_bbp_reply_count_hidden":0,"_bbp_forum_subforum_count":0,"footnotes":""},"class_list":["post-5892","page","type-page","status-publish","hentry"],"post_mailing_queue_ids":[],"_links":{"self":[{"href":"https:\/\/agora.xtec.cat\/zerventdavall\/wp-json\/wp\/v2\/pages\/5892","targetHints":{"allow":["GET"]}}],"collection":[{"href":"https:\/\/agora.xtec.cat\/zerventdavall\/wp-json\/wp\/v2\/pages"}],"about":[{"href":"https:\/\/agora.xtec.cat\/zerventdavall\/wp-json\/wp\/v2\/types\/page"}],"author":[{"embeddable":true,"href":"https:\/\/agora.xtec.cat\/zerventdavall\/wp-json\/wp\/v2\/users\/6"}],"replies":[{"embeddable":true,"href":"https:\/\/agora.xtec.cat\/zerventdavall\/wp-json\/wp\/v2\/comments?post=5892"}],"version-history":[{"count":3,"href":"https:\/\/agora.xtec.cat\/zerventdavall\/wp-json\/wp\/v2\/pages\/5892\/revisions"}],"predecessor-version":[{"id":6326,"href":"https:\/\/agora.xtec.cat\/zerventdavall\/wp-json\/wp\/v2\/pages\/5892\/revisions\/6326"}],"wp:attachment":[{"href":"https:\/\/agora.xtec.cat\/zerventdavall\/wp-json\/wp\/v2\/media?parent=5892"}],"curies":[{"name":"wp","href":"https:\/\/api.w.org\/{rel}","templated":true}]}}