{"id":494,"date":"2015-07-24T17:06:00","date_gmt":"2015-07-24T15:06:00","guid":{"rendered":"http:\/\/agora.xtec.cat\/zerventdavall\/?page_id=494"},"modified":"2021-01-13T23:43:46","modified_gmt":"2021-01-13T22:43:46","slug":"ampa","status":"publish","type":"page","link":"https:\/\/agora.xtec.cat\/zerventdavall\/pagines-model\/ampa\/","title":{"rendered":"AMPA"},"content":{"rendered":"<p><strong>Pots veure les \u00faltimes not\u00edcies de l&#8217;AMPA de l&#8217;escola Gamma <a href=\"http:\/\/agora.xtec.cat\/zerventdavall\/categoria\/escola-gamma\/ampa-escola-gamma\/\">aqu\u00ed<\/a>.<\/strong><\/p>\n<p>L\u2019AMPA \u00e9s l\u2019entitat que agrupa a les mares i els pares d\u2019alumnes de l\u2019Escola per a la defensa dels seus interessos en tot all\u00f2 que fa refer\u00e8ncia a l\u2019educaci\u00f3 dels nens i nenes i col\u00b7labora en el funcionament del centre.<br \/>\n\u00c9s una entitat constitu\u00efda com associaci\u00f3 sense \u00e0nim de lucre. Est\u00e0 regulada per uns estatuts i s\u2019organitza a trav\u00e9s de: La Junta Directiva i l\u2019Assemblea General.<br \/>\nL&#8217;objectiu fonamental de l&#8217;AMPA \u00e9s contribuir a la millora de la qualitat de l&#8217;ensenyament que reben els nostres fills i filles.<\/p>\n<p><a href=\"http:\/\/agora.xtec.cat\/zerventdavall\/wp-content\/uploads\/usu1284\/2014\/09\/ampa.png\"><img loading=\"lazy\" decoding=\"async\" class=\" size-medium wp-image-185 aligncenter\" src=\"http:\/\/agora.xtec.cat\/zerventdavall\/wp-content\/uploads\/usu1284\/2014\/09\/ampa-300x120.png\" alt=\"ampa\" width=\"300\" height=\"120\" srcset=\"https:\/\/agora.xtec.cat\/zerventdavall\/wp-content\/uploads\/usu1284\/2014\/09\/ampa-300x120.png 300w, https:\/\/agora.xtec.cat\/zerventdavall\/wp-content\/uploads\/usu1284\/2014\/09\/ampa.png 315w\" sizes=\"auto, (max-width: 300px) 100vw, 300px\" \/><\/a><\/p>\n<p>Algunes de les tasques que es fan s\u00f3n:<\/p>\n<ul>\n<li>Promoure la participaci\u00f3 de pares i mares dels alumnes: Castanyada, Xocolatada per Nadal, Jocs Florals, Festa Setmana Cultural, Colla Gegantera\u2026<\/li>\n<li>Promoure la representaci\u00f3 i la participaci\u00f3 dels pares i mares dels alumnes en el Consell Escolar.<\/li>\n<li>Col\u00b7labora en les activitats educatives, organitza i gestiona les activitats extraescolars i el menjador de l\u2019Escola.<\/li>\n<li>Venda de roba i llibres de text.<\/li>\n<li>Col\u00b7labora en el Projecte per a la Reutilitzaci\u00f3 i Socialitzaci\u00f3 de llibres.<\/li>\n<li>Ajuda al finan\u00e7ament d\u2019aquelles activitats o equipaments que el centre necessita: Festa de l\u2019Escola, Biblioteca d\u2019Angl\u00e8s, samarretes per als Jocs Esportius i Fem dansa, l\u2019autocar per participar a la Cant\u00e0nia, un mirall per fer ball, projecte de rob\u00f2tica, etc.<\/li>\n<\/ul>\n<h6>Qui \u00e9s de l\u2019AMPA?<\/h6>\n<p>L\u2019Associaci\u00f3 est\u00e0 formada per les fam\u00edlies que s\u2019han inscrit com a s\u00f2cies. L\u2019actual Junta est\u00e0 formada per:<\/p>\n<ul>\n<li>Presid\u00e8ncia: &lt;Nom&gt;<\/li>\n<li>Vicepresid\u00e8ncia: &lt;Nom&gt;<\/li>\n<li>Secretaria:&lt;Nom&gt;<\/li>\n<li>Tresoreria:&lt;Nom&gt;<\/li>\n<\/ul>\n<p>A m\u00e9s, hi ha els vocals que formen diferents grups de treball.<br \/>\nLa quota, que es paga per fam\u00edlia, \u00e9s de &lt;Preu&gt;\u20ac.<\/p>\n<h6>Horari d\u2019atenci\u00f3 de l\u2019AMPA<\/h6>\n<ul>\n<li>Dilluns i dimecres de 00h. a\u00a000h.<\/li>\n<li>Dimarts i dijous de 00h. a 00h.<\/li>\n<\/ul>\n<h6>Contactar<\/h6>\n<ul>\n<li>Tel\u00e8fon: 123 456 78<\/li>\n<li>Correu electr\u00f2nic: ampa@esc-alfa.cat<\/li>\n<\/ul>\n","protected":false},"excerpt":{"rendered":"<p>Pots veure les \u00faltimes not\u00edcies de l&#8217;AMPA de l&#8217;escola Gamma <a href=\"http:\/\/agora.xtec.cat\/zerventdavall\/categoria\/escola-gamma\/ampa-escola-gamma\/\">aqu\u00ed<\/a>.<br \/>\nL\u2019AMPA \u00e9s l\u2019entitat que agrupa a les mares i els pares d\u2019alumnes de l\u2019Escola per a la defensa dels seus interessos en tot all\u00f2 que fa refer\u00e8ncia a l\u2019educaci\u00f3 dels nens i nenes i&hellip;  <a href=\"https:\/\/agora.xtec.cat\/zerventdavall\/pagines-model\/ampa\/\" title=\"Read AMPA\">Llegeix m\u00e9s\u00bb<\/a><\/p>\n","protected":false},"author":6,"featured_media":0,"parent":6231,"menu_order":70,"comment_status":"closed","ping_status":"closed","template":"page-templates\/side-menu.php","meta":{"_bbp_topic_count":0,"_bbp_reply_count":0,"_bbp_total_topic_count":0,"_bbp_total_reply_count":0,"_bbp_voice_count":0,"_bbp_anonymous_reply_count":0,"_bbp_topic_count_hidden":0,"_bbp_reply_count_hidden":0,"_bbp_forum_subforum_count":0,"footnotes":""},"class_list":["post-494","page","type-page","status-publish","hentry"],"post_mailing_queue_ids":[],"_links":{"self":[{"href":"https:\/\/agora.xtec.cat\/zerventdavall\/wp-json\/wp\/v2\/pages\/494","targetHints":{"allow":["GET"]}}],"collection":[{"href":"https:\/\/agora.xtec.cat\/zerventdavall\/wp-json\/wp\/v2\/pages"}],"about":[{"href":"https:\/\/agora.xtec.cat\/zerventdavall\/wp-json\/wp\/v2\/types\/page"}],"author":[{"embeddable":true,"href":"https:\/\/agora.xtec.cat\/zerventdavall\/wp-json\/wp\/v2\/users\/6"}],"replies":[{"embeddable":true,"href":"https:\/\/agora.xtec.cat\/zerventdavall\/wp-json\/wp\/v2\/comments?post=494"}],"version-history":[{"count":1,"href":"https:\/\/agora.xtec.cat\/zerventdavall\/wp-json\/wp\/v2\/pages\/494\/revisions"}],"predecessor-version":[{"id":5973,"href":"https:\/\/agora.xtec.cat\/zerventdavall\/wp-json\/wp\/v2\/pages\/494\/revisions\/5973"}],"up":[{"embeddable":true,"href":"https:\/\/agora.xtec.cat\/zerventdavall\/wp-json\/wp\/v2\/pages\/6231"}],"wp:attachment":[{"href":"https:\/\/agora.xtec.cat\/zerventdavall\/wp-json\/wp\/v2\/media?parent=494"}],"curies":[{"name":"wp","href":"https:\/\/api.w.org\/{rel}","templated":true}]}}