{"id":268,"date":"2015-07-20T13:09:24","date_gmt":"2015-07-20T11:09:24","guid":{"rendered":"http:\/\/agora.xtec.cat\/zerventdavall\/?page_id=268"},"modified":"2022-02-02T15:48:41","modified_gmt":"2022-02-02T14:48:41","slug":"escola-gamma","status":"publish","type":"page","link":"https:\/\/agora.xtec.cat\/zerventdavall\/escola-gamma\/","title":{"rendered":"Escola Font de l&#8217;Anoia"},"content":{"rendered":"<p>L&#8217;escola Font de l&#8217;Anoia est\u00e0\u00a0ubicada al municipi de St. Mart\u00ed Sesgueioles i forma part de la ZER Vent d&#8217;Avall juntament\u00a0amb 3 escoles m\u00e9s.<\/p>\n<p>\u00c9s una escola petita, rural i oberta a la natura i a l&#8217;entorn proper: el poble.<\/p>\n<p>\u00c9s una escola unit\u00e0ria en aquest moment formada per 16 alumnes, dues mestres i quatre itinerants que s\u00f3n els especialistes d&#8217;angl\u00e8s, m\u00fasica, educaci\u00f3 f\u00edsica i educaci\u00f3 especial.<\/p>\n<p>El nou projecte d&#8217;escola vol donar molt \u00e8mfasi a la innovaci\u00f3 pedag\u00f2gica centrada en la creativitat art\u00edstica, la digitilitzaci\u00f3, la potenciaci\u00f3 de la llengua\u00a0anglesa i el foment de la\u00a0inclusi\u00f3 i la conviv\u00e8ncia entre l&#8217;alumnat i la comunitat educativa. Una escola viva centrada en l&#8217;infant oferint-li l&#8217;oportunitat d&#8217;explorar, dialogar i emocionar-se per ajudar-lo a cr\u00e9ixer.<\/p>\n<h3 style=\"text-align: center;\"><a href=\"https:\/\/agora.xtec.cat\/escolafontdelanoia\/\">Enlla\u00e7 al blog de l\u2019escola<\/a><\/h3>\n<h4><a href=\"https:\/\/agora.xtec.cat\/escolafontdelanoia\/\"><img loading=\"lazy\" decoding=\"async\" class=\"alignnone wp-image-6308 aligncenter\" src=\"https:\/\/agora.xtec.cat\/zerventdavall\/wp-content\/uploads\/usu1284\/2022\/01\/32c482_34a75bd04f8d4e479b5380e683e8eb25_mv2.gif\" alt=\"\" width=\"109\" height=\"115\" \/><\/a><\/h4>\n","protected":false},"excerpt":{"rendered":"<p>L&#8217;escola Font de l&#8217;Anoia est\u00e0\u00a0ubicada al municipi de St. Mart\u00ed Sesgueioles i forma part de la ZER Vent d&#8217;Avall juntament\u00a0amb 3 escoles m\u00e9s.<br \/>\n\u00c9s una escola petita, rural i oberta a la natura i a l&#8217;entorn proper: el poble.<br \/>\n\u00c9s una escola unit\u00e0ria en aquest moment formada&hellip;  <a href=\"https:\/\/agora.xtec.cat\/zerventdavall\/escola-gamma\/\" title=\"Read Escola Font de l&#8217;Anoia\">Llegeix m\u00e9s\u00bb<\/a><\/p>\n","protected":false},"author":6,"featured_media":0,"parent":0,"menu_order":0,"comment_status":"closed","ping_status":"closed","template":"page-templates\/side-menu.php","meta":{"_bbp_topic_count":0,"_bbp_reply_count":0,"_bbp_total_topic_count":0,"_bbp_total_reply_count":0,"_bbp_voice_count":0,"_bbp_anonymous_reply_count":0,"_bbp_topic_count_hidden":0,"_bbp_reply_count_hidden":0,"_bbp_forum_subforum_count":0,"footnotes":""},"class_list":["post-268","page","type-page","status-publish","hentry"],"post_mailing_queue_ids":[],"_links":{"self":[{"href":"https:\/\/agora.xtec.cat\/zerventdavall\/wp-json\/wp\/v2\/pages\/268","targetHints":{"allow":["GET"]}}],"collection":[{"href":"https:\/\/agora.xtec.cat\/zerventdavall\/wp-json\/wp\/v2\/pages"}],"about":[{"href":"https:\/\/agora.xtec.cat\/zerventdavall\/wp-json\/wp\/v2\/types\/page"}],"author":[{"embeddable":true,"href":"https:\/\/agora.xtec.cat\/zerventdavall\/wp-json\/wp\/v2\/users\/6"}],"replies":[{"embeddable":true,"href":"https:\/\/agora.xtec.cat\/zerventdavall\/wp-json\/wp\/v2\/comments?post=268"}],"version-history":[{"count":3,"href":"https:\/\/agora.xtec.cat\/zerventdavall\/wp-json\/wp\/v2\/pages\/268\/revisions"}],"predecessor-version":[{"id":6322,"href":"https:\/\/agora.xtec.cat\/zerventdavall\/wp-json\/wp\/v2\/pages\/268\/revisions\/6322"}],"wp:attachment":[{"href":"https:\/\/agora.xtec.cat\/zerventdavall\/wp-json\/wp\/v2\/media?parent=268"}],"curies":[{"name":"wp","href":"https:\/\/api.w.org\/{rel}","templated":true}]}}