{"id":266,"date":"2015-07-20T13:08:55","date_gmt":"2015-07-20T11:08:55","guid":{"rendered":"http:\/\/agora.xtec.cat\/zerventdavall\/?page_id=266"},"modified":"2025-10-29T12:14:51","modified_gmt":"2025-10-29T11:14:51","slug":"escola-beta","status":"publish","type":"page","link":"https:\/\/agora.xtec.cat\/zerventdavall\/escola-beta\/","title":{"rendered":"Escola Quatre Vents"},"content":{"rendered":"<p>L\u2019escola de Copons \u00e9s un centre rural obert a tota classe d\u2019alumnes, amb edat i capacitat per rebre l\u2019educaci\u00f3 i els aprenentatges corresponents a educaci\u00f3 infantil i a educaci\u00f3 prim\u00e0ria, sense cap tipus de discriminaci\u00f3 de sexe, ra\u00e7a, funcionalisme o creen\u00e7a.<\/p>\n<p>Es proposa donar l\u2019ensenyament corresponent a educaci\u00f3 infantil i educaci\u00f3 prim\u00e0ria i col\u00b7laborar en el desenvolupament equilibrat de la personalitat del nen, en un ambient de tranquil\u00b7litat, respecte a la persona, llibertat, col\u00b7laboraci\u00f3 i responsabilitat.<\/p>\n<p>\u00c9s una escola viva, amb reflexions constants sobre la pr\u00e0ctica docent, amb la voluntat de participar de la millora de l\u2019educaci\u00f3 dels infants. No entenem aquesta tasca sense un treball interactiu entre l\u2019escola i el poble i amb la col\u00b7laboraci\u00f3 tant de les seves institucions com de les fam\u00edlies.<\/p>\n<p>L&#8217;escola de Copons forma part de la <a href=\"https:\/\/zerventdavall.wordpress.com\/\" target=\"_blank\" rel=\"noopener noreferrer\">Zona Escolar Rural <em>ZER Vent d&#8217;Avall<\/em><\/a>, a la que tamb\u00e9 pertanyen les escoles de Castellfollit de Riubreg\u00f3s, Els Prats de Rei i Sant Mart\u00ed Sesgueioles.<\/p>\n<p>&nbsp;<\/p>\n<h3 style=\"text-align: center;\"><a href=\"https:\/\/agora.xtec.cat\/esc-copons\/\">Enlla\u00e7 al blog de l\u2019escola<\/a><\/h3>\n<h4><a href=\"http:\/\/copons.cat\/escola\"><img loading=\"lazy\" decoding=\"async\" class=\"alignnone wp-image-6308 aligncenter\" src=\"https:\/\/agora.xtec.cat\/zerventdavall\/wp-content\/uploads\/usu1284\/2022\/01\/32c482_34a75bd04f8d4e479b5380e683e8eb25_mv2.gif\" alt=\"\" width=\"109\" height=\"115\" \/><\/a><\/h4>\n","protected":false},"excerpt":{"rendered":"<p>L\u2019escola de Copons \u00e9s un centre rural obert a tota classe d\u2019alumnes, amb edat i capacitat per rebre l\u2019educaci\u00f3 i els aprenentatges corresponents a educaci\u00f3 infantil i a educaci\u00f3 prim\u00e0ria, sense cap tipus de discriminaci\u00f3 de sexe, ra\u00e7a, funcionalisme o creen\u00e7a.<br \/>\nEs proposa donar l\u2019ensenyament corresponent&hellip;  <a href=\"https:\/\/agora.xtec.cat\/zerventdavall\/escola-beta\/\" title=\"Read Escola Quatre Vents\">Llegeix m\u00e9s\u00bb<\/a><\/p>\n","protected":false},"author":1,"featured_media":0,"parent":0,"menu_order":0,"comment_status":"closed","ping_status":"closed","template":"page-templates\/side-menu.php","meta":{"_bbp_topic_count":0,"_bbp_reply_count":0,"_bbp_total_topic_count":0,"_bbp_total_reply_count":0,"_bbp_voice_count":0,"_bbp_anonymous_reply_count":0,"_bbp_topic_count_hidden":0,"_bbp_reply_count_hidden":0,"_bbp_forum_subforum_count":0,"footnotes":""},"class_list":["post-266","page","type-page","status-publish","hentry"],"post_mailing_queue_ids":[],"_links":{"self":[{"href":"https:\/\/agora.xtec.cat\/zerventdavall\/wp-json\/wp\/v2\/pages\/266","targetHints":{"allow":["GET"]}}],"collection":[{"href":"https:\/\/agora.xtec.cat\/zerventdavall\/wp-json\/wp\/v2\/pages"}],"about":[{"href":"https:\/\/agora.xtec.cat\/zerventdavall\/wp-json\/wp\/v2\/types\/page"}],"author":[{"embeddable":true,"href":"https:\/\/agora.xtec.cat\/zerventdavall\/wp-json\/wp\/v2\/users\/1"}],"replies":[{"embeddable":true,"href":"https:\/\/agora.xtec.cat\/zerventdavall\/wp-json\/wp\/v2\/comments?post=266"}],"version-history":[{"count":4,"href":"https:\/\/agora.xtec.cat\/zerventdavall\/wp-json\/wp\/v2\/pages\/266\/revisions"}],"predecessor-version":[{"id":6505,"href":"https:\/\/agora.xtec.cat\/zerventdavall\/wp-json\/wp\/v2\/pages\/266\/revisions\/6505"}],"wp:attachment":[{"href":"https:\/\/agora.xtec.cat\/zerventdavall\/wp-json\/wp\/v2\/media?parent=266"}],"curies":[{"name":"wp","href":"https:\/\/api.w.org\/{rel}","templated":true}]}}