{"id":264,"date":"2015-07-20T13:06:26","date_gmt":"2015-07-20T11:06:26","guid":{"rendered":"http:\/\/agora.xtec.cat\/zerventdavall\/?page_id=264"},"modified":"2022-02-02T15:50:09","modified_gmt":"2022-02-02T14:50:09","slug":"escola-alfa","status":"publish","type":"page","link":"https:\/\/agora.xtec.cat\/zerventdavall\/escola-alfa\/","title":{"rendered":"Escola Mare de D\u00e9u del Portal"},"content":{"rendered":"<p>Els Prats de Rei \u00e9s un poble tranquil i acollidor situat a l\u2019altipl\u00e0 segarrenc, petit en poblaci\u00f3 (uns 550 habitants) per\u00f2 gran en hist\u00f2ria, recentment com s\u2019ha fet pal\u00e8s amb troballes molt rellevants.<\/p>\n<p>L&#8217;Escola Mare de D\u00e9u del Portal est\u00e0 situada en un edifici constru\u00eft l\u2019any 1957, que en els seus or\u00edgens s\u2019anomenava Centre Pre-escolar i Col\u00b7legi P\u00fablic.<\/p>\n<p>A la nostra escola gaudim de totes les instal\u00b7lacions necess\u00e0ries, que s\u2019han anat renovant i adequant en els darrers anys.\u00a0El grup hum\u00e0, que correspon al professorat, ja fa molts anys que vetlla i treballa per l\u2019especificitat d\u2019una escola petita i rural.\u00a0Tamb\u00e9 gaudim de tots els mitjans tecnol\u00f2gics actuals: sala d\u2019ordinadors, pissarra digital, ordinadors individualitzats (netbooks) i recentment s\u2019ha instal\u00b7lat la fibra \u00f2ptica.<\/p>\n<p>Des de l\u2019any 1990 formem part de la\u00a0 ZER Vent d\u2019Avall, formada per 4 centres de les seg\u00fcents poblacions: Els Prats de Rei, Sant Mart\u00ed de Sesgueioles, Copons i Castellfollit de Riubreg\u00f3s. Aix\u00f2 vol dir que compartim sortides, trobades, col\u00f2nies, material did\u00e0ctic, elaborem conjuntament projectes i disposem de 4 professors especialistes itinerants.<\/p>\n<p>L\u2019objectiu final de la nostra escola, sempre ha estat mantenir els costums i tradicions del poble i desenvolupar favorablement tots els aspectes educatius\u00a0 aconseguint que els nostres alumnes siguin competents amb tots aquests \u00e0mbits, per tal de millorar i afavorir el seu pas a la seg\u00fcent etapa.<\/p>\n<h3 style=\"text-align: center;\"><a href=\"https:\/\/agora.xtec.cat\/escmarededeudelportal\/\">Enlla\u00e7 al blog de l&#8217;escola<\/a><\/h3>\n<h4 style=\"text-align: center;\"><a href=\"http:\/\/agora.xtec.cat\/escmarededeudelportal\"><img loading=\"lazy\" decoding=\"async\" class=\"alignnone wp-image-6308\" src=\"https:\/\/agora.xtec.cat\/zerventdavall\/wp-content\/uploads\/usu1284\/2022\/01\/32c482_34a75bd04f8d4e479b5380e683e8eb25_mv2.gif\" alt=\"\" width=\"109\" height=\"115\" \/><\/a><\/h4>\n<p>&nbsp;<\/p>\n","protected":false},"excerpt":{"rendered":"<p>Els Prats de Rei \u00e9s un poble tranquil i acollidor situat a l\u2019altipl\u00e0 segarrenc, petit en poblaci\u00f3 (uns 550 habitants) per\u00f2 gran en hist\u00f2ria, recentment com s\u2019ha fet pal\u00e8s amb troballes molt rellevants.<br \/>\nL&#8217;Escola Mare de D\u00e9u del Portal est\u00e0 situada en un edifici constru\u00eft l\u2019any&hellip;  <a href=\"https:\/\/agora.xtec.cat\/zerventdavall\/escola-alfa\/\" title=\"Read Escola Mare de D\u00e9u del Portal\">Llegeix m\u00e9s\u00bb<\/a><\/p>\n","protected":false},"author":1,"featured_media":0,"parent":0,"menu_order":0,"comment_status":"closed","ping_status":"closed","template":"page-templates\/side-menu.php","meta":{"_bbp_topic_count":0,"_bbp_reply_count":0,"_bbp_total_topic_count":0,"_bbp_total_reply_count":0,"_bbp_voice_count":0,"_bbp_anonymous_reply_count":0,"_bbp_topic_count_hidden":0,"_bbp_reply_count_hidden":0,"_bbp_forum_subforum_count":0,"footnotes":""},"class_list":["post-264","page","type-page","status-publish","hentry"],"post_mailing_queue_ids":[],"_links":{"self":[{"href":"https:\/\/agora.xtec.cat\/zerventdavall\/wp-json\/wp\/v2\/pages\/264","targetHints":{"allow":["GET"]}}],"collection":[{"href":"https:\/\/agora.xtec.cat\/zerventdavall\/wp-json\/wp\/v2\/pages"}],"about":[{"href":"https:\/\/agora.xtec.cat\/zerventdavall\/wp-json\/wp\/v2\/types\/page"}],"author":[{"embeddable":true,"href":"https:\/\/agora.xtec.cat\/zerventdavall\/wp-json\/wp\/v2\/users\/1"}],"replies":[{"embeddable":true,"href":"https:\/\/agora.xtec.cat\/zerventdavall\/wp-json\/wp\/v2\/comments?post=264"}],"version-history":[{"count":4,"href":"https:\/\/agora.xtec.cat\/zerventdavall\/wp-json\/wp\/v2\/pages\/264\/revisions"}],"predecessor-version":[{"id":6324,"href":"https:\/\/agora.xtec.cat\/zerventdavall\/wp-json\/wp\/v2\/pages\/264\/revisions\/6324"}],"wp:attachment":[{"href":"https:\/\/agora.xtec.cat\/zerventdavall\/wp-json\/wp\/v2\/media?parent=264"}],"curies":[{"name":"wp","href":"https:\/\/api.w.org\/{rel}","templated":true}]}}