{"id":19,"date":"2014-09-17T14:56:56","date_gmt":"2014-09-17T14:56:56","guid":{"rendered":"http:\/\/agora.xtec.cat\/zerventdavall\/?page_id=19"},"modified":"2021-01-14T00:26:22","modified_gmt":"2021-01-13T23:26:22","slug":"zer","status":"publish","type":"page","link":"https:\/\/agora.xtec.cat\/zerventdavall\/zer\/","title":{"rendered":"ZER"},"content":{"rendered":"<p style=\"color: #444444;\"><span style=\"color: #ff6600;\">Aquesta secci\u00f3\u00a0pot contenir\u00a0totes les p\u00e0gines necess\u00e0ries per a oferir una descripci\u00f3 general de la ZER: ubicaci\u00f3, hist\u00f2ria, instal\u00b7lacions, equip docent, consell escolar, pla de qualitat, calendari, salut, informacions pr\u00e0ctiques, normativa\u2026<\/span><\/p>\n<p style=\"color: #444444;\"><span style=\"color: #ff6600;\">En la maqueta inicial s\u2019inclouen algunes d\u2019aquestes p\u00e0gines amb contingut simulat. L\u2019administrador\/a pot\u00a0editar-les,\u00a0eliminar-les o crear-ne de noves des del tauler. \u00c9s important que\u00a0a la caixa\u00a0<em>Atributs\u00a0de la p\u00e0gina<\/em>\u00a0hi consti com a\u00a0<em>pare\/mare<\/em>\u00a0la p\u00e0gina \u201c<em>ZER<\/em>\u201c, i que tinguin\u00a0seleccionada la plantilla \u201c<em>Men\u00fa lateral<\/em>\u201c.<\/span><\/p>\n<hr \/>\n<p><strong>EL QU\u00c8 HI HAVIA A LA P\u00c0GINA WEB ANTIGA:<\/strong><\/p>\n<p>Les zones escolars rurals (ZER) s\u00f3n institucions escolars de car\u00e0cter p\u00fablic formades per l\u2019agrupaci\u00f3 de centres d\u2019educaci\u00f3 infantil i prim\u00e0ria que es constitueixen amb la finalitat d\u2019oferir el servei d\u2019ensenyament en condicions de major qualitat en zones de baixa demografia escolar.<\/p>\n<p>La zona escolar rural t\u00e9 consideraci\u00f3 de centre educatiu \u00fanic amb les caracter\u00edstiques i els efectes que es determinen en el\u00a0<a href=\"http:\/\/dogc.gencat.cat\/ca\/pdogc_canals_interns\/pdogc_resultats_fitxa\/?documentId=545262&amp;language=ca_ES&amp;action=fitxa\" target=\"_blank\" rel=\"noopener noreferrer\">Decret 102\/2010, de 3 d\u2019agost d\u2019autonomia dels centres educatius<\/a>, sense perjudici de respectar la identitat jur\u00eddica de cadascuna de les escoles que la integren.<\/p>\n<p>Cada ZER t\u00e9 un projecte educatiu per a tots els centres que la integren i les mateixes normes d\u2019organitzaci\u00f3 i funcionament i la mateixa programaci\u00f3 general anual, que ha de respectar la singularitat de cadascuna de les escoles.<\/p>\n<p>La nostra Zona \u00a0Escolar Rural est\u00e0 formada per :<\/p>\n<ul>\n<li>4 escoles<\/li>\n<li>4 itinerants:\n<ul>\n<li>\n<ul>\n<li>1 Educaci\u00f3 f\u00edsica<\/li>\n<li>1 Educaci\u00f3 especial<\/li>\n<li>1 Llengua anglesa<\/li>\n<li>1 Educaci\u00f3 musical<\/li>\n<\/ul>\n<\/li>\n<\/ul>\n<\/li>\n<li>1 administrativa.<\/li>\n<\/ul>\n<table width=\"636\">\n<tbody>\n<tr>\n<td><strong>DEL\u00a0<\/strong><strong>ESCOLA MARE DE D\u00c9U\u00a0\u00a0<\/strong><strong>DEL\u00a0DEL PORTAL\u00a0<\/strong>Direcci\u00f3:c\/Mur s\/n<\/p>\n<p>Poblaci\u00f3: Els Prats de Rei<\/p>\n<p>Telf: 938698901<\/p>\n<p>a8023141@xtec.cat<\/p>\n<p><img loading=\"lazy\" decoding=\"async\" class=\"\" src=\"https:\/\/agora.xtec.cat\/zerventdavall\/wp-content\/uploads\/usu1284\/2016\/07\/img_3107-150x150.jpg\" alt=\"img_3107-150x150\" width=\"156\" height=\"156\" \/><\/td>\n<td><strong>ESCOLA COPONS<\/strong>Direcci\u00f3:c\/\u00c0ngel Guimer\u00e0,16<\/p>\n<p>Poblaci\u00f3: Copons<\/p>\n<p>Telf: 938090142<\/p>\n<p>a8016291@xtec.cat<\/p>\n<p><img loading=\"lazy\" decoding=\"async\" class=\"alignnone wp-image-193\" src=\"https:\/\/agora.xtec.cat\/zerventdavall\/wp-content\/uploads\/usu1284\/2016\/07\/20140243-3.jpg\" sizes=\"auto, (max-width: 210px) 100vw, 210px\" srcset=\"https:\/\/agora.xtec.cat\/zerventdavall\/wp-content\/uploads\/usu1284\/2016\/07\/20140243-3.jpg 400w, https:\/\/agora.xtec.cat\/zerventdavall\/wp-content\/uploads\/usu1284\/2016\/07\/20140243-3-300x225.jpg 300w, https:\/\/agora.xtec.cat\/zerventdavall\/wp-content\/uploads\/usu1284\/2016\/07\/20140243-3-200x150.jpg 200w\" alt=\"20140243-3\" width=\"210\" height=\"157\" \/><\/td>\n<td><strong>ESCOLA SANT ROC<\/strong><\/p>\n<p>Direcci\u00f3:c\/Major,10<\/p>\n<p>Poblaci\u00f3: Castellfollit de Riubreg\u00f3s<\/p>\n<p>Telf: 938693011<\/p>\n<p>a8016082@xtec.cat<\/p>\n<p><img loading=\"lazy\" decoding=\"async\" class=\"alignnone wp-image-390\" src=\"https:\/\/agora.xtec.cat\/zerventdavall\/wp-content\/uploads\/usu1284\/2016\/07\/escola-castellfollit.jpg\" sizes=\"auto, (max-width: 231px) 100vw, 231px\" srcset=\"https:\/\/agora.xtec.cat\/zerventdavall\/wp-content\/uploads\/usu1284\/2016\/07\/escola-castellfollit.jpg 3872w, https:\/\/agora.xtec.cat\/zerventdavall\/wp-content\/uploads\/usu1284\/2016\/07\/escola-castellfollit-300x201.jpg 300w, https:\/\/agora.xtec.cat\/zerventdavall\/wp-content\/uploads\/usu1284\/2016\/07\/escola-castellfollit-768x514.jpg 768w, https:\/\/agora.xtec.cat\/zerventdavall\/wp-content\/uploads\/usu1284\/2016\/07\/escola-castellfollit-1024x685.jpg 1024w\" alt=\"escola castellfollit\" width=\"231\" height=\"154\" \/><\/p>\n<p>&nbsp;<\/td>\n<td><strong>ESCOLA FONT DE L\u2019ANOIA<\/strong><\/p>\n<p>Direcci\u00f3:c\/ciutadella,42<\/p>\n<p>Poblaci\u00f3: Sant Mart\u00ed Sesgueioles<\/p>\n<p>Telf: 938699221<\/p>\n<p>a8027021@xtec.cat<\/p>\n<p><img loading=\"lazy\" decoding=\"async\" class=\"alignnone wp-image-194\" src=\"https:\/\/agora.xtec.cat\/zerventdavall\/wp-content\/uploads\/usu1284\/2016\/07\/foto-font-de-lanoia.jpg\" sizes=\"auto, (max-width: 212px) 100vw, 212px\" srcset=\"https:\/\/agora.xtec.cat\/zerventdavall\/wp-content\/uploads\/usu1284\/2016\/07\/foto-font-de-lanoia.jpg 460w, https:\/\/agora.xtec.cat\/zerventdavall\/wp-content\/uploads\/usu1284\/2016\/07\/foto-font-de-lanoia-300x225.jpg 300w, https:\/\/agora.xtec.cat\/zerventdavall\/wp-content\/uploads\/usu1284\/2016\/07\/foto-font-de-lanoia-200x150.jpg 200w\" alt=\"foto-font-de-lanoia\" width=\"212\" height=\"159\" \/><\/td>\n<\/tr>\n<\/tbody>\n<\/table>\n","protected":false},"excerpt":{"rendered":"<p>Aquesta secci\u00f3\u00a0pot contenir\u00a0totes les p\u00e0gines necess\u00e0ries per a oferir una descripci\u00f3 general de la ZER: ubicaci\u00f3, hist\u00f2ria, instal\u00b7lacions, equip docent, consell escolar, pla de qualitat, calendari, salut, informacions pr\u00e0ctiques, normativa\u2026<br \/>\nEn la maqueta inicial s\u2019inclouen algunes d\u2019aquestes p\u00e0gines amb contingut simulat. L\u2019administrador\/a pot\u00a0editar-les,\u00a0eliminar-les o crear-ne de&hellip;  <a href=\"https:\/\/agora.xtec.cat\/zerventdavall\/zer\/\" title=\"Read ZER\">Llegeix m\u00e9s\u00bb<\/a><\/p>\n","protected":false},"author":1,"featured_media":0,"parent":0,"menu_order":0,"comment_status":"closed","ping_status":"closed","template":"page-templates\/side-menu.php","meta":{"_bbp_topic_count":0,"_bbp_reply_count":0,"_bbp_total_topic_count":0,"_bbp_total_reply_count":0,"_bbp_voice_count":0,"_bbp_anonymous_reply_count":0,"_bbp_topic_count_hidden":0,"_bbp_reply_count_hidden":0,"_bbp_forum_subforum_count":0,"footnotes":""},"class_list":["post-19","page","type-page","status-publish","hentry"],"post_mailing_queue_ids":[],"_links":{"self":[{"href":"https:\/\/agora.xtec.cat\/zerventdavall\/wp-json\/wp\/v2\/pages\/19","targetHints":{"allow":["GET"]}}],"collection":[{"href":"https:\/\/agora.xtec.cat\/zerventdavall\/wp-json\/wp\/v2\/pages"}],"about":[{"href":"https:\/\/agora.xtec.cat\/zerventdavall\/wp-json\/wp\/v2\/types\/page"}],"author":[{"embeddable":true,"href":"https:\/\/agora.xtec.cat\/zerventdavall\/wp-json\/wp\/v2\/users\/1"}],"replies":[{"embeddable":true,"href":"https:\/\/agora.xtec.cat\/zerventdavall\/wp-json\/wp\/v2\/comments?post=19"}],"version-history":[{"count":1,"href":"https:\/\/agora.xtec.cat\/zerventdavall\/wp-json\/wp\/v2\/pages\/19\/revisions"}],"predecessor-version":[{"id":6249,"href":"https:\/\/agora.xtec.cat\/zerventdavall\/wp-json\/wp\/v2\/pages\/19\/revisions\/6249"}],"wp:attachment":[{"href":"https:\/\/agora.xtec.cat\/zerventdavall\/wp-json\/wp\/v2\/media?parent=19"}],"curies":[{"name":"wp","href":"https:\/\/api.w.org\/{rel}","templated":true}]}}