{"id":7152,"date":"2025-11-27T09:57:24","date_gmt":"2025-11-27T08:57:24","guid":{"rendered":"https:\/\/agora.xtec.cat\/zervallaranyo\/?page_id=7152"},"modified":"2026-01-29T13:10:18","modified_gmt":"2026-01-29T12:10:18","slug":"pla-catala-de-lesport","status":"publish","type":"page","link":"https:\/\/agora.xtec.cat\/zervallaranyo\/zer\/pla-catala-de-lesport\/","title":{"rendered":"Pla Catal\u00e0 de l&#8217;esport"},"content":{"rendered":"<p>Durant alguns caps de setmana del curs el Consell Esportiu de Les Garrigues organitza de forma gratu\u00efta diferents activitats esportives:<\/p>\n<p><a href=\"https:\/\/agora.xtec.cat\/zervallaranyo\/wp-content\/uploads\/usu1233\/2026\/01\/JORNADES-JEEC-FEBRER-2026.pdf\">FEBRER<\/a>\u00a0 \u00a0<a href=\"https:\/\/agora.xtec.cat\/zervallaranyo\/wp-content\/uploads\/usu1233\/2026\/01\/JORNADES-JEEC-GENER-2026.pdf\">GENER<\/a>\u00a0 \u00a0<a href=\"https:\/\/agora.xtec.cat\/zervallaranyo\/wp-content\/uploads\/usu1233\/2025\/11\/JEEC-NOVEMBRE.pdf\"><span class=\"\">NOVEMBR<\/span>E<\/a><\/p>\n<p>L\u2019objectiu \u00e9s el foment de la pr\u00e0ctica esportiva com a eina educativa, participativa i convencional del<br \/>\nm\u00e0xim nombre de joves escolars.<br \/>\nAquesta pr\u00e0ctica ha de ser compatible amb la transmissi\u00f3 de valors formatius i pedag\u00f2gics:<br \/>\nresponsabilitat, solidaritat, respecte, comprom\u00eds, toler\u00e0ncia, treball en equip, acceptaci\u00f3 de les normes,<br \/>\netc.<br \/>\nL\u2019horari i el lloc de sortida del transport ho comunicar\u00e0 el mestre d\u2019Ed. F\u00edsica de l\u2019escola.<\/p>\n<p>Tamb\u00e9 organitza algunes jornades d&#8217;Esport i Fam\u00edlia:<\/p>\n<p><a href=\"https:\/\/agora.xtec.cat\/zervallaranyo\/wp-content\/uploads\/usu1233\/2026\/01\/Esport-Familia-febrer.png\">FEBRER<\/a>\u00a0\u00a0 <a href=\"https:\/\/agora.xtec.cat\/zervallaranyo\/wp-content\/uploads\/usu1233\/2025\/12\/JORNADES-JEEC-DESEMBRE-2025.pdf\">DESEMBRE<\/a><\/p>\n<p>Per a m\u00e9s informaci\u00f3:<\/p>\n<p>Mestre\/a d&#8217;Educaci\u00f3 F\u00edsica de la ZER<br \/>\nConsell Esportiu de les Garrigues: 973 14 26 58<br \/>\nCorreu electr\u00f2nic: esports<span class=\"\">@garrigues.cat<\/span><\/p>\n<p>&nbsp;<\/p>\n","protected":false},"excerpt":{"rendered":"<p>Durant alguns caps de setmana del curs el Consell Esportiu de Les Garrigues organitza de forma gratu\u00efta diferents activitats esportives: FEBRER\u00a0 \u00a0GENER\u00a0 \u00a0NOVEMBRE L\u2019objectiu \u00e9s el foment de la pr\u00e0ctica esportiva com a eina educativa, participativa i convencional del m\u00e0xim nombre de joves escolars. Aquesta pr\u00e0ctica ha de ser compatible amb la transmissi\u00f3 de valors [&hellip;]<\/p>\n","protected":false},"author":3,"featured_media":0,"parent":19,"menu_order":0,"comment_status":"closed","ping_status":"closed","template":"","meta":{"_bbp_topic_count":0,"_bbp_reply_count":0,"_bbp_total_topic_count":0,"_bbp_total_reply_count":0,"_bbp_voice_count":0,"_bbp_anonymous_reply_count":0,"_bbp_topic_count_hidden":0,"_bbp_reply_count_hidden":0,"_bbp_forum_subforum_count":0,"site-sidebar-layout":"default","site-content-layout":"","ast-site-content-layout":"default","site-content-style":"default","site-sidebar-style":"default","ast-global-header-display":"","ast-banner-title-visibility":"","ast-main-header-display":"","ast-hfb-above-header-display":"","ast-hfb-below-header-display":"","ast-hfb-mobile-header-display":"","site-post-title":"","ast-breadcrumbs-content":"","ast-featured-img":"","footer-sml-layout":"","theme-transparent-header-meta":"default","adv-header-id-meta":"","stick-header-meta":"","header-above-stick-meta":"","header-main-stick-meta":"","header-below-stick-meta":"","astra-migrate-meta-layouts":"set","ast-page-background-enabled":"default","ast-page-background-meta":{"desktop":{"background-color":"var(--ast-global-color-4)","background-image":"","background-repeat":"repeat","background-position":"center center","background-size":"auto","background-attachment":"scroll","background-type":"","background-media":"","overlay-type":"","overlay-color":"","overlay-opacity":"","overlay-gradient":""},"tablet":{"background-color":"","background-image":"","background-repeat":"repeat","background-position":"center center","background-size":"auto","background-attachment":"scroll","background-type":"","background-media":"","overlay-type":"","overlay-color":"","overlay-opacity":"","overlay-gradient":""},"mobile":{"background-color":"","background-image":"","background-repeat":"repeat","background-position":"center center","background-size":"auto","background-attachment":"scroll","background-type":"","background-media":"","overlay-type":"","overlay-color":"","overlay-opacity":"","overlay-gradient":""}},"ast-content-background-meta":{"desktop":{"background-color":"var(--ast-global-color-5)","background-image":"","background-repeat":"repeat","background-position":"center center","background-size":"auto","background-attachment":"scroll","background-type":"","background-media":"","overlay-type":"","overlay-color":"","overlay-opacity":"","overlay-gradient":""},"tablet":{"background-color":"var(--ast-global-color-5)","background-image":"","background-repeat":"repeat","background-position":"center center","background-size":"auto","background-attachment":"scroll","background-type":"","background-media":"","overlay-type":"","overlay-color":"","overlay-opacity":"","overlay-gradient":""},"mobile":{"background-color":"var(--ast-global-color-5)","background-image":"","background-repeat":"repeat","background-position":"center center","background-size":"auto","background-attachment":"scroll","background-type":"","background-media":"","overlay-type":"","overlay-color":"","overlay-opacity":"","overlay-gradient":""}},"footnotes":""},"class_list":["post-7152","page","type-page","status-publish","hentry"],"post_mailing_queue_ids":[],"_links":{"self":[{"href":"https:\/\/agora.xtec.cat\/zervallaranyo\/wp-json\/wp\/v2\/pages\/7152","targetHints":{"allow":["GET"]}}],"collection":[{"href":"https:\/\/agora.xtec.cat\/zervallaranyo\/wp-json\/wp\/v2\/pages"}],"about":[{"href":"https:\/\/agora.xtec.cat\/zervallaranyo\/wp-json\/wp\/v2\/types\/page"}],"author":[{"embeddable":true,"href":"https:\/\/agora.xtec.cat\/zervallaranyo\/wp-json\/wp\/v2\/users\/3"}],"replies":[{"embeddable":true,"href":"https:\/\/agora.xtec.cat\/zervallaranyo\/wp-json\/wp\/v2\/comments?post=7152"}],"version-history":[{"count":6,"href":"https:\/\/agora.xtec.cat\/zervallaranyo\/wp-json\/wp\/v2\/pages\/7152\/revisions"}],"predecessor-version":[{"id":7242,"href":"https:\/\/agora.xtec.cat\/zervallaranyo\/wp-json\/wp\/v2\/pages\/7152\/revisions\/7242"}],"up":[{"embeddable":true,"href":"https:\/\/agora.xtec.cat\/zervallaranyo\/wp-json\/wp\/v2\/pages\/19"}],"wp:attachment":[{"href":"https:\/\/agora.xtec.cat\/zervallaranyo\/wp-json\/wp\/v2\/media?parent=7152"}],"curies":[{"name":"wp","href":"https:\/\/api.w.org\/{rel}","templated":true}]}}