{"id":268,"date":"2015-07-20T13:09:24","date_gmt":"2015-07-20T12:09:24","guid":{"rendered":"http:\/\/agora.xtec.cat\/zervallaranyo\/?page_id=268"},"modified":"2018-02-12T10:24:07","modified_gmt":"2018-02-12T09:24:07","slug":"escola-mare","status":"publish","type":"page","link":"https:\/\/agora.xtec.cat\/zervallaranyo\/escola-mare\/","title":{"rendered":"Escola Mare de D\u00e9u de Montserrat"},"content":{"rendered":"<p>La nostra escola \u00e9s un centre d&#8217;Educaci\u00f3 Infantil i Prim\u00e0ria. Que forma part de la Zer Vall de l&#8217;Arany\u00f3.<\/p>\n<p>Est\u00e0 formada per un edifici constru\u00eft en dues fases; el m\u00e9s antic va estar acabat l&#8217;any 1971 i t\u00e9 dues aules sobre les quals hi havia l&#8217;habitatge dels mestres. Actualment s&#8217;ha convertit en aules.<\/p>\n<p>M\u00e9s tard, l&#8217;any 1987 es va annexar un nou edifici, amb dues aules m\u00e9s, un despatx per la direcci\u00f3 i l&#8217;actual aula d&#8217;inform\u00e0tica.<\/p>\n<p>L&#8217;any 1989 es va construir el front\u00f3 al temps que es va arreglar el pati: es va fer la pista per jugar a b\u00e0squet i futbol.<\/p>\n<p>En aquests \u00faltims anys, l&#8217;escola s&#8217;ha anat adaptant a una nova manera d&#8217;entendre l&#8217;educaci\u00f3: a la part interna de l&#8217;edifici s&#8217;ha creat espais de treball per racons,\u00a0espais per poder fer joc simb\u00f2lic, s&#8217;ha remodelat la biblioteca de l&#8217;escola, s&#8217;ha creat un espai d&#8217;art a trav\u00e9s de la pintura, etc. En la part externa de l&#8217;edifici,\u00a0s&#8217;ha remodelat el pati creant un espai de sorral on els nens petits es diverteixen fent castells de sorra, s&#8217;han instaurat nous espais de joc i moviment en el pati d&#8217;infantil, s&#8217;han creat espais musicals i de transvasaments exteriors, s&#8217;ha pintat a la pista jocs a terra i s&#8217;ha creat un espai per fer hort en la qual participen els nostres padrins.<\/p>\n<p><a href=\"http:\/\/agora.xtec.cat\/zervallaranyo\/wp-content\/uploads\/usu1233\/2015\/10\/escola-albag\u00e9s-1.jpg\"><img loading=\"lazy\" decoding=\"async\" class=\" size-thumbnail wp-image-617 aligncenter\" src=\"http:\/\/agora.xtec.cat\/zervallaranyo\/wp-content\/uploads\/usu1233\/2015\/10\/escola-albag\u00e9s-1-150x150.jpg\" alt=\"escola albag\u00e9s\" width=\"150\" height=\"150\" \/><\/a><\/p>\n<ul>\n<li>Enlla\u00e7 al <a href=\"http:\/\/agora.xtec.cat\/zervallaranyo\/categoria\/escola-mare\/\">blog<\/a> de l&#8217;escola<\/li>\n<\/ul>\n<p>&nbsp;<\/p>\n","protected":false},"excerpt":{"rendered":"<p>La nostra escola \u00e9s un centre d&#8217;Educaci\u00f3 Infantil i Prim\u00e0ria. Que forma part de la Zer Vall de l&#8217;Arany\u00f3. Est\u00e0 formada per un edifici constru\u00eft en dues fases; el m\u00e9s antic va estar acabat l&#8217;any 1971 i t\u00e9 dues aules sobre les quals hi havia l&#8217;habitatge dels mestres. Actualment s&#8217;ha convertit en aules. M\u00e9s tard, [&hellip;]<\/p>\n","protected":false},"author":2,"featured_media":0,"parent":0,"menu_order":0,"comment_status":"closed","ping_status":"closed","template":"page-templates\/side-menu.php","meta":{"_bbp_topic_count":0,"_bbp_reply_count":0,"_bbp_total_topic_count":0,"_bbp_total_reply_count":0,"_bbp_voice_count":0,"_bbp_anonymous_reply_count":0,"_bbp_topic_count_hidden":0,"_bbp_reply_count_hidden":0,"_bbp_forum_subforum_count":0,"site-sidebar-layout":"default","site-content-layout":"","ast-site-content-layout":"","site-content-style":"default","site-sidebar-style":"default","ast-global-header-display":"","ast-banner-title-visibility":"","ast-main-header-display":"","ast-hfb-above-header-display":"","ast-hfb-below-header-display":"","ast-hfb-mobile-header-display":"","site-post-title":"","ast-breadcrumbs-content":"","ast-featured-img":"","footer-sml-layout":"","theme-transparent-header-meta":"","adv-header-id-meta":"","stick-header-meta":"","header-above-stick-meta":"","header-main-stick-meta":"","header-below-stick-meta":"","astra-migrate-meta-layouts":"default","ast-page-background-enabled":"default","ast-page-background-meta":{"desktop":{"background-color":"var(--ast-global-color-4)","background-image":"","background-repeat":"repeat","background-position":"center center","background-size":"auto","background-attachment":"scroll","background-type":"","background-media":"","overlay-type":"","overlay-color":"","overlay-opacity":"","overlay-gradient":""},"tablet":{"background-color":"","background-image":"","background-repeat":"repeat","background-position":"center center","background-size":"auto","background-attachment":"scroll","background-type":"","background-media":"","overlay-type":"","overlay-color":"","overlay-opacity":"","overlay-gradient":""},"mobile":{"background-color":"","background-image":"","background-repeat":"repeat","background-position":"center center","background-size":"auto","background-attachment":"scroll","background-type":"","background-media":"","overlay-type":"","overlay-color":"","overlay-opacity":"","overlay-gradient":""}},"ast-content-background-meta":{"desktop":{"background-color":"var(--ast-global-color-5)","background-image":"","background-repeat":"repeat","background-position":"center center","background-size":"auto","background-attachment":"scroll","background-type":"","background-media":"","overlay-type":"","overlay-color":"","overlay-opacity":"","overlay-gradient":""},"tablet":{"background-color":"var(--ast-global-color-5)","background-image":"","background-repeat":"repeat","background-position":"center center","background-size":"auto","background-attachment":"scroll","background-type":"","background-media":"","overlay-type":"","overlay-color":"","overlay-opacity":"","overlay-gradient":""},"mobile":{"background-color":"var(--ast-global-color-5)","background-image":"","background-repeat":"repeat","background-position":"center center","background-size":"auto","background-attachment":"scroll","background-type":"","background-media":"","overlay-type":"","overlay-color":"","overlay-opacity":"","overlay-gradient":""}},"footnotes":""},"class_list":["post-268","page","type-page","status-publish","hentry"],"post_mailing_queue_ids":[],"_links":{"self":[{"href":"https:\/\/agora.xtec.cat\/zervallaranyo\/wp-json\/wp\/v2\/pages\/268","targetHints":{"allow":["GET"]}}],"collection":[{"href":"https:\/\/agora.xtec.cat\/zervallaranyo\/wp-json\/wp\/v2\/pages"}],"about":[{"href":"https:\/\/agora.xtec.cat\/zervallaranyo\/wp-json\/wp\/v2\/types\/page"}],"author":[{"embeddable":true,"href":"https:\/\/agora.xtec.cat\/zervallaranyo\/wp-json\/wp\/v2\/users\/2"}],"replies":[{"embeddable":true,"href":"https:\/\/agora.xtec.cat\/zervallaranyo\/wp-json\/wp\/v2\/comments?post=268"}],"version-history":[{"count":3,"href":"https:\/\/agora.xtec.cat\/zervallaranyo\/wp-json\/wp\/v2\/pages\/268\/revisions"}],"predecessor-version":[{"id":3184,"href":"https:\/\/agora.xtec.cat\/zervallaranyo\/wp-json\/wp\/v2\/pages\/268\/revisions\/3184"}],"wp:attachment":[{"href":"https:\/\/agora.xtec.cat\/zervallaranyo\/wp-json\/wp\/v2\/media?parent=268"}],"curies":[{"name":"wp","href":"https:\/\/api.w.org\/{rel}","templated":true}]}}