{"id":264,"date":"2015-07-20T13:06:26","date_gmt":"2015-07-20T12:06:26","guid":{"rendered":"http:\/\/agora.xtec.cat\/zervallaranyo\/?page_id=264"},"modified":"2021-10-04T15:14:33","modified_gmt":"2021-10-04T13:14:33","slug":"escola-timo","status":"publish","type":"page","link":"https:\/\/agora.xtec.cat\/zervallaranyo\/escola-timo\/","title":{"rendered":"Escola Timorell"},"content":{"rendered":"<p>L\u2019escola Timorell est\u00e0 situada a les Garrigues; i forma part de la ZER Vall de l\u2019Arany\u00f3.<\/p>\n<p>La \u00a0ZER \u201cVall de l\u2019Arany\u00f3\u201d t\u00e9 uns trets espec\u00edfics que li venen donats per la seva situaci\u00f3 geogr\u00e0fica i com a comunitat humana immersa dins d\u2019un proc\u00e9s evolutiu, un proc\u00e9s de canvi. L\u2019escola se situa en una zona rural, t\u00e9 unes dimensions for\u00e7a redu\u00efdes, per\u00f2 al mateix moment disposa d\u2019una bona estructura on no hi manca cap espai essencial.<\/p>\n<p>El centre el formen 50 alumnes i 6 mestres, a banda dels itinerants.<\/p>\n<p>Cal remarcar que les caracter\u00edstiques del Claustre de mestres posa de manifest que aquesta escola \u00e9s un centre amb projecci\u00f3 de futur, amb inquietuds per a la millora de l\u2019ensenyament\/aprenentatge en tots els cicles i en totes les \u00e0rees i amb esperit innovador.<\/p>\n<p style=\"padding-left: 30px;\"><a href=\"http:\/\/agora.xtec.cat\/zervallaranyo\/wp-content\/uploads\/usu1233\/2015\/10\/escola-Timorell.jpg\"><img loading=\"lazy\" decoding=\"async\" class=\" size-medium wp-image-618 aligncenter\" src=\"http:\/\/agora.xtec.cat\/zervallaranyo\/wp-content\/uploads\/usu1233\/2015\/10\/escola-Timorell-300x225.jpg\" alt=\"Escola Timorell\" width=\"300\" height=\"225\" srcset=\"https:\/\/agora.xtec.cat\/zervallaranyo\/wp-content\/uploads\/usu1233\/2015\/10\/escola-Timorell-300x225.jpg 300w, https:\/\/agora.xtec.cat\/zervallaranyo\/wp-content\/uploads\/usu1233\/2015\/10\/escola-Timorell-200x150.jpg 200w, https:\/\/agora.xtec.cat\/zervallaranyo\/wp-content\/uploads\/usu1233\/2015\/10\/escola-Timorell.jpg 500w\" sizes=\"auto, (max-width: 300px) 100vw, 300px\" \/><\/a><\/p>\n<ul>\n<li>Enlla\u00e7 al <a href=\"http:\/\/agora.xtec.cat\/zervallaranyo\/categoria\/escola-timorell\/\">blog<\/a> de l&#8217;escola<\/li>\n<\/ul>\n<p>Marisol Vidal &#8211; Directora Escola Timorell<\/p>\n","protected":false},"excerpt":{"rendered":"<p>L\u2019escola Timorell est\u00e0 situada a les Garrigues; i forma part de la ZER Vall de l\u2019Arany\u00f3. La \u00a0ZER \u201cVall de l\u2019Arany\u00f3\u201d t\u00e9 uns trets espec\u00edfics que li venen donats per la seva situaci\u00f3 geogr\u00e0fica i com a comunitat humana immersa dins d\u2019un proc\u00e9s evolutiu, un proc\u00e9s de canvi. L\u2019escola se situa en una zona rural, [&hellip;]<\/p>\n","protected":false},"author":2,"featured_media":0,"parent":0,"menu_order":0,"comment_status":"closed","ping_status":"closed","template":"page-templates\/side-menu.php","meta":{"_bbp_topic_count":0,"_bbp_reply_count":0,"_bbp_total_topic_count":0,"_bbp_total_reply_count":0,"_bbp_voice_count":0,"_bbp_anonymous_reply_count":0,"_bbp_topic_count_hidden":0,"_bbp_reply_count_hidden":0,"_bbp_forum_subforum_count":0,"site-sidebar-layout":"default","site-content-layout":"","ast-site-content-layout":"","site-content-style":"default","site-sidebar-style":"default","ast-global-header-display":"","ast-banner-title-visibility":"","ast-main-header-display":"","ast-hfb-above-header-display":"","ast-hfb-below-header-display":"","ast-hfb-mobile-header-display":"","site-post-title":"","ast-breadcrumbs-content":"","ast-featured-img":"","footer-sml-layout":"","theme-transparent-header-meta":"","adv-header-id-meta":"","stick-header-meta":"","header-above-stick-meta":"","header-main-stick-meta":"","header-below-stick-meta":"","astra-migrate-meta-layouts":"default","ast-page-background-enabled":"default","ast-page-background-meta":{"desktop":{"background-color":"var(--ast-global-color-4)","background-image":"","background-repeat":"repeat","background-position":"center center","background-size":"auto","background-attachment":"scroll","background-type":"","background-media":"","overlay-type":"","overlay-color":"","overlay-opacity":"","overlay-gradient":""},"tablet":{"background-color":"","background-image":"","background-repeat":"repeat","background-position":"center center","background-size":"auto","background-attachment":"scroll","background-type":"","background-media":"","overlay-type":"","overlay-color":"","overlay-opacity":"","overlay-gradient":""},"mobile":{"background-color":"","background-image":"","background-repeat":"repeat","background-position":"center center","background-size":"auto","background-attachment":"scroll","background-type":"","background-media":"","overlay-type":"","overlay-color":"","overlay-opacity":"","overlay-gradient":""}},"ast-content-background-meta":{"desktop":{"background-color":"var(--ast-global-color-5)","background-image":"","background-repeat":"repeat","background-position":"center center","background-size":"auto","background-attachment":"scroll","background-type":"","background-media":"","overlay-type":"","overlay-color":"","overlay-opacity":"","overlay-gradient":""},"tablet":{"background-color":"var(--ast-global-color-5)","background-image":"","background-repeat":"repeat","background-position":"center center","background-size":"auto","background-attachment":"scroll","background-type":"","background-media":"","overlay-type":"","overlay-color":"","overlay-opacity":"","overlay-gradient":""},"mobile":{"background-color":"var(--ast-global-color-5)","background-image":"","background-repeat":"repeat","background-position":"center center","background-size":"auto","background-attachment":"scroll","background-type":"","background-media":"","overlay-type":"","overlay-color":"","overlay-opacity":"","overlay-gradient":""}},"footnotes":""},"class_list":["post-264","page","type-page","status-publish","hentry"],"post_mailing_queue_ids":[],"_links":{"self":[{"href":"https:\/\/agora.xtec.cat\/zervallaranyo\/wp-json\/wp\/v2\/pages\/264","targetHints":{"allow":["GET"]}}],"collection":[{"href":"https:\/\/agora.xtec.cat\/zervallaranyo\/wp-json\/wp\/v2\/pages"}],"about":[{"href":"https:\/\/agora.xtec.cat\/zervallaranyo\/wp-json\/wp\/v2\/types\/page"}],"author":[{"embeddable":true,"href":"https:\/\/agora.xtec.cat\/zervallaranyo\/wp-json\/wp\/v2\/users\/2"}],"replies":[{"embeddable":true,"href":"https:\/\/agora.xtec.cat\/zervallaranyo\/wp-json\/wp\/v2\/comments?post=264"}],"version-history":[{"count":4,"href":"https:\/\/agora.xtec.cat\/zervallaranyo\/wp-json\/wp\/v2\/pages\/264\/revisions"}],"predecessor-version":[{"id":5489,"href":"https:\/\/agora.xtec.cat\/zervallaranyo\/wp-json\/wp\/v2\/pages\/264\/revisions\/5489"}],"wp:attachment":[{"href":"https:\/\/agora.xtec.cat\/zervallaranyo\/wp-json\/wp\/v2\/media?parent=264"}],"curies":[{"name":"wp","href":"https:\/\/api.w.org\/{rel}","templated":true}]}}