{"id":698,"date":"2019-01-31T10:38:58","date_gmt":"2019-01-31T09:38:58","guid":{"rendered":"http:\/\/agora.xtec.cat\/zervaldaran\/?page_id=698"},"modified":"2019-01-31T10:53:48","modified_gmt":"2019-01-31T09:53:48","slug":"escola-ruda","status":"publish","type":"page","link":"https:\/\/agora.xtec.cat\/zervaldaran\/escola-ruda\/","title":{"rendered":"Esc\u00f2la Ruda"},"content":{"rendered":"<p>Era Esc\u00f2la Ruda se trape pla\u00e7ada en Salard\u00fa. Era sua adre\u00e7a ei C\/ des estudis s\/n\u00a0 25598. Eth tel\u00e8fon ei 973 64.45.64 e er e-mail ei <a href=\"mailto:c5000560@xtec.cat\">c5000560@xtec.cat<\/a>.<\/p>\n<p>Era esc\u00f2la situada en miei deth p\u00f2ble ei compausada per un gran edifici de dues plantes de nautada (aules, ludoteca, biblioteca, aula inform\u00e0tica, bur\u00e8u, codina, minjador e labavos) e d\u2019un espai verd f\u00f2r\u00e7a ampli tamb prop\u00f2stes d\u2019activitats ludiques tara mainad\u00e8ra (sabli\u00e8ra, tobogans, caseta,&#8230;).<\/p>\n<ul>\n<li><a href=\"https:\/\/agora.xtec.cat\/escolaruda\/\">Entratz ena esc\u00f2la<\/a><\/li>\n<\/ul>\n","protected":false},"excerpt":{"rendered":"<p>Era Esc\u00f2la Ruda se trape pla\u00e7ada en Salard\u00fa. Era sua adre\u00e7a ei C\/ des estudis s\/n\u00a0 25598. Eth tel\u00e8fon ei 973 64.45.64 e er e-mail ei <a href=\"mailto:c5000560@xtec.cat\">c5000560@xtec.cat<\/a>.<br \/>\nEra esc\u00f2la situada en miei deth p\u00f2ble ei compausada per un gran edifici de dues plantes de nautada&hellip;  <a href=\"https:\/\/agora.xtec.cat\/zervaldaran\/escola-ruda\/\" title=\"Read Esc\u00f2la Ruda\">Llegeix m\u00e9s\u00bb<\/a><\/p>\n","protected":false},"author":1,"featured_media":0,"parent":0,"menu_order":0,"comment_status":"closed","ping_status":"closed","template":"page-templates\/side-menu.php","meta":{"_bbp_topic_count":0,"_bbp_reply_count":0,"_bbp_total_topic_count":0,"_bbp_total_reply_count":0,"_bbp_voice_count":0,"_bbp_anonymous_reply_count":0,"_bbp_topic_count_hidden":0,"_bbp_reply_count_hidden":0,"_bbp_forum_subforum_count":0,"footnotes":""},"class_list":["post-698","page","type-page","status-publish","hentry"],"post_mailing_queue_ids":[],"_links":{"self":[{"href":"https:\/\/agora.xtec.cat\/zervaldaran\/wp-json\/wp\/v2\/pages\/698","targetHints":{"allow":["GET"]}}],"collection":[{"href":"https:\/\/agora.xtec.cat\/zervaldaran\/wp-json\/wp\/v2\/pages"}],"about":[{"href":"https:\/\/agora.xtec.cat\/zervaldaran\/wp-json\/wp\/v2\/types\/page"}],"author":[{"embeddable":true,"href":"https:\/\/agora.xtec.cat\/zervaldaran\/wp-json\/wp\/v2\/users\/1"}],"replies":[{"embeddable":true,"href":"https:\/\/agora.xtec.cat\/zervaldaran\/wp-json\/wp\/v2\/comments?post=698"}],"version-history":[{"count":2,"href":"https:\/\/agora.xtec.cat\/zervaldaran\/wp-json\/wp\/v2\/pages\/698\/revisions"}],"predecessor-version":[{"id":700,"href":"https:\/\/agora.xtec.cat\/zervaldaran\/wp-json\/wp\/v2\/pages\/698\/revisions\/700"}],"wp:attachment":[{"href":"https:\/\/agora.xtec.cat\/zervaldaran\/wp-json\/wp\/v2\/media?parent=698"}],"curies":[{"name":"wp","href":"https:\/\/api.w.org\/{rel}","templated":true}]}}