{"id":684,"date":"2026-01-30T10:26:35","date_gmt":"2026-01-30T09:26:35","guid":{"rendered":"http:\/\/agora.xtec.cat\/zervaldaran\/?page_id=684"},"modified":"2026-01-30T10:28:17","modified_gmt":"2026-01-30T09:28:17","slug":"p-linguistic","status":"publish","type":"page","link":"https:\/\/agora.xtec.cat\/zervaldaran\/zer\/p-linguistic\/","title":{"rendered":"P.LING\u00dcISTIC"},"content":{"rendered":"<p>Totes es esc\u00f2les der ZER usam eth madeish Proj\u00e8cte Ling\u00fcistic.<\/p>\n<p><a href=\"https:\/\/agora.xtec.cat\/zervaldaran\/wp-content\/uploads\/usu120\/2026\/01\/PROJECTE-LINGUISTIC.pdf\">PROJ\u00c8CTE LING\u00dcISTIC<\/a><\/p>\n","protected":false},"excerpt":{"rendered":"<p>Totes es esc\u00f2les der ZER usam eth madeish Proj\u00e8cte Ling\u00fcistic.<br \/>\n<a href=\"https:\/\/agora.xtec.cat\/zervaldaran\/wp-content\/uploads\/usu120\/2026\/01\/PROJECTE-LINGUISTIC.pdf\">PROJ\u00c8CTE LING\u00dcISTIC<\/a><\/p>\n","protected":false},"author":1,"featured_media":0,"parent":19,"menu_order":0,"comment_status":"closed","ping_status":"closed","template":"","meta":{"_bbp_topic_count":0,"_bbp_reply_count":0,"_bbp_total_topic_count":0,"_bbp_total_reply_count":0,"_bbp_voice_count":0,"_bbp_anonymous_reply_count":0,"_bbp_topic_count_hidden":0,"_bbp_reply_count_hidden":0,"_bbp_forum_subforum_count":0,"footnotes":""},"class_list":["post-684","page","type-page","status-publish","hentry"],"post_mailing_queue_ids":[],"_links":{"self":[{"href":"https:\/\/agora.xtec.cat\/zervaldaran\/wp-json\/wp\/v2\/pages\/684","targetHints":{"allow":["GET"]}}],"collection":[{"href":"https:\/\/agora.xtec.cat\/zervaldaran\/wp-json\/wp\/v2\/pages"}],"about":[{"href":"https:\/\/agora.xtec.cat\/zervaldaran\/wp-json\/wp\/v2\/types\/page"}],"author":[{"embeddable":true,"href":"https:\/\/agora.xtec.cat\/zervaldaran\/wp-json\/wp\/v2\/users\/1"}],"replies":[{"embeddable":true,"href":"https:\/\/agora.xtec.cat\/zervaldaran\/wp-json\/wp\/v2\/comments?post=684"}],"version-history":[{"count":4,"href":"https:\/\/agora.xtec.cat\/zervaldaran\/wp-json\/wp\/v2\/pages\/684\/revisions"}],"predecessor-version":[{"id":877,"href":"https:\/\/agora.xtec.cat\/zervaldaran\/wp-json\/wp\/v2\/pages\/684\/revisions\/877"}],"up":[{"embeddable":true,"href":"https:\/\/agora.xtec.cat\/zervaldaran\/wp-json\/wp\/v2\/pages\/19"}],"wp:attachment":[{"href":"https:\/\/agora.xtec.cat\/zervaldaran\/wp-json\/wp\/v2\/media?parent=684"}],"curies":[{"name":"wp","href":"https:\/\/api.w.org\/{rel}","templated":true}]}}