{"id":266,"date":"2015-07-20T13:08:55","date_gmt":"2015-07-20T12:08:55","guid":{"rendered":"http:\/\/agora.xtec.cat\/zervaldaran\/?page_id=266"},"modified":"2019-01-31T10:47:58","modified_gmt":"2019-01-31T09:47:58","slug":"escola-beta","status":"publish","type":"page","link":"https:\/\/agora.xtec.cat\/zervaldaran\/escola-beta\/","title":{"rendered":"Esc\u00f2la Loseron"},"content":{"rendered":"<p>Aguest centre se trape pla\u00e7at en p\u00f2ble d\u2019Arties, qu\u2019amassa tamb Gar\u00f2s sigueren agregadi ath Municipi de Naut Aran en an 1968. Ei pla\u00e7at en un plan\u00e8r enter es arrius Garona e Valarties que l\u2019atrau\u00e8ssen per dus costats. Formen part deth ter\u00e7on d\u2019Arties-Gar\u00f2s. Era sua adre\u00e7a ei c\/Era M\u00f2la n\u00ba6 25599. Eth tel\u00e8fon ei 973641501 e er e-mail ei <a href=\"mailto:c5000535@xtec.cat\">c5000535@xtec.cat<\/a>.<\/p>\n<p>Aguest centre a un espaci entara realizacion d\u00b4actiuitats ludiques, damb sabli\u00e8ra e j\u00f2cs ent\u00e0s m\u00e8s petiti, barrat adeq\u00fcadament. Aufr\u00eds tanben servici de\u00a0 minjador e programacion d\u2019activitats extraescolares a cargue der AMPA der estudi.<\/p>\n<ul>\n<li><a href=\"http:\/\/agora.xtec.cat\/escolaloseron\/\">Entratz ena esc\u00f2la<\/a><\/li>\n<\/ul>\n<p>&nbsp;<\/p>\n","protected":false},"excerpt":{"rendered":"<p>Aguest centre se trape pla\u00e7at en p\u00f2ble d\u2019Arties, qu\u2019amassa tamb Gar\u00f2s sigueren agregadi ath Municipi de Naut Aran en an 1968. Ei pla\u00e7at en un plan\u00e8r enter es arrius Garona e Valarties que l\u2019atrau\u00e8ssen per dus costats. Formen part deth ter\u00e7on d\u2019Arties-Gar\u00f2s. Era sua adre\u00e7a&hellip;  <a href=\"https:\/\/agora.xtec.cat\/zervaldaran\/escola-beta\/\" title=\"Read Esc\u00f2la Loseron\">Llegeix m\u00e9s\u00bb<\/a><\/p>\n","protected":false},"author":1,"featured_media":0,"parent":0,"menu_order":0,"comment_status":"closed","ping_status":"closed","template":"page-templates\/side-menu.php","meta":{"_bbp_topic_count":0,"_bbp_reply_count":0,"_bbp_total_topic_count":0,"_bbp_total_reply_count":0,"_bbp_voice_count":0,"_bbp_anonymous_reply_count":0,"_bbp_topic_count_hidden":0,"_bbp_reply_count_hidden":0,"_bbp_forum_subforum_count":0,"footnotes":""},"class_list":["post-266","page","type-page","status-publish","hentry"],"post_mailing_queue_ids":[],"_links":{"self":[{"href":"https:\/\/agora.xtec.cat\/zervaldaran\/wp-json\/wp\/v2\/pages\/266","targetHints":{"allow":["GET"]}}],"collection":[{"href":"https:\/\/agora.xtec.cat\/zervaldaran\/wp-json\/wp\/v2\/pages"}],"about":[{"href":"https:\/\/agora.xtec.cat\/zervaldaran\/wp-json\/wp\/v2\/types\/page"}],"author":[{"embeddable":true,"href":"https:\/\/agora.xtec.cat\/zervaldaran\/wp-json\/wp\/v2\/users\/1"}],"replies":[{"embeddable":true,"href":"https:\/\/agora.xtec.cat\/zervaldaran\/wp-json\/wp\/v2\/comments?post=266"}],"version-history":[{"count":3,"href":"https:\/\/agora.xtec.cat\/zervaldaran\/wp-json\/wp\/v2\/pages\/266\/revisions"}],"predecessor-version":[{"id":701,"href":"https:\/\/agora.xtec.cat\/zervaldaran\/wp-json\/wp\/v2\/pages\/266\/revisions\/701"}],"wp:attachment":[{"href":"https:\/\/agora.xtec.cat\/zervaldaran\/wp-json\/wp\/v2\/media?parent=266"}],"curies":[{"name":"wp","href":"https:\/\/api.w.org\/{rel}","templated":true}]}}