{"id":264,"date":"2015-07-20T13:06:26","date_gmt":"2015-07-20T12:06:26","guid":{"rendered":"http:\/\/agora.xtec.cat\/zervaldaran\/?page_id=264"},"modified":"2019-01-31T10:48:57","modified_gmt":"2019-01-31T09:48:57","slug":"escola-casteth-leon","status":"publish","type":"page","link":"https:\/\/agora.xtec.cat\/zervaldaran\/escola-casteth-leon\/","title":{"rendered":"Esc\u00f2la Cast\u00e8th-Leon"},"content":{"rendered":"<p>Aguest estudi se trape en p\u00f2ble d\u2019Es B\u00f2rdes, ara qu\u00e8rra dera carretera generau que va t\u00e0 Fran\u00e7a, e deth arriu Garona, pertanh ath ter\u00e7on de Lairissa. Se trape ena entrada deth p\u00f2ble.<\/p>\n<p>Eth centre dispause de 2 aules, ua bibliot\u00e8ca, ua sala polivalenta, ua aula d\u2019informatica e un minjador escolar damb un espaci t\u00e0 que poguen jogar. Tanben dispause d\u2019un gran pati damb activitats ludiques tara mainad\u00e8ra.<\/p>\n<p>Era sua adre\u00e7a ei c\/dera Laca n\u00ba23, 25551. eth tel\u00e8fon ei 973640586 e er e-mail ei <a href=\"mailto:c5001138@xtec.cat\">c5001138@xtec.cat<\/a><\/p>\n<ul>\n<li><a href=\"http:\/\/agora.xtec.cat\/escolacastethleon\/\">Entratz ena esc\u00f2la<\/a><\/li>\n<\/ul>\n<p>&nbsp;<\/p>\n","protected":false},"excerpt":{"rendered":"<p>Aguest estudi se trape en p\u00f2ble d\u2019Es B\u00f2rdes, ara qu\u00e8rra dera carretera generau que va t\u00e0 Fran\u00e7a, e deth arriu Garona, pertanh ath ter\u00e7on de Lairissa. Se trape ena entrada deth p\u00f2ble.<br \/>\nEth centre dispause de 2 aules, ua bibliot\u00e8ca, ua sala polivalenta, ua aula d\u2019informatica&hellip;  <a href=\"https:\/\/agora.xtec.cat\/zervaldaran\/escola-casteth-leon\/\" title=\"Read Esc\u00f2la Cast\u00e8th-Leon\">Llegeix m\u00e9s\u00bb<\/a><\/p>\n","protected":false},"author":1,"featured_media":0,"parent":0,"menu_order":0,"comment_status":"closed","ping_status":"closed","template":"page-templates\/side-menu.php","meta":{"_bbp_topic_count":0,"_bbp_reply_count":0,"_bbp_total_topic_count":0,"_bbp_total_reply_count":0,"_bbp_voice_count":0,"_bbp_anonymous_reply_count":0,"_bbp_topic_count_hidden":0,"_bbp_reply_count_hidden":0,"_bbp_forum_subforum_count":0,"footnotes":""},"class_list":["post-264","page","type-page","status-publish","hentry"],"post_mailing_queue_ids":[],"_links":{"self":[{"href":"https:\/\/agora.xtec.cat\/zervaldaran\/wp-json\/wp\/v2\/pages\/264","targetHints":{"allow":["GET"]}}],"collection":[{"href":"https:\/\/agora.xtec.cat\/zervaldaran\/wp-json\/wp\/v2\/pages"}],"about":[{"href":"https:\/\/agora.xtec.cat\/zervaldaran\/wp-json\/wp\/v2\/types\/page"}],"author":[{"embeddable":true,"href":"https:\/\/agora.xtec.cat\/zervaldaran\/wp-json\/wp\/v2\/users\/1"}],"replies":[{"embeddable":true,"href":"https:\/\/agora.xtec.cat\/zervaldaran\/wp-json\/wp\/v2\/comments?post=264"}],"version-history":[{"count":3,"href":"https:\/\/agora.xtec.cat\/zervaldaran\/wp-json\/wp\/v2\/pages\/264\/revisions"}],"predecessor-version":[{"id":689,"href":"https:\/\/agora.xtec.cat\/zervaldaran\/wp-json\/wp\/v2\/pages\/264\/revisions\/689"}],"wp:attachment":[{"href":"https:\/\/agora.xtec.cat\/zervaldaran\/wp-json\/wp\/v2\/media?parent=264"}],"curies":[{"name":"wp","href":"https:\/\/api.w.org\/{rel}","templated":true}]}}