{"id":882,"date":"2020-04-14T14:18:38","date_gmt":"2020-04-14T12:18:38","guid":{"rendered":"https:\/\/agora.xtec.cat\/zertramuntana\/?page_id=882"},"modified":"2023-04-26T12:24:08","modified_gmt":"2023-04-26T10:24:08","slug":"projecte-linguistic","status":"publish","type":"page","link":"https:\/\/agora.xtec.cat\/zertramuntana\/zer\/documents\/projecte-linguistic\/","title":{"rendered":"Projecte Ling\u00fc\u00edstic de la ZER"},"content":{"rendered":"<p>&nbsp;<\/p>\n<p>Podeu veure el <strong>Projecte Ling\u00fc\u00edstic de la ZER<\/strong> clicant l&#8217;enlla\u00e7:<\/p>\n<p style=\"text-align: center;\"><a href=\"https:\/\/agora.xtec.cat\/zertramuntana\/wp-content\/uploads\/usu2005\/2020\/04\/portada-projecte-ling\u00fc\u00edstic-de-la-ZER.png\"><img loading=\"lazy\" decoding=\"async\" class=\"alignnone size-full wp-image-1036\" src=\"https:\/\/agora.xtec.cat\/zertramuntana\/wp-content\/uploads\/usu2005\/2020\/04\/portada-projecte-ling\u00fc\u00edstic-de-la-ZER.png\" alt=\"\" width=\"391\" height=\"553\" srcset=\"https:\/\/agora.xtec.cat\/zertramuntana\/wp-content\/uploads\/usu2005\/2020\/04\/portada-projecte-ling\u00fc\u00edstic-de-la-ZER.png 391w, https:\/\/agora.xtec.cat\/zertramuntana\/wp-content\/uploads\/usu2005\/2020\/04\/portada-projecte-ling\u00fc\u00edstic-de-la-ZER-212x300.png 212w\" sizes=\"auto, (max-width: 391px) 100vw, 391px\" \/><\/a><\/p>\n<p style=\"text-align: center;\">Enlla\u00e7: <a href=\"https:\/\/agora.xtec.cat\/zertramuntana\/wp-content\/uploads\/usu2005\/2020\/04\/projecte-ling\u00fc\u00edstic-de-la-ZER.pdf\">projecte ling\u00fc\u00edstic de la ZER<\/a><\/p>\n<p>&nbsp;<\/p>\n","protected":false},"excerpt":{"rendered":"<p>&nbsp;<br \/>\nPodeu veure el Projecte Ling\u00fc\u00edstic de la ZER clicant l&#8217;enlla\u00e7:<br \/>\n<a href=\"https:\/\/agora.xtec.cat\/zertramuntana\/wp-content\/uploads\/usu2005\/2020\/04\/portada-projecte-ling\u00fc\u00edstic-de-la-ZER.png\"><\/a><br \/>\nEnlla\u00e7: <a href=\"https:\/\/agora.xtec.cat\/zertramuntana\/wp-content\/uploads\/usu2005\/2020\/04\/projecte-ling\u00fc\u00edstic-de-la-ZER.pdf\">projecte ling\u00fc\u00edstic de la ZER<\/a><br \/>\n&nbsp;<\/p>\n","protected":false},"author":1,"featured_media":0,"parent":448,"menu_order":40,"comment_status":"closed","ping_status":"closed","template":"page-templates\/side-menu.php","meta":{"_bbp_topic_count":0,"_bbp_reply_count":0,"_bbp_total_topic_count":0,"_bbp_total_reply_count":0,"_bbp_voice_count":0,"_bbp_anonymous_reply_count":0,"_bbp_topic_count_hidden":0,"_bbp_reply_count_hidden":0,"_bbp_forum_subforum_count":0,"footnotes":""},"class_list":["post-882","page","type-page","status-publish","hentry"],"post_mailing_queue_ids":[],"_links":{"self":[{"href":"https:\/\/agora.xtec.cat\/zertramuntana\/wp-json\/wp\/v2\/pages\/882","targetHints":{"allow":["GET"]}}],"collection":[{"href":"https:\/\/agora.xtec.cat\/zertramuntana\/wp-json\/wp\/v2\/pages"}],"about":[{"href":"https:\/\/agora.xtec.cat\/zertramuntana\/wp-json\/wp\/v2\/types\/page"}],"author":[{"embeddable":true,"href":"https:\/\/agora.xtec.cat\/zertramuntana\/wp-json\/wp\/v2\/users\/1"}],"replies":[{"embeddable":true,"href":"https:\/\/agora.xtec.cat\/zertramuntana\/wp-json\/wp\/v2\/comments?post=882"}],"version-history":[{"count":3,"href":"https:\/\/agora.xtec.cat\/zertramuntana\/wp-json\/wp\/v2\/pages\/882\/revisions"}],"predecessor-version":[{"id":1045,"href":"https:\/\/agora.xtec.cat\/zertramuntana\/wp-json\/wp\/v2\/pages\/882\/revisions\/1045"}],"up":[{"embeddable":true,"href":"https:\/\/agora.xtec.cat\/zertramuntana\/wp-json\/wp\/v2\/pages\/448"}],"wp:attachment":[{"href":"https:\/\/agora.xtec.cat\/zertramuntana\/wp-json\/wp\/v2\/media?parent=882"}],"curies":[{"name":"wp","href":"https:\/\/api.w.org\/{rel}","templated":true}]}}