{"id":880,"date":"2020-04-14T14:17:43","date_gmt":"2020-04-14T12:17:43","guid":{"rendered":"https:\/\/agora.xtec.cat\/zertramuntana\/?page_id=880"},"modified":"2020-04-18T18:18:47","modified_gmt":"2020-04-18T16:18:47","slug":"don-venim","status":"publish","type":"page","link":"https:\/\/agora.xtec.cat\/zertramuntana\/zer\/don-venim\/","title":{"rendered":"D&#8217;on venim?"},"content":{"rendered":"<p>&nbsp;<\/p>\n<h4><strong>La formaci\u00f3 de la ZER:<\/strong><\/h4>\n<p>La <strong>ZER Tramuntana<\/strong> \u00e9s una de les primeres quinze ZER de Catalunya que es van crear, de forma experimental, el curs <strong>1989-1990<\/strong>. Es va formar amb les escoles de <strong>Camallera<\/strong>,<strong> Sant Mori<\/strong>, <strong>Ventall\u00f3<\/strong> i <strong>Viladamat<\/strong>. En aquell moment nom\u00e9s l\u2019escola de Sant Mori tenia nom propi, CEIP Id\u00edlia Cristina Alloza.<\/p>\n<p>A l\u2019escola de Camallera hi havia una extensi\u00f3 del<strong> Centre de Recursos Pedag\u00f2gics de l\u2019Alt Empord\u00e0<\/strong> amb una persona molt activa i amb un bon domini dels recursos existents en aquells moments. Organitzava cursos de formaci\u00f3 i presentacions de materials, al mateix temps que col\u00b7laborava en la creaci\u00f3 i difusi\u00f3 de materials. Aquestes trobades van fomentar la relaci\u00f3 entre els mestres de les quatre escoles, que ben aviat van establir contacte per a organitzar sortides, festes tradicionals, activitats conjuntes&#8230; I aix\u00ed va n\u00e9ixer la necessitat d\u2019avan\u00e7ar junts compartint mestres especialistes, metodologies, una estructura organitzativa, sortides, trobades&#8230; Una decisi\u00f3 que fou recolzada per les <strong>AMPA<\/strong> de cada escola aix\u00ed com pels <strong>Ajuntaments<\/strong>. Aix\u00f2 va possibilitar disposar de mestres especialistes de llengua anglesa, m\u00fasica, educaci\u00f3 f\u00edsica i educaci\u00f3 especial quan abans, algunes d\u2019aquestes especialitats, eren pagades per les AMPA. Tamb\u00e9 va facilitar un treball compartit entre mestres que podien parlar de metodologies entre iguals i col\u00b7laborar en la creaci\u00f3 de materials. I tamb\u00e9, molt importat, va permetre la relaci\u00f3 de l\u2019alumnat de la mateixa edat dels tres pobles.<\/p>\n<p>&nbsp;<\/p>\n<h4><strong>L&#8217;evoluci\u00f3 de la ZER:<\/strong><\/h4>\n<p>La hist\u00f2ria demostra que la ZER Tramuntana ha estat en constant renovaci\u00f3 adaptant-se als diferents canvis que hi ha hagut.<\/p>\n<p>El curs<strong> 1993-94<\/strong> es va acordar l\u2019<strong>annexi\u00f3 de l\u2019escola de Vilamacolum<\/strong> i la ZER va canviar la seva fesomia. El curs <strong>2002-2003<\/strong> va arribar la decisi\u00f3 del Departament, per altra part comprensible, del <strong>tancament de l\u2019escola de Sant Mori<\/strong> per manca d\u2019alumnes. La ZER va tornar a canviar. I el curs <strong>2011-2012 l\u2019escola Els Terraprims de Camallera va deixar de formar part de la ZER<\/strong>, per\u00f2 per unes causes totalment contr\u00e0ries, doncs va passar a ser una escola graduada d\u2019una l\u00ednia amb el seu projecte propi.<\/p>\n<p>Amb el temps totes les escoles han escollit el seu nom propi. Ara som tres escoles ben avingudes:<\/p>\n<ul>\n<li><strong>Escola Els Valentins de Vilamacolum<\/strong><\/li>\n<li><strong>Escola Puig Segalar de Viladamat<\/strong><\/li>\n<li><strong>Escola Oliveres Mil\u00b7len\u00e0ries de Ventall\u00f3<\/strong>.<\/li>\n<\/ul>\n<p>&nbsp;<\/p>\n<p><a href=\"https:\/\/agora.xtec.cat\/zertramuntana\/wp-content\/uploads\/usu2005\/2020\/04\/eix-cronol\u00f2gic-ZER.png\"><img loading=\"lazy\" decoding=\"async\" class=\"alignnone size-large wp-image-1143\" src=\"https:\/\/agora.xtec.cat\/zertramuntana\/wp-content\/uploads\/usu2005\/2020\/04\/eix-cronol\u00f2gic-ZER-1024x230.png\" alt=\"\" width=\"1024\" height=\"230\" srcset=\"https:\/\/agora.xtec.cat\/zertramuntana\/wp-content\/uploads\/usu2005\/2020\/04\/eix-cronol\u00f2gic-ZER-1024x230.png 1024w, https:\/\/agora.xtec.cat\/zertramuntana\/wp-content\/uploads\/usu2005\/2020\/04\/eix-cronol\u00f2gic-ZER-300x67.png 300w, https:\/\/agora.xtec.cat\/zertramuntana\/wp-content\/uploads\/usu2005\/2020\/04\/eix-cronol\u00f2gic-ZER-768x172.png 768w\" sizes=\"auto, (max-width: 1024px) 100vw, 1024px\" \/><\/a><\/p>\n<p>&nbsp;<\/p>\n","protected":false},"excerpt":{"rendered":"<p>&nbsp;<br \/>\nLa formaci\u00f3 de la ZER:<br \/>\nLa ZER Tramuntana \u00e9s una de les primeres quinze ZER de Catalunya que es van crear, de forma experimental, el curs 1989-1990. Es va formar amb les escoles de Camallera, Sant Mori, Ventall\u00f3 i Viladamat. En aquell moment nom\u00e9s l\u2019escola de&hellip;  <a href=\"https:\/\/agora.xtec.cat\/zertramuntana\/zer\/don-venim\/\" title=\"Read D&#8217;on venim?\">Llegeix m\u00e9s\u00bb<\/a><\/p>\n","protected":false},"author":1,"featured_media":0,"parent":19,"menu_order":2,"comment_status":"closed","ping_status":"closed","template":"page-templates\/side-menu.php","meta":{"_bbp_topic_count":0,"_bbp_reply_count":0,"_bbp_total_topic_count":0,"_bbp_total_reply_count":0,"_bbp_voice_count":0,"_bbp_anonymous_reply_count":0,"_bbp_topic_count_hidden":0,"_bbp_reply_count_hidden":0,"_bbp_forum_subforum_count":0,"footnotes":""},"class_list":["post-880","page","type-page","status-publish","hentry"],"post_mailing_queue_ids":[],"_links":{"self":[{"href":"https:\/\/agora.xtec.cat\/zertramuntana\/wp-json\/wp\/v2\/pages\/880","targetHints":{"allow":["GET"]}}],"collection":[{"href":"https:\/\/agora.xtec.cat\/zertramuntana\/wp-json\/wp\/v2\/pages"}],"about":[{"href":"https:\/\/agora.xtec.cat\/zertramuntana\/wp-json\/wp\/v2\/types\/page"}],"author":[{"embeddable":true,"href":"https:\/\/agora.xtec.cat\/zertramuntana\/wp-json\/wp\/v2\/users\/1"}],"replies":[{"embeddable":true,"href":"https:\/\/agora.xtec.cat\/zertramuntana\/wp-json\/wp\/v2\/comments?post=880"}],"version-history":[{"count":4,"href":"https:\/\/agora.xtec.cat\/zertramuntana\/wp-json\/wp\/v2\/pages\/880\/revisions"}],"predecessor-version":[{"id":1146,"href":"https:\/\/agora.xtec.cat\/zertramuntana\/wp-json\/wp\/v2\/pages\/880\/revisions\/1146"}],"up":[{"embeddable":true,"href":"https:\/\/agora.xtec.cat\/zertramuntana\/wp-json\/wp\/v2\/pages\/19"}],"wp:attachment":[{"href":"https:\/\/agora.xtec.cat\/zertramuntana\/wp-json\/wp\/v2\/media?parent=880"}],"curies":[{"name":"wp","href":"https:\/\/api.w.org\/{rel}","templated":true}]}}