{"id":494,"date":"2015-07-24T17:06:00","date_gmt":"2015-07-24T15:06:00","guid":{"rendered":"http:\/\/agora.xtec.cat\/zertramuntana\/?page_id=494"},"modified":"2025-12-16T13:04:31","modified_gmt":"2025-12-16T12:04:31","slug":"ampa","status":"publish","type":"page","link":"https:\/\/agora.xtec.cat\/zertramuntana\/escola-gamma\/ampa\/","title":{"rendered":"AFA Ventall\u00f3"},"content":{"rendered":"<h4><\/h4>\n<p>&nbsp;<\/p>\n<h4><strong>Qu\u00e8 \u00e9s de l\u2019AFA?<\/strong><\/h4>\n<p>L\u2019AFA \u00e9s l\u2019entitat que agrupa a les fam\u00edlies d\u2019alumnes de l\u2019Escola per a la defensa dels seus interessos en tot all\u00f2 que fa refer\u00e8ncia a l\u2019educaci\u00f3 dels nens i nenes i col\u00b7labora en el funcionament del centre.<br \/>\n\u00c9s una entitat constitu\u00efda com associaci\u00f3 sense \u00e0nim de lucre. Est\u00e0 regulada per uns estatuts.<\/p>\n<p>L&#8217;objectiu fonamental de l&#8217;AFA \u00e9s contribuir a la millora de la qualitat de l&#8217;ensenyament que reben els nostres fills i filles.<\/p>\n<p>Algunes de les tasques que es fan s\u00f3n:<\/p>\n<ul>\n<li>Promoure la participaci\u00f3 de fam\u00edlies dels alumnes.<\/li>\n<li>Promoure la representaci\u00f3 i la participaci\u00f3 de les fam\u00edlies dels alumnes en el Consell Escolar.<\/li>\n<li>Col\u00b7labora en les activitats educatives, organitza i gestiona les activitats extraescolars i el menjador de l\u2019escola.<\/li>\n<li>Ajuda al finan\u00e7ament d\u2019aquelles activitats o equipaments que el centre necessita.<\/li>\n<\/ul>\n<p>&nbsp;<\/p>\n<h4><strong>Qui \u00e9s de l\u2019AFA?<\/strong><\/h4>\n<p>L\u2019Associaci\u00f3 est\u00e0 formada per les fam\u00edlies que s\u2019han inscrit com a s\u00f2cies. L\u2019actual Junta est\u00e0 formada per:<\/p>\n<ul>\n<li><strong>Presid\u00e8ncia:\u00a0<\/strong><\/li>\n<li><strong>Secretaria:<\/strong> \u00c0ngels<\/li>\n<li><strong>Tresoreria:<\/strong> Mariela<\/li>\n<\/ul>\n<p>&nbsp;<\/p>\n<h4><strong>Estatuts:<\/strong><\/h4>\n<p><a href=\"https:\/\/drive.google.com\/file\/d\/1aWEY35VNndRuJVNbMbe9a1lbQG7Zee4Y\/view\">Estatuts de l&#8217;AFA de l&#8217;Escola Oliveres Mil\u00b7len\u00e0ries de Ventall\u00f3<\/a><\/p>\n<p>&nbsp;<\/p>\n<h4><strong>Quota per a associar-s&#8217;hi:<\/strong><\/h4>\n<p>La quota, que es paga aquest curs per fam\u00edlia, \u00e9s de 30\u20ac.<\/p>\n<p>&nbsp;<\/p>\n<h4><strong>Contacte i not\u00edcies:<\/strong><\/h4>\n<ul>\n<li><strong>Correu electr\u00f2nic: <\/strong><a href=\"mailto:ampaventallo@hotmail.es\">ampaventallo@hotmail.es<\/a><\/li>\n<li><strong>P\u00e0gina de facebook:<\/strong><\/li>\n<\/ul>\n<p><a href=\"https:\/\/www.facebook.com\/ampaventallo\/\"><img loading=\"lazy\" decoding=\"async\" class=\"aligncenter\" src=\"https:\/\/www.facebook.com\/images\/fb_icon_325x325.png\" alt=\"Facebook - Entrar o registrarse\" width=\"135\" height=\"135\" \/><\/a><\/p>\n<p>&nbsp;<\/p>\n","protected":false},"excerpt":{"rendered":"<p>&nbsp;<br \/>\nQu\u00e8 \u00e9s de l\u2019AFA?<br \/>\nL\u2019AFA \u00e9s l\u2019entitat que agrupa a les fam\u00edlies d\u2019alumnes de l\u2019Escola per a la defensa dels seus interessos en tot all\u00f2 que fa refer\u00e8ncia a l\u2019educaci\u00f3 dels nens i nenes i col\u00b7labora en el funcionament del centre.<br \/>\n\u00c9s una entitat constitu\u00efda com associaci\u00f3&hellip;  <a href=\"https:\/\/agora.xtec.cat\/zertramuntana\/escola-gamma\/ampa\/\" title=\"Read AFA Ventall\u00f3\">Llegeix m\u00e9s\u00bb<\/a><\/p>\n","protected":false},"author":1,"featured_media":0,"parent":268,"menu_order":6,"comment_status":"closed","ping_status":"closed","template":"page-templates\/side-menu.php","meta":{"_bbp_topic_count":0,"_bbp_reply_count":0,"_bbp_total_topic_count":0,"_bbp_total_reply_count":0,"_bbp_voice_count":0,"_bbp_anonymous_reply_count":0,"_bbp_topic_count_hidden":0,"_bbp_reply_count_hidden":0,"_bbp_forum_subforum_count":0,"footnotes":""},"class_list":["post-494","page","type-page","status-publish","hentry"],"post_mailing_queue_ids":[],"_links":{"self":[{"href":"https:\/\/agora.xtec.cat\/zertramuntana\/wp-json\/wp\/v2\/pages\/494","targetHints":{"allow":["GET"]}}],"collection":[{"href":"https:\/\/agora.xtec.cat\/zertramuntana\/wp-json\/wp\/v2\/pages"}],"about":[{"href":"https:\/\/agora.xtec.cat\/zertramuntana\/wp-json\/wp\/v2\/types\/page"}],"author":[{"embeddable":true,"href":"https:\/\/agora.xtec.cat\/zertramuntana\/wp-json\/wp\/v2\/users\/1"}],"replies":[{"embeddable":true,"href":"https:\/\/agora.xtec.cat\/zertramuntana\/wp-json\/wp\/v2\/comments?post=494"}],"version-history":[{"count":5,"href":"https:\/\/agora.xtec.cat\/zertramuntana\/wp-json\/wp\/v2\/pages\/494\/revisions"}],"predecessor-version":[{"id":5196,"href":"https:\/\/agora.xtec.cat\/zertramuntana\/wp-json\/wp\/v2\/pages\/494\/revisions\/5196"}],"up":[{"embeddable":true,"href":"https:\/\/agora.xtec.cat\/zertramuntana\/wp-json\/wp\/v2\/pages\/268"}],"wp:attachment":[{"href":"https:\/\/agora.xtec.cat\/zertramuntana\/wp-json\/wp\/v2\/media?parent=494"}],"curies":[{"name":"wp","href":"https:\/\/api.w.org\/{rel}","templated":true}]}}