{"id":435,"date":"2015-07-24T15:14:37","date_gmt":"2015-07-24T13:14:37","guid":{"rendered":"http:\/\/agora.xtec.cat\/zertramuntana\/?page_id=435"},"modified":"2025-01-28T13:20:15","modified_gmt":"2025-01-28T12:20:15","slug":"ampa","status":"publish","type":"page","link":"https:\/\/agora.xtec.cat\/zertramuntana\/escola-beta\/ampa\/","title":{"rendered":"AFA Viladamat"},"content":{"rendered":"<p>&nbsp;<\/p>\n<h4><strong>Qu\u00e8 \u00e9s de l\u2019AFA?<\/strong><\/h4>\n<p>L\u2019AFA \u00e9s l\u2019entitat que agrupa a les fam\u00edlies\u00a0 d\u2019alumnes de l\u2019Escola per a la defensa dels seus interessos en tot all\u00f2 que fa refer\u00e8ncia a l\u2019educaci\u00f3 dels nens i nenes i col\u00b7labora en el funcionament del centre.<br \/>\n\u00c9s una entitat constitu\u00efda com associaci\u00f3 sense \u00e0nim de lucre. Est\u00e0 regulada per uns estatuts.<\/p>\n<p>L&#8217;objectiu fonamental de l&#8217;AFA \u00e9s contribuir a la millora de la qualitat de l&#8217;ensenyament que reben els nostres fills i filles.<\/p>\n<p>Algunes de les tasques que es fan s\u00f3n:<\/p>\n<ul>\n<li>Promoure la participaci\u00f3 de fam\u00edlies dels alumnes.<\/li>\n<li>Promoure la representaci\u00f3 i la participaci\u00f3 deles fam\u00edlies dels alumnes en el Consell Escolar.<\/li>\n<li>Col\u00b7labora en les activitats educatives, organitza i gestiona les activitats extraescolars i el menjador de l\u2019escola.<\/li>\n<li>Ajuda al finan\u00e7ament d\u2019aquelles activitats o equipaments que el centre necessita.<\/li>\n<\/ul>\n<p>&nbsp;<\/p>\n<h4><strong>Qui \u00e9s de l\u2019AFA?<\/strong><\/h4>\n<p>L\u2019Associaci\u00f3 est\u00e0 formada per les fam\u00edlies que s\u2019han inscrit com a s\u00f2cies. L\u2019actual Junta est\u00e0 formada per:<\/p>\n<ul>\n<li><strong>Presid\u00e8ncia:<\/strong> Anna<\/li>\n<li><strong>Secretaria:<\/strong> Cristina<\/li>\n<li><strong>Tresoreria: <\/strong>Roser<\/li>\n<\/ul>\n<p>&nbsp;<\/p>\n<h4><strong>Quota per a associar-s&#8217;hi:<\/strong><\/h4>\n<p>La quota, que es paga aquest curs per fam\u00edlia, \u00e9s de 15\u20ac.<\/p>\n<p>&nbsp;<\/p>\n<h4><strong>Contacte i not\u00edcies:<\/strong><\/h4>\n<ul>\n<li><strong>Correu electr\u00f2nic:<\/strong> ampaviladamat@gmail.com<\/li>\n<li><strong>P\u00e0gina de facebook:<a href=\"https:\/\/www.facebook.com\/ampa.viladamat\/\"> https:\/\/www.facebook.com\/ampa.viladamat\/<\/a><\/strong><\/li>\n<\/ul>\n<p>&nbsp;<\/p>\n<ul>\n<li><strong>P\u00e0gina web antiga:<\/strong> <a href=\"http:\/\/www.xtec.cat\/ceipviladamat\/ampa.html\">http:\/\/www.xtec.cat\/ceipviladamat\/ampa.html<\/a><\/li>\n<\/ul>\n<p>&nbsp;<\/p>\n","protected":false},"excerpt":{"rendered":"<p>&nbsp;<br \/>\nQu\u00e8 \u00e9s de l\u2019AFA?<br \/>\nL\u2019AFA \u00e9s l\u2019entitat que agrupa a les fam\u00edlies\u00a0 d\u2019alumnes de l\u2019Escola per a la defensa dels seus interessos en tot all\u00f2 que fa refer\u00e8ncia a l\u2019educaci\u00f3 dels nens i nenes i col\u00b7labora en el funcionament del centre.<br \/>\n\u00c9s una entitat constitu\u00efda com associaci\u00f3&hellip;  <a href=\"https:\/\/agora.xtec.cat\/zertramuntana\/escola-beta\/ampa\/\" title=\"Read AFA Viladamat\">Llegeix m\u00e9s\u00bb<\/a><\/p>\n","protected":false},"author":1,"featured_media":0,"parent":266,"menu_order":6,"comment_status":"closed","ping_status":"closed","template":"page-templates\/side-menu.php","meta":{"_bbp_topic_count":0,"_bbp_reply_count":0,"_bbp_total_topic_count":0,"_bbp_total_reply_count":0,"_bbp_voice_count":0,"_bbp_anonymous_reply_count":0,"_bbp_topic_count_hidden":0,"_bbp_reply_count_hidden":0,"_bbp_forum_subforum_count":0,"footnotes":""},"class_list":["post-435","page","type-page","status-publish","hentry"],"post_mailing_queue_ids":[],"_links":{"self":[{"href":"https:\/\/agora.xtec.cat\/zertramuntana\/wp-json\/wp\/v2\/pages\/435","targetHints":{"allow":["GET"]}}],"collection":[{"href":"https:\/\/agora.xtec.cat\/zertramuntana\/wp-json\/wp\/v2\/pages"}],"about":[{"href":"https:\/\/agora.xtec.cat\/zertramuntana\/wp-json\/wp\/v2\/types\/page"}],"author":[{"embeddable":true,"href":"https:\/\/agora.xtec.cat\/zertramuntana\/wp-json\/wp\/v2\/users\/1"}],"replies":[{"embeddable":true,"href":"https:\/\/agora.xtec.cat\/zertramuntana\/wp-json\/wp\/v2\/comments?post=435"}],"version-history":[{"count":6,"href":"https:\/\/agora.xtec.cat\/zertramuntana\/wp-json\/wp\/v2\/pages\/435\/revisions"}],"predecessor-version":[{"id":4669,"href":"https:\/\/agora.xtec.cat\/zertramuntana\/wp-json\/wp\/v2\/pages\/435\/revisions\/4669"}],"up":[{"embeddable":true,"href":"https:\/\/agora.xtec.cat\/zertramuntana\/wp-json\/wp\/v2\/pages\/266"}],"wp:attachment":[{"href":"https:\/\/agora.xtec.cat\/zertramuntana\/wp-json\/wp\/v2\/media?parent=435"}],"curies":[{"name":"wp","href":"https:\/\/api.w.org\/{rel}","templated":true}]}}