{"id":43,"date":"2014-09-17T16:45:07","date_gmt":"2014-09-17T14:45:07","guid":{"rendered":"http:\/\/agora.xtec.cat\/zertramuntana\/?page_id=43"},"modified":"2026-03-05T12:34:01","modified_gmt":"2026-03-05T11:34:01","slug":"consell-escolar","status":"publish","type":"page","link":"https:\/\/agora.xtec.cat\/zertramuntana\/zer\/consell-escolar\/","title":{"rendered":"Consell Escolar de ZER"},"content":{"rendered":"<p>El Consell Escolar de la ZER \u00e9s l\u2019\u00f2rgan col\u00b7legiat de participaci\u00f3 de la comunitat escolar en el govern de la ZER. Corresponen al Consell Escolar les funcions establertes a la Llei 12\/2009, de 10 de juliol, d\u2019educaci\u00f3.<\/p>\n<p>&nbsp;<\/p>\n<h4><strong>Composici\u00f3 del Consell Escolar:<\/strong><\/h4>\n<ul>\n<li><strong>Presidenta: <\/strong><\/li>\n<\/ul>\n<p>Estel Mendoza Poch<\/p>\n<ul>\n<li><strong>Cap d\u2019Estudis:<\/strong><\/li>\n<\/ul>\n<p>Alexandra Garcia Fern\u00e1ndez<\/p>\n<ul>\n<li><strong>Secret\u00e0ria: <\/strong><\/li>\n<\/ul>\n<p>S\u00edlvia Figueras Colomer<\/p>\n<ul>\n<li><strong>Direccions de centre de ZER: <\/strong><\/li>\n<\/ul>\n<p>S\u00edlvia Figueras Colomer (Ventall\u00f3)<\/p>\n<p>Alexandra Garcia Fern\u00e1ndez (Viladamat)<\/p>\n<p>Montse Moreno Cu\u00e9llar (Vilamacolum)<\/p>\n<ul>\n<li><strong>Representants de mestres del Claustre: <\/strong><\/li>\n<\/ul>\n<p>N\u00faria Port Tarr\u00e9s (Viladamat)<\/p>\n<p>Irene Vila Llans\u00f3 (Viladamat)<\/p>\n<ul>\n<li><strong>Representants de les Fam\u00edlies: <\/strong><\/li>\n<\/ul>\n<p>Josep Alabau Lloveras (Ventall\u00f3)<\/p>\n<p>Susanna Sureda (Viladamat)<\/p>\n<p>Diego Mestre Moreno (Vilamacolum)<\/p>\n<ul>\n<li><strong>Representant del personal no docent (PAS): <\/strong><\/li>\n<\/ul>\n<p>M\u00f3nica Boher Torres<\/p>\n<ul>\n<li><strong>Representants dels Ajuntaments:\u00a0<\/strong><\/li>\n<\/ul>\n<p>Remei Costa Reig (Ventall\u00f3)<\/p>\n<p>Montserrat Nadal Feixas (Viladamat)<\/p>\n<p>Alba Andreu Caixas (Vilamacolum)<\/p>\n<p>&nbsp;<\/p>\n<h4><strong>Acta de constituci\u00f3 del Consell Escolar de ZER:<\/strong><\/h4>\n<p>En aquest enlla\u00e7 la podeu consultar: <a href=\"https:\/\/agora.xtec.cat\/zertramuntana\/wp-content\/uploads\/usu2005\/2020\/04\/Acta-constituci\u00f3-CE-ZER.pdf\">Acta constituci\u00f3 CE ZER<\/a><\/p>\n<p>&nbsp;<\/p>\n<h4><strong>Comissions del Consell Escolar de ZER i membres que les constitueixen:<\/strong><\/h4>\n<ul>\n<li><strong>Comissi\u00f3 Econ\u00f2mica:<\/strong><\/li>\n<\/ul>\n<p>Directora de la ZER i presidenta: Estel Mendoza Poch<\/p>\n<p>Secretaria de la ZER: S\u00edlvia Figueres Colomer<\/p>\n<p>Representant dels mestres: N\u00faria Port Tarr\u00e9s (Ventall\u00f3)<\/p>\n<p>Representant de les fam\u00edlies: Susanna Sureda (Viladamat)<\/p>\n<p>Representant de l&#8217;Ajuntament: Alba Andreu Caixas (Vilamacolum)<\/p>\n<ul>\n<li><strong>Comissi\u00f3 de Conviv\u00e8ncia:<\/strong><\/li>\n<\/ul>\n<p>Directora de la ZER i presidenta: Estel Mendoza Poch<\/p>\n<p>Cap d&#8217;Estudis de la ZER: Alexandra Garcia Fern\u00e1ndez (Viladamat)<\/p>\n<p>Representants de mestres: Irene Vila (Viladamat)<\/p>\n<p>Representants de les fam\u00edlies: Vanessa Cabeza Olmos (Ventall\u00f3) i Diego Mestre (Vilamacolum)<\/p>\n<p>Representant dels Ajuntaments: Montserrat Nadal Feixas (Viladamat)<\/p>\n<p>&nbsp;<\/p>\n<h4><strong>Funcions del Consell Escolar dels centres p\u00fablics:<\/strong><\/h4>\n<ol>\n<li>Aprovar el projecte educatiu i les modificacions corresponents per una majoria de tres cinquenes parts dels membres.<\/li>\n<li>Aprovar la programaci\u00f3 general anual del centre i avaluar-ne el desenvolupament i els resultats.<\/li>\n<li>Aprovar les propostes d\u2019acords de co-responsabilitat, convenis i altres acords de col\u00b7laboraci\u00f3 del centre amb entitats o institucions.<\/li>\n<li>Aprovar les normes d\u2019organitzaci\u00f3 i funcionament i les modificacions corresponents.<\/li>\n<li>Aprovar la carta de comprom\u00eds educatiu.<\/li>\n<li>Aprovar el pressupost del centre i el rendiment de comptes.<\/li>\n<li>Intervenir en el procediment d\u2019admissi\u00f3 d\u2019alumnes.<\/li>\n<li>Participar en el procediment de selecci\u00f3 i en la proposta de cessament del director o directora.<\/li>\n<li>Intervenir en la resoluci\u00f3 dels conflictes i, si escau, revisar les sancions a l&#8217;alumnat.<\/li>\n<li>Aprovar les directrius per a la programaci\u00f3 d\u2019activitats escolars complement\u00e0ries i d\u2019activitats extraescolars, i avaluar-ne el desenvolupament.<\/li>\n<li>Participar en les an\u00e0lisis i les avaluacions del funcionament general del centre i con\u00e8ixer l\u2019evoluci\u00f3 del rendiment escolar.<\/li>\n<li>Aprovar els criteris de col\u00b7laboraci\u00f3 amb altres centres i amb l\u2019entorn.<\/li>\n<li>Qualsevol altra que li sigui atribu\u00efda per les normes legals o reglament\u00e0ries.<\/li>\n<\/ol>\n<p>Actes del Consell Escolar actual:<\/p>\n<p><a href=\"https:\/\/drive.google.com\/file\/d\/1YQZUAqr5bqbynOipOoaHCrbRcfFoPJf-\/view?usp=sharing\"><img loading=\"lazy\" decoding=\"async\" class=\"alignnone wp-image-4521 size-full\" src=\"https:\/\/agora.xtec.cat\/zertramuntana\/wp-content\/uploads\/usu2005\/2024\/11\/images.jpg\" alt=\"\" width=\"275\" height=\"183\" \/><\/a><a href=\"https:\/\/drive.google.com\/file\/d\/19NlDaEwEom0xLhBa31nOPFVNBgK1vxXK\/view?usp=sharing\"><img loading=\"lazy\" decoding=\"async\" class=\"wp-image-3837 alignleft\" src=\"https:\/\/agora.xtec.cat\/zertramuntana\/wp-content\/uploads\/usu2005\/2023\/05\/644-imagen-1641220485.jpg\" alt=\"\" width=\"219\" height=\"204\" srcset=\"https:\/\/agora.xtec.cat\/zertramuntana\/wp-content\/uploads\/usu2005\/2023\/05\/644-imagen-1641220485.jpg 720w, https:\/\/agora.xtec.cat\/zertramuntana\/wp-content\/uploads\/usu2005\/2023\/05\/644-imagen-1641220485-300x279.jpg 300w\" sizes=\"auto, (max-width: 219px) 100vw, 219px\" \/><\/a><\/p>\n","protected":false},"excerpt":{"rendered":"<p>El Consell Escolar de la ZER \u00e9s l\u2019\u00f2rgan col\u00b7legiat de participaci\u00f3 de la comunitat escolar en el govern de la ZER. Corresponen al Consell Escolar les funcions establertes a la Llei 12\/2009, de 10 de juliol, d\u2019educaci\u00f3.<br \/>\n&nbsp;<br \/>\nComposici\u00f3 del Consell Escolar:<\/p>\n<ul>\n<li>Presidenta: <\/li>\n<\/ul>\n<p>Estel Mendoza Poch<\/p>\n<ul>\n<li>Cap d\u2019Estudis:<\/li>\n<\/ul>\n<p>Alexandra Garcia&hellip;  <a href=\"https:\/\/agora.xtec.cat\/zertramuntana\/zer\/consell-escolar\/\" title=\"Read Consell Escolar de ZER\">Llegeix m\u00e9s\u00bb<\/a><\/p>\n","protected":false},"author":1,"featured_media":0,"parent":19,"menu_order":7,"comment_status":"closed","ping_status":"closed","template":"page-templates\/side-menu.php","meta":{"_bbp_topic_count":0,"_bbp_reply_count":0,"_bbp_total_topic_count":0,"_bbp_total_reply_count":0,"_bbp_voice_count":0,"_bbp_anonymous_reply_count":0,"_bbp_topic_count_hidden":0,"_bbp_reply_count_hidden":0,"_bbp_forum_subforum_count":0,"footnotes":""},"class_list":["post-43","page","type-page","status-publish","hentry"],"post_mailing_queue_ids":[],"_links":{"self":[{"href":"https:\/\/agora.xtec.cat\/zertramuntana\/wp-json\/wp\/v2\/pages\/43","targetHints":{"allow":["GET"]}}],"collection":[{"href":"https:\/\/agora.xtec.cat\/zertramuntana\/wp-json\/wp\/v2\/pages"}],"about":[{"href":"https:\/\/agora.xtec.cat\/zertramuntana\/wp-json\/wp\/v2\/types\/page"}],"author":[{"embeddable":true,"href":"https:\/\/agora.xtec.cat\/zertramuntana\/wp-json\/wp\/v2\/users\/1"}],"replies":[{"embeddable":true,"href":"https:\/\/agora.xtec.cat\/zertramuntana\/wp-json\/wp\/v2\/comments?post=43"}],"version-history":[{"count":8,"href":"https:\/\/agora.xtec.cat\/zertramuntana\/wp-json\/wp\/v2\/pages\/43\/revisions"}],"predecessor-version":[{"id":5337,"href":"https:\/\/agora.xtec.cat\/zertramuntana\/wp-json\/wp\/v2\/pages\/43\/revisions\/5337"}],"up":[{"embeddable":true,"href":"https:\/\/agora.xtec.cat\/zertramuntana\/wp-json\/wp\/v2\/pages\/19"}],"wp:attachment":[{"href":"https:\/\/agora.xtec.cat\/zertramuntana\/wp-json\/wp\/v2\/media?parent=43"}],"curies":[{"name":"wp","href":"https:\/\/api.w.org\/{rel}","templated":true}]}}