{"id":2978,"date":"2022-05-12T10:58:37","date_gmt":"2022-05-12T08:58:37","guid":{"rendered":"https:\/\/agora.xtec.cat\/zertramuntana\/?page_id=2978"},"modified":"2023-03-01T12:02:24","modified_gmt":"2023-03-01T11:02:24","slug":"comunicacio","status":"publish","type":"page","link":"https:\/\/agora.xtec.cat\/zertramuntana\/estrategia-digital-de-centre\/cultura-digital\/comunicacio\/","title":{"rendered":"Comunicaci\u00f3"},"content":{"rendered":"<p><strong>EINES:<\/strong><\/p>\n<p>A la ZER utilitzem diferents canals de comunicaci\u00f3, s\u00f3n una via \u00e0gil i r\u00e0pida de posar-nos en contacte.<\/p>\n<p><strong>Instagram<\/strong><\/p>\n<p>Eina per estar al corrent del nostre dia a dia.<\/p>\n<p><a href=\"https:\/\/www.instagram.com\/zertramuntana\/\"><img loading=\"lazy\" decoding=\"async\" class=\"\" src=\"https:\/\/upload.wikimedia.org\/wikipedia\/commons\/thumb\/9\/95\/Instagram_logo_2022.svg\/1200px-Instagram_logo_2022.svg.png\" alt=\"Instagram - Wikipedia, la enciclopedia libre\" width=\"86\" height=\"86\" \/><\/a><\/p>\n<p><strong>Whatsapp<\/strong><\/p>\n<p>Canals de difusi\u00f3 dels grups-classe on, de forma unidireccional i puntualment s&#8217;envien informacions rellevants.<\/p>\n<p><img loading=\"lazy\" decoding=\"async\" class=\"wp-image-3228 alignleft\" src=\"https:\/\/agora.xtec.cat\/zertramuntana\/wp-content\/uploads\/usu2005\/2022\/11\/WhatsApp_icon.png\" alt=\"\" width=\"111\" height=\"111\" srcset=\"https:\/\/agora.xtec.cat\/zertramuntana\/wp-content\/uploads\/usu2005\/2022\/11\/WhatsApp_icon.png 598w, https:\/\/agora.xtec.cat\/zertramuntana\/wp-content\/uploads\/usu2005\/2022\/11\/WhatsApp_icon-300x300.png 300w, https:\/\/agora.xtec.cat\/zertramuntana\/wp-content\/uploads\/usu2005\/2022\/11\/WhatsApp_icon-150x150.png 150w\" sizes=\"auto, (max-width: 111px) 100vw, 111px\" \/><\/p>\n<ul>\n<li>ESCOLA OLIVERES MIL\u00b7LEN\u00c0RIES: <span class=\"LrzXr zdqRlf kno-fv\">646 59 87 38<\/span><\/li>\n<li>ESCOLA ELS VALENTINS: <span class=\"LrzXr zdqRlf kno-fv\" style=\"font-family: inherit; font-size: 1em;\">621 22 72 31<\/span><\/li>\n<li>ESCOLA PUIG SEGALAR: <span class=\"LrzXr zdqRlf kno-fv\" style=\"font-family: inherit; font-size: 1em;\"> 621 25 20 05 <\/span><\/li>\n<li>ZER TRAMUNTANA: 634 76 91 63<\/li>\n<\/ul>\n<p>&nbsp;<\/p>\n<p><strong>Correu electr\u00f2nic<\/strong><\/p>\n<p>De 1r a 6\u00e8, el nostre alumnat disposa d&#8217;un correu electr\u00f2nic i \u00e9s a partir de 3r que comencen a utilitzar-lo de forma m\u00e9s aut\u00f2noma. Mitjan\u00e7ant el correu:<\/p>\n<ul>\n<li>Ens comuniquem mestres i alumnes fora de les aules.<\/li>\n<li>Es comuniquen entre iguals.<\/li>\n<li>Fa possible els treballs en grup de forma remota.<\/li>\n<\/ul>\n<p><img loading=\"lazy\" decoding=\"async\" class=\"alignnone wp-image-3225\" src=\"https:\/\/agora.xtec.cat\/zertramuntana\/wp-content\/uploads\/usu2005\/2022\/11\/Gmail_icon_2020.svg_.png\" alt=\"\" width=\"99\" height=\"75\" srcset=\"https:\/\/agora.xtec.cat\/zertramuntana\/wp-content\/uploads\/usu2005\/2022\/11\/Gmail_icon_2020.svg_.png 768w, https:\/\/agora.xtec.cat\/zertramuntana\/wp-content\/uploads\/usu2005\/2022\/11\/Gmail_icon_2020.svg_-300x225.png 300w, https:\/\/agora.xtec.cat\/zertramuntana\/wp-content\/uploads\/usu2005\/2022\/11\/Gmail_icon_2020.svg_-200x150.png 200w\" sizes=\"auto, (max-width: 99px) 100vw, 99px\" \/> ZER TRAMUNTANA: b170047427@xtec.cat<\/p>\n<p><a href=\"b7004049@xtec.cat\"><img loading=\"lazy\" decoding=\"async\" class=\"alignnone wp-image-3225\" src=\"https:\/\/agora.xtec.cat\/zertramuntana\/wp-content\/uploads\/usu2005\/2022\/11\/Gmail_icon_2020.svg_.png\" alt=\"\" width=\"99\" height=\"75\" srcset=\"https:\/\/agora.xtec.cat\/zertramuntana\/wp-content\/uploads\/usu2005\/2022\/11\/Gmail_icon_2020.svg_.png 768w, https:\/\/agora.xtec.cat\/zertramuntana\/wp-content\/uploads\/usu2005\/2022\/11\/Gmail_icon_2020.svg_-300x225.png 300w, https:\/\/agora.xtec.cat\/zertramuntana\/wp-content\/uploads\/usu2005\/2022\/11\/Gmail_icon_2020.svg_-200x150.png 200w\" sizes=\"auto, (max-width: 99px) 100vw, 99px\" \/><\/a> ESCOLA OLIVERES MIL\u00b7LEN\u00c0RIES: b7004049@xtec.cat<\/p>\n<p><img loading=\"lazy\" decoding=\"async\" class=\"alignnone wp-image-3225\" src=\"https:\/\/agora.xtec.cat\/zertramuntana\/wp-content\/uploads\/usu2005\/2022\/11\/Gmail_icon_2020.svg_.png\" alt=\"\" width=\"99\" height=\"75\" srcset=\"https:\/\/agora.xtec.cat\/zertramuntana\/wp-content\/uploads\/usu2005\/2022\/11\/Gmail_icon_2020.svg_.png 768w, https:\/\/agora.xtec.cat\/zertramuntana\/wp-content\/uploads\/usu2005\/2022\/11\/Gmail_icon_2020.svg_-300x225.png 300w, https:\/\/agora.xtec.cat\/zertramuntana\/wp-content\/uploads\/usu2005\/2022\/11\/Gmail_icon_2020.svg_-200x150.png 200w\" sizes=\"auto, (max-width: 99px) 100vw, 99px\" \/>\u00a0 ESCOLA ELS VALENTINS: b7004220@xtec.cat<\/p>\n<p><img loading=\"lazy\" decoding=\"async\" class=\"alignnone wp-image-3225\" src=\"https:\/\/agora.xtec.cat\/zertramuntana\/wp-content\/uploads\/usu2005\/2022\/11\/Gmail_icon_2020.svg_.png\" alt=\"\" width=\"99\" height=\"75\" srcset=\"https:\/\/agora.xtec.cat\/zertramuntana\/wp-content\/uploads\/usu2005\/2022\/11\/Gmail_icon_2020.svg_.png 768w, https:\/\/agora.xtec.cat\/zertramuntana\/wp-content\/uploads\/usu2005\/2022\/11\/Gmail_icon_2020.svg_-300x225.png 300w, https:\/\/agora.xtec.cat\/zertramuntana\/wp-content\/uploads\/usu2005\/2022\/11\/Gmail_icon_2020.svg_-200x150.png 200w\" sizes=\"auto, (max-width: 99px) 100vw, 99px\" \/> ESCOLA PUIG SEGALAR: b7004128@xtec.cat<\/p>\n<p><strong>Tel\u00e8fons<\/strong><\/p>\n<p><a href=\"https:\/\/agora.xtec.cat\/zertramuntana\/wp-content\/uploads\/usu2005\/2022\/11\/1608790_phone_icon.png\"><img loading=\"lazy\" decoding=\"async\" class=\"alignnone wp-image-3233\" src=\"https:\/\/agora.xtec.cat\/zertramuntana\/wp-content\/uploads\/usu2005\/2022\/11\/1608790_phone_icon-1024x1024.png\" alt=\"\" width=\"66\" height=\"66\" srcset=\"https:\/\/agora.xtec.cat\/zertramuntana\/wp-content\/uploads\/usu2005\/2022\/11\/1608790_phone_icon-1024x1024.png 1024w, https:\/\/agora.xtec.cat\/zertramuntana\/wp-content\/uploads\/usu2005\/2022\/11\/1608790_phone_icon-300x300.png 300w, https:\/\/agora.xtec.cat\/zertramuntana\/wp-content\/uploads\/usu2005\/2022\/11\/1608790_phone_icon-150x150.png 150w, https:\/\/agora.xtec.cat\/zertramuntana\/wp-content\/uploads\/usu2005\/2022\/11\/1608790_phone_icon-768x768.png 768w, https:\/\/agora.xtec.cat\/zertramuntana\/wp-content\/uploads\/usu2005\/2022\/11\/1608790_phone_icon-1536x1536.png 1536w, https:\/\/agora.xtec.cat\/zertramuntana\/wp-content\/uploads\/usu2005\/2022\/11\/1608790_phone_icon-2048x2048.png 2048w\" sizes=\"auto, (max-width: 66px) 100vw, 66px\" \/><\/a><\/p>\n<p>ESCOLA OLIVERES MIL\u00b7LEN\u00c0RIES: <span class=\"LrzXr zdqRlf kno-fv\">646 59 87 38 \/ 972 79 30 06<\/span><\/p>\n<p>ESCOLA ELS VALENTINS: <span class=\"LrzXr zdqRlf kno-fv\">621 22 72 31<\/span><\/p>\n<p>ESCOLA PUIG SEGALAR: <span class=\"LrzXr zdqRlf kno-fv\"> 621 25 20 05 \/ 972 76 50 82<\/span><\/p>\n<p>ZER TRAMUNTANA: 634 76 91 63<\/p>\n","protected":false},"excerpt":{"rendered":"<p>EINES:<br \/>\nA la ZER utilitzem diferents canals de comunicaci\u00f3, s\u00f3n una via \u00e0gil i r\u00e0pida de posar-nos en contacte.<br \/>\nInstagram<br \/>\nEina per estar al corrent del nostre dia a dia.<br \/>\n<a href=\"https:\/\/www.instagram.com\/zertramuntana\/\"><\/a><br \/>\nWhatsapp<br \/>\nCanals de difusi\u00f3 dels grups-classe on, de forma unidireccional i puntualment s&#8217;envien informacions rellevants.<\/p>\n<ul>\n<li>ESCOLA OLIVERES MIL\u00b7LEN\u00c0RIES: 646 59&hellip;  <a href=\"https:\/\/agora.xtec.cat\/zertramuntana\/estrategia-digital-de-centre\/cultura-digital\/comunicacio\/\" title=\"Read Comunicaci\u00f3\">Llegeix m\u00e9s\u00bb<\/a><br \/>\n","protected":false},"author":1,"featured_media":0,"parent":2949,"menu_order":30,"comment_status":"closed","ping_status":"closed","template":"page-templates\/side-menu.php","meta":{"_bbp_topic_count":0,"_bbp_reply_count":0,"_bbp_total_topic_count":0,"_bbp_total_reply_count":0,"_bbp_voice_count":0,"_bbp_anonymous_reply_count":0,"_bbp_topic_count_hidden":0,"_bbp_reply_count_hidden":0,"_bbp_forum_subforum_count":0,"footnotes":""},"class_list":["post-2978","page","type-page","status-publish","hentry"],"post_mailing_queue_ids":[],"_links":{"self":[{"href":"https:\/\/agora.xtec.cat\/zertramuntana\/wp-json\/wp\/v2\/pages\/2978","targetHints":{"allow":["GET"]}}],"collection":[{"href":"https:\/\/agora.xtec.cat\/zertramuntana\/wp-json\/wp\/v2\/pages"}],"about":[{"href":"https:\/\/agora.xtec.cat\/zertramuntana\/wp-json\/wp\/v2\/types\/page"}],"author":[{"embeddable":true,"href":"https:\/\/agora.xtec.cat\/zertramuntana\/wp-json\/wp\/v2\/users\/1"}],"replies":[{"embeddable":true,"href":"https:\/\/agora.xtec.cat\/zertramuntana\/wp-json\/wp\/v2\/comments?post=2978"}],"version-history":[{"count":5,"href":"https:\/\/agora.xtec.cat\/zertramuntana\/wp-json\/wp\/v2\/pages\/2978\/revisions"}],"predecessor-version":[{"id":3620,"href":"https:\/\/agora.xtec.cat\/zertramuntana\/wp-json\/wp\/v2\/pages\/2978\/revisions\/3620"}],"up":[{"embeddable":true,"href":"https:\/\/agora.xtec.cat\/zertramuntana\/wp-json\/wp\/v2\/pages\/2949"}],"wp:attachment":[{"href":"https:\/\/agora.xtec.cat\/zertramuntana\/wp-json\/wp\/v2\/media?parent=2978"}],"curies":[{"name":"wp","href":"https:\/\/api.w.org\/{rel}","templated":true}]}}