{"id":2947,"date":"2022-05-12T10:44:33","date_gmt":"2022-05-12T08:44:33","guid":{"rendered":"https:\/\/agora.xtec.cat\/zertramuntana\/?page_id=2947"},"modified":"2023-03-15T12:44:25","modified_gmt":"2023-03-15T11:44:25","slug":"part-estrategica","status":"publish","type":"page","link":"https:\/\/agora.xtec.cat\/zertramuntana\/estrategia-digital-de-centre\/part-estrategica\/","title":{"rendered":"Part estrat\u00e8gica"},"content":{"rendered":"<p>Aqu\u00ed podeu trobar tots els enlla\u00e7os referents a la part estrat\u00e8gica:<\/p>\n<p><a href=\"https:\/\/agora.xtec.cat\/zertramuntana\/estrategia-digital-de-centre\/part-estrategica\/diagnosi\/\"><img loading=\"lazy\" decoding=\"async\" class=\"alignnone wp-image-3680\" src=\"https:\/\/agora.xtec.cat\/zertramuntana\/wp-content\/uploads\/usu2005\/2023\/03\/DIAGNOSI.png\" alt=\"\" width=\"409\" height=\"120\" srcset=\"https:\/\/agora.xtec.cat\/zertramuntana\/wp-content\/uploads\/usu2005\/2023\/03\/DIAGNOSI.png 634w, https:\/\/agora.xtec.cat\/zertramuntana\/wp-content\/uploads\/usu2005\/2023\/03\/DIAGNOSI-300x88.png 300w\" sizes=\"auto, (max-width: 409px) 100vw, 409px\" \/><\/a> <a href=\"https:\/\/agora.xtec.cat\/zertramuntana\/estrategia-digital-de-centre\/part-estrategica\/objectius\/\"><img loading=\"lazy\" decoding=\"async\" class=\"alignnone wp-image-3681\" src=\"https:\/\/agora.xtec.cat\/zertramuntana\/wp-content\/uploads\/usu2005\/2023\/03\/OBJECTIUS.png\" alt=\"\" width=\"409\" height=\"120\" srcset=\"https:\/\/agora.xtec.cat\/zertramuntana\/wp-content\/uploads\/usu2005\/2023\/03\/OBJECTIUS.png 634w, https:\/\/agora.xtec.cat\/zertramuntana\/wp-content\/uploads\/usu2005\/2023\/03\/OBJECTIUS-300x88.png 300w\" sizes=\"auto, (max-width: 409px) 100vw, 409px\" \/><\/a> <a href=\"https:\/\/agora.xtec.cat\/zertramuntana\/estrategia-digital-de-centre\/part-estrategica\/planificacio\/\"><img loading=\"lazy\" decoding=\"async\" class=\"alignnone wp-image-3682\" src=\"https:\/\/agora.xtec.cat\/zertramuntana\/wp-content\/uploads\/usu2005\/2023\/03\/PLANIFICACIO.png\" alt=\"\" width=\"409\" height=\"120\" srcset=\"https:\/\/agora.xtec.cat\/zertramuntana\/wp-content\/uploads\/usu2005\/2023\/03\/PLANIFICACIO.png 634w, https:\/\/agora.xtec.cat\/zertramuntana\/wp-content\/uploads\/usu2005\/2023\/03\/PLANIFICACIO-300x88.png 300w\" sizes=\"auto, (max-width: 409px) 100vw, 409px\" \/><\/a><a href=\"https:\/\/agora.xtec.cat\/zertramuntana\/estrategia-digital-de-centre\/part-estrategica\/avaluacio-i-millora\/\"><img loading=\"lazy\" decoding=\"async\" class=\"alignnone wp-image-3679\" src=\"https:\/\/agora.xtec.cat\/zertramuntana\/wp-content\/uploads\/usu2005\/2023\/03\/AVALUACIO.png\" alt=\"\" width=\"409\" height=\"120\" srcset=\"https:\/\/agora.xtec.cat\/zertramuntana\/wp-content\/uploads\/usu2005\/2023\/03\/AVALUACIO.png 634w, https:\/\/agora.xtec.cat\/zertramuntana\/wp-content\/uploads\/usu2005\/2023\/03\/AVALUACIO-300x88.png 300w\" sizes=\"auto, (max-width: 409px) 100vw, 409px\" \/><\/a><\/p>\n","protected":false},"excerpt":{"rendered":"<p>Aqu\u00ed podeu trobar tots els enlla\u00e7os referents a la part estrat\u00e8gica:<br \/>\n<a href=\"https:\/\/agora.xtec.cat\/zertramuntana\/estrategia-digital-de-centre\/part-estrategica\/diagnosi\/\"><\/a> <a href=\"https:\/\/agora.xtec.cat\/zertramuntana\/estrategia-digital-de-centre\/part-estrategica\/objectius\/\"><\/a> <a href=\"https:\/\/agora.xtec.cat\/zertramuntana\/estrategia-digital-de-centre\/part-estrategica\/planificacio\/\"><\/a><a href=\"https:\/\/agora.xtec.cat\/zertramuntana\/estrategia-digital-de-centre\/part-estrategica\/avaluacio-i-millora\/\"><\/a><\/p>\n","protected":false},"author":1,"featured_media":0,"parent":2945,"menu_order":10,"comment_status":"closed","ping_status":"closed","template":"page-templates\/side-menu.php","meta":{"_bbp_topic_count":0,"_bbp_reply_count":0,"_bbp_total_topic_count":0,"_bbp_total_reply_count":0,"_bbp_voice_count":0,"_bbp_anonymous_reply_count":0,"_bbp_topic_count_hidden":0,"_bbp_reply_count_hidden":0,"_bbp_forum_subforum_count":0,"footnotes":""},"class_list":["post-2947","page","type-page","status-publish","hentry"],"post_mailing_queue_ids":[],"_links":{"self":[{"href":"https:\/\/agora.xtec.cat\/zertramuntana\/wp-json\/wp\/v2\/pages\/2947","targetHints":{"allow":["GET"]}}],"collection":[{"href":"https:\/\/agora.xtec.cat\/zertramuntana\/wp-json\/wp\/v2\/pages"}],"about":[{"href":"https:\/\/agora.xtec.cat\/zertramuntana\/wp-json\/wp\/v2\/types\/page"}],"author":[{"embeddable":true,"href":"https:\/\/agora.xtec.cat\/zertramuntana\/wp-json\/wp\/v2\/users\/1"}],"replies":[{"embeddable":true,"href":"https:\/\/agora.xtec.cat\/zertramuntana\/wp-json\/wp\/v2\/comments?post=2947"}],"version-history":[{"count":3,"href":"https:\/\/agora.xtec.cat\/zertramuntana\/wp-json\/wp\/v2\/pages\/2947\/revisions"}],"predecessor-version":[{"id":3684,"href":"https:\/\/agora.xtec.cat\/zertramuntana\/wp-json\/wp\/v2\/pages\/2947\/revisions\/3684"}],"up":[{"embeddable":true,"href":"https:\/\/agora.xtec.cat\/zertramuntana\/wp-json\/wp\/v2\/pages\/2945"}],"wp:attachment":[{"href":"https:\/\/agora.xtec.cat\/zertramuntana\/wp-json\/wp\/v2\/media?parent=2947"}],"curies":[{"name":"wp","href":"https:\/\/api.w.org\/{rel}","templated":true}]}}