{"id":1196,"date":"2020-05-08T13:36:31","date_gmt":"2020-05-08T11:36:31","guid":{"rendered":"https:\/\/agora.xtec.cat\/zertramuntana\/?page_id=1196"},"modified":"2025-05-07T19:12:34","modified_gmt":"2025-05-07T17:12:34","slug":"preinscripcio-i-matricula-2","status":"publish","type":"page","link":"https:\/\/agora.xtec.cat\/zertramuntana\/escola-beta\/preinscripcio-i-matricula-2\/","title":{"rendered":"Preinscripci\u00f3 i matr\u00edcula Puig Segalar"},"content":{"rendered":"<p>&nbsp;<\/p>\n<h4><strong>Llista de sol\u00b7licituds amb puntuaci\u00f3 definitiva:<\/strong><\/h4>\n<h4><\/h4>\n<p><a href=\"https:\/\/agora.xtec.cat\/zertramuntana\/wp-content\/uploads\/usu2005\/2025\/05\/INFORME_BAREM_RESOLTES_BAREM-Viladamat.jpg\"><img loading=\"lazy\" decoding=\"async\" class=\"alignnone size-large wp-image-4879\" src=\"https:\/\/agora.xtec.cat\/zertramuntana\/wp-content\/uploads\/usu2005\/2025\/05\/INFORME_BAREM_RESOLTES_BAREM-Viladamat-1024x473.jpg\" alt=\"\" width=\"1024\" height=\"473\" srcset=\"https:\/\/agora.xtec.cat\/zertramuntana\/wp-content\/uploads\/usu2005\/2025\/05\/INFORME_BAREM_RESOLTES_BAREM-Viladamat-1024x473.jpg 1024w, https:\/\/agora.xtec.cat\/zertramuntana\/wp-content\/uploads\/usu2005\/2025\/05\/INFORME_BAREM_RESOLTES_BAREM-Viladamat-300x139.jpg 300w, https:\/\/agora.xtec.cat\/zertramuntana\/wp-content\/uploads\/usu2005\/2025\/05\/INFORME_BAREM_RESOLTES_BAREM-Viladamat-768x355.jpg 768w, https:\/\/agora.xtec.cat\/zertramuntana\/wp-content\/uploads\/usu2005\/2025\/05\/INFORME_BAREM_RESOLTES_BAREM-Viladamat.jpg 1219w\" sizes=\"auto, (max-width: 1024px) 100vw, 1024px\" \/><\/a><\/p>\n<h4><\/h4>\n<h4><\/h4>\n<h4><strong>Oferta de places de P3 per al curs 2025-2026:<\/strong><\/h4>\n<p><a href=\"https:\/\/agora.xtec.cat\/zertramuntana\/wp-content\/uploads\/usu2005\/2025\/03\/Oferta-de-places-VD-225-26.jpg\"><img loading=\"lazy\" decoding=\"async\" class=\"alignnone size-large wp-image-4771\" src=\"https:\/\/agora.xtec.cat\/zertramuntana\/wp-content\/uploads\/usu2005\/2025\/03\/Oferta-de-places-VD-225-26-1024x753.jpg\" alt=\"\" width=\"1024\" height=\"753\" srcset=\"https:\/\/agora.xtec.cat\/zertramuntana\/wp-content\/uploads\/usu2005\/2025\/03\/Oferta-de-places-VD-225-26-1024x753.jpg 1024w, https:\/\/agora.xtec.cat\/zertramuntana\/wp-content\/uploads\/usu2005\/2025\/03\/Oferta-de-places-VD-225-26-300x221.jpg 300w, https:\/\/agora.xtec.cat\/zertramuntana\/wp-content\/uploads\/usu2005\/2025\/03\/Oferta-de-places-VD-225-26-768x565.jpg 768w, https:\/\/agora.xtec.cat\/zertramuntana\/wp-content\/uploads\/usu2005\/2025\/03\/Oferta-de-places-VD-225-26.jpg 1093w\" sizes=\"auto, (max-width: 1024px) 100vw, 1024px\" \/><\/a><\/p>\n<h4><strong>Qu\u00e8 cal fer per preinscriure&#8217;s a l&#8217;Escola Puig Segalar de Viladamat?<\/strong><\/h4>\n<p>Al seg\u00fcent enlla\u00e7 hi trobareu la sol\u00b7licitud per a fer la preinscripci\u00f3 telem\u00e0ticament i tamb\u00e9 la documentaci\u00f3 que cal presentar:<\/p>\n<h3 style=\"text-align: center;\"><strong><a href=\"https:\/\/preinscripcio.gencat.cat\/ca\/inici\">https:\/\/preinscripcio.gencat.cat\/ca\/inici<\/a><\/strong><\/h3>\n","protected":false},"excerpt":{"rendered":"<p>&nbsp;<br \/>\nLlista de sol\u00b7licituds amb puntuaci\u00f3 definitiva:<\/p>\n<p><a href=\"https:\/\/agora.xtec.cat\/zertramuntana\/wp-content\/uploads\/usu2005\/2025\/05\/INFORME_BAREM_RESOLTES_BAREM-Viladamat.jpg\"><\/a><\/p>\n<p>Oferta de places de P3 per al curs 2025-2026:<br \/>\n<a href=\"https:\/\/agora.xtec.cat\/zertramuntana\/wp-content\/uploads\/usu2005\/2025\/03\/Oferta-de-places-VD-225-26.jpg\"><\/a><br \/>\nQu\u00e8 cal fer per preinscriure&#8217;s a l&#8217;Escola Puig Segalar de Viladamat?<br \/>\nAl seg\u00fcent enlla\u00e7 hi trobareu la sol\u00b7licitud per a fer la preinscripci\u00f3 telem\u00e0ticament i tamb\u00e9 la documentaci\u00f3 que cal presentar:<br \/>\n<a&hellip;  <a href=\"https:\/\/agora.xtec.cat\/zertramuntana\/escola-beta\/preinscripcio-i-matricula-2\/\" title=\"Read Preinscripci\u00f3 i matr\u00edcula Puig Segalar\">Llegeix m\u00e9s\u00bb<\/a><\/p>\n","protected":false},"author":1,"featured_media":0,"parent":266,"menu_order":0,"comment_status":"closed","ping_status":"closed","template":"page-templates\/side-menu.php","meta":{"_bbp_topic_count":0,"_bbp_reply_count":0,"_bbp_total_topic_count":0,"_bbp_total_reply_count":0,"_bbp_voice_count":0,"_bbp_anonymous_reply_count":0,"_bbp_topic_count_hidden":0,"_bbp_reply_count_hidden":0,"_bbp_forum_subforum_count":0,"footnotes":""},"class_list":["post-1196","page","type-page","status-publish","hentry"],"post_mailing_queue_ids":[],"_links":{"self":[{"href":"https:\/\/agora.xtec.cat\/zertramuntana\/wp-json\/wp\/v2\/pages\/1196","targetHints":{"allow":["GET"]}}],"collection":[{"href":"https:\/\/agora.xtec.cat\/zertramuntana\/wp-json\/wp\/v2\/pages"}],"about":[{"href":"https:\/\/agora.xtec.cat\/zertramuntana\/wp-json\/wp\/v2\/types\/page"}],"author":[{"embeddable":true,"href":"https:\/\/agora.xtec.cat\/zertramuntana\/wp-json\/wp\/v2\/users\/1"}],"replies":[{"embeddable":true,"href":"https:\/\/agora.xtec.cat\/zertramuntana\/wp-json\/wp\/v2\/comments?post=1196"}],"version-history":[{"count":7,"href":"https:\/\/agora.xtec.cat\/zertramuntana\/wp-json\/wp\/v2\/pages\/1196\/revisions"}],"predecessor-version":[{"id":4880,"href":"https:\/\/agora.xtec.cat\/zertramuntana\/wp-json\/wp\/v2\/pages\/1196\/revisions\/4880"}],"up":[{"embeddable":true,"href":"https:\/\/agora.xtec.cat\/zertramuntana\/wp-json\/wp\/v2\/pages\/266"}],"wp:attachment":[{"href":"https:\/\/agora.xtec.cat\/zertramuntana\/wp-json\/wp\/v2\/media?parent=1196"}],"curies":[{"name":"wp","href":"https:\/\/api.w.org\/{rel}","templated":true}]}}