{"id":1194,"date":"2020-05-08T13:36:09","date_gmt":"2020-05-08T11:36:09","guid":{"rendered":"https:\/\/agora.xtec.cat\/zertramuntana\/?page_id=1194"},"modified":"2025-05-07T19:11:52","modified_gmt":"2025-05-07T17:11:52","slug":"preinscripcio-i-matricula","status":"publish","type":"page","link":"https:\/\/agora.xtec.cat\/zertramuntana\/escola-alfa\/preinscripcio-i-matricula\/","title":{"rendered":"Preinscripci\u00f3 i matr\u00edcula Els Valentins"},"content":{"rendered":"<h4><strong>Llista de sol\u00b7licituds amb puntuaci\u00f3 definitiva:<\/strong><\/h4>\n<h4><\/h4>\n<p><a href=\"https:\/\/agora.xtec.cat\/zertramuntana\/wp-content\/uploads\/usu2005\/2025\/05\/INFORME_BAREM_RESOLTES_BAREM-Vilamacolum.jpg\"><img loading=\"lazy\" decoding=\"async\" class=\"alignnone size-large wp-image-4877\" src=\"https:\/\/agora.xtec.cat\/zertramuntana\/wp-content\/uploads\/usu2005\/2025\/05\/INFORME_BAREM_RESOLTES_BAREM-Vilamacolum-1024x504.jpg\" alt=\"\" width=\"1024\" height=\"504\" srcset=\"https:\/\/agora.xtec.cat\/zertramuntana\/wp-content\/uploads\/usu2005\/2025\/05\/INFORME_BAREM_RESOLTES_BAREM-Vilamacolum-1024x504.jpg 1024w, https:\/\/agora.xtec.cat\/zertramuntana\/wp-content\/uploads\/usu2005\/2025\/05\/INFORME_BAREM_RESOLTES_BAREM-Vilamacolum-300x148.jpg 300w, https:\/\/agora.xtec.cat\/zertramuntana\/wp-content\/uploads\/usu2005\/2025\/05\/INFORME_BAREM_RESOLTES_BAREM-Vilamacolum-768x378.jpg 768w, https:\/\/agora.xtec.cat\/zertramuntana\/wp-content\/uploads\/usu2005\/2025\/05\/INFORME_BAREM_RESOLTES_BAREM-Vilamacolum.jpg 1275w\" sizes=\"auto, (max-width: 1024px) 100vw, 1024px\" \/><\/a><\/p>\n<h4><strong>Oferta de places de P3 per al curs 2025-2026:<\/strong><\/h4>\n<p><a href=\"https:\/\/agora.xtec.cat\/zertramuntana\/wp-content\/uploads\/usu2005\/2025\/03\/Oferta-de-places-curs-25-26.jpg\"><img loading=\"lazy\" decoding=\"async\" class=\"alignnone size-large wp-image-4769\" src=\"https:\/\/agora.xtec.cat\/zertramuntana\/wp-content\/uploads\/usu2005\/2025\/03\/Oferta-de-places-curs-25-26-1024x727.jpg\" alt=\"\" width=\"1024\" height=\"727\" srcset=\"https:\/\/agora.xtec.cat\/zertramuntana\/wp-content\/uploads\/usu2005\/2025\/03\/Oferta-de-places-curs-25-26-1024x727.jpg 1024w, https:\/\/agora.xtec.cat\/zertramuntana\/wp-content\/uploads\/usu2005\/2025\/03\/Oferta-de-places-curs-25-26-300x213.jpg 300w, https:\/\/agora.xtec.cat\/zertramuntana\/wp-content\/uploads\/usu2005\/2025\/03\/Oferta-de-places-curs-25-26-768x545.jpg 768w, https:\/\/agora.xtec.cat\/zertramuntana\/wp-content\/uploads\/usu2005\/2025\/03\/Oferta-de-places-curs-25-26.jpg 1164w\" sizes=\"auto, (max-width: 1024px) 100vw, 1024px\" \/><\/a><\/p>\n<h4><strong>Qu\u00e8 cal fer per preinscriure&#8217;s a l&#8217;Escola Els Valentins de Vilamacolum?<\/strong><\/h4>\n<p>Al seg\u00fcent enlla\u00e7 hi trobareu la sol\u00b7licitud per a fer la preinscripci\u00f3 telem\u00e0ticament i tamb\u00e9 la documentaci\u00f3 que cal presentar:<\/p>\n<h3 style=\"text-align: center;\"><strong><a href=\"https:\/\/preinscripcio.gencat.cat\/ca\/inici\">https:\/\/preinscripcio.gencat.cat\/ca\/inici<\/a><\/strong><\/h3>\n","protected":false},"excerpt":{"rendered":"<p>Llista de sol\u00b7licituds amb puntuaci\u00f3 definitiva:<\/p>\n<p><a href=\"https:\/\/agora.xtec.cat\/zertramuntana\/wp-content\/uploads\/usu2005\/2025\/05\/INFORME_BAREM_RESOLTES_BAREM-Vilamacolum.jpg\"><\/a><br \/>\nOferta de places de P3 per al curs 2025-2026:<br \/>\n<a href=\"https:\/\/agora.xtec.cat\/zertramuntana\/wp-content\/uploads\/usu2005\/2025\/03\/Oferta-de-places-curs-25-26.jpg\"><\/a><br \/>\nQu\u00e8 cal fer per preinscriure&#8217;s a l&#8217;Escola Els Valentins de Vilamacolum?<br \/>\nAl seg\u00fcent enlla\u00e7 hi trobareu la sol\u00b7licitud per a fer la preinscripci\u00f3 telem\u00e0ticament i tamb\u00e9 la documentaci\u00f3 que cal presentar:<br \/>\n<a&hellip;  <a href=\"https:\/\/agora.xtec.cat\/zertramuntana\/escola-alfa\/preinscripcio-i-matricula\/\" title=\"Read Preinscripci\u00f3 i matr\u00edcula Els Valentins\">Llegeix m\u00e9s\u00bb<\/a><\/p>\n","protected":false},"author":1,"featured_media":0,"parent":264,"menu_order":0,"comment_status":"closed","ping_status":"closed","template":"page-templates\/side-menu.php","meta":{"_bbp_topic_count":0,"_bbp_reply_count":0,"_bbp_total_topic_count":0,"_bbp_total_reply_count":0,"_bbp_voice_count":0,"_bbp_anonymous_reply_count":0,"_bbp_topic_count_hidden":0,"_bbp_reply_count_hidden":0,"_bbp_forum_subforum_count":0,"footnotes":""},"class_list":["post-1194","page","type-page","status-publish","hentry"],"post_mailing_queue_ids":[],"_links":{"self":[{"href":"https:\/\/agora.xtec.cat\/zertramuntana\/wp-json\/wp\/v2\/pages\/1194","targetHints":{"allow":["GET"]}}],"collection":[{"href":"https:\/\/agora.xtec.cat\/zertramuntana\/wp-json\/wp\/v2\/pages"}],"about":[{"href":"https:\/\/agora.xtec.cat\/zertramuntana\/wp-json\/wp\/v2\/types\/page"}],"author":[{"embeddable":true,"href":"https:\/\/agora.xtec.cat\/zertramuntana\/wp-json\/wp\/v2\/users\/1"}],"replies":[{"embeddable":true,"href":"https:\/\/agora.xtec.cat\/zertramuntana\/wp-json\/wp\/v2\/comments?post=1194"}],"version-history":[{"count":6,"href":"https:\/\/agora.xtec.cat\/zertramuntana\/wp-json\/wp\/v2\/pages\/1194\/revisions"}],"predecessor-version":[{"id":4878,"href":"https:\/\/agora.xtec.cat\/zertramuntana\/wp-json\/wp\/v2\/pages\/1194\/revisions\/4878"}],"up":[{"embeddable":true,"href":"https:\/\/agora.xtec.cat\/zertramuntana\/wp-json\/wp\/v2\/pages\/264"}],"wp:attachment":[{"href":"https:\/\/agora.xtec.cat\/zertramuntana\/wp-json\/wp\/v2\/media?parent=1194"}],"curies":[{"name":"wp","href":"https:\/\/api.w.org\/{rel}","templated":true}]}}