{"id":1026,"date":"2020-04-17T12:16:28","date_gmt":"2020-04-17T10:16:28","guid":{"rendered":"https:\/\/agora.xtec.cat\/zertramuntana\/?page_id=1026"},"modified":"2025-11-04T14:04:28","modified_gmt":"2025-11-04T13:04:28","slug":"full-informatiiu-viladamat","status":"publish","type":"page","link":"https:\/\/agora.xtec.cat\/zertramuntana\/escola-beta\/full-informatiiu-viladamat\/","title":{"rendered":"Full Informatiu Viladamat"},"content":{"rendered":"<p>&nbsp;<\/p>\n<p>Clicant l&#8217;enlla\u00e7 de sota la imatge s&#8217;obrir\u00e0 el <strong>full informatiu<\/strong> amb tota la informaci\u00f3 d&#8217;aquest <strong>curs:<\/strong><\/p>\n<p style=\"text-align: center;\"><a href=\"https:\/\/agora.xtec.cat\/zertramuntana\/wp-content\/uploads\/usu2005\/2025\/09\/Imatge-de-WhatsApp-2025-09-16-a-les-15.44.57_8b32520e.jpg\">CALENDARI ESCOLA PUIG SEGALAR<\/a><\/p>\n<p>&nbsp;<\/p>\n","protected":false},"excerpt":{"rendered":"<p>&nbsp;<br \/>\nClicant l&#8217;enlla\u00e7 de sota la imatge s&#8217;obrir\u00e0 el full informatiu amb tota la informaci\u00f3 d&#8217;aquest curs:<br \/>\n<a href=\"https:\/\/agora.xtec.cat\/zertramuntana\/wp-content\/uploads\/usu2005\/2025\/09\/Imatge-de-WhatsApp-2025-09-16-a-les-15.44.57_8b32520e.jpg\">CALENDARI ESCOLA PUIG SEGALAR<\/a><br \/>\n&nbsp;<\/p>\n","protected":false},"author":1,"featured_media":0,"parent":266,"menu_order":10,"comment_status":"closed","ping_status":"closed","template":"page-templates\/side-menu.php","meta":{"_bbp_topic_count":0,"_bbp_reply_count":0,"_bbp_total_topic_count":0,"_bbp_total_reply_count":0,"_bbp_voice_count":0,"_bbp_anonymous_reply_count":0,"_bbp_topic_count_hidden":0,"_bbp_reply_count_hidden":0,"_bbp_forum_subforum_count":0,"footnotes":""},"class_list":["post-1026","page","type-page","status-publish","hentry"],"post_mailing_queue_ids":[],"_links":{"self":[{"href":"https:\/\/agora.xtec.cat\/zertramuntana\/wp-json\/wp\/v2\/pages\/1026","targetHints":{"allow":["GET"]}}],"collection":[{"href":"https:\/\/agora.xtec.cat\/zertramuntana\/wp-json\/wp\/v2\/pages"}],"about":[{"href":"https:\/\/agora.xtec.cat\/zertramuntana\/wp-json\/wp\/v2\/types\/page"}],"author":[{"embeddable":true,"href":"https:\/\/agora.xtec.cat\/zertramuntana\/wp-json\/wp\/v2\/users\/1"}],"replies":[{"embeddable":true,"href":"https:\/\/agora.xtec.cat\/zertramuntana\/wp-json\/wp\/v2\/comments?post=1026"}],"version-history":[{"count":7,"href":"https:\/\/agora.xtec.cat\/zertramuntana\/wp-json\/wp\/v2\/pages\/1026\/revisions"}],"predecessor-version":[{"id":5111,"href":"https:\/\/agora.xtec.cat\/zertramuntana\/wp-json\/wp\/v2\/pages\/1026\/revisions\/5111"}],"up":[{"embeddable":true,"href":"https:\/\/agora.xtec.cat\/zertramuntana\/wp-json\/wp\/v2\/pages\/266"}],"wp:attachment":[{"href":"https:\/\/agora.xtec.cat\/zertramuntana\/wp-json\/wp\/v2\/media?parent=1026"}],"curies":[{"name":"wp","href":"https:\/\/api.w.org\/{rel}","templated":true}]}}