{"id":5322,"date":"2020-09-02T17:45:25","date_gmt":"2020-09-02T15:45:25","guid":{"rendered":"http:\/\/agora.xtec.cat\/zerterraaltanord\/?page_id=5322"},"modified":"2026-01-20T16:26:05","modified_gmt":"2026-01-20T15:26:05","slug":"documents-families","status":"publish","type":"page","link":"https:\/\/agora.xtec.cat\/zerterraaltanord\/documents-families\/","title":{"rendered":"Documents fam\u00edlies"},"content":{"rendered":"<h5>\u00a0<\/h5>\n<table style=\"height: 276px; width: 80.8645%;\" width=\"675\">\n<tbody>\n<tr style=\"height: 31px;\">\n<td style=\"width: 592px; height: 31px;\"><strong>TIPUS DE DOCUMENTS<\/strong><\/td>\n<\/tr>\n<tr style=\"height: 31px;\">\n<td style=\"width: 592px; height: 31px;\"><a href=\"https:\/\/agora.xtec.cat\/zerterraaltanord\/wp-content\/uploads\/usu1521\/2023\/09\/Autoritzacio-administrar-medicaments.pdf\">Autoritzaci\u00f3 administrar medicaments<\/a><\/td>\n<\/tr>\n<tr style=\"height: 31px;\">\n<td style=\"width: 592px; height: 31px;\"><a href=\"https:\/\/agora.xtec.cat\/zerterraaltanord\/wp-content\/uploads\/usu1521\/2020\/09\/Esmorzars-Saludables.pdf\" target=\"_blank\" rel=\"noopener noreferrer\">Esmorzars Saludables<\/a><\/td>\n<\/tr>\n<tr style=\"height: 31px;\">\n<td style=\"width: 592px; height: 31px;\"><a href=\"https:\/\/agora.xtec.cat\/zerterraaltanord\/wp-content\/uploads\/usu1521\/2024\/09\/Autoritzacio-per-sortir-en-germans-grans-de-lescola-1.pdf\" target=\"_blank\" rel=\"noopener\">Autoritzaci\u00f3 per sortir amb el germ\u00e0 gran de l&#8217;escola<\/a><\/td>\n<\/tr>\n<tr style=\"height: 31px;\">\n<td style=\"width: 592px; height: 31px;\"><a href=\"https:\/\/agora.xtec.cat\/zerterraaltanord\/wp-content\/uploads\/usu1521\/2023\/09\/Actualitzacio-dades-allergies-i-intolerancies.pdf\">Actualitzaci\u00f3 dades al\u00b7l\u00e8rgies i intoler\u00e0ncies<\/a><\/td>\n<\/tr>\n<tr>\n<td style=\"width: 592px;\"><a href=\"https:\/\/agora.xtec.cat\/zerterraaltanord\/wp-content\/uploads\/usu1521\/2024\/09\/Informacio-allergia-alimentaria-i-o-latex.pdf\" target=\"_blank\" rel=\"noopener\">Full de recollida d&#8217;informaci\u00f3 per alumnes amb al\u00b7l\u00e8gia aliment\u00e0ria i\/o latex<\/a><\/td>\n<\/tr>\n<tr style=\"height: 31px;\">\n<td style=\"width: 592px; height: 31px;\"><a href=\"https:\/\/agora.xtec.cat\/zerterraaltanord\/wp-content\/uploads\/usu1521\/2023\/09\/Autoritzacio-sortir-sol-a-de-lescola.pdf\">Autoritzaci\u00f3 sortir sol-a de l&#8217;escola<\/a><\/td>\n<\/tr>\n<tr style=\"height: 31px;\">\n<td style=\"width: 592px; height: 31px;\"><a href=\"https:\/\/agora.xtec.cat\/zerterraaltanord\/wp-content\/uploads\/usu1521\/2024\/09\/Autoritzacio-per-sortir-pel-poble-i-els-seus-voltatns-1-1.pdf\" target=\"_blank\" rel=\"noopener\">Autoritzaci\u00f3 per sortir pel poble i els seus voltants<\/a><\/td>\n<\/tr>\n<tr>\n<td style=\"width: 592px;\"><a href=\"https:\/\/agora.xtec.cat\/zerterraaltanord\/wp-content\/uploads\/usu1521\/2023\/09\/Autoritzacio-administrar-paracetamol.pdf\">Autoritzaci\u00f3 administraci\u00f3 paracetamol<\/a><\/td>\n<\/tr>\n<tr>\n<td style=\"width: 592px;\"><a href=\"https:\/\/agora.xtec.cat\/zerterraaltanord\/wp-content\/uploads\/usu1521\/2023\/09\/drets-imatge-total-ZER.pdf\">Autoritzaci\u00f3 Dret d&#8217;Imatge<\/a><\/td>\n<\/tr>\n<tr>\n<td style=\"width: 592px;\"><a href=\"https:\/\/agora.xtec.cat\/zerterraaltanord\/wp-content\/uploads\/usu1521\/2026\/01\/1_model-de-carta-de-compromis-educatiu-curs-2023-24-1.pdf\" target=\"_blank\" rel=\"noopener\">Carta de comprom\u00eds<\/a><\/td>\n<\/tr>\n<\/tbody>\n<\/table>\n<p>&nbsp;<\/p>\n<table style=\"border-collapse: collapse; width: 0.676259%; height: 73px;\">\n<tbody>\n<tr style=\"height: 32px;\">\n<td style=\"width: 422.698px; height: 32px;\">\u00a0<\/td>\n<\/tr>\n<tr style=\"height: 32px;\">\n<td style=\"width: 422.698px; height: 32px;\">\u00a0<\/td>\n<\/tr>\n<tr style=\"height: 20px;\">\n<td style=\"width: 422.698px; height: 20px;\">\u00a0<\/td>\n<\/tr>\n<\/tbody>\n<\/table>\n<p>&nbsp;<\/p>\n<p>&nbsp;<\/p>\n","protected":false},"excerpt":{"rendered":"<p>\u00a0 TIPUS DE DOCUMENTS Autoritzaci\u00f3 administrar medicaments Esmorzars Saludables Autoritzaci\u00f3 per sortir amb el germ\u00e0 gran de l&#8217;escola Actualitzaci\u00f3 dades al\u00b7l\u00e8rgies i intoler\u00e0ncies Full de recollida d&#8217;informaci\u00f3 per alumnes amb al\u00b7l\u00e8gia aliment\u00e0ria i\/o latex Autoritzaci\u00f3 sortir sol-a de l&#8217;escola Autoritzaci\u00f3 per sortir pel poble i els seus voltants Autoritzaci\u00f3 administraci\u00f3 paracetamol Autoritzaci\u00f3 Dret d&#8217;Imatge Carta [&hellip;]<\/p>\n","protected":false},"author":1,"featured_media":0,"parent":0,"menu_order":0,"comment_status":"closed","ping_status":"closed","template":"","meta":{"_bbp_topic_count":0,"_bbp_reply_count":0,"_bbp_total_topic_count":0,"_bbp_total_reply_count":0,"_bbp_voice_count":0,"_bbp_anonymous_reply_count":0,"_bbp_topic_count_hidden":0,"_bbp_reply_count_hidden":0,"_bbp_forum_subforum_count":0,"site-sidebar-layout":"default","site-content-layout":"","ast-site-content-layout":"","site-content-style":"default","site-sidebar-style":"default","ast-global-header-display":"","ast-banner-title-visibility":"","ast-main-header-display":"","ast-hfb-above-header-display":"","ast-hfb-below-header-display":"","ast-hfb-mobile-header-display":"","site-post-title":"","ast-breadcrumbs-content":"","ast-featured-img":"","footer-sml-layout":"","theme-transparent-header-meta":"","adv-header-id-meta":"","stick-header-meta":"","header-above-stick-meta":"","header-main-stick-meta":"","header-below-stick-meta":"","astra-migrate-meta-layouts":"default","ast-page-background-enabled":"default","ast-page-background-meta":{"desktop":{"background-color":"var(--ast-global-color-4)","background-image":"","background-repeat":"repeat","background-position":"center center","background-size":"auto","background-attachment":"scroll","background-type":"","background-media":"","overlay-type":"","overlay-color":"","overlay-opacity":"","overlay-gradient":""},"tablet":{"background-color":"","background-image":"","background-repeat":"repeat","background-position":"center center","background-size":"auto","background-attachment":"scroll","background-type":"","background-media":"","overlay-type":"","overlay-color":"","overlay-opacity":"","overlay-gradient":""},"mobile":{"background-color":"","background-image":"","background-repeat":"repeat","background-position":"center center","background-size":"auto","background-attachment":"scroll","background-type":"","background-media":"","overlay-type":"","overlay-color":"","overlay-opacity":"","overlay-gradient":""}},"ast-content-background-meta":{"desktop":{"background-color":"var(--ast-global-color-5)","background-image":"","background-repeat":"repeat","background-position":"center center","background-size":"auto","background-attachment":"scroll","background-type":"","background-media":"","overlay-type":"","overlay-color":"","overlay-opacity":"","overlay-gradient":""},"tablet":{"background-color":"var(--ast-global-color-5)","background-image":"","background-repeat":"repeat","background-position":"center center","background-size":"auto","background-attachment":"scroll","background-type":"","background-media":"","overlay-type":"","overlay-color":"","overlay-opacity":"","overlay-gradient":""},"mobile":{"background-color":"var(--ast-global-color-5)","background-image":"","background-repeat":"repeat","background-position":"center center","background-size":"auto","background-attachment":"scroll","background-type":"","background-media":"","overlay-type":"","overlay-color":"","overlay-opacity":"","overlay-gradient":""}},"footnotes":""},"class_list":["post-5322","page","type-page","status-publish","hentry"],"post_mailing_queue_ids":[],"_links":{"self":[{"href":"https:\/\/agora.xtec.cat\/zerterraaltanord\/wp-json\/wp\/v2\/pages\/5322","targetHints":{"allow":["GET"]}}],"collection":[{"href":"https:\/\/agora.xtec.cat\/zerterraaltanord\/wp-json\/wp\/v2\/pages"}],"about":[{"href":"https:\/\/agora.xtec.cat\/zerterraaltanord\/wp-json\/wp\/v2\/types\/page"}],"author":[{"embeddable":true,"href":"https:\/\/agora.xtec.cat\/zerterraaltanord\/wp-json\/wp\/v2\/users\/1"}],"replies":[{"embeddable":true,"href":"https:\/\/agora.xtec.cat\/zerterraaltanord\/wp-json\/wp\/v2\/comments?post=5322"}],"version-history":[{"count":8,"href":"https:\/\/agora.xtec.cat\/zerterraaltanord\/wp-json\/wp\/v2\/pages\/5322\/revisions"}],"predecessor-version":[{"id":9359,"href":"https:\/\/agora.xtec.cat\/zerterraaltanord\/wp-json\/wp\/v2\/pages\/5322\/revisions\/9359"}],"wp:attachment":[{"href":"https:\/\/agora.xtec.cat\/zerterraaltanord\/wp-json\/wp\/v2\/media?parent=5322"}],"curies":[{"name":"wp","href":"https:\/\/api.w.org\/{rel}","templated":true}]}}