{"id":5045,"date":"2020-03-12T09:40:44","date_gmt":"2020-03-12T08:40:44","guid":{"rendered":"http:\/\/agora.xtec.cat\/zerterraaltanord\/?page_id=5045"},"modified":"2020-07-15T22:22:48","modified_gmt":"2020-07-15T20:22:48","slug":"internet-segura","status":"publish","type":"page","link":"https:\/\/agora.xtec.cat\/zerterraaltanord\/internet-segura\/","title":{"rendered":"Internet Segura"},"content":{"rendered":"<p>Cada dia Internet t\u00e9 m\u00e9s protagonisme a les nostres vides. Ens proporciona moltes coses bones, per\u00f2 hem de ser conscients dels problemes que ens pot ocasionar si en fem un mal \u00fas.<\/p>\n<p><img loading=\"lazy\" decoding=\"async\" class=\"wp-image-5311 aligncenter\" src=\"https:\/\/agora.xtec.cat\/zerterraaltanord\/wp-content\/uploads\/usu1521\/2020\/07\/NoticiaControlParental.jpg\" alt=\"\" width=\"454\" height=\"284\" srcset=\"https:\/\/agora.xtec.cat\/zerterraaltanord\/wp-content\/uploads\/usu1521\/2020\/07\/NoticiaControlParental.jpg 1000w, https:\/\/agora.xtec.cat\/zerterraaltanord\/wp-content\/uploads\/usu1521\/2020\/07\/NoticiaControlParental-300x188.jpg 300w, https:\/\/agora.xtec.cat\/zerterraaltanord\/wp-content\/uploads\/usu1521\/2020\/07\/NoticiaControlParental-768x480.jpg 768w\" sizes=\"auto, (max-width: 454px) 100vw, 454px\" \/><\/p>\n<p><a href=\"https:\/\/internetsegura.cat\/families\/\" target=\"_blank\" rel=\"noopener noreferrer\"><img loading=\"lazy\" decoding=\"async\" class=\"size-full wp-image-5313 aligncenter\" src=\"https:\/\/agora.xtec.cat\/zerterraaltanord\/wp-content\/uploads\/usu1521\/2020\/07\/button.png\" alt=\"\" width=\"194\" height=\"50\" \/><\/a><\/p>\n<p>&nbsp;<\/p>\n<p>A continuaci\u00f3 compartim diferents jocs i informaci\u00f3 d&#8217;inter\u00e9s per a les fam\u00edlies:<\/p>\n<p>&nbsp;<\/p>\n<p><a href=\"https:\/\/internetsegura.cat\/jocs-segurs\/\"><img loading=\"lazy\" decoding=\"async\" class=\"wp-image-5046 aligncenter\" src=\"https:\/\/agora.xtec.cat\/zerterraaltanord\/wp-content\/uploads\/usu1521\/2020\/03\/1-1024x562.jpg\" alt=\"\" width=\"297\" height=\"163\" srcset=\"https:\/\/agora.xtec.cat\/zerterraaltanord\/wp-content\/uploads\/usu1521\/2020\/03\/1-1024x562.jpg 1024w, https:\/\/agora.xtec.cat\/zerterraaltanord\/wp-content\/uploads\/usu1521\/2020\/03\/1-300x165.jpg 300w, https:\/\/agora.xtec.cat\/zerterraaltanord\/wp-content\/uploads\/usu1521\/2020\/03\/1-768x421.jpg 768w, https:\/\/agora.xtec.cat\/zerterraaltanord\/wp-content\/uploads\/usu1521\/2020\/03\/1.jpg 1188w\" sizes=\"auto, (max-width: 297px) 100vw, 297px\" \/><\/a><\/p>\n<p>&nbsp;<\/p>\n<p><a href=\"https:\/\/internetsegura.cat\/joc-primers\/\"><img loading=\"lazy\" decoding=\"async\" class=\"wp-image-5047 aligncenter\" src=\"https:\/\/agora.xtec.cat\/zerterraaltanord\/wp-content\/uploads\/usu1521\/2020\/03\/2.jpg\" alt=\"\" width=\"250\" height=\"371\" \/><\/a><\/p>\n<p><a href=\"https:\/\/agora.xtec.cat\/zerterraaltanord\/wp-content\/uploads\/usu1521\/2020\/03\/3.jpg\"><img loading=\"lazy\" decoding=\"async\" class=\" wp-image-5048 aligncenter\" src=\"https:\/\/agora.xtec.cat\/zerterraaltanord\/wp-content\/uploads\/usu1521\/2020\/03\/3.jpg\" alt=\"\" width=\"232\" height=\"369\" srcset=\"https:\/\/agora.xtec.cat\/zerterraaltanord\/wp-content\/uploads\/usu1521\/2020\/03\/3.jpg 201w, https:\/\/agora.xtec.cat\/zerterraaltanord\/wp-content\/uploads\/usu1521\/2020\/03\/3-188x300.jpg 188w\" sizes=\"auto, (max-width: 232px) 100vw, 232px\" \/><\/a><\/p>\n<p>&nbsp;<\/p>\n<p><a href=\"https:\/\/projectes.xtec.cat\/programacioirobotica\/mri4-scratchy-vol-una-contrasenya-segura\/\"><img loading=\"lazy\" decoding=\"async\" class=\"size-full wp-image-5050 aligncenter\" src=\"https:\/\/agora.xtec.cat\/zerterraaltanord\/wp-content\/uploads\/usu1521\/2020\/03\/5.jpg\" alt=\"\" width=\"206\" height=\"306\" srcset=\"https:\/\/agora.xtec.cat\/zerterraaltanord\/wp-content\/uploads\/usu1521\/2020\/03\/5.jpg 206w, https:\/\/agora.xtec.cat\/zerterraaltanord\/wp-content\/uploads\/usu1521\/2020\/03\/5-202x300.jpg 202w\" sizes=\"auto, (max-width: 206px) 100vw, 206px\" \/><\/a><\/p>\n<p>&nbsp;<\/p>\n<p><strong>Informaci\u00f3 per les fam\u00edlies:<\/strong> feu clic a la imatge per accedir a la informaci\u00f3<\/p>\n<p>&nbsp;<\/p>\n<p><a href=\"https:\/\/internetsegura.cat\/perfil-infants-entorn-digital-internet\/\"><img loading=\"lazy\" decoding=\"async\" class=\"alignnone size-full wp-image-5049\" src=\"https:\/\/agora.xtec.cat\/zerterraaltanord\/wp-content\/uploads\/usu1521\/2020\/03\/4.jpg\" alt=\"\" width=\"788\" height=\"535\" srcset=\"https:\/\/agora.xtec.cat\/zerterraaltanord\/wp-content\/uploads\/usu1521\/2020\/03\/4.jpg 788w, https:\/\/agora.xtec.cat\/zerterraaltanord\/wp-content\/uploads\/usu1521\/2020\/03\/4-300x204.jpg 300w, https:\/\/agora.xtec.cat\/zerterraaltanord\/wp-content\/uploads\/usu1521\/2020\/03\/4-768x521.jpg 768w\" sizes=\"auto, (max-width: 788px) 100vw, 788px\" \/><\/a><\/p>\n<p>&nbsp;<\/p>\n<p>&nbsp;<\/p>\n","protected":false},"excerpt":{"rendered":"<p>Cada dia Internet t\u00e9 m\u00e9s protagonisme a les nostres vides. Ens proporciona moltes coses bones, per\u00f2 hem de ser conscients dels problemes que ens pot ocasionar si en fem un mal \u00fas. &nbsp; A continuaci\u00f3 compartim diferents jocs i informaci\u00f3 d&#8217;inter\u00e9s per a les fam\u00edlies: &nbsp; &nbsp; &nbsp; &nbsp; Informaci\u00f3 per les fam\u00edlies: feu clic [&hellip;]<\/p>\n","protected":false},"author":1,"featured_media":0,"parent":0,"menu_order":0,"comment_status":"closed","ping_status":"closed","template":"","meta":{"_bbp_topic_count":0,"_bbp_reply_count":0,"_bbp_total_topic_count":0,"_bbp_total_reply_count":0,"_bbp_voice_count":0,"_bbp_anonymous_reply_count":0,"_bbp_topic_count_hidden":0,"_bbp_reply_count_hidden":0,"_bbp_forum_subforum_count":0,"site-sidebar-layout":"default","site-content-layout":"","ast-site-content-layout":"","site-content-style":"default","site-sidebar-style":"default","ast-global-header-display":"","ast-banner-title-visibility":"","ast-main-header-display":"","ast-hfb-above-header-display":"","ast-hfb-below-header-display":"","ast-hfb-mobile-header-display":"","site-post-title":"","ast-breadcrumbs-content":"","ast-featured-img":"","footer-sml-layout":"","theme-transparent-header-meta":"","adv-header-id-meta":"","stick-header-meta":"","header-above-stick-meta":"","header-main-stick-meta":"","header-below-stick-meta":"","astra-migrate-meta-layouts":"default","ast-page-background-enabled":"default","ast-page-background-meta":{"desktop":{"background-color":"var(--ast-global-color-4)","background-image":"","background-repeat":"repeat","background-position":"center center","background-size":"auto","background-attachment":"scroll","background-type":"","background-media":"","overlay-type":"","overlay-color":"","overlay-opacity":"","overlay-gradient":""},"tablet":{"background-color":"","background-image":"","background-repeat":"repeat","background-position":"center center","background-size":"auto","background-attachment":"scroll","background-type":"","background-media":"","overlay-type":"","overlay-color":"","overlay-opacity":"","overlay-gradient":""},"mobile":{"background-color":"","background-image":"","background-repeat":"repeat","background-position":"center center","background-size":"auto","background-attachment":"scroll","background-type":"","background-media":"","overlay-type":"","overlay-color":"","overlay-opacity":"","overlay-gradient":""}},"ast-content-background-meta":{"desktop":{"background-color":"var(--ast-global-color-5)","background-image":"","background-repeat":"repeat","background-position":"center center","background-size":"auto","background-attachment":"scroll","background-type":"","background-media":"","overlay-type":"","overlay-color":"","overlay-opacity":"","overlay-gradient":""},"tablet":{"background-color":"var(--ast-global-color-5)","background-image":"","background-repeat":"repeat","background-position":"center center","background-size":"auto","background-attachment":"scroll","background-type":"","background-media":"","overlay-type":"","overlay-color":"","overlay-opacity":"","overlay-gradient":""},"mobile":{"background-color":"var(--ast-global-color-5)","background-image":"","background-repeat":"repeat","background-position":"center center","background-size":"auto","background-attachment":"scroll","background-type":"","background-media":"","overlay-type":"","overlay-color":"","overlay-opacity":"","overlay-gradient":""}},"footnotes":""},"class_list":["post-5045","page","type-page","status-publish","hentry"],"post_mailing_queue_ids":[],"_links":{"self":[{"href":"https:\/\/agora.xtec.cat\/zerterraaltanord\/wp-json\/wp\/v2\/pages\/5045","targetHints":{"allow":["GET"]}}],"collection":[{"href":"https:\/\/agora.xtec.cat\/zerterraaltanord\/wp-json\/wp\/v2\/pages"}],"about":[{"href":"https:\/\/agora.xtec.cat\/zerterraaltanord\/wp-json\/wp\/v2\/types\/page"}],"author":[{"embeddable":true,"href":"https:\/\/agora.xtec.cat\/zerterraaltanord\/wp-json\/wp\/v2\/users\/1"}],"replies":[{"embeddable":true,"href":"https:\/\/agora.xtec.cat\/zerterraaltanord\/wp-json\/wp\/v2\/comments?post=5045"}],"version-history":[{"count":4,"href":"https:\/\/agora.xtec.cat\/zerterraaltanord\/wp-json\/wp\/v2\/pages\/5045\/revisions"}],"predecessor-version":[{"id":5316,"href":"https:\/\/agora.xtec.cat\/zerterraaltanord\/wp-json\/wp\/v2\/pages\/5045\/revisions\/5316"}],"wp:attachment":[{"href":"https:\/\/agora.xtec.cat\/zerterraaltanord\/wp-json\/wp\/v2\/media?parent=5045"}],"curies":[{"name":"wp","href":"https:\/\/api.w.org\/{rel}","templated":true}]}}