{"id":258,"date":"2015-07-20T12:40:06","date_gmt":"2015-07-20T11:40:06","guid":{"rendered":"http:\/\/agora.xtec.cat\/zerterraaltanord\/?page_id=258"},"modified":"2016-11-23T16:55:30","modified_gmt":"2016-11-23T15:55:30","slug":"qui-som","status":"publish","type":"page","link":"https:\/\/agora.xtec.cat\/zerterraaltanord\/zer\/qui-som\/","title":{"rendered":"Qui som"},"content":{"rendered":"<p>Les zones escolars rurals (ZER) s\u00f3n institucions escolars de car\u00e0cter p\u00fablic formades per l\u2019agrupaci\u00f3 de centres d&#8217;educaci\u00f3 infantil i prim\u00e0ria que es constitueixen amb la finalitat d\u2019oferir el servei d\u2019ensenyament en condicions de major qualitat en zones de baixa demografia escolar.<\/p>\n<blockquote><p>L\u2019Escola Rural, l\u2019escola de les tres \u201cP\u201d: Petita, de Poble i P\u00fablica, \u00e9s una escola arrelada al territori, que d\u00f3na vida al municipi, que a vegades n\u2019\u00e9s el pal de paller i\/o dinamitzadora d\u2019una part de la vida que el poble genera, que aglutina activitats, persones, i que \u00e9s motiu de trobada i aprenentatge<\/p><\/blockquote>\n<p>La zona escolar rural t\u00e9 consideraci\u00f3 de centre educatiu \u00fanic amb les caracter\u00edstiques i els efectes que es determinen en el <a href=\"http:\/\/dogc.gencat.cat\/ca\/pdogc_canals_interns\/pdogc_resultats_fitxa\/?documentId=545262&amp;language=ca_ES&amp;action=fitxa\" target=\"_blank\">Decret 102\/2010, de 3 d\u2019agost d\u2019autonomia dels centres educatius<\/a>, sense perjudici de respectar la identitat jur\u00eddica de cadascuna de les escoles que la integren.<\/p>\n<p>Cada ZER t\u00e9 un projecte educatiu per a tots els centres que la integren i les mateixes normes d\u2019organitzaci\u00f3 i funcionament i la mateixa programaci\u00f3 general anual, que ha de respectar la singularitat de cadascuna de les escoles.<\/p>\n<p><span style=\"font-weight: 400;\">La Zona Escolar Rural (ZER) Terra Alta-Nord es va constituir l\u2019any 1998. Pr\u00e8viament, les tres escoles que la formen, escola L\u2019Ametller (La Pobla de Massaluca), escola El Div\u00ed Mestre (Vilalba dels Arcs) i l\u2019escola Los Castellets (La Fatarella), formaven una Agrupaci\u00f3 Rural. La nostra ZER es va constituir, de forma volunt\u00e0ria, com a resposta a la necessitat de disposar de mestres itinerants especialistes d\u2019educaci\u00f3 especial, educaci\u00f3 f\u00edsica, angl\u00e8s i m\u00fasica, per a compartir un treball pedag\u00f2gic m\u00e9s enriquidor i per a donar l\u2019oportunitat als alumnes d\u2019ampliar les seves relacions i coneixences dins de la comarca.<\/span><\/p>\n<p><span style=\"font-weight: 400;\">Els tres pobles que la constitueixen es troben allunyats f\u00edsicament uns 10 km. entre ells, sent la dist\u00e0ncia entre els m\u00e9s allunyats de 20km. <\/span><\/p>\n<p><span style=\"font-weight: 400;\">Les relacions entre els tres pobles s\u00f3n cordials. Les comunitats educatives dels tres pobles es vehiculen a trav\u00e9s del Claustre de professors de la ZER i del Consell Escolar de la ZER on n\u2019hi ha representaci\u00f3 dels tres ajuntaments i dels pares dels tres pobles. Al Consell hi ha una assist\u00e8ncia molt alta. Al llarg del temps s\u2019ha anat consolidant la bona relaci\u00f3 entre tota la comunitat educativa, el treball conjunt i el sentiment de pertinen\u00e7a a una entitat per sobre de les individualitats de cada poble. <\/span><\/p>\n<p><span style=\"font-weight: 400;\">Respecte als alumnes de la ZER dir que majorit\u00e0riament la proced\u00e8ncia dels alumnes de les tres escoles \u00e9s dels propis pobles. Des de l\u2019any 2001 fins al 2010 el gruix d\u2019alumnat nouvingut era de proced\u00e8ncia romanesa, sud-americana i anglesa (aquests darreres a Vilalba dels Arcs). Actualment ha minvat l\u2019arribada d\u2019alumnes nouvinguts i la seva est\u00e0ncia a les escoles no \u00e9s estable. La crisi econ\u00f2mica ha provocat que moltes fam\u00edlies tornin als pobles d\u2019origen o, pel contrari que hi hagi fam\u00edlies que cerquin noves oportunitats als nostres pobles (molts de proced\u00e8ncia estrangera per\u00f2 escolaritzats anteriorment a Catalunya).<\/span><\/p>\n<p><span style=\"font-weight: 400;\">Un dels objectius de la ZER, des de la seva creaci\u00f3, ha estat procurar i facilitar la relaci\u00f3 entre l\u2019alumnat de les tres escoles: les sortides conjuntes dels diferents cicles de la ZER \u00a0i la Trobada anual que realitzem les tres escoles s\u00f3n b\u00e0siques en l\u2019assoliment d\u2019aquest objectiu. Tamb\u00e9 participem en les sortides del <\/span><i><span style=\"font-weight: 400;\">Projecte Coneix la Terra Alta<\/span><\/i><span style=\"font-weight: 400;\"> i la <\/span><i><span style=\"font-weight: 400;\">Trobada Comarcal de Teatre <\/span><\/i><span style=\"font-weight: 400;\">dels Serveis Educatius de la Terra Alta i la visita a l\u2019Institut dels alumnes de sis\u00e8, per a facilitar la posterior integraci\u00f3 dels nostres alumnes a l\u2019IES Terra Alta. Al llarg dels anys hem comprovat que els alumnes treuen molt de profit d\u2019aquestes sortides ja que, al ser escoles petites, tenen l\u2019oportunitat de con\u00e8ixer altres xiquets i xiquetes i ampliar \u00a0la seva visi\u00f3 social.<\/span><\/p>\n<p>&nbsp;<\/p>\n<p>&nbsp;<\/p>\n<p><strong>En aquest apartat hi podeu incloure:<\/strong><\/p>\n<ul>\n<li><strong>Funcions de la ZER<\/strong><\/li>\n<li><strong>Hist\u00f2ria<\/strong><\/li>\n<li><strong>Organigrama<\/strong><\/li>\n<li><strong>Galeria fotogr\u00e0fica (recomanat Carrusel amb Picasa)<\/strong><\/li>\n<\/ul>\n","protected":false},"excerpt":{"rendered":"<p>Les zones escolars rurals (ZER) s\u00f3n institucions escolars de car\u00e0cter p\u00fablic formades per l\u2019agrupaci\u00f3 de centres d&#8217;educaci\u00f3 infantil i prim\u00e0ria que es constitueixen amb la finalitat d\u2019oferir el servei d\u2019ensenyament en condicions de major qualitat en zones de baixa demografia escolar. L\u2019Escola Rural, l\u2019escola de les tres \u201cP\u201d: Petita, de Poble i P\u00fablica, \u00e9s una [&hellip;]<\/p>\n","protected":false},"author":1,"featured_media":0,"parent":19,"menu_order":0,"comment_status":"closed","ping_status":"closed","template":"page-templates\/side-menu.php","meta":{"_bbp_topic_count":0,"_bbp_reply_count":0,"_bbp_total_topic_count":0,"_bbp_total_reply_count":0,"_bbp_voice_count":0,"_bbp_anonymous_reply_count":0,"_bbp_topic_count_hidden":0,"_bbp_reply_count_hidden":0,"_bbp_forum_subforum_count":0,"site-sidebar-layout":"default","site-content-layout":"","ast-site-content-layout":"","site-content-style":"default","site-sidebar-style":"default","ast-global-header-display":"","ast-banner-title-visibility":"","ast-main-header-display":"","ast-hfb-above-header-display":"","ast-hfb-below-header-display":"","ast-hfb-mobile-header-display":"","site-post-title":"","ast-breadcrumbs-content":"","ast-featured-img":"","footer-sml-layout":"","theme-transparent-header-meta":"","adv-header-id-meta":"","stick-header-meta":"","header-above-stick-meta":"","header-main-stick-meta":"","header-below-stick-meta":"","astra-migrate-meta-layouts":"default","ast-page-background-enabled":"default","ast-page-background-meta":{"desktop":{"background-color":"var(--ast-global-color-4)","background-image":"","background-repeat":"repeat","background-position":"center center","background-size":"auto","background-attachment":"scroll","background-type":"","background-media":"","overlay-type":"","overlay-color":"","overlay-opacity":"","overlay-gradient":""},"tablet":{"background-color":"","background-image":"","background-repeat":"repeat","background-position":"center center","background-size":"auto","background-attachment":"scroll","background-type":"","background-media":"","overlay-type":"","overlay-color":"","overlay-opacity":"","overlay-gradient":""},"mobile":{"background-color":"","background-image":"","background-repeat":"repeat","background-position":"center center","background-size":"auto","background-attachment":"scroll","background-type":"","background-media":"","overlay-type":"","overlay-color":"","overlay-opacity":"","overlay-gradient":""}},"ast-content-background-meta":{"desktop":{"background-color":"var(--ast-global-color-5)","background-image":"","background-repeat":"repeat","background-position":"center center","background-size":"auto","background-attachment":"scroll","background-type":"","background-media":"","overlay-type":"","overlay-color":"","overlay-opacity":"","overlay-gradient":""},"tablet":{"background-color":"var(--ast-global-color-5)","background-image":"","background-repeat":"repeat","background-position":"center center","background-size":"auto","background-attachment":"scroll","background-type":"","background-media":"","overlay-type":"","overlay-color":"","overlay-opacity":"","overlay-gradient":""},"mobile":{"background-color":"var(--ast-global-color-5)","background-image":"","background-repeat":"repeat","background-position":"center center","background-size":"auto","background-attachment":"scroll","background-type":"","background-media":"","overlay-type":"","overlay-color":"","overlay-opacity":"","overlay-gradient":""}},"footnotes":""},"class_list":["post-258","page","type-page","status-publish","hentry"],"post_mailing_queue_ids":[],"_links":{"self":[{"href":"https:\/\/agora.xtec.cat\/zerterraaltanord\/wp-json\/wp\/v2\/pages\/258","targetHints":{"allow":["GET"]}}],"collection":[{"href":"https:\/\/agora.xtec.cat\/zerterraaltanord\/wp-json\/wp\/v2\/pages"}],"about":[{"href":"https:\/\/agora.xtec.cat\/zerterraaltanord\/wp-json\/wp\/v2\/types\/page"}],"author":[{"embeddable":true,"href":"https:\/\/agora.xtec.cat\/zerterraaltanord\/wp-json\/wp\/v2\/users\/1"}],"replies":[{"embeddable":true,"href":"https:\/\/agora.xtec.cat\/zerterraaltanord\/wp-json\/wp\/v2\/comments?post=258"}],"version-history":[{"count":3,"href":"https:\/\/agora.xtec.cat\/zerterraaltanord\/wp-json\/wp\/v2\/pages\/258\/revisions"}],"predecessor-version":[{"id":768,"href":"https:\/\/agora.xtec.cat\/zerterraaltanord\/wp-json\/wp\/v2\/pages\/258\/revisions\/768"}],"up":[{"embeddable":true,"href":"https:\/\/agora.xtec.cat\/zerterraaltanord\/wp-json\/wp\/v2\/pages\/19"}],"wp:attachment":[{"href":"https:\/\/agora.xtec.cat\/zerterraaltanord\/wp-json\/wp\/v2\/media?parent=258"}],"curies":[{"name":"wp","href":"https:\/\/api.w.org\/{rel}","templated":true}]}}