{"id":644,"date":"2016-05-12T10:03:30","date_gmt":"2016-05-12T09:03:30","guid":{"rendered":"http:\/\/agora.xtec.cat\/zerserrallarga\/?page_id=644"},"modified":"2016-05-12T10:07:06","modified_gmt":"2016-05-12T09:07:06","slug":"especialitats","status":"publish","type":"page","link":"https:\/\/agora.xtec.cat\/zerserrallarga\/especialitats\/","title":{"rendered":"Especialitats"},"content":{"rendered":"<p>Ja sabeu que dins de la nostra ZER hi ha tres mestres itinerants que s&#8217;encarreguen d&#8217;oferir un guiatge a l&#8217;alumnat \u00a0envers el m\u00f3n musical i la cultura, l&#8217;activitat f\u00edsica\u00a0i la salut, les lleng\u00fces estrangeres i la comunicaci\u00f3. Aqu\u00ed podreu enlla\u00e7ar al blog d&#8217;aquestes especialitats.<\/p>\n<table style=\"height: 68px;\" width=\"716\">\n<tbody>\n<tr>\n<td style=\"text-align: center;\" colspan=\"3\"><strong>ELS BLOGS DE LES NOSTRES ESPECIALITATS<\/strong><\/td>\n<\/tr>\n<tr>\n<td style=\"text-align: center;\"><a href=\"http:\/\/agora.xtec.cat\/zerserrallarga\/categoria\/english\/\">Angl\u00e8s<\/a><\/td>\n<td style=\"text-align: center;\"><a href=\"http:\/\/agora.xtec.cat\/zerserrallarga\/categoria\/educacio-fisica\/\">\u00a0Educaci\u00f3 F\u00edsica<\/a><\/td>\n<td style=\"text-align: center;\"><a href=\"http:\/\/agora.xtec.cat\/zerserrallarga\/categoria\/musica\/\">M\u00fasica<\/a><\/td>\n<\/tr>\n<\/tbody>\n<\/table>\n<p>&nbsp;<\/p>\n","protected":false},"excerpt":{"rendered":"<p>Ja sabeu que dins de la nostra ZER hi ha tres mestres itinerants que s&#8217;encarreguen d&#8217;oferir un guiatge a l&#8217;alumnat \u00a0envers el m\u00f3n musical i la cultura, l&#8217;activitat f\u00edsica\u00a0i la salut, les lleng\u00fces estrangeres i la comunicaci\u00f3. Aqu\u00ed podreu enlla\u00e7ar al blog d&#8217;aquestes especialitats. ELS BLOGS DE LES NOSTRES ESPECIALITATS Angl\u00e8s \u00a0Educaci\u00f3 F\u00edsica M\u00fasica &nbsp;<\/p>\n","protected":false},"author":1,"featured_media":0,"parent":0,"menu_order":0,"comment_status":"closed","ping_status":"closed","template":"","meta":{"_bbp_topic_count":0,"_bbp_reply_count":0,"_bbp_total_topic_count":0,"_bbp_total_reply_count":0,"_bbp_voice_count":0,"_bbp_anonymous_reply_count":0,"_bbp_topic_count_hidden":0,"_bbp_reply_count_hidden":0,"_bbp_forum_subforum_count":0,"site-sidebar-layout":"default","site-content-layout":"","ast-site-content-layout":"","site-content-style":"default","site-sidebar-style":"default","ast-global-header-display":"","ast-banner-title-visibility":"","ast-main-header-display":"","ast-hfb-above-header-display":"","ast-hfb-below-header-display":"","ast-hfb-mobile-header-display":"","site-post-title":"","ast-breadcrumbs-content":"","ast-featured-img":"","footer-sml-layout":"","theme-transparent-header-meta":"","adv-header-id-meta":"","stick-header-meta":"","header-above-stick-meta":"","header-main-stick-meta":"","header-below-stick-meta":"","astra-migrate-meta-layouts":"default","ast-page-background-enabled":"default","ast-page-background-meta":{"desktop":{"background-color":"var(--ast-global-color-4)","background-image":"","background-repeat":"repeat","background-position":"center center","background-size":"auto","background-attachment":"scroll","background-type":"","background-media":"","overlay-type":"","overlay-color":"","overlay-opacity":"","overlay-gradient":""},"tablet":{"background-color":"","background-image":"","background-repeat":"repeat","background-position":"center center","background-size":"auto","background-attachment":"scroll","background-type":"","background-media":"","overlay-type":"","overlay-color":"","overlay-opacity":"","overlay-gradient":""},"mobile":{"background-color":"","background-image":"","background-repeat":"repeat","background-position":"center center","background-size":"auto","background-attachment":"scroll","background-type":"","background-media":"","overlay-type":"","overlay-color":"","overlay-opacity":"","overlay-gradient":""}},"ast-content-background-meta":{"desktop":{"background-color":"var(--ast-global-color-5)","background-image":"","background-repeat":"repeat","background-position":"center center","background-size":"auto","background-attachment":"scroll","background-type":"","background-media":"","overlay-type":"","overlay-color":"","overlay-opacity":"","overlay-gradient":""},"tablet":{"background-color":"var(--ast-global-color-5)","background-image":"","background-repeat":"repeat","background-position":"center center","background-size":"auto","background-attachment":"scroll","background-type":"","background-media":"","overlay-type":"","overlay-color":"","overlay-opacity":"","overlay-gradient":""},"mobile":{"background-color":"var(--ast-global-color-5)","background-image":"","background-repeat":"repeat","background-position":"center center","background-size":"auto","background-attachment":"scroll","background-type":"","background-media":"","overlay-type":"","overlay-color":"","overlay-opacity":"","overlay-gradient":""}},"footnotes":""},"class_list":["post-644","page","type-page","status-publish","hentry"],"post_mailing_queue_ids":[],"_links":{"self":[{"href":"https:\/\/agora.xtec.cat\/zerserrallarga\/wp-json\/wp\/v2\/pages\/644","targetHints":{"allow":["GET"]}}],"collection":[{"href":"https:\/\/agora.xtec.cat\/zerserrallarga\/wp-json\/wp\/v2\/pages"}],"about":[{"href":"https:\/\/agora.xtec.cat\/zerserrallarga\/wp-json\/wp\/v2\/types\/page"}],"author":[{"embeddable":true,"href":"https:\/\/agora.xtec.cat\/zerserrallarga\/wp-json\/wp\/v2\/users\/1"}],"replies":[{"embeddable":true,"href":"https:\/\/agora.xtec.cat\/zerserrallarga\/wp-json\/wp\/v2\/comments?post=644"}],"version-history":[{"count":2,"href":"https:\/\/agora.xtec.cat\/zerserrallarga\/wp-json\/wp\/v2\/pages\/644\/revisions"}],"predecessor-version":[{"id":646,"href":"https:\/\/agora.xtec.cat\/zerserrallarga\/wp-json\/wp\/v2\/pages\/644\/revisions\/646"}],"wp:attachment":[{"href":"https:\/\/agora.xtec.cat\/zerserrallarga\/wp-json\/wp\/v2\/media?parent=644"}],"curies":[{"name":"wp","href":"https:\/\/api.w.org\/{rel}","templated":true}]}}