{"id":602,"date":"2016-04-04T09:00:54","date_gmt":"2016-04-04T08:00:54","guid":{"rendered":"http:\/\/agora.xtec.cat\/zerserrallarga\/?page_id=602"},"modified":"2025-09-23T10:03:43","modified_gmt":"2025-09-23T08:03:43","slug":"equip-docent","status":"publish","type":"page","link":"https:\/\/agora.xtec.cat\/zerserrallarga\/zer\/qui-som\/equip-docent\/","title":{"rendered":"Equip docent"},"content":{"rendered":"<table class=\" alignleft\" style=\"border-collapse: collapse; border-color: #000000; border-style: dashed; width: 98.0418%; height: 874px;\">\n<tbody>\n<tr style=\"height: 84px;\">\n<td style=\"background-color: #41aee8; width: 54.0173%; text-align: center; height: 81px;\">\n<h2><strong>\u00a0 CENTRE<\/strong><\/h2>\n<\/td>\n<td style=\"text-align: center; height: 81px; background-color: #41aee8; width: 45.8591%;\">\n<h2><strong>ADSCRIPCI\u00d3<\/strong><\/h2>\n<\/td>\n<\/tr>\n<tr style=\"height: 49px;\">\n<td style=\"height: 148px; background-color: #b6e9f2; width: 54.0173%;\" rowspan=\"3\">\n<h3 style=\"text-align: center;\">IVARS DE NOGUERA<\/h3>\n<\/td>\n<td style=\"border-style: solid; height: 50px; background-color: #fafcfc; width: 45.8591%;\">\n<h5>Tut. EI 1r cicle\/ Tut. CI<\/h5>\n<\/td>\n<\/tr>\n<tr style=\"height: 49px;\">\n<td style=\"border-style: solid; height: 49px; background-color: #f7f7f5; width: 45.8591%;\">\n<h5>Tut 3r\/ CS<\/h5>\n<\/td>\n<\/tr>\n<tr style=\"height: 49px;\">\n<td style=\"border-style: solid; height: 49px; background-color: #b6e9f2; width: 45.8591%;\">\n<h5>Religi\u00f3<\/h5>\n<\/td>\n<\/tr>\n<tr style=\"height: 49px;\">\n<td style=\"height: 196px; background-color: #fefffa; width: 54.0173%;\" rowspan=\"4\">\n<h3 style=\"text-align: center;\">ALGERRI<\/h3>\n<\/td>\n<td style=\"border-style: solid; height: 49px; width: 45.8591%;\">\n<h5>Educadora I1\/ I2<\/h5>\n<\/td>\n<\/tr>\n<tr style=\"height: 49px;\">\n<td style=\"border-style: solid; height: 49px; width: 45.8591%;\">\n<h5>Tut. EI\/ CI<\/h5>\n<\/td>\n<\/tr>\n<tr style=\"height: 49px;\">\n<td style=\"border-style: solid; height: 49px; background-color: #b6e9f2; width: 45.8591%;\">\n<h5>Tut. CM\/CS<\/h5>\n<\/td>\n<\/tr>\n<tr style=\"height: 49px;\">\n<td style=\"border-style: solid; height: 49px; background-color: #b6e9f2; width: 45.8591%;\">\n<h5>Religi\u00f3<\/h5>\n<\/td>\n<\/tr>\n<tr style=\"height: 52px;\">\n<td style=\"background-color: #b6e9f2; width: 54.0173%; height: 248px;\" rowspan=\"4\">\n<h3 style=\"text-align: center;\">CASTELL\u00d3 DE FARFANYA<\/h3>\n<h3 style=\"text-align: center;\"><\/h3>\n<h3 style=\"text-align: center;\"><\/h3>\n<h3 style=\"text-align: center;\"><\/h3>\n<h3 style=\"text-align: center;\"><\/h3>\n<\/td>\n<td style=\"border-style: solid; width: 45.8591%; height: 52px;\">\n<h5>Educadora I1\/ I2<\/h5>\n<\/td>\n<\/tr>\n<tr style=\"height: 49px;\">\n<td style=\"border-style: solid; width: 45.8591%; height: 49px; background-color: #b6e9f2;\">\n<h5>Tut EI\/CI\/3r<\/h5>\n<\/td>\n<\/tr>\n<tr style=\"height: 49px;\">\n<td style=\"border-style: solid; width: 45.8591%; height: 49px; background-color: #b6e9f2;\">\n<h5>Tut. 4t\/CS<\/h5>\n<\/td>\n<\/tr>\n<tr style=\"height: 49px;\">\n<td style=\"border-style: solid; width: 45.8591%; height: 49px;\">\n<h5>Religi\u00f3<\/h5>\n<\/td>\n<\/tr>\n<tr style=\"height: 54px;\">\n<td style=\"background-color: #fafaf2; width: 54.0173%; height: 201px;\" rowspan=\"4\">\n<h3 style=\"text-align: center;\">ZER SERRA LLARGA<\/h3>\n<h3 style=\"text-align: center;\"><\/h3>\n<h3 style=\"text-align: center;\"><\/h3>\n<h3 style=\"text-align: center;\"><\/h3>\n<\/td>\n<td style=\"border-style: solid; width: 45.8591%; height: 54px; background-color: #b6e9f2;\">\n<h5>Itinerant Ed.F\u00edsica<\/h5>\n<\/td>\n<\/tr>\n<tr style=\"height: 49px;\">\n<td style=\"border-style: solid; width: 45.8591%; height: 49px; background-color: #fafaf2;\">\n<h5>Itinerant Angl\u00e8s<\/h5>\n<\/td>\n<\/tr>\n<tr style=\"height: 49px;\">\n<td style=\"border-style: solid; width: 45.8591%; height: 49px; background-color: #b6e9f2;\">\n<h5>Itinerant Ed. Musical<\/h5>\n<\/td>\n<\/tr>\n<tr style=\"height: 49px;\">\n<td style=\"border-style: solid; width: 45.8591%; height: 49px; background-color: #fafaf2;\">\n<h5>Itinerant Ed. Especial<\/h5>\n<\/td>\n<\/tr>\n<\/tbody>\n<\/table>\n","protected":false},"excerpt":{"rendered":"<p>\u00a0 CENTRE ADSCRIPCI\u00d3 IVARS DE NOGUERA Tut. EI 1r cicle\/ Tut. CI Tut 3r\/ CS Religi\u00f3 ALGERRI Educadora I1\/ I2 Tut. EI\/ CI Tut. CM\/CS Religi\u00f3 CASTELL\u00d3 DE FARFANYA Educadora I1\/ I2 Tut EI\/CI\/3r Tut. 4t\/CS Religi\u00f3 ZER SERRA LLARGA Itinerant Ed.F\u00edsica Itinerant Angl\u00e8s Itinerant Ed. Musical Itinerant Ed. Especial<\/p>\n","protected":false},"author":1,"featured_media":0,"parent":258,"menu_order":0,"comment_status":"closed","ping_status":"closed","template":"","meta":{"_bbp_topic_count":0,"_bbp_reply_count":0,"_bbp_total_topic_count":0,"_bbp_total_reply_count":0,"_bbp_voice_count":0,"_bbp_anonymous_reply_count":0,"_bbp_topic_count_hidden":0,"_bbp_reply_count_hidden":0,"_bbp_forum_subforum_count":0,"site-sidebar-layout":"default","site-content-layout":"","ast-site-content-layout":"","site-content-style":"default","site-sidebar-style":"default","ast-global-header-display":"","ast-banner-title-visibility":"","ast-main-header-display":"","ast-hfb-above-header-display":"","ast-hfb-below-header-display":"","ast-hfb-mobile-header-display":"","site-post-title":"","ast-breadcrumbs-content":"","ast-featured-img":"","footer-sml-layout":"","theme-transparent-header-meta":"","adv-header-id-meta":"","stick-header-meta":"","header-above-stick-meta":"","header-main-stick-meta":"","header-below-stick-meta":"","astra-migrate-meta-layouts":"default","ast-page-background-enabled":"default","ast-page-background-meta":{"desktop":{"background-color":"var(--ast-global-color-4)","background-image":"","background-repeat":"repeat","background-position":"center center","background-size":"auto","background-attachment":"scroll","background-type":"","background-media":"","overlay-type":"","overlay-color":"","overlay-opacity":"","overlay-gradient":""},"tablet":{"background-color":"","background-image":"","background-repeat":"repeat","background-position":"center center","background-size":"auto","background-attachment":"scroll","background-type":"","background-media":"","overlay-type":"","overlay-color":"","overlay-opacity":"","overlay-gradient":""},"mobile":{"background-color":"","background-image":"","background-repeat":"repeat","background-position":"center center","background-size":"auto","background-attachment":"scroll","background-type":"","background-media":"","overlay-type":"","overlay-color":"","overlay-opacity":"","overlay-gradient":""}},"ast-content-background-meta":{"desktop":{"background-color":"var(--ast-global-color-5)","background-image":"","background-repeat":"repeat","background-position":"center center","background-size":"auto","background-attachment":"scroll","background-type":"","background-media":"","overlay-type":"","overlay-color":"","overlay-opacity":"","overlay-gradient":""},"tablet":{"background-color":"var(--ast-global-color-5)","background-image":"","background-repeat":"repeat","background-position":"center center","background-size":"auto","background-attachment":"scroll","background-type":"","background-media":"","overlay-type":"","overlay-color":"","overlay-opacity":"","overlay-gradient":""},"mobile":{"background-color":"var(--ast-global-color-5)","background-image":"","background-repeat":"repeat","background-position":"center center","background-size":"auto","background-attachment":"scroll","background-type":"","background-media":"","overlay-type":"","overlay-color":"","overlay-opacity":"","overlay-gradient":""}},"footnotes":""},"class_list":["post-602","page","type-page","status-publish","hentry"],"post_mailing_queue_ids":[],"_links":{"self":[{"href":"https:\/\/agora.xtec.cat\/zerserrallarga\/wp-json\/wp\/v2\/pages\/602","targetHints":{"allow":["GET"]}}],"collection":[{"href":"https:\/\/agora.xtec.cat\/zerserrallarga\/wp-json\/wp\/v2\/pages"}],"about":[{"href":"https:\/\/agora.xtec.cat\/zerserrallarga\/wp-json\/wp\/v2\/types\/page"}],"author":[{"embeddable":true,"href":"https:\/\/agora.xtec.cat\/zerserrallarga\/wp-json\/wp\/v2\/users\/1"}],"replies":[{"embeddable":true,"href":"https:\/\/agora.xtec.cat\/zerserrallarga\/wp-json\/wp\/v2\/comments?post=602"}],"version-history":[{"count":5,"href":"https:\/\/agora.xtec.cat\/zerserrallarga\/wp-json\/wp\/v2\/pages\/602\/revisions"}],"predecessor-version":[{"id":10552,"href":"https:\/\/agora.xtec.cat\/zerserrallarga\/wp-json\/wp\/v2\/pages\/602\/revisions\/10552"}],"up":[{"embeddable":true,"href":"https:\/\/agora.xtec.cat\/zerserrallarga\/wp-json\/wp\/v2\/pages\/258"}],"wp:attachment":[{"href":"https:\/\/agora.xtec.cat\/zerserrallarga\/wp-json\/wp\/v2\/media?parent=602"}],"curies":[{"name":"wp","href":"https:\/\/api.w.org\/{rel}","templated":true}]}}