{"id":270,"date":"2015-07-20T13:09:47","date_gmt":"2015-07-20T12:09:47","guid":{"rendered":"http:\/\/agora.xtec.cat\/zerserrallarga\/?page_id=270"},"modified":"2023-09-27T00:10:55","modified_gmt":"2023-09-26T22:10:55","slug":"escola-castello","status":"publish","type":"page","link":"https:\/\/agora.xtec.cat\/zerserrallarga\/escola-castello\/","title":{"rendered":"Escola Santa Maria"},"content":{"rendered":"<p>Benvinguts a la p\u00e0gina de l&#8217;Escola de Castell\u00f3!<\/p>\n<p>En aquesta secci\u00f3, podreu trobar les novetats de l&#8217;escola Santa Maria.<\/p>\n<h5>Us convidem a visitar el bloc de l&#8217;escola per tal que pugueu veure les diferents activitats que s&#8217;hi\u00a0duen a terme. <span style=\"color: #ff0000;\"><strong><a href=\"https:\/\/agora.xtec.cat\/zerserrallarga\/escola-castello\/\">Acc\u00e8s<\/a> al <a style=\"color: #ff0000;\" href=\"http:\/\/agora.xtec.cat\/zerserrallarga\/categoria\/esc-castello\/\" target=\"_blank\" rel=\"noopener\">bloc<\/a><\/strong><\/span><\/h5>\n<p><a href=\"https:\/\/agora.xtec.cat\/zerserrallarga\/escola-castello\/\"><img loading=\"lazy\" decoding=\"async\" class=\" wp-image-586 aligncenter\" src=\"http:\/\/agora.xtec.cat\/zerserrallarga\/wp-content\/uploads\/usu976\/2016\/03\/foto-escola-castello-1024x768.jpg\" alt=\"foto escola castello\" width=\"415\" height=\"311\" srcset=\"https:\/\/agora.xtec.cat\/zerserrallarga\/wp-content\/uploads\/usu976\/2016\/03\/foto-escola-castello-1024x768.jpg 1024w, https:\/\/agora.xtec.cat\/zerserrallarga\/wp-content\/uploads\/usu976\/2016\/03\/foto-escola-castello-300x225.jpg 300w, https:\/\/agora.xtec.cat\/zerserrallarga\/wp-content\/uploads\/usu976\/2016\/03\/foto-escola-castello-200x150.jpg 200w, https:\/\/agora.xtec.cat\/zerserrallarga\/wp-content\/uploads\/usu976\/2016\/03\/foto-escola-castello.jpg 2000w\" sizes=\"auto, (max-width: 415px) 100vw, 415px\" \/><\/a><\/p>\n","protected":false},"excerpt":{"rendered":"<p>Benvinguts a la p\u00e0gina de l&#8217;Escola de Castell\u00f3! En aquesta secci\u00f3, podreu trobar les novetats de l&#8217;escola Santa Maria. Us convidem a visitar el bloc de l&#8217;escola per tal que pugueu veure les diferents activitats que s&#8217;hi\u00a0duen a terme. Acc\u00e8s al bloc<\/p>\n","protected":false},"author":1,"featured_media":0,"parent":0,"menu_order":0,"comment_status":"closed","ping_status":"closed","template":"page-templates\/side-menu.php","meta":{"_bbp_topic_count":0,"_bbp_reply_count":0,"_bbp_total_topic_count":0,"_bbp_total_reply_count":0,"_bbp_voice_count":0,"_bbp_anonymous_reply_count":0,"_bbp_topic_count_hidden":0,"_bbp_reply_count_hidden":0,"_bbp_forum_subforum_count":0,"site-sidebar-layout":"default","site-content-layout":"","ast-site-content-layout":"","site-content-style":"default","site-sidebar-style":"default","ast-global-header-display":"","ast-banner-title-visibility":"","ast-main-header-display":"","ast-hfb-above-header-display":"","ast-hfb-below-header-display":"","ast-hfb-mobile-header-display":"","site-post-title":"","ast-breadcrumbs-content":"","ast-featured-img":"","footer-sml-layout":"","theme-transparent-header-meta":"","adv-header-id-meta":"","stick-header-meta":"","header-above-stick-meta":"","header-main-stick-meta":"","header-below-stick-meta":"","astra-migrate-meta-layouts":"default","ast-page-background-enabled":"default","ast-page-background-meta":{"desktop":{"background-color":"var(--ast-global-color-4)","background-image":"","background-repeat":"repeat","background-position":"center center","background-size":"auto","background-attachment":"scroll","background-type":"","background-media":"","overlay-type":"","overlay-color":"","overlay-opacity":"","overlay-gradient":""},"tablet":{"background-color":"","background-image":"","background-repeat":"repeat","background-position":"center center","background-size":"auto","background-attachment":"scroll","background-type":"","background-media":"","overlay-type":"","overlay-color":"","overlay-opacity":"","overlay-gradient":""},"mobile":{"background-color":"","background-image":"","background-repeat":"repeat","background-position":"center center","background-size":"auto","background-attachment":"scroll","background-type":"","background-media":"","overlay-type":"","overlay-color":"","overlay-opacity":"","overlay-gradient":""}},"ast-content-background-meta":{"desktop":{"background-color":"var(--ast-global-color-5)","background-image":"","background-repeat":"repeat","background-position":"center center","background-size":"auto","background-attachment":"scroll","background-type":"","background-media":"","overlay-type":"","overlay-color":"","overlay-opacity":"","overlay-gradient":""},"tablet":{"background-color":"var(--ast-global-color-5)","background-image":"","background-repeat":"repeat","background-position":"center center","background-size":"auto","background-attachment":"scroll","background-type":"","background-media":"","overlay-type":"","overlay-color":"","overlay-opacity":"","overlay-gradient":""},"mobile":{"background-color":"var(--ast-global-color-5)","background-image":"","background-repeat":"repeat","background-position":"center center","background-size":"auto","background-attachment":"scroll","background-type":"","background-media":"","overlay-type":"","overlay-color":"","overlay-opacity":"","overlay-gradient":""}},"footnotes":""},"class_list":["post-270","page","type-page","status-publish","hentry"],"post_mailing_queue_ids":[],"_links":{"self":[{"href":"https:\/\/agora.xtec.cat\/zerserrallarga\/wp-json\/wp\/v2\/pages\/270","targetHints":{"allow":["GET"]}}],"collection":[{"href":"https:\/\/agora.xtec.cat\/zerserrallarga\/wp-json\/wp\/v2\/pages"}],"about":[{"href":"https:\/\/agora.xtec.cat\/zerserrallarga\/wp-json\/wp\/v2\/types\/page"}],"author":[{"embeddable":true,"href":"https:\/\/agora.xtec.cat\/zerserrallarga\/wp-json\/wp\/v2\/users\/1"}],"replies":[{"embeddable":true,"href":"https:\/\/agora.xtec.cat\/zerserrallarga\/wp-json\/wp\/v2\/comments?post=270"}],"version-history":[{"count":4,"href":"https:\/\/agora.xtec.cat\/zerserrallarga\/wp-json\/wp\/v2\/pages\/270\/revisions"}],"predecessor-version":[{"id":593,"href":"https:\/\/agora.xtec.cat\/zerserrallarga\/wp-json\/wp\/v2\/pages\/270\/revisions\/593"}],"wp:attachment":[{"href":"https:\/\/agora.xtec.cat\/zerserrallarga\/wp-json\/wp\/v2\/media?parent=270"}],"curies":[{"name":"wp","href":"https:\/\/api.w.org\/{rel}","templated":true}]}}