{"id":10704,"date":"2026-02-11T14:19:34","date_gmt":"2026-02-11T13:19:34","guid":{"rendered":"https:\/\/agora.xtec.cat\/zerserrallarga\/?page_id=10704"},"modified":"2026-02-12T13:14:10","modified_gmt":"2026-02-12T12:14:10","slug":"contacte","status":"publish","type":"page","link":"https:\/\/agora.xtec.cat\/zerserrallarga\/contacte\/","title":{"rendered":"Contacte"},"content":{"rendered":"\n<p><strong>Tel\u00e8fon<\/strong><\/p>\n\n\n\n<ul class=\"wp-block-list\">\n<li>Escola Sant Sebasti\u00e0:   634770371 \/ 973761336<\/li>\n\n\n\n<li>Escola Sant Blai:    634769723 \/973426111<\/li>\n\n\n\n<li>Escola Santa Maria:  634770239 \/973428100 <\/li>\n<\/ul>\n\n\n\n<p><strong>Adre\u00e7a<\/strong><\/p>\n\n\n\n<ul class=\"wp-block-list\">\n<li>Escola Sant Sebasti\u00e0: Passeig Professor Gimeno n\u00ba 6                                    25122  Ivars de Noguera<\/li>\n\n\n\n<li>Escola Sant Blai: Carretera Balaguer s\/n                                                                25130 Algerri<\/li>\n\n\n\n<li>Escola Santa Maria: Pla\u00e7a Sant Antoni s\/n                                                             25136 Castell\u00f3 de Farfanya<\/li>\n<\/ul>\n\n\n\n<p><strong>Horari d&#8217;atenci\u00f3 telef\u00f2nica<\/strong><\/p>\n\n\n\n<p>De dilluns i dijous de 12:30 a 14h <\/p>\n\n\n\n<p><strong>Adreces electr\u00f2niques<\/strong><\/p>\n\n\n\n<p>       <strong>Direccions <\/strong><\/p>\n\n\n\n<ul class=\"wp-block-list\">\n<li>Direcci\u00f3 de la ZER: <a href=\"mailto:maite@zerserrallarga.cat\">c5007906@xtec.cat<\/a><\/li>\n\n\n\n<li>Direcci\u00f3 de l&#8217;Escola Sant Sebasti\u00e0: <a href=\"mailto:maite@zerserrallarga.cat\">c5001795@xtec.cat<\/a><\/li>\n\n\n\n<li>Direcci\u00f3 de l&#8217;Escola Sant Blai: <a href=\"mailto:dantelo@zerserrallarga.cat\">c5000286@xtec.cat<\/a><\/li>\n\n\n\n<li>Direcci\u00f3 de l&#8217;Escola Santa Maria:<a href=\"mailto:c5001278@xtec.cat\">c5001278@xtec.cat<\/a><\/li>\n<\/ul>\n\n\n\n<p>      <strong>Tutories<\/strong><\/p>\n\n\n\n<ul class=\"wp-block-list\">\n<li>Educaci\u00f3 infantil, 1r i 2n d&#8217;Educaci\u00f3 prim\u00e0ria Escola Sant Sebasti\u00e0: <a href=\"mailto:esthera@zerserrallarga.cat\"><\/a><a href=\"mailto:esthera@zerserrallarga.cat\">infantilivars@zerserrallarga.cat<\/a><\/li>\n\n\n\n<li>3r, 5\u00e8, 6\u00e8 d&#8217;Educaci\u00f3 prim\u00e0ria Escola Sant Sebasti\u00e0: <a href=\"mailto:maite@zerserrallarga.cat\"><\/a><a href=\"mailto:maite@zerserrallarga.cat\">primariaivars@zerserrallarga.cat<\/a><\/li>\n<\/ul>\n\n\n\n<p><\/p>\n\n\n\n<ul class=\"wp-block-list\">\n<li>Llar d&#8217;infants Escola Sant Blai: <a href=\"mailto:anna@zerserrallarga.cat\"><\/a><a href=\"mailto:anna@zerserrallarga.cat\">llaralgerri@zerserrallarga.cat<\/a><\/li>\n\n\n\n<li>Cotutora Llar d&#8217;infants i d&#8217;educaci\u00f3 infantil Escola Sant Blai: <a href=\"mailto:eialgerri@zerserrallarga.cat\"><\/a><a href=\"mailto:cotutorainfantil@zerserrallarga.cat\">cotutorainfantil@zerserrallarga.cat<\/a><\/li>\n\n\n\n<li>Educaci\u00f3 Infantil, 1r i 2n d&#8217;Educaci\u00f3 prim\u00e0ria Escola Sant Blai: <a href=\"mailto:mireiai@zerserrallarga.cat\"><\/a><a href=\"mailto:eialgerri@zerserrallarga.cat\">infantilalgerri@zerserrallarga.cat<\/a><\/li>\n\n\n\n<li>3r,4t,5\u00e8 i 6\u00e8 d&#8217;Educaci\u00f3 prim\u00e0ria Escola Sant Blai: <a href=\"mailto:dantelo@zerserrallarga.cat\"><\/a><a href=\"mailto:dantelo@zerserrallarga.cat\">primariaalgerri@zerserrallarga.cat<\/a><\/li>\n<\/ul>\n\n\n\n<p><\/p>\n\n\n\n<ul class=\"wp-block-list\">\n<li>Llar d&#8217;infants Escola Santa Maria:  <a href=\"file:\/\/\/C:\/Users\/dbanda\/Documents\/Escola\/curs%2025.26\/mestres\/ei1castello@zerserrallarga.cat\">llarcastello@zerserrallarga.cat<\/a><\/li>\n\n\n\n<li>Educaci\u00f3 Infantil, 1r, 2n i 3r d&#8217;Educaci\u00f3 prim\u00e0ria Escola Santa Maria: <a href=\"mailto:laia@zerserrallarga.cat\"><\/a><a href=\"file:\/\/\/C:\/Users\/dbanda\/Documents\/Escola\/curs%2025.26\/mestres\/ei2castello@zerserrallarga.cat\">infantilcastello@zerserrallarga.cat<\/a><\/li>\n\n\n\n<li>4t, 5\u00e8 i 6\u00e8  d&#8217;Educaci\u00f3 prim\u00e0ria  Escola Santa Maria: <a href=\"mailto:marta@zerserrallarga.cat\"><\/a><a href=\"mailto:marta@zerserrallarga.cat\">primariacastello@zerserrallarga.cat<\/a><\/li>\n<\/ul>\n\n\n\n<p><\/p>\n\n\n\n<p>        <strong>Especialistes<\/strong><\/p>\n\n\n\n<ul class=\"wp-block-list\">\n<li>Educaci\u00f3 F\u00edsica: <a href=\"mailto:david@zerserrallarga.cat\"><\/a><a href=\"mailto:david@zerserrallarga.cat\">educaciofisica@zerserrallarga.cat<\/a><\/li>\n\n\n\n<li>Educaci\u00f3 Especia Castell\u00f3 Ivars : <a href=\"silvia@zerserrallarga.cat\"><\/a><a href=\"mailto:eecastelloivars@zerserrallarga.cat\">&nbsp;especialcastelloivars @zerserrallarga.cat<\/a><\/li>\n\n\n\n<li>Educaci\u00f3 Especial Algerri: <a href=\"mailto:eealgerri@zerserrallarga.cat\"><\/a><a href=\"mailto:especialalgerri@zerserrallarga.cat\">especialalgerri@zerserrallarga.cat<\/a><\/li>\n\n\n\n<li>Educaci\u00f3 Llengua Anglesa: <a href=\"mailto:angleszer@zerserrallarga.cat\">angleszer@zerserrallarga.cat<\/a> <\/li>\n\n\n\n<li>Educaci\u00f3 Musical: <a href=\"mailto:diana@zerserrallarga.cat\">musicazer@zerserrallarga.cat<\/a><\/li>\n\n\n\n<li>Religi\u00f3: <a href=\"mailto:belen@zerserrallarga.cat\">religiozer@zerserrallarga.cat<\/a><\/li>\n<\/ul>\n\n\n\n<p><\/p>\n","protected":false},"excerpt":{"rendered":"<p>Tel\u00e8fon Adre\u00e7a Horari d&#8217;atenci\u00f3 telef\u00f2nica De dilluns i dijous de 12:30 a 14h Adreces electr\u00f2niques Direccions Tutories Especialistes<\/p>\n","protected":false},"author":1,"featured_media":0,"parent":0,"menu_order":0,"comment_status":"closed","ping_status":"close","template":"","meta":{"_bbp_topic_count":0,"_bbp_reply_count":0,"_bbp_total_topic_count":0,"_bbp_total_reply_count":0,"_bbp_voice_count":0,"_bbp_anonymous_reply_count":0,"_bbp_topic_count_hidden":0,"_bbp_reply_count_hidden":0,"_bbp_forum_subforum_count":0,"site-sidebar-layout":"default","site-content-layout":"","ast-site-content-layout":"default","site-content-style":"default","site-sidebar-style":"default","ast-global-header-display":"","ast-banner-title-visibility":"","ast-main-header-display":"","ast-hfb-above-header-display":"","ast-hfb-below-header-display":"","ast-hfb-mobile-header-display":"","site-post-title":"","ast-breadcrumbs-content":"","ast-featured-img":"","footer-sml-layout":"","theme-transparent-header-meta":"","adv-header-id-meta":"","stick-header-meta":"","header-above-stick-meta":"","header-main-stick-meta":"","header-below-stick-meta":"","astra-migrate-meta-layouts":"set","ast-page-background-enabled":"default","ast-page-background-meta":{"desktop":{"background-color":"var(--ast-global-color-4)","background-image":"","background-repeat":"repeat","background-position":"center center","background-size":"auto","background-attachment":"scroll","background-type":"","background-media":"","overlay-type":"","overlay-color":"","overlay-opacity":"","overlay-gradient":""},"tablet":{"background-color":"","background-image":"","background-repeat":"repeat","background-position":"center center","background-size":"auto","background-attachment":"scroll","background-type":"","background-media":"","overlay-type":"","overlay-color":"","overlay-opacity":"","overlay-gradient":""},"mobile":{"background-color":"","background-image":"","background-repeat":"repeat","background-position":"center center","background-size":"auto","background-attachment":"scroll","background-type":"","background-media":"","overlay-type":"","overlay-color":"","overlay-opacity":"","overlay-gradient":""}},"ast-content-background-meta":{"desktop":{"background-color":"var(--ast-global-color-5)","background-image":"","background-repeat":"repeat","background-position":"center center","background-size":"auto","background-attachment":"scroll","background-type":"","background-media":"","overlay-type":"","overlay-color":"","overlay-opacity":"","overlay-gradient":""},"tablet":{"background-color":"var(--ast-global-color-5)","background-image":"","background-repeat":"repeat","background-position":"center center","background-size":"auto","background-attachment":"scroll","background-type":"","background-media":"","overlay-type":"","overlay-color":"","overlay-opacity":"","overlay-gradient":""},"mobile":{"background-color":"var(--ast-global-color-5)","background-image":"","background-repeat":"repeat","background-position":"center center","background-size":"auto","background-attachment":"scroll","background-type":"","background-media":"","overlay-type":"","overlay-color":"","overlay-opacity":"","overlay-gradient":""}},"footnotes":""},"class_list":["post-10704","page","type-page","status-publish","hentry"],"post_mailing_queue_ids":[],"_links":{"self":[{"href":"https:\/\/agora.xtec.cat\/zerserrallarga\/wp-json\/wp\/v2\/pages\/10704","targetHints":{"allow":["GET"]}}],"collection":[{"href":"https:\/\/agora.xtec.cat\/zerserrallarga\/wp-json\/wp\/v2\/pages"}],"about":[{"href":"https:\/\/agora.xtec.cat\/zerserrallarga\/wp-json\/wp\/v2\/types\/page"}],"author":[{"embeddable":true,"href":"https:\/\/agora.xtec.cat\/zerserrallarga\/wp-json\/wp\/v2\/users\/1"}],"replies":[{"embeddable":true,"href":"https:\/\/agora.xtec.cat\/zerserrallarga\/wp-json\/wp\/v2\/comments?post=10704"}],"version-history":[{"count":6,"href":"https:\/\/agora.xtec.cat\/zerserrallarga\/wp-json\/wp\/v2\/pages\/10704\/revisions"}],"predecessor-version":[{"id":10745,"href":"https:\/\/agora.xtec.cat\/zerserrallarga\/wp-json\/wp\/v2\/pages\/10704\/revisions\/10745"}],"wp:attachment":[{"href":"https:\/\/agora.xtec.cat\/zerserrallarga\/wp-json\/wp\/v2\/media?parent=10704"}],"curies":[{"name":"wp","href":"https:\/\/api.w.org\/{rel}","templated":true}]}}