{"id":1683,"date":"2021-10-25T17:43:43","date_gmt":"2021-10-25T15:43:43","guid":{"rendered":"https:\/\/agora.xtec.cat\/zerriuset\/?page_id=1683"},"modified":"2022-03-29T12:05:00","modified_gmt":"2022-03-29T10:05:00","slug":"escola-el-cervol-cervia-de-les-garrigues","status":"publish","type":"page","link":"https:\/\/agora.xtec.cat\/zerriuset\/escola-el-cervol-cervia-de-les-garrigues\/","title":{"rendered":"Escola El C\u00e9rvol (Cervi\u00e0 de les Garrigues)"},"content":{"rendered":"<p>Si voleu consultar el nodes de l&#8217;escola &#8220;El C\u00e9rvol&#8221;, podeu pr\u00e9mer <a href=\"https:\/\/agora.xtec.cat\/escola-elcervol-zerriuset\/\">AQU\u00cd!<\/a><\/p>\n","protected":false},"excerpt":{"rendered":"<p>Si voleu consultar el nodes de l&#8217;escola &#8220;El C\u00e9rvol&#8221;, podeu pr\u00e9mer <a href=\"https:\/\/agora.xtec.cat\/escola-elcervol-zerriuset\/\">AQU\u00cd!<\/a><\/p>\n","protected":false},"author":1,"featured_media":0,"parent":0,"menu_order":0,"comment_status":"closed","ping_status":"closed","template":"page-templates\/side-menu.php","meta":{"_bbp_topic_count":0,"_bbp_reply_count":0,"_bbp_total_topic_count":0,"_bbp_total_reply_count":0,"_bbp_voice_count":0,"_bbp_anonymous_reply_count":0,"_bbp_topic_count_hidden":0,"_bbp_reply_count_hidden":0,"_bbp_forum_subforum_count":0,"footnotes":""},"class_list":["post-1683","page","type-page","status-publish","hentry"],"post_mailing_queue_ids":[],"_links":{"self":[{"href":"https:\/\/agora.xtec.cat\/zerriuset\/wp-json\/wp\/v2\/pages\/1683","targetHints":{"allow":["GET"]}}],"collection":[{"href":"https:\/\/agora.xtec.cat\/zerriuset\/wp-json\/wp\/v2\/pages"}],"about":[{"href":"https:\/\/agora.xtec.cat\/zerriuset\/wp-json\/wp\/v2\/types\/page"}],"author":[{"embeddable":true,"href":"https:\/\/agora.xtec.cat\/zerriuset\/wp-json\/wp\/v2\/users\/1"}],"replies":[{"embeddable":true,"href":"https:\/\/agora.xtec.cat\/zerriuset\/wp-json\/wp\/v2\/comments?post=1683"}],"version-history":[{"count":3,"href":"https:\/\/agora.xtec.cat\/zerriuset\/wp-json\/wp\/v2\/pages\/1683\/revisions"}],"predecessor-version":[{"id":1742,"href":"https:\/\/agora.xtec.cat\/zerriuset\/wp-json\/wp\/v2\/pages\/1683\/revisions\/1742"}],"wp:attachment":[{"href":"https:\/\/agora.xtec.cat\/zerriuset\/wp-json\/wp\/v2\/media?parent=1683"}],"curies":[{"name":"wp","href":"https:\/\/api.w.org\/{rel}","templated":true}]}}