{"id":1568,"date":"2017-05-19T16:34:49","date_gmt":"2017-05-19T14:34:49","guid":{"rendered":"http:\/\/agora.xtec.cat\/zerriuondara\/?page_id=1568"},"modified":"2017-05-19T16:34:49","modified_gmt":"2017-05-19T14:34:49","slug":"el-cicle-superior-simplica-en-el-projecte-escoles-verdes","status":"publish","type":"page","link":"https:\/\/agora.xtec.cat\/zerriuondara\/el-cicle-superior-simplica-en-el-projecte-escoles-verdes\/","title":{"rendered":"El Cicle Superior s&#8217;implica en el projecte Escoles Verdes"},"content":{"rendered":"<p><strong>Els nens de 5\u00e8 i 6\u00e8 planten a l&#8217;hort i fan d&#8217;Agents Verds.<\/strong><\/p>\n<p>Durant el tercer trimestre els nens m\u00e9s grans de l&#8217;escola, van plantar patates i tom\u00e0quets a l&#8217;hort amb l&#8217;ajuda del padr\u00ed Sebasti\u00e0. Gr\u00e0cies a les eines, la terra f\u00e8rtil i el planter ho van aconseguir.<\/p>\n<p>Tamb\u00e9 van fer l&#8217;activitat d&#8217;Agents Verds. Aquesta tasca consisteix en revisar les aules: escombraries, llums, finestres, etc.<\/p>\n<p>Aquestes activitats les han realitzat perqu\u00e8 s\u00f3n una Escola Verda i els agrada cuidar el Medi Ambient.<\/p>\n<p><a href=\"https:\/\/goo.gl\/photos\/DLMZErxifZCqH8x1A\" target=\"_blank\">\u00c0LBUM FOTOS<\/a><\/p>\n<p>&nbsp;<\/p>\n","protected":false},"excerpt":{"rendered":"<p>Els nens de 5\u00e8 i 6\u00e8 planten a l&#8217;hort i fan d&#8217;Agents Verds.<br \/>\nDurant el tercer trimestre els nens m\u00e9s grans de l&#8217;escola, van plantar patates i tom\u00e0quets a l&#8217;hort amb l&#8217;ajuda del padr\u00ed Sebasti\u00e0. Gr\u00e0cies a les eines, la terra f\u00e8rtil i el planter ho&hellip;  <a href=\"https:\/\/agora.xtec.cat\/zerriuondara\/el-cicle-superior-simplica-en-el-projecte-escoles-verdes\/\" title=\"Read El Cicle Superior s&#8217;implica en el projecte Escoles Verdes\">Llegeix m\u00e9s\u00bb<\/a><\/p>\n","protected":false},"author":1,"featured_media":0,"parent":0,"menu_order":0,"comment_status":"closed","ping_status":"closed","template":"","meta":{"_bbp_topic_count":0,"_bbp_reply_count":0,"_bbp_total_topic_count":0,"_bbp_total_reply_count":0,"_bbp_voice_count":0,"_bbp_anonymous_reply_count":0,"_bbp_topic_count_hidden":0,"_bbp_reply_count_hidden":0,"_bbp_forum_subforum_count":0,"footnotes":""},"class_list":["post-1568","page","type-page","status-publish","hentry"],"post_mailing_queue_ids":[],"_links":{"self":[{"href":"https:\/\/agora.xtec.cat\/zerriuondara\/wp-json\/wp\/v2\/pages\/1568","targetHints":{"allow":["GET"]}}],"collection":[{"href":"https:\/\/agora.xtec.cat\/zerriuondara\/wp-json\/wp\/v2\/pages"}],"about":[{"href":"https:\/\/agora.xtec.cat\/zerriuondara\/wp-json\/wp\/v2\/types\/page"}],"author":[{"embeddable":true,"href":"https:\/\/agora.xtec.cat\/zerriuondara\/wp-json\/wp\/v2\/users\/1"}],"replies":[{"embeddable":true,"href":"https:\/\/agora.xtec.cat\/zerriuondara\/wp-json\/wp\/v2\/comments?post=1568"}],"version-history":[{"count":1,"href":"https:\/\/agora.xtec.cat\/zerriuondara\/wp-json\/wp\/v2\/pages\/1568\/revisions"}],"predecessor-version":[{"id":1569,"href":"https:\/\/agora.xtec.cat\/zerriuondara\/wp-json\/wp\/v2\/pages\/1568\/revisions\/1569"}],"wp:attachment":[{"href":"https:\/\/agora.xtec.cat\/zerriuondara\/wp-json\/wp\/v2\/media?parent=1568"}],"curies":[{"name":"wp","href":"https:\/\/api.w.org\/{rel}","templated":true}]}}