{"id":1442,"date":"2017-04-19T12:43:09","date_gmt":"2017-04-19T10:43:09","guid":{"rendered":"http:\/\/agora.xtec.cat\/zerriuondara\/?page_id=1442"},"modified":"2017-04-19T12:43:09","modified_gmt":"2017-04-19T10:43:09","slug":"jo-us-explico-cicle-superior","status":"publish","type":"page","link":"https:\/\/agora.xtec.cat\/zerriuondara\/jo-us-explico-cicle-superior\/","title":{"rendered":"Jo us explico (Cicle Superior)"},"content":{"rendered":"<p>Un segon trimestre ple d&#8217;activitats formatives, una d&#8217;elles \u00e9s el tradicional &#8220;Jo us explico&#8221;. Els\/les alumnes de Cicle Superior hem fet petites xerrades relacionades amb el projecte de l&#8217;escola &#8220;Rock enrotlla&#8217;t&#8221;.\u00a0 Hem viatjat per les diferents \u00e8poques del rock. Totes elles han estat acompanyades per m\u00fasica i incl\u00f2s alguns alumnes\u00a0 han ballat!<\/p>\n<p><a href=\"https:\/\/goo.gl\/photos\/5c9exKSuJiNeQMZF8\" target=\"_blank\">\u00c1lbum fotos<\/a><\/p>\n","protected":false},"excerpt":{"rendered":"<p>Un segon trimestre ple d&#8217;activitats formatives, una d&#8217;elles \u00e9s el tradicional &#8220;Jo us explico&#8221;. Els\/les alumnes de Cicle Superior hem fet petites xerrades relacionades amb el projecte de l&#8217;escola &#8220;Rock enrotlla&#8217;t&#8221;.\u00a0 Hem viatjat per les diferents \u00e8poques del rock. Totes elles han estat acompanyades per&hellip;  <a href=\"https:\/\/agora.xtec.cat\/zerriuondara\/jo-us-explico-cicle-superior\/\" title=\"Read Jo us explico (Cicle Superior)\">Llegeix m\u00e9s\u00bb<\/a><\/p>\n","protected":false},"author":1,"featured_media":0,"parent":0,"menu_order":0,"comment_status":"closed","ping_status":"closed","template":"","meta":{"_bbp_topic_count":0,"_bbp_reply_count":0,"_bbp_total_topic_count":0,"_bbp_total_reply_count":0,"_bbp_voice_count":0,"_bbp_anonymous_reply_count":0,"_bbp_topic_count_hidden":0,"_bbp_reply_count_hidden":0,"_bbp_forum_subforum_count":0,"footnotes":""},"class_list":["post-1442","page","type-page","status-publish","hentry"],"post_mailing_queue_ids":[],"_links":{"self":[{"href":"https:\/\/agora.xtec.cat\/zerriuondara\/wp-json\/wp\/v2\/pages\/1442","targetHints":{"allow":["GET"]}}],"collection":[{"href":"https:\/\/agora.xtec.cat\/zerriuondara\/wp-json\/wp\/v2\/pages"}],"about":[{"href":"https:\/\/agora.xtec.cat\/zerriuondara\/wp-json\/wp\/v2\/types\/page"}],"author":[{"embeddable":true,"href":"https:\/\/agora.xtec.cat\/zerriuondara\/wp-json\/wp\/v2\/users\/1"}],"replies":[{"embeddable":true,"href":"https:\/\/agora.xtec.cat\/zerriuondara\/wp-json\/wp\/v2\/comments?post=1442"}],"version-history":[{"count":1,"href":"https:\/\/agora.xtec.cat\/zerriuondara\/wp-json\/wp\/v2\/pages\/1442\/revisions"}],"predecessor-version":[{"id":1443,"href":"https:\/\/agora.xtec.cat\/zerriuondara\/wp-json\/wp\/v2\/pages\/1442\/revisions\/1443"}],"wp:attachment":[{"href":"https:\/\/agora.xtec.cat\/zerriuondara\/wp-json\/wp\/v2\/media?parent=1442"}],"curies":[{"name":"wp","href":"https:\/\/api.w.org\/{rel}","templated":true}]}}