{"id":688,"date":"2016-02-24T13:02:03","date_gmt":"2016-02-24T12:02:03","guid":{"rendered":"http:\/\/agora.xtec.cat\/zerriucorb\/?page_id=688"},"modified":"2022-10-10T12:35:45","modified_gmt":"2022-10-10T10:35:45","slug":"escoles","status":"publish","type":"page","link":"https:\/\/agora.xtec.cat\/zerriucorb\/escoles\/","title":{"rendered":"ESCOLES"},"content":{"rendered":"<p>La ZER compta amb un bloc de cada escola on podeu trobar informaci\u00f3 detallada de cada centre.<\/p>\n<p><a href=\"http:\/\/blocs.xtec.cat\/escolamontalba\/\" target=\"_blank\" rel=\"noopener\">Escola Montalb\u00e0 (Preixana)\u00a0<\/a><\/p>\n<p><a href=\"http:\/\/agora.xtec.cat\/zerriucorb\/wp-content\/uploads\/usu923\/2016\/02\/descarga-6.jpg\"><img loading=\"lazy\" decoding=\"async\" class=\"alignnone size-full wp-image-575\" src=\"http:\/\/agora.xtec.cat\/zerriucorb\/wp-content\/uploads\/usu923\/2016\/02\/descarga-6.jpg\" alt=\"descarga (6)\" width=\"440\" height=\"115\" srcset=\"https:\/\/agora.xtec.cat\/zerriucorb\/wp-content\/uploads\/usu923\/2016\/02\/descarga-6.jpg 440w, https:\/\/agora.xtec.cat\/zerriucorb\/wp-content\/uploads\/usu923\/2016\/02\/descarga-6-300x78.jpg 300w\" sizes=\"auto, (max-width: 440px) 100vw, 440px\" \/><\/a><\/p>\n<p>&nbsp;<\/p>\n<p>&nbsp;<\/p>\n<p><a href=\"http:\/\/blocs.xtec.cat\/escolaeltallat\/\" target=\"_blank\" rel=\"noopener\">Escola El Tallat (Sant Mart\u00ed de Mald\u00e0)<\/a><\/p>\n<p><a href=\"http:\/\/agora.xtec.cat\/zerriucorb\/wp-content\/uploads\/usu923\/2016\/02\/descarga-4.jpg\"><img loading=\"lazy\" decoding=\"async\" class=\"alignnone size-full wp-image-572\" src=\"http:\/\/agora.xtec.cat\/zerriucorb\/wp-content\/uploads\/usu923\/2016\/02\/descarga-4.jpg\" alt=\"descarga (4)\" width=\"318\" height=\"159\" srcset=\"https:\/\/agora.xtec.cat\/zerriucorb\/wp-content\/uploads\/usu923\/2016\/02\/descarga-4.jpg 318w, https:\/\/agora.xtec.cat\/zerriucorb\/wp-content\/uploads\/usu923\/2016\/02\/descarga-4-300x150.jpg 300w\" sizes=\"auto, (max-width: 318px) 100vw, 318px\" \/><\/a><\/p>\n<p>&nbsp;<\/p>\n<p><a href=\"http:\/\/blocs.xtec.cat\/escolamalda\/\" target=\"_blank\" rel=\"noopener\">Escola El Maldanell (Mald\u00e0)<\/a><\/p>\n<p><a href=\"http:\/\/agora.xtec.cat\/zerriucorb\/wp-content\/uploads\/usu923\/2016\/03\/Mald\u00e0.jpg\"><img loading=\"lazy\" decoding=\"async\" class=\"alignnone wp-image-694\" src=\"http:\/\/agora.xtec.cat\/zerriucorb\/wp-content\/uploads\/usu923\/2016\/03\/Mald\u00e0-1024x768.jpg\" alt=\"Mald\u00e0\" width=\"317\" height=\"238\" srcset=\"https:\/\/agora.xtec.cat\/zerriucorb\/wp-content\/uploads\/usu923\/2016\/03\/Mald\u00e0-1024x768.jpg 1024w, https:\/\/agora.xtec.cat\/zerriucorb\/wp-content\/uploads\/usu923\/2016\/03\/Mald\u00e0-300x225.jpg 300w, https:\/\/agora.xtec.cat\/zerriucorb\/wp-content\/uploads\/usu923\/2016\/03\/Mald\u00e0-200x150.jpg 200w, https:\/\/agora.xtec.cat\/zerriucorb\/wp-content\/uploads\/usu923\/2016\/03\/Mald\u00e0.jpg 1248w\" sizes=\"auto, (max-width: 317px) 100vw, 317px\" \/><\/a><\/p>\n<p>&nbsp;<\/p>\n<p><a href=\"http:\/\/blocs.xtec.cat\/escolapereteixine\/\" target=\"_blank\" rel=\"noopener\">Escola Pere Teixin\u00e9 (Belianes)<\/a><\/p>\n<p><a href=\"http:\/\/agora.xtec.cat\/zerriucorb\/wp-content\/uploads\/usu923\/2016\/02\/descarga-2.jpg\"><img loading=\"lazy\" decoding=\"async\" class=\"alignnone wp-image-573\" src=\"http:\/\/agora.xtec.cat\/zerriucorb\/wp-content\/uploads\/usu923\/2016\/02\/descarga-2.jpg\" alt=\"descarga (2)\" width=\"316\" height=\"237\" srcset=\"https:\/\/agora.xtec.cat\/zerriucorb\/wp-content\/uploads\/usu923\/2016\/02\/descarga-2.jpg 259w, https:\/\/agora.xtec.cat\/zerriucorb\/wp-content\/uploads\/usu923\/2016\/02\/descarga-2-200x150.jpg 200w\" sizes=\"auto, (max-width: 316px) 100vw, 316px\" \/><\/a><\/p>\n<p>&nbsp;<\/p>\n","protected":false},"excerpt":{"rendered":"<p>La ZER compta amb un bloc de cada escola on podeu trobar informaci\u00f3 detallada de cada centre. Escola Montalb\u00e0 (Preixana)\u00a0 &nbsp; &nbsp; Escola El Tallat (Sant Mart\u00ed de Mald\u00e0) &nbsp; Escola El Maldanell (Mald\u00e0) &nbsp; Escola Pere Teixin\u00e9 (Belianes) &nbsp;<\/p>\n","protected":false},"author":3,"featured_media":0,"parent":0,"menu_order":0,"comment_status":"closed","ping_status":"closed","template":"","meta":{"_bbp_topic_count":0,"_bbp_reply_count":0,"_bbp_total_topic_count":0,"_bbp_total_reply_count":0,"_bbp_voice_count":0,"_bbp_anonymous_reply_count":0,"_bbp_topic_count_hidden":0,"_bbp_reply_count_hidden":0,"_bbp_forum_subforum_count":0,"site-sidebar-layout":"default","site-content-layout":"","ast-site-content-layout":"","site-content-style":"default","site-sidebar-style":"default","ast-global-header-display":"","ast-banner-title-visibility":"","ast-main-header-display":"","ast-hfb-above-header-display":"","ast-hfb-below-header-display":"","ast-hfb-mobile-header-display":"","site-post-title":"","ast-breadcrumbs-content":"","ast-featured-img":"","footer-sml-layout":"","theme-transparent-header-meta":"","adv-header-id-meta":"","stick-header-meta":"","header-above-stick-meta":"","header-main-stick-meta":"","header-below-stick-meta":"","astra-migrate-meta-layouts":"default","ast-page-background-enabled":"default","ast-page-background-meta":{"desktop":{"background-color":"var(--ast-global-color-4)","background-image":"","background-repeat":"repeat","background-position":"center center","background-size":"auto","background-attachment":"scroll","background-type":"","background-media":"","overlay-type":"","overlay-color":"","overlay-opacity":"","overlay-gradient":""},"tablet":{"background-color":"","background-image":"","background-repeat":"repeat","background-position":"center center","background-size":"auto","background-attachment":"scroll","background-type":"","background-media":"","overlay-type":"","overlay-color":"","overlay-opacity":"","overlay-gradient":""},"mobile":{"background-color":"","background-image":"","background-repeat":"repeat","background-position":"center center","background-size":"auto","background-attachment":"scroll","background-type":"","background-media":"","overlay-type":"","overlay-color":"","overlay-opacity":"","overlay-gradient":""}},"ast-content-background-meta":{"desktop":{"background-color":"var(--ast-global-color-5)","background-image":"","background-repeat":"repeat","background-position":"center center","background-size":"auto","background-attachment":"scroll","background-type":"","background-media":"","overlay-type":"","overlay-color":"","overlay-opacity":"","overlay-gradient":""},"tablet":{"background-color":"var(--ast-global-color-5)","background-image":"","background-repeat":"repeat","background-position":"center center","background-size":"auto","background-attachment":"scroll","background-type":"","background-media":"","overlay-type":"","overlay-color":"","overlay-opacity":"","overlay-gradient":""},"mobile":{"background-color":"var(--ast-global-color-5)","background-image":"","background-repeat":"repeat","background-position":"center center","background-size":"auto","background-attachment":"scroll","background-type":"","background-media":"","overlay-type":"","overlay-color":"","overlay-opacity":"","overlay-gradient":""}},"footnotes":""},"class_list":["post-688","page","type-page","status-publish","hentry"],"post_mailing_queue_ids":[],"_links":{"self":[{"href":"https:\/\/agora.xtec.cat\/zerriucorb\/wp-json\/wp\/v2\/pages\/688","targetHints":{"allow":["GET"]}}],"collection":[{"href":"https:\/\/agora.xtec.cat\/zerriucorb\/wp-json\/wp\/v2\/pages"}],"about":[{"href":"https:\/\/agora.xtec.cat\/zerriucorb\/wp-json\/wp\/v2\/types\/page"}],"author":[{"embeddable":true,"href":"https:\/\/agora.xtec.cat\/zerriucorb\/wp-json\/wp\/v2\/users\/3"}],"replies":[{"embeddable":true,"href":"https:\/\/agora.xtec.cat\/zerriucorb\/wp-json\/wp\/v2\/comments?post=688"}],"version-history":[{"count":3,"href":"https:\/\/agora.xtec.cat\/zerriucorb\/wp-json\/wp\/v2\/pages\/688\/revisions"}],"predecessor-version":[{"id":1310,"href":"https:\/\/agora.xtec.cat\/zerriucorb\/wp-json\/wp\/v2\/pages\/688\/revisions\/1310"}],"wp:attachment":[{"href":"https:\/\/agora.xtec.cat\/zerriucorb\/wp-json\/wp\/v2\/media?parent=688"}],"curies":[{"name":"wp","href":"https:\/\/api.w.org\/{rel}","templated":true}]}}