{"id":57,"date":"2014-09-17T17:01:07","date_gmt":"2014-09-17T15:01:07","guid":{"rendered":"http:\/\/agora.xtec.cat\/zerriucorb\/?page_id=57"},"modified":"2019-10-16T10:32:56","modified_gmt":"2019-10-16T08:32:56","slug":"projecte-educatiu","status":"publish","type":"page","link":"https:\/\/agora.xtec.cat\/zerriucorb\/zer\/projecte-educatiu\/","title":{"rendered":"Projecte educatiu"},"content":{"rendered":"<p>D&#8217;acord amb la <a title=\"Article 91 LEC\" href=\"http:\/\/www20.gencat.cat\/portal\/site\/portaljuridic\/menuitem.d15a4e5dfb99396dc366ec10b0c0e1a0\/?vgnextoid=b85297b5a87d6210VgnVCM1000000b0c1e0aRCRD&amp;vgnextchannel=b85297b5a87d6210VgnVCM1000000b0c1e0aRCRD&amp;vgnextfmt=default&amp;action=fitxa&amp;portalId=1&amp;documentId=480169&amp;newLang=ca_ES#fragment-1182442\" target=\"_blank\" rel=\"noopener noreferrer\">Llei d&#8217;Educaci\u00f3 de Catalunya<\/a>, el projecte educatiu incorpora el car\u00e0cter propi del centre i ha de contenir com a m\u00ednim els elements seg\u00fcents:<\/p>\n<ul>\n<li>Criteris d&#8217;ordenaci\u00f3 pedag\u00f2gica, prioritats i plantejaments educatius, procediments d&#8217;inclusi\u00f3 i altres actuacions que caracteritzen el centre.<\/li>\n<li>Indicadors de progr\u00e9s.<\/li>\n<li>Concreci\u00f3 i desenvolupament dels curr\u00edculums.<\/li>\n<li>Criteris que defineixen l&#8217;estructura organitzativa.<\/li>\n<li>Projecte ling\u00fc\u00edstic.<\/li>\n<li>Car\u00e0cter propi del centre, si n&#8217;hi ha.<\/li>\n<\/ul>\n<p>Fent clic al seg\u00fcent enlla\u00e7 podeu veure el PROJECTE EDUCATIU de la ZER RIU CORB:<\/p>\n<p><span style=\"color: #008000;\"><a style=\"color: #008000;\" href=\"https:\/\/agora.xtec.cat\/zerriucorb\/wp-content\/uploads\/usu923\/2019\/10\/PEC_ZER_2015.pdf\">PROJECTE EDUCATIU de la ZER RIU CORB<\/a><\/span><\/p>\n<p>Podeu consultar la resta de documents a l&#8217;apartat DOCUMENTS del marge dret de la <a href=\"https:\/\/agora.xtec.cat\/zerriucorb\/zer\/documents\/\">p\u00e0gina d&#8217;inici<\/a>.<\/p>\n","protected":false},"excerpt":{"rendered":"<p>D&#8217;acord amb la Llei d&#8217;Educaci\u00f3 de Catalunya, el projecte educatiu incorpora el car\u00e0cter propi del centre i ha de contenir com a m\u00ednim els elements seg\u00fcents: Criteris d&#8217;ordenaci\u00f3 pedag\u00f2gica, prioritats i plantejaments educatius, procediments d&#8217;inclusi\u00f3 i altres actuacions que caracteritzen el centre. Indicadors de progr\u00e9s. Concreci\u00f3 i desenvolupament dels curr\u00edculums. Criteris que defineixen l&#8217;estructura organitzativa. [&hellip;]<\/p>\n","protected":false},"author":1,"featured_media":0,"parent":19,"menu_order":30,"comment_status":"closed","ping_status":"closed","template":"page-templates\/side-menu.php","meta":{"_bbp_topic_count":0,"_bbp_reply_count":0,"_bbp_total_topic_count":0,"_bbp_total_reply_count":0,"_bbp_voice_count":0,"_bbp_anonymous_reply_count":0,"_bbp_topic_count_hidden":0,"_bbp_reply_count_hidden":0,"_bbp_forum_subforum_count":0,"site-sidebar-layout":"default","site-content-layout":"","ast-site-content-layout":"","site-content-style":"default","site-sidebar-style":"default","ast-global-header-display":"","ast-banner-title-visibility":"","ast-main-header-display":"","ast-hfb-above-header-display":"","ast-hfb-below-header-display":"","ast-hfb-mobile-header-display":"","site-post-title":"","ast-breadcrumbs-content":"","ast-featured-img":"","footer-sml-layout":"","theme-transparent-header-meta":"","adv-header-id-meta":"","stick-header-meta":"","header-above-stick-meta":"","header-main-stick-meta":"","header-below-stick-meta":"","astra-migrate-meta-layouts":"default","ast-page-background-enabled":"default","ast-page-background-meta":{"desktop":{"background-color":"var(--ast-global-color-4)","background-image":"","background-repeat":"repeat","background-position":"center center","background-size":"auto","background-attachment":"scroll","background-type":"","background-media":"","overlay-type":"","overlay-color":"","overlay-opacity":"","overlay-gradient":""},"tablet":{"background-color":"","background-image":"","background-repeat":"repeat","background-position":"center center","background-size":"auto","background-attachment":"scroll","background-type":"","background-media":"","overlay-type":"","overlay-color":"","overlay-opacity":"","overlay-gradient":""},"mobile":{"background-color":"","background-image":"","background-repeat":"repeat","background-position":"center center","background-size":"auto","background-attachment":"scroll","background-type":"","background-media":"","overlay-type":"","overlay-color":"","overlay-opacity":"","overlay-gradient":""}},"ast-content-background-meta":{"desktop":{"background-color":"var(--ast-global-color-5)","background-image":"","background-repeat":"repeat","background-position":"center center","background-size":"auto","background-attachment":"scroll","background-type":"","background-media":"","overlay-type":"","overlay-color":"","overlay-opacity":"","overlay-gradient":""},"tablet":{"background-color":"var(--ast-global-color-5)","background-image":"","background-repeat":"repeat","background-position":"center center","background-size":"auto","background-attachment":"scroll","background-type":"","background-media":"","overlay-type":"","overlay-color":"","overlay-opacity":"","overlay-gradient":""},"mobile":{"background-color":"var(--ast-global-color-5)","background-image":"","background-repeat":"repeat","background-position":"center center","background-size":"auto","background-attachment":"scroll","background-type":"","background-media":"","overlay-type":"","overlay-color":"","overlay-opacity":"","overlay-gradient":""}},"footnotes":""},"class_list":["post-57","page","type-page","status-publish","hentry"],"post_mailing_queue_ids":[],"_links":{"self":[{"href":"https:\/\/agora.xtec.cat\/zerriucorb\/wp-json\/wp\/v2\/pages\/57","targetHints":{"allow":["GET"]}}],"collection":[{"href":"https:\/\/agora.xtec.cat\/zerriucorb\/wp-json\/wp\/v2\/pages"}],"about":[{"href":"https:\/\/agora.xtec.cat\/zerriucorb\/wp-json\/wp\/v2\/types\/page"}],"author":[{"embeddable":true,"href":"https:\/\/agora.xtec.cat\/zerriucorb\/wp-json\/wp\/v2\/users\/1"}],"replies":[{"embeddable":true,"href":"https:\/\/agora.xtec.cat\/zerriucorb\/wp-json\/wp\/v2\/comments?post=57"}],"version-history":[{"count":3,"href":"https:\/\/agora.xtec.cat\/zerriucorb\/wp-json\/wp\/v2\/pages\/57\/revisions"}],"predecessor-version":[{"id":894,"href":"https:\/\/agora.xtec.cat\/zerriucorb\/wp-json\/wp\/v2\/pages\/57\/revisions\/894"}],"up":[{"embeddable":true,"href":"https:\/\/agora.xtec.cat\/zerriucorb\/wp-json\/wp\/v2\/pages\/19"}],"wp:attachment":[{"href":"https:\/\/agora.xtec.cat\/zerriucorb\/wp-json\/wp\/v2\/media?parent=57"}],"curies":[{"name":"wp","href":"https:\/\/api.w.org\/{rel}","templated":true}]}}