{"id":448,"date":"2015-07-24T15:50:21","date_gmt":"2015-07-24T13:50:21","guid":{"rendered":"http:\/\/agora.xtec.cat\/zerriucorb\/?page_id=448"},"modified":"2025-10-08T19:13:36","modified_gmt":"2025-10-08T17:13:36","slug":"documents","status":"publish","type":"page","link":"https:\/\/agora.xtec.cat\/zerriucorb\/zer\/documents\/","title":{"rendered":"Documents"},"content":{"rendered":"<p><a href=\"https:\/\/drive.google.com\/file\/d\/1CaMC8QaFnb97KshiGlpWwzIdSYRphWGR\/view?usp=sharing\" rel=\"attachment wp-att-1510\">CALENDARI 25-26<\/a><\/p>\n<p><a href=\"https:\/\/drive.google.com\/file\/d\/12RDnSjW60KFcwpKnW-pRK4f0Ch1v866j\/view?usp=sharing\" rel=\"attachment wp-att-1514\">MEMORIA ANUAL 2024-2025<\/a><\/p>\n<p><a href=\"https:\/\/drive.google.com\/file\/d\/1_GKCde66VsZe7VydBbzlJctdiXDtMwNf\/view?usp=sharing\">PROGRAMACI\u00d3 ANUAL DE LA ZER 25-26<\/a><\/p>\n<p><span style=\"color: #808000;\"><a style=\"color: #808000;\" href=\"https:\/\/drive.google.com\/file\/d\/1VE-KlX8JzcfyIOyew2WHbnevl0NdS2q4\/view?usp=sharing\"><span style=\"color: #008000;\">NORMATIVA DE SORTIDES ZER RIU CORB<\/span><\/a><\/span><\/p>\n<p><span style=\"color: #008000;\"><a style=\"color: #008000;\" href=\"https:\/\/agora.xtec.cat\/zerriucorb\/wp-content\/uploads\/usu923\/2019\/10\/PLZ-2019-WEB.pdf\">PROJECTE LING\u00dc\u00cdSTIC de la ZER RIU CORB<\/a><\/span><\/p>\n<p><a href=\"https:\/\/drive.google.com\/file\/d\/1Qh-9OIXFXsr1FYvV_nn2dWvDipjqeehN\/view?usp=sharing\">INFOGRAFIA NOFZ<\/a><\/p>\n<p><span style=\"color: #008000;\"><a style=\"color: #008000;\" href=\"https:\/\/drive.google.com\/file\/d\/11DhSLBK9TK-gi8KFOtxaRzSA0h1Oxn5V\/view?usp=sharing\">NOFZ (Normes d&#8217;organitzaci\u00f3 i funcionament de la ZER RIU CORB)<\/a><\/span><\/p>\n<p><span style=\"color: #008000;\"><a style=\"color: #008000;\" href=\"https:\/\/agora.xtec.cat\/zerriucorb\/wp-content\/uploads\/usu923\/2019\/10\/PEC_ZER_2015.pdf\">PROJECTE EDUCATIU de la ZER RIU CORB<\/a><\/span><\/p>\n","protected":false},"excerpt":{"rendered":"<p>CALENDARI 25-26 MEMORIA ANUAL 2024-2025 PROGRAMACI\u00d3 ANUAL DE LA ZER 25-26 NORMATIVA DE SORTIDES ZER RIU CORB PROJECTE LING\u00dc\u00cdSTIC de la ZER RIU CORB INFOGRAFIA NOFZ NOFZ (Normes d&#8217;organitzaci\u00f3 i funcionament de la ZER RIU CORB) PROJECTE EDUCATIU de la ZER RIU CORB<\/p>\n","protected":false},"author":1,"featured_media":0,"parent":19,"menu_order":70,"comment_status":"closed","ping_status":"closed","template":"","meta":{"_bbp_topic_count":0,"_bbp_reply_count":0,"_bbp_total_topic_count":0,"_bbp_total_reply_count":0,"_bbp_voice_count":0,"_bbp_anonymous_reply_count":0,"_bbp_topic_count_hidden":0,"_bbp_reply_count_hidden":0,"_bbp_forum_subforum_count":0,"site-sidebar-layout":"default","site-content-layout":"","ast-site-content-layout":"default","site-content-style":"default","site-sidebar-style":"default","ast-global-header-display":"","ast-banner-title-visibility":"","ast-main-header-display":"","ast-hfb-above-header-display":"","ast-hfb-below-header-display":"","ast-hfb-mobile-header-display":"","site-post-title":"","ast-breadcrumbs-content":"","ast-featured-img":"","footer-sml-layout":"","theme-transparent-header-meta":"default","adv-header-id-meta":"","stick-header-meta":"","header-above-stick-meta":"","header-main-stick-meta":"","header-below-stick-meta":"","astra-migrate-meta-layouts":"set","ast-page-background-enabled":"default","ast-page-background-meta":{"desktop":{"background-color":"var(--ast-global-color-4)","background-image":"","background-repeat":"repeat","background-position":"center center","background-size":"auto","background-attachment":"scroll","background-type":"","background-media":"","overlay-type":"","overlay-color":"","overlay-opacity":"","overlay-gradient":""},"tablet":{"background-color":"","background-image":"","background-repeat":"repeat","background-position":"center center","background-size":"auto","background-attachment":"scroll","background-type":"","background-media":"","overlay-type":"","overlay-color":"","overlay-opacity":"","overlay-gradient":""},"mobile":{"background-color":"","background-image":"","background-repeat":"repeat","background-position":"center center","background-size":"auto","background-attachment":"scroll","background-type":"","background-media":"","overlay-type":"","overlay-color":"","overlay-opacity":"","overlay-gradient":""}},"ast-content-background-meta":{"desktop":{"background-color":"var(--ast-global-color-5)","background-image":"","background-repeat":"repeat","background-position":"center center","background-size":"auto","background-attachment":"scroll","background-type":"","background-media":"","overlay-type":"","overlay-color":"","overlay-opacity":"","overlay-gradient":""},"tablet":{"background-color":"var(--ast-global-color-5)","background-image":"","background-repeat":"repeat","background-position":"center center","background-size":"auto","background-attachment":"scroll","background-type":"","background-media":"","overlay-type":"","overlay-color":"","overlay-opacity":"","overlay-gradient":""},"mobile":{"background-color":"var(--ast-global-color-5)","background-image":"","background-repeat":"repeat","background-position":"center center","background-size":"auto","background-attachment":"scroll","background-type":"","background-media":"","overlay-type":"","overlay-color":"","overlay-opacity":"","overlay-gradient":""}},"footnotes":""},"class_list":["post-448","page","type-page","status-publish","hentry"],"post_mailing_queue_ids":[],"_links":{"self":[{"href":"https:\/\/agora.xtec.cat\/zerriucorb\/wp-json\/wp\/v2\/pages\/448","targetHints":{"allow":["GET"]}}],"collection":[{"href":"https:\/\/agora.xtec.cat\/zerriucorb\/wp-json\/wp\/v2\/pages"}],"about":[{"href":"https:\/\/agora.xtec.cat\/zerriucorb\/wp-json\/wp\/v2\/types\/page"}],"author":[{"embeddable":true,"href":"https:\/\/agora.xtec.cat\/zerriucorb\/wp-json\/wp\/v2\/users\/1"}],"replies":[{"embeddable":true,"href":"https:\/\/agora.xtec.cat\/zerriucorb\/wp-json\/wp\/v2\/comments?post=448"}],"version-history":[{"count":7,"href":"https:\/\/agora.xtec.cat\/zerriucorb\/wp-json\/wp\/v2\/pages\/448\/revisions"}],"predecessor-version":[{"id":2005,"href":"https:\/\/agora.xtec.cat\/zerriucorb\/wp-json\/wp\/v2\/pages\/448\/revisions\/2005"}],"up":[{"embeddable":true,"href":"https:\/\/agora.xtec.cat\/zerriucorb\/wp-json\/wp\/v2\/pages\/19"}],"wp:attachment":[{"href":"https:\/\/agora.xtec.cat\/zerriucorb\/wp-json\/wp\/v2\/media?parent=448"}],"curies":[{"name":"wp","href":"https:\/\/api.w.org\/{rel}","templated":true}]}}