{"id":43,"date":"2014-09-17T16:45:07","date_gmt":"2014-09-17T14:45:07","guid":{"rendered":"http:\/\/agora.xtec.cat\/zerriucorb\/?page_id=43"},"modified":"2024-08-27T11:25:38","modified_gmt":"2024-08-27T09:25:38","slug":"consell-escolar","status":"publish","type":"page","link":"https:\/\/agora.xtec.cat\/zerriucorb\/zer\/consell-escolar\/","title":{"rendered":"Consell escolar"},"content":{"rendered":"<p>El consell escolar del centre \u00e9s l\u2019\u00f2rgan col\u00b7legiat de participaci\u00f3 de la comunitat escolar en el govern del centre. Corresponen al consell escolar les funcions establertes a la Llei 12\/2009, de 10 de juliol, d\u2019educaci\u00f3.<\/p>\n<h4>Composici\u00f3 del consell escolar<\/h4>\n<ul>\n<li>Presidenta (directora de la ZER Riu Corb)<\/li>\n<li>Cap d\u2019Estudis de la ZER<\/li>\n<li>Secret\u00e0ria de la ZER<\/li>\n<li>Directors de les escoles:\n<ul>\n<li>Escola Pere Teixin\u00e9<\/li>\n<li>Escola Maldanell<\/li>\n<li>Escola Montalb\u00e0<\/li>\n<li>Escola El Tallat<\/li>\n<\/ul>\n<\/li>\n<li>3 Mestres del Claustre<\/li>\n<li>Representants dels Pares\/Mares de les quatre escoles.<\/li>\n<li>Representant del personal no docent (PAS).<\/li>\n<li>Representant de l\u2019Ajuntament dels quatre municipis.<\/li>\n<\/ul>\n<h4>Funcions del consell escolar dels centres p\u00fablics<\/h4>\n<ol>\n<li>Avaluar els projectes i les normes qu\u00e8 es refereix el cap\u00edtol II del t\u00edtol V de la Llei org\u00e0nica (Llei d&#8217;educaci\u00f3 de Catalunya 12\/2009 i\u00a0 Llei org\u00e0nica d&#8217;educaci\u00f3 2\/2006, article 127)<\/li>\n<li>Avaluar la programaci\u00f3 general anual del centre, sense perjudici de les compet\u00e8ncies del claustre del professorat, en relaci\u00f3 amb la planificaci\u00f3 i l&#8217;organitzaci\u00f3 docent.<\/li>\n<li>Con\u00e8ixer les candidatures a la direcci\u00f3 i els projectes de direcci\u00f3 presentats pels candidats.<\/li>\n<li>Participar en la selecci\u00f3 del director del centre, en els termes que estableix aquesta Llei org\u00e0nica. Ser informat del nomenament i el cessament dels altres membres de l&#8217;equip directiu. Si s&#8217;escau, previ acord dels seus membres, adoptat per majoria de dos ter\u00e7os, proposar la revocaci\u00f3 del nomenament del director.<\/li>\n<li>Informar sobre l&#8217;admissi\u00f3 dels alumnes i les alumnes, amb subjecci\u00f3 al que estableixen aquesta Llei org\u00e0nica i les disposicions que la despleguin.<\/li>\n<li>Con\u00e8ixer la resoluci\u00f3 de conflictes disciplinaris i vetllar perqu\u00e8 s&#8217;atinguin a la normativa vigent. Quan les mesures disciplin\u00e0ries adoptades pel director corresponguin a conductes de l&#8217;alumnat que perjudiquin greument la conviv\u00e8ncia del centre, el Consell Escolar, a inst\u00e0ncia de pares, mares o tutors legals, pot revisar la decisi\u00f3 adoptada i proposar, si s&#8217;escau, les mesures oportunes.<\/li>\n<li>\u00a0Proposar mesures i iniciatives que afavoreixin la conviv\u00e8ncia en el centre, la igualtat entre homes i dones, la igualtat de tracte i la no discriminaci\u00f3 per les causes a qu\u00e8 es refereix l&#8217;article 84.3 d&#8217;aquesta Llei org\u00e0nica, la resoluci\u00f3 pac\u00edfica de conflictes i la prevenci\u00f3 de la viol\u00e8ncia de g\u00e8nere.<\/li>\n<li>Promoure la conservaci\u00f3 i la renovaci\u00f3 de les instal\u00b7lacions i de l&#8217;equip escolar i emetre informe sobre l&#8217;obtenci\u00f3 de recursos complementaris, d&#8217;acord amb el que estableix l&#8217;article 122.3.<\/li>\n<li>Emetre informe sobre les directrius per a la col\u00b7laboraci\u00f3, amb fins educatius i culturals, amb les administracions locals, amb altres centres, entitats i organismes.<\/li>\n<li>Analitzar i valorar el funcionament general del centre, l&#8217;evoluci\u00f3 del rendiment escolar i els resultats de les avaluacions internes i externes en les quals participi el centre.<\/li>\n<li>Elaborar propostes i informes, a iniciativa pr\u00f2pia o a petici\u00f3 de l&#8217;Administraci\u00f3 competent, sobre el funcionament del centre i la millora de la qualitat de la gesti\u00f3, aix\u00ed com sobre els altres aspectes relacionats amb la seva qualitat.<\/li>\n<li>\u00a0Qualsevol altra que li sigui atribu\u00efda per l&#8217;administraci\u00f3 educativa.<\/li>\n<\/ol>\n","protected":false},"excerpt":{"rendered":"<p>El consell escolar del centre \u00e9s l\u2019\u00f2rgan col\u00b7legiat de participaci\u00f3 de la comunitat escolar en el govern del centre. Corresponen al consell escolar les funcions establertes a la Llei 12\/2009, de 10 de juliol, d\u2019educaci\u00f3. Composici\u00f3 del consell escolar Presidenta (directora de la ZER Riu Corb) Cap d\u2019Estudis de la ZER Secret\u00e0ria de la ZER [&hellip;]<\/p>\n","protected":false},"author":1,"featured_media":0,"parent":19,"menu_order":60,"comment_status":"closed","ping_status":"closed","template":"page-templates\/side-menu.php","meta":{"_bbp_topic_count":0,"_bbp_reply_count":0,"_bbp_total_topic_count":0,"_bbp_total_reply_count":0,"_bbp_voice_count":0,"_bbp_anonymous_reply_count":0,"_bbp_topic_count_hidden":0,"_bbp_reply_count_hidden":0,"_bbp_forum_subforum_count":0,"site-sidebar-layout":"default","site-content-layout":"","ast-site-content-layout":"","site-content-style":"default","site-sidebar-style":"default","ast-global-header-display":"","ast-banner-title-visibility":"","ast-main-header-display":"","ast-hfb-above-header-display":"","ast-hfb-below-header-display":"","ast-hfb-mobile-header-display":"","site-post-title":"","ast-breadcrumbs-content":"","ast-featured-img":"","footer-sml-layout":"","theme-transparent-header-meta":"","adv-header-id-meta":"","stick-header-meta":"","header-above-stick-meta":"","header-main-stick-meta":"","header-below-stick-meta":"","astra-migrate-meta-layouts":"default","ast-page-background-enabled":"default","ast-page-background-meta":{"desktop":{"background-color":"var(--ast-global-color-4)","background-image":"","background-repeat":"repeat","background-position":"center center","background-size":"auto","background-attachment":"scroll","background-type":"","background-media":"","overlay-type":"","overlay-color":"","overlay-opacity":"","overlay-gradient":""},"tablet":{"background-color":"","background-image":"","background-repeat":"repeat","background-position":"center center","background-size":"auto","background-attachment":"scroll","background-type":"","background-media":"","overlay-type":"","overlay-color":"","overlay-opacity":"","overlay-gradient":""},"mobile":{"background-color":"","background-image":"","background-repeat":"repeat","background-position":"center center","background-size":"auto","background-attachment":"scroll","background-type":"","background-media":"","overlay-type":"","overlay-color":"","overlay-opacity":"","overlay-gradient":""}},"ast-content-background-meta":{"desktop":{"background-color":"var(--ast-global-color-5)","background-image":"","background-repeat":"repeat","background-position":"center center","background-size":"auto","background-attachment":"scroll","background-type":"","background-media":"","overlay-type":"","overlay-color":"","overlay-opacity":"","overlay-gradient":""},"tablet":{"background-color":"var(--ast-global-color-5)","background-image":"","background-repeat":"repeat","background-position":"center center","background-size":"auto","background-attachment":"scroll","background-type":"","background-media":"","overlay-type":"","overlay-color":"","overlay-opacity":"","overlay-gradient":""},"mobile":{"background-color":"var(--ast-global-color-5)","background-image":"","background-repeat":"repeat","background-position":"center center","background-size":"auto","background-attachment":"scroll","background-type":"","background-media":"","overlay-type":"","overlay-color":"","overlay-opacity":"","overlay-gradient":""}},"footnotes":""},"class_list":["post-43","page","type-page","status-publish","hentry"],"post_mailing_queue_ids":[],"_links":{"self":[{"href":"https:\/\/agora.xtec.cat\/zerriucorb\/wp-json\/wp\/v2\/pages\/43","targetHints":{"allow":["GET"]}}],"collection":[{"href":"https:\/\/agora.xtec.cat\/zerriucorb\/wp-json\/wp\/v2\/pages"}],"about":[{"href":"https:\/\/agora.xtec.cat\/zerriucorb\/wp-json\/wp\/v2\/types\/page"}],"author":[{"embeddable":true,"href":"https:\/\/agora.xtec.cat\/zerriucorb\/wp-json\/wp\/v2\/users\/1"}],"replies":[{"embeddable":true,"href":"https:\/\/agora.xtec.cat\/zerriucorb\/wp-json\/wp\/v2\/comments?post=43"}],"version-history":[{"count":6,"href":"https:\/\/agora.xtec.cat\/zerriucorb\/wp-json\/wp\/v2\/pages\/43\/revisions"}],"predecessor-version":[{"id":1692,"href":"https:\/\/agora.xtec.cat\/zerriucorb\/wp-json\/wp\/v2\/pages\/43\/revisions\/1692"}],"up":[{"embeddable":true,"href":"https:\/\/agora.xtec.cat\/zerriucorb\/wp-json\/wp\/v2\/pages\/19"}],"wp:attachment":[{"href":"https:\/\/agora.xtec.cat\/zerriucorb\/wp-json\/wp\/v2\/media?parent=43"}],"curies":[{"name":"wp","href":"https:\/\/api.w.org\/{rel}","templated":true}]}}