{"id":21,"date":"2014-09-17T16:14:14","date_gmt":"2014-09-17T14:14:14","guid":{"rendered":"http:\/\/agora.xtec.cat\/zerriucorb\/?page_id=21"},"modified":"2017-02-20T13:41:27","modified_gmt":"2017-02-20T12:41:27","slug":"on-som","status":"publish","type":"page","link":"https:\/\/agora.xtec.cat\/zerriucorb\/zer\/on-som\/","title":{"rendered":"On som"},"content":{"rendered":"<p>La <strong>ZER RIU CORB<\/strong> se situa a la zona sud de la comarca de l&#8217;Urgell.<img loading=\"lazy\" decoding=\"async\" class=\"size-full wp-image-951 alignright\" src=\"http:\/\/urgell.cat\/wp-content\/uploads\/2015\/10\/Localitzaci%C3%B3_de_lUrgell.png\" alt=\"Localitzaci\u00f3_de_l'Urgell\" width=\"240\" height=\"234\" \/><\/p>\n<p>L\u2019Urgell est\u00e0 situat al bell mig de les Terres de Ponent, a la Depressi\u00f3 Central de Catalunya , amb una altura mitjana de 350 metres.<br \/>\nLimita al nord amb la Noguera, al nord-est, amb la Segarra; la Conca de Barber\u00e0 i les Garrigues al sud i a\u00a0l\u2019oest, el Pla d\u2019Urgell.<\/p>\n<p>&nbsp;<\/p>\n<p>La <strong>ZER RIU CORB<\/strong> est\u00e0 formada per cinc escoles de cinc poblacions diferents: Preixana, Belianes, Sant Mart\u00ed, Mald\u00e0 i els Omells de Na Gaia.<\/p>\n<p><iframe loading=\"lazy\" style=\"border: 0;\" src=\"https:\/\/www.google.com\/maps\/embed?pb=!1m34!1m12!1m3!1d95529.76737539913!2d0.9680773659381031!3d41.56263814595584!2m3!1f0!2f0!3f0!3m2!1i1024!2i768!4f13.1!4m19!3e0!4m5!1s0x12a697c3294509cb%3A0x163d74b7834920e5!2sPreixana%2C+Lleida!3m2!1d41.6063932!2d1.0490374!4m5!1s0x12a6a4bda231b737%3A0xd05cd6efa8cf2e68!2sEls+Omells+de+na+Gaia%2C+Lleida!3m2!1d41.501292299999996!2d1.0729818!4m5!1s0x12a6bd2ba2e65115%3A0xb3789f3a14452bea!2zU2FudCBNYXJ0w60gZGUgTWFsZMOg!3m2!1d41.5602115!2d1.0551386!5e0!3m2!1sca!2ses!4v1456305571750\" width=\"800\" height=\"600\" frameborder=\"0\" allowfullscreen=\"allowfullscreen\"><\/iframe><\/p>\n","protected":false},"excerpt":{"rendered":"<p>La ZER RIU CORB se situa a la zona sud de la comarca de l&#8217;Urgell. L\u2019Urgell est\u00e0 situat al bell mig de les Terres de Ponent, a la Depressi\u00f3 Central de Catalunya , amb una altura mitjana de 350 metres. Limita al nord amb la Noguera, al nord-est, amb la Segarra; la Conca de Barber\u00e0 [&hellip;]<\/p>\n","protected":false},"author":1,"featured_media":0,"parent":19,"menu_order":1,"comment_status":"closed","ping_status":"closed","template":"page-templates\/side-menu.php","meta":{"_bbp_topic_count":0,"_bbp_reply_count":0,"_bbp_total_topic_count":0,"_bbp_total_reply_count":0,"_bbp_voice_count":0,"_bbp_anonymous_reply_count":0,"_bbp_topic_count_hidden":0,"_bbp_reply_count_hidden":0,"_bbp_forum_subforum_count":0,"site-sidebar-layout":"default","site-content-layout":"","ast-site-content-layout":"","site-content-style":"default","site-sidebar-style":"default","ast-global-header-display":"","ast-banner-title-visibility":"","ast-main-header-display":"","ast-hfb-above-header-display":"","ast-hfb-below-header-display":"","ast-hfb-mobile-header-display":"","site-post-title":"","ast-breadcrumbs-content":"","ast-featured-img":"","footer-sml-layout":"","theme-transparent-header-meta":"","adv-header-id-meta":"","stick-header-meta":"","header-above-stick-meta":"","header-main-stick-meta":"","header-below-stick-meta":"","astra-migrate-meta-layouts":"default","ast-page-background-enabled":"default","ast-page-background-meta":{"desktop":{"background-color":"var(--ast-global-color-4)","background-image":"","background-repeat":"repeat","background-position":"center center","background-size":"auto","background-attachment":"scroll","background-type":"","background-media":"","overlay-type":"","overlay-color":"","overlay-opacity":"","overlay-gradient":""},"tablet":{"background-color":"","background-image":"","background-repeat":"repeat","background-position":"center center","background-size":"auto","background-attachment":"scroll","background-type":"","background-media":"","overlay-type":"","overlay-color":"","overlay-opacity":"","overlay-gradient":""},"mobile":{"background-color":"","background-image":"","background-repeat":"repeat","background-position":"center center","background-size":"auto","background-attachment":"scroll","background-type":"","background-media":"","overlay-type":"","overlay-color":"","overlay-opacity":"","overlay-gradient":""}},"ast-content-background-meta":{"desktop":{"background-color":"var(--ast-global-color-5)","background-image":"","background-repeat":"repeat","background-position":"center center","background-size":"auto","background-attachment":"scroll","background-type":"","background-media":"","overlay-type":"","overlay-color":"","overlay-opacity":"","overlay-gradient":""},"tablet":{"background-color":"var(--ast-global-color-5)","background-image":"","background-repeat":"repeat","background-position":"center center","background-size":"auto","background-attachment":"scroll","background-type":"","background-media":"","overlay-type":"","overlay-color":"","overlay-opacity":"","overlay-gradient":""},"mobile":{"background-color":"var(--ast-global-color-5)","background-image":"","background-repeat":"repeat","background-position":"center center","background-size":"auto","background-attachment":"scroll","background-type":"","background-media":"","overlay-type":"","overlay-color":"","overlay-opacity":"","overlay-gradient":""}},"footnotes":""},"class_list":["post-21","page","type-page","status-publish","hentry"],"post_mailing_queue_ids":[],"_links":{"self":[{"href":"https:\/\/agora.xtec.cat\/zerriucorb\/wp-json\/wp\/v2\/pages\/21","targetHints":{"allow":["GET"]}}],"collection":[{"href":"https:\/\/agora.xtec.cat\/zerriucorb\/wp-json\/wp\/v2\/pages"}],"about":[{"href":"https:\/\/agora.xtec.cat\/zerriucorb\/wp-json\/wp\/v2\/types\/page"}],"author":[{"embeddable":true,"href":"https:\/\/agora.xtec.cat\/zerriucorb\/wp-json\/wp\/v2\/users\/1"}],"replies":[{"embeddable":true,"href":"https:\/\/agora.xtec.cat\/zerriucorb\/wp-json\/wp\/v2\/comments?post=21"}],"version-history":[{"count":5,"href":"https:\/\/agora.xtec.cat\/zerriucorb\/wp-json\/wp\/v2\/pages\/21\/revisions"}],"predecessor-version":[{"id":702,"href":"https:\/\/agora.xtec.cat\/zerriucorb\/wp-json\/wp\/v2\/pages\/21\/revisions\/702"}],"up":[{"embeddable":true,"href":"https:\/\/agora.xtec.cat\/zerriucorb\/wp-json\/wp\/v2\/pages\/19"}],"wp:attachment":[{"href":"https:\/\/agora.xtec.cat\/zerriucorb\/wp-json\/wp\/v2\/media?parent=21"}],"curies":[{"name":"wp","href":"https:\/\/api.w.org\/{rel}","templated":true}]}}