{"id":15968,"date":"2025-07-25T12:26:59","date_gmt":"2025-07-25T10:26:59","guid":{"rendered":"https:\/\/agora.xtec.cat\/zerren\/?page_id=15968"},"modified":"2025-07-25T12:40:36","modified_gmt":"2025-07-25T10:40:36","slug":"festes-i-celebracions","status":"publish","type":"page","link":"https:\/\/agora.xtec.cat\/zerren\/festes-i-celebracions\/","title":{"rendered":"Festes i celebracions"},"content":{"rendered":"\n        <div class=\"wp-block-getwid-post-slider custom-post-type-post has-arrows-outside has-dots-outside\">\n            <div data-slider-option=\"{&quot;getwid_fade_effect&quot;:&quot;slide&quot;,&quot;getwid_autoplay&quot;:true,&quot;getwid_pause_on_hover&quot;:true,&quot;getwid_autoplay_speed&quot;:6000,&quot;getwid_infinite&quot;:true,&quot;getwid_animation_speed&quot;:800,&quot;getwid_arrows&quot;:&quot;outside&quot;,&quot;getwid_dots&quot;:&quot;outside&quot;}\" class=\"wp-block-getwid-post-slider__content\">\n                \t\t\t\t\t\t\t<div class=\"wp-block-getwid-post-slider__slide\" style=\"\">\n\t\t\t\t\t\t\t\t\n<div class=\"wp-block-getwid-post-slider__post \">\n            <div class=\"wp-block-getwid-post-slider__post-thumbnail\">\n            <img loading=\"lazy\" decoding=\"async\" width=\"2016\" height=\"1512\" src=\"https:\/\/agora.xtec.cat\/zerren\/wp-content\/uploads\/usu1075\/2025\/11\/IMG_0560.jpg\" class=\"attachment-post-thumbnail size-post-thumbnail wp-post-image\" alt=\"\" srcset=\"https:\/\/agora.xtec.cat\/zerren\/wp-content\/uploads\/usu1075\/2025\/11\/IMG_0560.jpg 2016w, https:\/\/agora.xtec.cat\/zerren\/wp-content\/uploads\/usu1075\/2025\/11\/IMG_0560-300x225.jpg 300w, https:\/\/agora.xtec.cat\/zerren\/wp-content\/uploads\/usu1075\/2025\/11\/IMG_0560-1024x768.jpg 1024w, https:\/\/agora.xtec.cat\/zerren\/wp-content\/uploads\/usu1075\/2025\/11\/IMG_0560-768x576.jpg 768w, https:\/\/agora.xtec.cat\/zerren\/wp-content\/uploads\/usu1075\/2025\/11\/IMG_0560-1536x1152.jpg 1536w\" sizes=\"auto, (max-width: 2016px) 100vw, 2016px\" \/>        <\/div>\n        <div class=\"wp-block-getwid-post-slider__post-overlay \"><\/div>\n    <div class=\"wp-block-getwid-post-slider__post-content-wrapper\">\n        <h3 class=\"wp-block-getwid-post-slider__post-title\"><a href=\"https:\/\/agora.xtec.cat\/zerren\/escola-el-tormo\/happy-halloween-3\/\">Happy Halloween!<\/a><\/h3>        <div class=\"wp-block-getwid-post-slider__post-excerpt\"><p>El passat dijous dia 30 d&#8217;octubre, des de l&#8217;\u00e0rea d&#8217;angl\u00e8s, vam celebrar la festa de Halloween a l&#8217;escola. Per fer-ho, vam realitzar diferents tallers inter-nivells, agrupant l&#8217;alumnat de les diverses comunitats per grups d&#8217;apadrinament lector. Dos dels tallers consistien en elaborar manualitats de Halloween. D&#8217;una banda, vam crear monstres amb rolls de cartr\u00f3 i diferents [&hellip;]<\/p>\n<\/div>\n    <\/div>\n<\/div>\n\t\t\t\t\t\t\t<\/div>\n\t\t\t\t\t\t\t\t\t\t\t\t\t<div class=\"wp-block-getwid-post-slider__slide\" style=\"\">\n\t\t\t\t\t\t\t\t\n<div class=\"wp-block-getwid-post-slider__post \">\n            <div class=\"wp-block-getwid-post-slider__post-thumbnail\">\n            <img loading=\"lazy\" decoding=\"async\" width=\"2016\" height=\"1134\" src=\"https:\/\/agora.xtec.cat\/zerren\/wp-content\/uploads\/usu1075\/2025\/04\/IMG_3012.jpg\" class=\"attachment-post-thumbnail size-post-thumbnail wp-post-image\" alt=\"\" srcset=\"https:\/\/agora.xtec.cat\/zerren\/wp-content\/uploads\/usu1075\/2025\/04\/IMG_3012.jpg 2016w, https:\/\/agora.xtec.cat\/zerren\/wp-content\/uploads\/usu1075\/2025\/04\/IMG_3012-300x169.jpg 300w, https:\/\/agora.xtec.cat\/zerren\/wp-content\/uploads\/usu1075\/2025\/04\/IMG_3012-1024x576.jpg 1024w, https:\/\/agora.xtec.cat\/zerren\/wp-content\/uploads\/usu1075\/2025\/04\/IMG_3012-768x432.jpg 768w, https:\/\/agora.xtec.cat\/zerren\/wp-content\/uploads\/usu1075\/2025\/04\/IMG_3012-1536x864.jpg 1536w\" sizes=\"auto, (max-width: 2016px) 100vw, 2016px\" \/>        <\/div>\n        <div class=\"wp-block-getwid-post-slider__post-overlay \"><\/div>\n    <div class=\"wp-block-getwid-post-slider__post-content-wrapper\">\n        <h3 class=\"wp-block-getwid-post-slider__post-title\"><a href=\"https:\/\/agora.xtec.cat\/zerren\/escola-el-tormo\/easter-egg-hunt\/\">Easter egg hunt<\/a><\/h3>        <div class=\"wp-block-getwid-post-slider__post-excerpt\"><p>Ahir dia 9 d&#8217;abril, despr\u00e9s del pati, vam realitzar un \u201cEaster egg hunt\u201d, organitzat des de l&#8217;\u00e0rea d&#8217;angl\u00e8s. Vam buscar ous de Pasqua amagats per diferents racons del pati de l\u2019escola. Quan els vam tenir tots localitzats, els vam posar en unes paperines que hav\u00edem elaborat anteriorment.\u00a0 Va ser molt divertit buscar els ous de [&hellip;]<\/p>\n<\/div>\n    <\/div>\n<\/div>\n\t\t\t\t\t\t\t<\/div>\n\t\t\t\t\t\t\t\t\t\t\t\t\t<div class=\"wp-block-getwid-post-slider__slide\" style=\"\">\n\t\t\t\t\t\t\t\t\n<div class=\"wp-block-getwid-post-slider__post \">\n            <div class=\"wp-block-getwid-post-slider__post-thumbnail\">\n            <img loading=\"lazy\" decoding=\"async\" width=\"2000\" height=\"1414\" src=\"https:\/\/agora.xtec.cat\/zerren\/wp-content\/uploads\/usu1075\/2024\/11\/HAPPY-HALLOWEEN-1.png\" class=\"attachment-post-thumbnail size-post-thumbnail wp-post-image\" alt=\"\" srcset=\"https:\/\/agora.xtec.cat\/zerren\/wp-content\/uploads\/usu1075\/2024\/11\/HAPPY-HALLOWEEN-1.png 2000w, https:\/\/agora.xtec.cat\/zerren\/wp-content\/uploads\/usu1075\/2024\/11\/HAPPY-HALLOWEEN-1-300x212.png 300w, https:\/\/agora.xtec.cat\/zerren\/wp-content\/uploads\/usu1075\/2024\/11\/HAPPY-HALLOWEEN-1-1024x724.png 1024w, https:\/\/agora.xtec.cat\/zerren\/wp-content\/uploads\/usu1075\/2024\/11\/HAPPY-HALLOWEEN-1-768x543.png 768w, https:\/\/agora.xtec.cat\/zerren\/wp-content\/uploads\/usu1075\/2024\/11\/HAPPY-HALLOWEEN-1-1536x1086.png 1536w\" sizes=\"auto, (max-width: 2000px) 100vw, 2000px\" \/>        <\/div>\n        <div class=\"wp-block-getwid-post-slider__post-overlay \"><\/div>\n    <div class=\"wp-block-getwid-post-slider__post-content-wrapper\">\n        <h3 class=\"wp-block-getwid-post-slider__post-title\"><a href=\"https:\/\/agora.xtec.cat\/zerren\/escola-el-tormo\/happy-halloween-2\/\">Happy Halloween!<\/a><\/h3>        <div class=\"wp-block-getwid-post-slider__post-excerpt\"><p>El passat dijous dia 30 d&#8217;octubre vam gaudir d&#8217;un mat\u00ed terror\u00edfic a la nostra escola amb la celebraci\u00f3 de la festa de Halloween, ja que des de l&#8217;\u00e0rea d&#8217;angl\u00e8s es van organitzar diferents activitats per a tot l&#8217;alumnat de l&#8217;escola. En primer lloc, quan vam arribar a l&#8217;escola amb les nostres disfresses, vam formar 4 [&hellip;]<\/p>\n<\/div>\n    <\/div>\n<\/div>\n\t\t\t\t\t\t\t<\/div>\n\t\t\t\t\t\t\t\t\t\t\t\t\t<div class=\"wp-block-getwid-post-slider__slide\" style=\"\">\n\t\t\t\t\t\t\t\t\n<div class=\"wp-block-getwid-post-slider__post \">\n            <div class=\"wp-block-getwid-post-slider__post-thumbnail\">\n            <img loading=\"lazy\" decoding=\"async\" width=\"336\" height=\"448\" src=\"https:\/\/agora.xtec.cat\/zerren\/wp-content\/uploads\/usu1075\/2024\/10\/IMG_3487-rotated.jpg\" class=\"attachment-post-thumbnail size-post-thumbnail wp-post-image\" alt=\"\" srcset=\"https:\/\/agora.xtec.cat\/zerren\/wp-content\/uploads\/usu1075\/2024\/10\/IMG_3487-rotated.jpg 336w, https:\/\/agora.xtec.cat\/zerren\/wp-content\/uploads\/usu1075\/2024\/10\/IMG_3487-225x300.jpg 225w\" sizes=\"auto, (max-width: 336px) 100vw, 336px\" \/>        <\/div>\n        <div class=\"wp-block-getwid-post-slider__post-overlay \"><\/div>\n    <div class=\"wp-block-getwid-post-slider__post-content-wrapper\">\n        <h3 class=\"wp-block-getwid-post-slider__post-title\"><a href=\"https:\/\/agora.xtec.cat\/zerren\/elverger\/activitats-de-halloween-a-lescola\/\">ACTIVITATS DE HALLOWEEN A L&#8217;ESCOLA<\/a><\/h3>        <div class=\"wp-block-getwid-post-slider__post-excerpt\"><p>El dimarts 29 d&#8217;octubre vam organitzar activitats sobre la tem\u00e0tica de Halloween a l&#8217;escola dins l&#8217;especialitat d&#8217;angl\u00e8s. Aqu\u00ed us deixem un recull d&#8217;imatges de les manualitats fetes a l&#8217;escola organitzades per la mestra especialista d&#8217;angl\u00e8s. Tamb\u00e9 de les activitats organitzades per Maribel Garcia, moltes gr\u00e0cies!<\/p>\n<\/div>\n    <\/div>\n<\/div>\n\t\t\t\t\t\t\t<\/div>\n\t\t\t\t\t\t\t\t\t\t\t\t\t<div class=\"wp-block-getwid-post-slider__slide\" style=\"\">\n\t\t\t\t\t\t\t\t\n<div class=\"wp-block-getwid-post-slider__post \">\n            <div class=\"wp-block-getwid-post-slider__post-thumbnail\">\n            <img loading=\"lazy\" decoding=\"async\" width=\"886\" height=\"772\" src=\"https:\/\/agora.xtec.cat\/zerren\/wp-content\/uploads\/usu1075\/2023\/10\/halloween.jpg\" class=\"attachment-post-thumbnail size-post-thumbnail wp-post-image\" alt=\"\" srcset=\"https:\/\/agora.xtec.cat\/zerren\/wp-content\/uploads\/usu1075\/2023\/10\/halloween.jpg 886w, https:\/\/agora.xtec.cat\/zerren\/wp-content\/uploads\/usu1075\/2023\/10\/halloween-300x261.jpg 300w, https:\/\/agora.xtec.cat\/zerren\/wp-content\/uploads\/usu1075\/2023\/10\/halloween-768x669.jpg 768w\" sizes=\"auto, (max-width: 886px) 100vw, 886px\" \/>        <\/div>\n        <div class=\"wp-block-getwid-post-slider__post-overlay \"><\/div>\n    <div class=\"wp-block-getwid-post-slider__post-content-wrapper\">\n        <h3 class=\"wp-block-getwid-post-slider__post-title\"><a href=\"https:\/\/agora.xtec.cat\/zerren\/elverger\/its-halloween\/\">IT&#8217;S HALLOWEEN!!<\/a><\/h3>        <div class=\"wp-block-getwid-post-slider__post-excerpt\"><p>Dilluns 30 d&#8217;octubre al mat\u00ed tota l&#8217;escola vam fer diverses activitats per celebrar la tradici\u00f3 inclosa dins l&#8217;\u00e0rea d&#8217;angl\u00e8s: Halloween. Ens vam repartir en tres grups des d&#8217; infantil 1 fins a sis\u00e8, i vam anar canviant d&#8217;espai on teniem posades tres manualitats que tots i totes van poder realitzar i prendre cap a casa: [&hellip;]<\/p>\n<\/div>\n    <\/div>\n<\/div>\n\t\t\t\t\t\t\t<\/div>\n\t\t\t\t\t\t\t\t\t\t\t\t\t<div class=\"wp-block-getwid-post-slider__slide\" style=\"\">\n\t\t\t\t\t\t\t\t\n<div class=\"wp-block-getwid-post-slider__post \">\n            <div class=\"wp-block-getwid-post-slider__post-thumbnail\">\n            <img loading=\"lazy\" decoding=\"async\" width=\"886\" height=\"772\" src=\"https:\/\/agora.xtec.cat\/zerren\/wp-content\/uploads\/usu1075\/2023\/10\/halloween.jpg\" class=\"attachment-post-thumbnail size-post-thumbnail wp-post-image\" alt=\"\" srcset=\"https:\/\/agora.xtec.cat\/zerren\/wp-content\/uploads\/usu1075\/2023\/10\/halloween.jpg 886w, https:\/\/agora.xtec.cat\/zerren\/wp-content\/uploads\/usu1075\/2023\/10\/halloween-300x261.jpg 300w, https:\/\/agora.xtec.cat\/zerren\/wp-content\/uploads\/usu1075\/2023\/10\/halloween-768x669.jpg 768w\" sizes=\"auto, (max-width: 886px) 100vw, 886px\" \/>        <\/div>\n        <div class=\"wp-block-getwid-post-slider__post-overlay \"><\/div>\n    <div class=\"wp-block-getwid-post-slider__post-content-wrapper\">\n        <h3 class=\"wp-block-getwid-post-slider__post-title\"><a href=\"https:\/\/agora.xtec.cat\/zerren\/escola-el-tormo\/happy-halloween\/\">Happy Halloween!<\/a><\/h3>        <div class=\"wp-block-getwid-post-slider__post-excerpt\"><p>El passat divendres 27 d&#8217;octubre vam celebrar a l&#8217;escola la festa de Halloween. Al mat\u00ed, vam portar disfresses divertides i terror\u00edfiques, vam fer una desfilada per comunitats, vam ballar m\u00fasiques monstruoses i, finalment, vam fer un &#8220;Trick or Treat&#8221; ben fort per aconseguir les nostres llaminadures, que eren unes xocolatines de Halloween. A la tarda, [&hellip;]<\/p>\n<\/div>\n    <\/div>\n<\/div>\n\t\t\t\t\t\t\t<\/div>\n\t\t\t\t\t\t\t\t\t\t\t\t\t<div class=\"wp-block-getwid-post-slider__slide\" style=\"\">\n\t\t\t\t\t\t\t\t\n<div class=\"wp-block-getwid-post-slider__post \">\n        <div class=\"wp-block-getwid-post-slider__post-overlay \"><\/div>\n    <div class=\"wp-block-getwid-post-slider__post-content-wrapper\">\n        <h3 class=\"wp-block-getwid-post-slider__post-title\"><a href=\"https:\/\/agora.xtec.cat\/zerren\/escola-el-tormo\/halloween-2022\/\">Halloween 2022<\/a><\/h3>        <div class=\"wp-block-getwid-post-slider__post-excerpt\"><p>The week 24th to 28th October, our three schools celebrated Halloween. The pupils and teachers dressed up in scary costumes or wore masks. We had a costume parade and danced to typical Halloween music. The pupils played interactive games and listened to stories and songs to learn new words. As always, there was something sweet [&hellip;]<\/p>\n<\/div>\n    <\/div>\n<\/div>\n\t\t\t\t\t\t\t<\/div>\n\t\t\t\t\t\t\t\t\t\t\t\t\t<div class=\"wp-block-getwid-post-slider__slide\" style=\"\">\n\t\t\t\t\t\t\t\t\n<div class=\"wp-block-getwid-post-slider__post \">\n            <div class=\"wp-block-getwid-post-slider__post-thumbnail\">\n            <img loading=\"lazy\" decoding=\"async\" width=\"886\" height=\"772\" src=\"https:\/\/agora.xtec.cat\/zerren\/wp-content\/uploads\/usu1075\/2023\/10\/halloween.jpg\" class=\"attachment-post-thumbnail size-post-thumbnail wp-post-image\" alt=\"\" srcset=\"https:\/\/agora.xtec.cat\/zerren\/wp-content\/uploads\/usu1075\/2023\/10\/halloween.jpg 886w, https:\/\/agora.xtec.cat\/zerren\/wp-content\/uploads\/usu1075\/2023\/10\/halloween-300x261.jpg 300w, https:\/\/agora.xtec.cat\/zerren\/wp-content\/uploads\/usu1075\/2023\/10\/halloween-768x669.jpg 768w\" sizes=\"auto, (max-width: 886px) 100vw, 886px\" \/>        <\/div>\n        <div class=\"wp-block-getwid-post-slider__post-overlay \"><\/div>\n    <div class=\"wp-block-getwid-post-slider__post-content-wrapper\">\n        <h3 class=\"wp-block-getwid-post-slider__post-title\"><a href=\"https:\/\/agora.xtec.cat\/zerren\/escola-el-tormo\/halloween-2021\/\">Halloween 2021<\/a><\/h3>        <div class=\"wp-block-getwid-post-slider__post-excerpt\"><p>Happy Halloween! On Thursday 28th and Friday 29th October, we celebrated the traditional festival of Halloween, which is on 31st October. We dressed up in costumes as witches, monsters, ghosts, zombies and many other scary and funny things. We did &#8220;Trick or Treat&#8221; and we had sweets as our &#8220;Treat&#8221;. Thanks to everyone who participated [&hellip;]<\/p>\n<\/div>\n    <\/div>\n<\/div>\n\t\t\t\t\t\t\t<\/div>\n\t\t\t\t\t\t\t\t\t\t\t\t\t<div class=\"wp-block-getwid-post-slider__slide\" style=\"\">\n\t\t\t\t\t\t\t\t\n<div class=\"wp-block-getwid-post-slider__post \">\n        <div class=\"wp-block-getwid-post-slider__post-overlay \"><\/div>\n    <div class=\"wp-block-getwid-post-slider__post-content-wrapper\">\n        <h3 class=\"wp-block-getwid-post-slider__post-title\"><a href=\"https:\/\/agora.xtec.cat\/zerren\/leseres\/halloween-i-castanyada-2\/\">Halloween i castanyada<\/a><\/h3>        <div class=\"wp-block-getwid-post-slider__post-excerpt\"><p>El divendres 29 d&#8217;octubre de 2021 pel mat\u00ed hem celebrat Halloween amb disfresses i un esmorzar terror\u00edfic:momies, dits ensanguinats, l\u00e0pides de cementiri i mans amputades. Per la tarda ens ha visitat el castanyer i la castanyera, i tamb\u00e9 els familiars. Quina alegria tornar-vos a tenir a l&#8217;escola! &nbsp; &nbsp;<\/p>\n<\/div>\n    <\/div>\n<\/div>\n\t\t\t\t\t\t\t<\/div>\n\t\t\t\t\t\t\t\t\t\t\t\t\t<div class=\"wp-block-getwid-post-slider__slide\" style=\"\">\n\t\t\t\t\t\t\t\t\n<div class=\"wp-block-getwid-post-slider__post \">\n        <div class=\"wp-block-getwid-post-slider__post-overlay \"><\/div>\n    <div class=\"wp-block-getwid-post-slider__post-content-wrapper\">\n        <h3 class=\"wp-block-getwid-post-slider__post-title\"><a href=\"https:\/\/agora.xtec.cat\/zerren\/leseres\/halloween-i-castanyada\/\">HALLOWEEN I CASTANYADA<\/a><\/h3>        <div class=\"wp-block-getwid-post-slider__post-excerpt\"><p>Enguany, tot i el virus, vam celebrar la castanyada a l&#8217;escola el divendres a la tarda. Els grans vam preparar un teatre de la castanyera en angl\u00e9s i una can\u00e7\u00f3 de la tardor. Tots vam fer jocs al pati i vam xalar. Pel mat\u00ed vam fer una manualitat i una passarela amb les disfresses de [&hellip;]<\/p>\n<\/div>\n    <\/div>\n<\/div>\n\t\t\t\t\t\t\t<\/div>\n\t\t\t\t\t\t\t\t\t\t\t\t\t<div class=\"wp-block-getwid-post-slider__slide\" style=\"\">\n\t\t\t\t\t\t\t\t\n<div class=\"wp-block-getwid-post-slider__post \">\n        <div class=\"wp-block-getwid-post-slider__post-overlay \"><\/div>\n    <div class=\"wp-block-getwid-post-slider__post-content-wrapper\">\n        <h3 class=\"wp-block-getwid-post-slider__post-title\"><a href=\"https:\/\/agora.xtec.cat\/zerren\/elverger\/halloween-2\/\">Halloween<\/a><\/h3>        <div class=\"wp-block-getwid-post-slider__post-excerpt\"><p>Halloween has arrived at school. Witches, ghosts, pumpkins, monsters, skeletons and scary marionettes and vampires big and small all came to the party!<\/p>\n<\/div>\n    <\/div>\n<\/div>\n\t\t\t\t\t\t\t<\/div>\n\t\t\t\t\t\t\t\t\t\t\t\t\t<div class=\"wp-block-getwid-post-slider__slide\" style=\"\">\n\t\t\t\t\t\t\t\t\n<div class=\"wp-block-getwid-post-slider__post \">\n            <div class=\"wp-block-getwid-post-slider__post-thumbnail\">\n            <img loading=\"lazy\" decoding=\"async\" width=\"886\" height=\"772\" src=\"https:\/\/agora.xtec.cat\/zerren\/wp-content\/uploads\/usu1075\/2023\/10\/halloween.jpg\" class=\"attachment-post-thumbnail size-post-thumbnail wp-post-image\" alt=\"\" srcset=\"https:\/\/agora.xtec.cat\/zerren\/wp-content\/uploads\/usu1075\/2023\/10\/halloween.jpg 886w, https:\/\/agora.xtec.cat\/zerren\/wp-content\/uploads\/usu1075\/2023\/10\/halloween-300x261.jpg 300w, https:\/\/agora.xtec.cat\/zerren\/wp-content\/uploads\/usu1075\/2023\/10\/halloween-768x669.jpg 768w\" sizes=\"auto, (max-width: 886px) 100vw, 886px\" \/>        <\/div>\n        <div class=\"wp-block-getwid-post-slider__post-overlay \"><\/div>\n    <div class=\"wp-block-getwid-post-slider__post-content-wrapper\">\n        <h3 class=\"wp-block-getwid-post-slider__post-title\"><a href=\"https:\/\/agora.xtec.cat\/zerren\/elverger\/halloween-2019-el-verger\/\">Halloween 2019 El Verger<\/a><\/h3>        <div class=\"wp-block-getwid-post-slider__post-excerpt\"><p>Halloween is here again with witches, monsters, skeletons and vampires!Happy Halloween!<\/p>\n<\/div>\n    <\/div>\n<\/div>\n\t\t\t\t\t\t\t<\/div>\n\t\t\t\t\t\t\t\t\t\t\t\t\t<div class=\"wp-block-getwid-post-slider__slide\" style=\"\">\n\t\t\t\t\t\t\t\t\n<div class=\"wp-block-getwid-post-slider__post \">\n            <div class=\"wp-block-getwid-post-slider__post-thumbnail\">\n            <img loading=\"lazy\" decoding=\"async\" width=\"294\" height=\"171\" src=\"https:\/\/agora.xtec.cat\/zerren\/wp-content\/uploads\/usu1075\/2018\/11\/castaween.png\" class=\"attachment-post-thumbnail size-post-thumbnail wp-post-image\" alt=\"\" \/>        <\/div>\n        <div class=\"wp-block-getwid-post-slider__post-overlay \"><\/div>\n    <div class=\"wp-block-getwid-post-slider__post-content-wrapper\">\n        <h3 class=\"wp-block-getwid-post-slider__post-title\"><a href=\"https:\/\/agora.xtec.cat\/zerren\/elverger\/festes-de-tardor\/\">Festes de tardor<\/a><\/h3>        <div class=\"wp-block-getwid-post-slider__post-excerpt\"><p>La tardor \u00e9s una \u00e8poca de canvis a l&#8217;entorn i de celebracions, per aix\u00f2 a l&#8217;escola vam celebrar la festa de Halloween, organitzada pels mestres d&#8217;angl\u00e8s i la Castanyada que \u00e9s la nostra festa tradicional. Per celebrar Halloween vam venir terror\u00edficament disfressats i vam fer una desfilada, despr\u00e9s a cada classe van fer diferents manualitats, [&hellip;]<\/p>\n<\/div>\n    <\/div>\n<\/div>\n\t\t\t\t\t\t\t<\/div>\n\t\t\t\t\t\t\t\t\t\t\t\t\t<div class=\"wp-block-getwid-post-slider__slide\" style=\"\">\n\t\t\t\t\t\t\t\t\n<div class=\"wp-block-getwid-post-slider__post \">\n            <div class=\"wp-block-getwid-post-slider__post-thumbnail\">\n            <img loading=\"lazy\" decoding=\"async\" width=\"886\" height=\"772\" src=\"https:\/\/agora.xtec.cat\/zerren\/wp-content\/uploads\/usu1075\/2023\/10\/halloween.jpg\" class=\"attachment-post-thumbnail size-post-thumbnail wp-post-image\" alt=\"\" srcset=\"https:\/\/agora.xtec.cat\/zerren\/wp-content\/uploads\/usu1075\/2023\/10\/halloween.jpg 886w, https:\/\/agora.xtec.cat\/zerren\/wp-content\/uploads\/usu1075\/2023\/10\/halloween-300x261.jpg 300w, https:\/\/agora.xtec.cat\/zerren\/wp-content\/uploads\/usu1075\/2023\/10\/halloween-768x669.jpg 768w\" sizes=\"auto, (max-width: 886px) 100vw, 886px\" \/>        <\/div>\n        <div class=\"wp-block-getwid-post-slider__post-overlay \"><\/div>\n    <div class=\"wp-block-getwid-post-slider__post-content-wrapper\">\n        <h3 class=\"wp-block-getwid-post-slider__post-title\"><a href=\"https:\/\/agora.xtec.cat\/zerren\/leseres\/les-eres-halloween-2018\/\">Les Eres: HALLOWEEN 2018<\/a><\/h3>        <div class=\"wp-block-getwid-post-slider__post-excerpt\"><p>La mestra Ramona, especialista d&#8217;angl\u00e9s, ens ha convidat a preparar la festa de Halloween a l&#8217;escola de Les eres de Vinebre.<\/p>\n<\/div>\n    <\/div>\n<\/div>\n\t\t\t\t\t\t\t<\/div>\n\t\t\t\t\t\t\t\t\t\t\t\t\t<div class=\"wp-block-getwid-post-slider__slide\" style=\"\">\n\t\t\t\t\t\t\t\t\n<div class=\"wp-block-getwid-post-slider__post \">\n        <div class=\"wp-block-getwid-post-slider__post-overlay \"><\/div>\n    <div class=\"wp-block-getwid-post-slider__post-content-wrapper\">\n        <h3 class=\"wp-block-getwid-post-slider__post-title\"><a href=\"https:\/\/agora.xtec.cat\/zerren\/elverger\/les-festes-de-la-tardor-a-lescola\/\">LES FESTES DE LA TARDOR A L\u2019ESCOLA<\/a><\/h3>        <div class=\"wp-block-getwid-post-slider__post-excerpt\"><p>El dia 30 d\u2019octubre per la tarda vam fer els panellets tot l\u2019alumnat de l\u2019escola amb les mestres. Aquest any els hem fet de: pinyons ,avellanes, cirera confitada i coco. Ens ho vam passar molt b\u00e9 tots junts! El dia seg\u00fcent pel mat\u00ed vam celebrar Halloween i vam vindre tots disfressats a l\u2019escola. Primer cada [&hellip;]<\/p>\n<\/div>\n    <\/div>\n<\/div>\n\t\t\t\t\t\t\t<\/div>\n\t\t\t\t\t\t            <\/div>\n        <\/div>\n        ","protected":false},"excerpt":{"rendered":"","protected":false},"author":8,"featured_media":0,"parent":0,"menu_order":0,"comment_status":"closed","ping_status":"close","template":"","meta":{"_bbp_topic_count":0,"_bbp_reply_count":0,"_bbp_total_topic_count":0,"_bbp_total_reply_count":0,"_bbp_voice_count":0,"_bbp_anonymous_reply_count":0,"_bbp_topic_count_hidden":0,"_bbp_reply_count_hidden":0,"_bbp_forum_subforum_count":0,"site-sidebar-layout":"default","site-content-layout":"","ast-site-content-layout":"default","site-content-style":"default","site-sidebar-style":"default","ast-global-header-display":"","ast-banner-title-visibility":"","ast-main-header-display":"","ast-hfb-above-header-display":"","ast-hfb-below-header-display":"","ast-hfb-mobile-header-display":"","site-post-title":"","ast-breadcrumbs-content":"","ast-featured-img":"","footer-sml-layout":"","theme-transparent-header-meta":"","adv-header-id-meta":"","stick-header-meta":"","header-above-stick-meta":"","header-main-stick-meta":"","header-below-stick-meta":"","astra-migrate-meta-layouts":"set","ast-page-background-enabled":"default","ast-page-background-meta":{"desktop":{"background-color":"var(--ast-global-color-4)","background-image":"","background-repeat":"repeat","background-position":"center center","background-size":"auto","background-attachment":"scroll","background-type":"","background-media":"","overlay-type":"","overlay-color":"","overlay-opacity":"","overlay-gradient":""},"tablet":{"background-color":"","background-image":"","background-repeat":"repeat","background-position":"center center","background-size":"auto","background-attachment":"scroll","background-type":"","background-media":"","overlay-type":"","overlay-color":"","overlay-opacity":"","overlay-gradient":""},"mobile":{"background-color":"","background-image":"","background-repeat":"repeat","background-position":"center center","background-size":"auto","background-attachment":"scroll","background-type":"","background-media":"","overlay-type":"","overlay-color":"","overlay-opacity":"","overlay-gradient":""}},"ast-content-background-meta":{"desktop":{"background-color":"var(--ast-global-color-5)","background-image":"","background-repeat":"repeat","background-position":"center center","background-size":"auto","background-attachment":"scroll","background-type":"","background-media":"","overlay-type":"","overlay-color":"","overlay-opacity":"","overlay-gradient":""},"tablet":{"background-color":"var(--ast-global-color-5)","background-image":"","background-repeat":"repeat","background-position":"center center","background-size":"auto","background-attachment":"scroll","background-type":"","background-media":"","overlay-type":"","overlay-color":"","overlay-opacity":"","overlay-gradient":""},"mobile":{"background-color":"var(--ast-global-color-5)","background-image":"","background-repeat":"repeat","background-position":"center center","background-size":"auto","background-attachment":"scroll","background-type":"","background-media":"","overlay-type":"","overlay-color":"","overlay-opacity":"","overlay-gradient":""}},"footnotes":""},"class_list":["post-15968","page","type-page","status-publish","hentry"],"post_mailing_queue_ids":[],"_links":{"self":[{"href":"https:\/\/agora.xtec.cat\/zerren\/wp-json\/wp\/v2\/pages\/15968","targetHints":{"allow":["GET"]}}],"collection":[{"href":"https:\/\/agora.xtec.cat\/zerren\/wp-json\/wp\/v2\/pages"}],"about":[{"href":"https:\/\/agora.xtec.cat\/zerren\/wp-json\/wp\/v2\/types\/page"}],"author":[{"embeddable":true,"href":"https:\/\/agora.xtec.cat\/zerren\/wp-json\/wp\/v2\/users\/8"}],"replies":[{"embeddable":true,"href":"https:\/\/agora.xtec.cat\/zerren\/wp-json\/wp\/v2\/comments?post=15968"}],"version-history":[{"count":5,"href":"https:\/\/agora.xtec.cat\/zerren\/wp-json\/wp\/v2\/pages\/15968\/revisions"}],"predecessor-version":[{"id":15976,"href":"https:\/\/agora.xtec.cat\/zerren\/wp-json\/wp\/v2\/pages\/15968\/revisions\/15976"}],"wp:attachment":[{"href":"https:\/\/agora.xtec.cat\/zerren\/wp-json\/wp\/v2\/media?parent=15968"}],"curies":[{"name":"wp","href":"https:\/\/api.w.org\/{rel}","templated":true}]}}