{"id":15817,"date":"2025-07-23T12:55:51","date_gmt":"2025-07-23T10:55:51","guid":{"rendered":"https:\/\/agora.xtec.cat\/zerren\/?page_id=15817"},"modified":"2025-09-27T11:43:51","modified_gmt":"2025-09-27T09:43:51","slug":"documents-de-zer","status":"publish","type":"page","link":"https:\/\/agora.xtec.cat\/zerren\/documents-de-zer\/","title":{"rendered":"Documents de ZER"},"content":{"rendered":"\n<p><a href=\"https:\/\/agora.xtec.cat\/zerren\/wp-content\/uploads\/usu1075\/2019\/02\/PEZ-ZER1718.pdf\">PROJECTE EDUCATIU DE ZER 2017-2018<\/a> ( En revisi\u00f3)<\/p>\n\n\n\n<p><a href=\"https:\/\/agora.xtec.cat\/zerren\/wp-content\/uploads\/usu1075\/2019\/02\/copiawebPROJECTE-LING%C3%9A%C3%8DSTIC-ZER-17-18-2.pdf\">PROJECTE LING\u00dc\u00cdSTIC DE ZER 2017-2018<\/a><\/p>\n\n\n\n<p><a href=\"https:\/\/agora.xtec.cat\/zerren\/wp-content\/uploads\/usu1075\/2018\/01\/PROJECTE-BIBLIOTECA-ESCOLAR.pdf\">PROJECTE DE BIBLIOTECA ECOLAR<\/a><\/p>\n\n\n\n<p><a href=\"https:\/\/agora.xtec.cat\/zerren\/wp-content\/uploads\/usu1075\/2019\/03\/NOFZweb.pdf\">NORMES D&#8217;ORGANITZACI\u00d3 I FUNCIONAMENT DE LA ZER<\/a> (En revisi\u00f3)<\/p>\n\n\n\n<p><\/p>\n","protected":false},"excerpt":{"rendered":"<p>PROJECTE EDUCATIU DE ZER 2017-2018 ( En revisi\u00f3) PROJECTE LING\u00dc\u00cdSTIC DE ZER 2017-2018 PROJECTE DE BIBLIOTECA ECOLAR NORMES D&#8217;ORGANITZACI\u00d3 I FUNCIONAMENT DE LA ZER (En revisi\u00f3)<\/p>\n","protected":false},"author":8,"featured_media":0,"parent":0,"menu_order":0,"comment_status":"closed","ping_status":"close","template":"","meta":{"_bbp_topic_count":0,"_bbp_reply_count":0,"_bbp_total_topic_count":0,"_bbp_total_reply_count":0,"_bbp_voice_count":0,"_bbp_anonymous_reply_count":0,"_bbp_topic_count_hidden":0,"_bbp_reply_count_hidden":0,"_bbp_forum_subforum_count":0,"site-sidebar-layout":"no-sidebar","site-content-layout":"","ast-site-content-layout":"normal-width-container","site-content-style":"default","site-sidebar-style":"default","ast-global-header-display":"","ast-banner-title-visibility":"","ast-main-header-display":"","ast-hfb-above-header-display":"","ast-hfb-below-header-display":"","ast-hfb-mobile-header-display":"","site-post-title":"","ast-breadcrumbs-content":"","ast-featured-img":"","footer-sml-layout":"","theme-transparent-header-meta":"","adv-header-id-meta":"","stick-header-meta":"","header-above-stick-meta":"","header-main-stick-meta":"","header-below-stick-meta":"","astra-migrate-meta-layouts":"set","ast-page-background-enabled":"default","ast-page-background-meta":{"desktop":{"background-color":"var(--ast-global-color-4)","background-image":"","background-repeat":"repeat","background-position":"center center","background-size":"auto","background-attachment":"scroll","background-type":"","background-media":"","overlay-type":"","overlay-color":"","overlay-opacity":"","overlay-gradient":""},"tablet":{"background-color":"","background-image":"","background-repeat":"repeat","background-position":"center center","background-size":"auto","background-attachment":"scroll","background-type":"","background-media":"","overlay-type":"","overlay-color":"","overlay-opacity":"","overlay-gradient":""},"mobile":{"background-color":"","background-image":"","background-repeat":"repeat","background-position":"center center","background-size":"auto","background-attachment":"scroll","background-type":"","background-media":"","overlay-type":"","overlay-color":"","overlay-opacity":"","overlay-gradient":""}},"ast-content-background-meta":{"desktop":{"background-color":"var(--ast-global-color-5)","background-image":"","background-repeat":"repeat","background-position":"center center","background-size":"auto","background-attachment":"scroll","background-type":"","background-media":"","overlay-type":"","overlay-color":"","overlay-opacity":"","overlay-gradient":""},"tablet":{"background-color":"var(--ast-global-color-5)","background-image":"","background-repeat":"repeat","background-position":"center center","background-size":"auto","background-attachment":"scroll","background-type":"","background-media":"","overlay-type":"","overlay-color":"","overlay-opacity":"","overlay-gradient":""},"mobile":{"background-color":"var(--ast-global-color-5)","background-image":"","background-repeat":"repeat","background-position":"center center","background-size":"auto","background-attachment":"scroll","background-type":"","background-media":"","overlay-type":"","overlay-color":"","overlay-opacity":"","overlay-gradient":""}},"footnotes":""},"class_list":["post-15817","page","type-page","status-publish","hentry"],"post_mailing_queue_ids":[],"_links":{"self":[{"href":"https:\/\/agora.xtec.cat\/zerren\/wp-json\/wp\/v2\/pages\/15817","targetHints":{"allow":["GET"]}}],"collection":[{"href":"https:\/\/agora.xtec.cat\/zerren\/wp-json\/wp\/v2\/pages"}],"about":[{"href":"https:\/\/agora.xtec.cat\/zerren\/wp-json\/wp\/v2\/types\/page"}],"author":[{"embeddable":true,"href":"https:\/\/agora.xtec.cat\/zerren\/wp-json\/wp\/v2\/users\/8"}],"replies":[{"embeddable":true,"href":"https:\/\/agora.xtec.cat\/zerren\/wp-json\/wp\/v2\/comments?post=15817"}],"version-history":[{"count":4,"href":"https:\/\/agora.xtec.cat\/zerren\/wp-json\/wp\/v2\/pages\/15817\/revisions"}],"predecessor-version":[{"id":16490,"href":"https:\/\/agora.xtec.cat\/zerren\/wp-json\/wp\/v2\/pages\/15817\/revisions\/16490"}],"wp:attachment":[{"href":"https:\/\/agora.xtec.cat\/zerren\/wp-json\/wp\/v2\/media?parent=15817"}],"curies":[{"name":"wp","href":"https:\/\/api.w.org\/{rel}","templated":true}]}}