{"id":38,"date":"2014-09-18T12:34:08","date_gmt":"2014-09-18T12:34:08","guid":{"rendered":"http:\/\/agora.xtec.cat\/zerponent\/\/?page_id=38"},"modified":"2014-09-18T12:34:08","modified_gmt":"2014-09-18T12:34:08","slug":"salut","status":"publish","type":"page","link":"https:\/\/agora.xtec.cat\/zerponent\/lescola\/salut\/","title":{"rendered":"Salut"},"content":{"rendered":"<p>El car\u00e0cter d&#8217;aquesta p\u00e0gina ha de ser b\u00e0sicament informatiu. En aquesta secci\u00f3\u00a0cal fer una refer\u00e8ncia directa a q\u00fcestions de salut que afectin directament als alumnes del centre. Es pot categoritzar la informaci\u00f3, per exemple, entre <strong>medicaments<\/strong>, <strong>al\u00b7l\u00e8rgies<\/strong> i <strong>par\u00e0sits<\/strong>.<\/p>\n","protected":false},"excerpt":{"rendered":"<p>El car\u00e0cter d&#8217;aquesta p\u00e0gina ha de ser b\u00e0sicament informatiu. En aquesta secci\u00f3\u00a0cal fer una refer\u00e8ncia directa a q\u00fcestions de salut que afectin directament als alumnes del centre. Es pot categoritzar la informaci\u00f3, per exemple, entre medicaments, al\u00b7l\u00e8rgies i par\u00e0sits.<\/p>\n","protected":false},"author":2,"featured_media":0,"parent":22,"menu_order":80,"comment_status":"closed","ping_status":"closed","template":"page-templates\/side-menu.php","meta":{"_bbp_topic_count":0,"_bbp_reply_count":0,"_bbp_total_topic_count":0,"_bbp_total_reply_count":0,"_bbp_voice_count":0,"_bbp_anonymous_reply_count":0,"_bbp_topic_count_hidden":0,"_bbp_reply_count_hidden":0,"_bbp_forum_subforum_count":0,"footnotes":""},"class_list":["post-38","page","type-page","status-publish","hentry"],"post_mailing_queue_ids":[],"_links":{"self":[{"href":"https:\/\/agora.xtec.cat\/zerponent\/wp-json\/wp\/v2\/pages\/38","targetHints":{"allow":["GET"]}}],"collection":[{"href":"https:\/\/agora.xtec.cat\/zerponent\/wp-json\/wp\/v2\/pages"}],"about":[{"href":"https:\/\/agora.xtec.cat\/zerponent\/wp-json\/wp\/v2\/types\/page"}],"author":[{"embeddable":true,"href":"https:\/\/agora.xtec.cat\/zerponent\/wp-json\/wp\/v2\/users\/2"}],"replies":[{"embeddable":true,"href":"https:\/\/agora.xtec.cat\/zerponent\/wp-json\/wp\/v2\/comments?post=38"}],"version-history":[{"count":1,"href":"https:\/\/agora.xtec.cat\/zerponent\/wp-json\/wp\/v2\/pages\/38\/revisions"}],"predecessor-version":[{"id":39,"href":"https:\/\/agora.xtec.cat\/zerponent\/wp-json\/wp\/v2\/pages\/38\/revisions\/39"}],"up":[{"embeddable":true,"href":"https:\/\/agora.xtec.cat\/zerponent\/wp-json\/wp\/v2\/pages\/22"}],"wp:attachment":[{"href":"https:\/\/agora.xtec.cat\/zerponent\/wp-json\/wp\/v2\/media?parent=38"}],"curies":[{"name":"wp","href":"https:\/\/api.w.org\/{rel}","templated":true}]}}