{"id":36,"date":"2014-09-18T12:33:11","date_gmt":"2014-09-18T12:33:11","guid":{"rendered":"http:\/\/agora.xtec.cat\/zerponent\/\/?page_id=36"},"modified":"2025-08-29T10:57:15","modified_gmt":"2025-08-29T08:57:15","slug":"material-escolar","status":"publish","type":"page","link":"https:\/\/agora.xtec.cat\/zerponent\/lescola\/material-escolar\/","title":{"rendered":"Material escolar"},"content":{"rendered":"<div><strong>Pel curs 2025\/2026, les quotes de material seran les seg\u00fcents:<\/strong><\/div>\n<div><\/div>\n<div><\/div>\n<div><strong>Escola Inocencio Pardos (Pla de la Font)<\/strong><\/div>\n<div><\/div>\n<ul>\n<li><\/li>\n<\/ul>\n<p><strong>Escola El Vilot (Sucs)<\/strong><\/p>\n<ul>\n<li><\/li>\n<\/ul>\n<p><strong>Escola Sant Isidre (Gimenells)<\/strong><\/p>\n<ul>\n<li><\/li>\n<\/ul>\n<p><strong>Escola Josep Ma\u00f1\u00e9 i Gavald\u00e0<\/strong><\/p>\n<ul>\n<li><\/li>\n<\/ul>\n<div><\/div>\n<div><\/div>\n<div><\/div>\n<div><\/div>\n<div><\/div>\n<div><\/div>\n<div><\/div>\n<div><\/div>\n","protected":false},"excerpt":{"rendered":"<p>Pel curs 2025\/2026, les quotes de material seran les seg\u00fcents:<\/p>\n<p>Escola Inocencio Pardos (Pla de la Font)<\/p>\n<ul>\n<li><\/li>\n<\/ul>\n<p>Escola El Vilot (Sucs)<\/p>\n<ul>\n<li><\/li>\n<\/ul>\n<p>Escola Sant Isidre (Gimenells)<\/p>\n<ul>\n<li><\/li>\n<\/ul>\n<p>Escola Josep Ma\u00f1\u00e9 i Gavald\u00e0<\/p>\n<ul>\n<li><\/li>\n<\/ul>\n","protected":false},"author":2,"featured_media":0,"parent":22,"menu_order":70,"comment_status":"closed","ping_status":"closed","template":"page-templates\/side-menu.php","meta":{"_bbp_topic_count":0,"_bbp_reply_count":0,"_bbp_total_topic_count":0,"_bbp_total_reply_count":0,"_bbp_voice_count":0,"_bbp_anonymous_reply_count":0,"_bbp_topic_count_hidden":0,"_bbp_reply_count_hidden":0,"_bbp_forum_subforum_count":0,"footnotes":""},"class_list":["post-36","page","type-page","status-publish","hentry"],"post_mailing_queue_ids":[],"_links":{"self":[{"href":"https:\/\/agora.xtec.cat\/zerponent\/wp-json\/wp\/v2\/pages\/36","targetHints":{"allow":["GET"]}}],"collection":[{"href":"https:\/\/agora.xtec.cat\/zerponent\/wp-json\/wp\/v2\/pages"}],"about":[{"href":"https:\/\/agora.xtec.cat\/zerponent\/wp-json\/wp\/v2\/types\/page"}],"author":[{"embeddable":true,"href":"https:\/\/agora.xtec.cat\/zerponent\/wp-json\/wp\/v2\/users\/2"}],"replies":[{"embeddable":true,"href":"https:\/\/agora.xtec.cat\/zerponent\/wp-json\/wp\/v2\/comments?post=36"}],"version-history":[{"count":5,"href":"https:\/\/agora.xtec.cat\/zerponent\/wp-json\/wp\/v2\/pages\/36\/revisions"}],"predecessor-version":[{"id":19206,"href":"https:\/\/agora.xtec.cat\/zerponent\/wp-json\/wp\/v2\/pages\/36\/revisions\/19206"}],"up":[{"embeddable":true,"href":"https:\/\/agora.xtec.cat\/zerponent\/wp-json\/wp\/v2\/pages\/22"}],"wp:attachment":[{"href":"https:\/\/agora.xtec.cat\/zerponent\/wp-json\/wp\/v2\/media?parent=36"}],"curies":[{"name":"wp","href":"https:\/\/api.w.org\/{rel}","templated":true}]}}