{"id":28,"date":"2014-09-18T12:29:35","date_gmt":"2014-09-18T12:29:35","guid":{"rendered":"http:\/\/agora.xtec.cat\/zerponent\/\/?page_id=28"},"modified":"2025-11-04T10:56:11","modified_gmt":"2025-11-04T09:56:11","slug":"consell-escolar","status":"publish","type":"page","link":"https:\/\/agora.xtec.cat\/zerponent\/lescola\/consell-escolar\/","title":{"rendered":"Consell escolar"},"content":{"rendered":"<p><strong>En sessi\u00f3 de Consell Escolar de\u00a0 10 d\u2019octubre de 2025, s\u2019acorden els seg\u00fcents punts:<\/strong><\/p>\n<p>&nbsp;<\/p>\n<ol>\n<li>Es presenta la mem\u00f2ria del curs 24\/25<\/li>\n<\/ol>\n<p>2. S\u2019aprova la Planificaci\u00f3 General Anual pel curs 25\/26<\/p>\n<p>3. Es presenta la proposta de modificaci\u00f3 hor\u00e0ria singular de dues tardes lectives mensuals per a fer reunions de ZER per al curs vinent 2026-2027.<\/p>\n<p>&nbsp;<\/p>\n<p><strong>En sessi\u00f3 de Consell Escolar de 9 de juny de 2025 , s&#8217;acorda el seg\u00fc<\/strong><strong style=\"font-family: inherit; font-size: 1em;\">ent punt:<\/strong><\/p>\n<p>&nbsp;<\/p>\n<ol>\n<li><span lang=\"ca-ES\">S&#8217;aprova el calendari escolar per al curs 2025\/2026<\/span><\/li>\n<\/ol>\n<p>&nbsp;<\/p>\n<p><strong>En sessi\u00f3 de Consell Escolar de\u00a0 30 de gener de 2025, s&#8217;acorden<\/strong><strong style=\"font-family: inherit; font-size: 1em;\"> els seg\u00fcents punts:<\/strong><\/p>\n<p>&nbsp;<\/p>\n<p><span lang=\"ca-ES\">1. S&#8217;aprova la justificaci\u00f3 de comptes de l&#8217;exercici corresponent a l&#8217;any 2024.<\/span><\/p>\n<p><span lang=\"ca-ES\">2. S&#8217;aprova el pressupost per a l&#8217;any 2025.<\/span><\/p>\n<p><strong>En sessi\u00f3 de Consell Escolar de\u00a0 10 d\u2019octubre de 2024, s\u2019acorden els seg\u00fcents punts:<\/strong><\/p>\n<p>&nbsp;<\/p>\n<ol>\n<li>Es presenta la mem\u00f2ria del curs 23\/24<\/li>\n<\/ol>\n<p>2. S\u2019aprova la Planificaci\u00f3 General Anual pel curs 24\/25<\/p>\n<p>&nbsp;<\/p>\n<p><strong>En sessi\u00f3 de Consell Escolar del\u00a0 18 de novembre 2023, s\u2019acorden els seg\u00fcents punts:<\/strong><\/p>\n<p align=\"left\"><span style=\"color: #222222;\"><span style=\"font-family: Times New Roman, serif;\"><span style=\"font-size: medium;\">1.<\/span><\/span><\/span><span style=\"color: #222222;\"><span style=\"font-family: Times New Roman, serif;\"><span style=\"font-size: medium;\">C<\/span><\/span><\/span><span style=\"color: #222222;\"><span style=\"font-family: Times New Roman, serif;\"><span style=\"font-size: medium;\">onstituci\u00f3 del Consell Escolar de la ZER Ponent<\/span><\/span><\/span><b> <\/b><\/p>\n<p>&nbsp;<\/p>\n<p><strong>En sessi\u00f3 de Consell Escolar de\u00a0 11 d\u2019octubre de 2023, s\u2019acorden els seg\u00fcents punts:<\/strong><\/p>\n<p>&nbsp;<\/p>\n<ol>\n<li>Es presenta la mem\u00f2ria del curs 22\/23<\/li>\n<\/ol>\n<p>2. S\u2019aprova la Planificaci\u00f3 General Anual pel curs 23\/24<\/p>\n<p>&nbsp;<\/p>\n<p><strong>En sessi\u00f3 de Consell Escolar de\u00a027 de juny de 2023 , s&#8217;acorden els seg\u00fc<\/strong><strong style=\"font-family: inherit; font-size: 1em;\">ents punts:<\/strong><\/p>\n<p>&nbsp;<\/p>\n<ol>\n<li><span lang=\"ca-ES\">S&#8217;aprova el calendari escolar<\/span><\/li>\n<\/ol>\n<p><span lang=\"ca-ES\">2. S&#8217;aprova la Estrat\u00e8gia digital de ZER EDZ<\/span><\/p>\n<p><span lang=\"ca-ES\">3. Actualitzaci\u00f3 de les normes d\u2019organitzaci\u00f3 i funcionament de la ZER<\/span><\/p>\n<p>&nbsp;<\/p>\n<p><strong>En sessi\u00f3 de Consell Escolar de\u00a0\u00a018 de gener de 2023, s&#8217;acorden<\/strong><strong style=\"font-family: inherit; font-size: 1em;\"> els seg\u00fcents punts:<\/strong><\/p>\n<p>&nbsp;<\/p>\n<p><span lang=\"ca-ES\">1. S&#8217;aprova la justificaci\u00f3 de comptes del 2022 i el pressupost pel 2023<\/span><\/p>\n<p>&nbsp;<\/p>\n<p><strong>En sessi\u00f3 de Consell Escolar de\u00a0 5 d&#8217;octubre de 2022, s&#8217;acorden els seg\u00fcents punts:<\/strong><\/p>\n<ol>\n<li>Es presenta la mem\u00f2ria del curs 21\/22<\/li>\n<\/ol>\n<p>2. S&#8217;aprova la Planificaci\u00f3 General Anual pel curs 22\/23<\/p>\n<p>&nbsp;<\/p>\n<p><strong>En sessi\u00f3 de Consell Escolar de 15 de juny de 2022, s&#8217;acorden els seg\u00fcents punts:<\/strong><\/p>\n<p>1.S&#8217;aprova per consens el calendari escolar per al curs 22-23<\/p>\n<p>2.S&#8217;aprova per consens les esmenes realitzades al projecte ling\u00fc\u00edstic de la ZER Ponent<\/p>\n<p>3.S&#8217;aprova per consens la jornada intensiva al desembre i al juny<\/p>\n<p>4.S&#8217;aprova per majoria l&#8217;horari marc per al curs 22-23<\/p>\n<p>&nbsp;<\/p>\n<p><strong>En sessi\u00f3 de Consell Escolar de 21 d&#8217;abril de 2022, s\u2019acorda el seg\u00fcent punt:<\/strong><\/p>\n<ol>\n<li>S&#8217;aprova per unanimitat recolzar la sol\u00b7licitud per a la implantaci\u00f3 del primer Cicle d&#8217;Educaci\u00f3 Infantil a l&#8217;escola Sant Isidre de Gimenells per al curs 2022-2023<\/li>\n<\/ol>\n<p><strong style=\"font-family: inherit; font-size: 1em;\">En sessi\u00f3 de Consell Escolar de 27 de gener de 2022, s\u2019acorden els seg\u00fcents punts:<\/strong><\/p>\n<ol>\n<li>S\u2019aprova la liquidaci\u00f3 dels comptes de l\u2019any 2021.<\/li>\n<li>S\u2019aprova el pressupost per l\u2019any 2022.<\/li>\n<\/ol>\n<p><strong>En sessi\u00f3 de Consell Escolar del 16 de desembre\u00a0 de 2021, s\u2019acorden els seg\u00fcents punts:<\/strong><\/p>\n<ol>\n<li>S&#8217;aprova una modificaci\u00f3 de pressupost<\/li>\n<li>S&#8217;aprova la sortida del Pla Catal\u00e0 de l&#8217;esport per l&#8217;alumnat de 6\u00e8 de la ZER,\u00a0 amb data 29 d&#8217;abril a Lleida<\/li>\n<li>S&#8217;acorda mantenir l&#8217;horari de les reunions de Consell Escolar de ZER a les 14.00<\/li>\n<\/ol>\n<p>&nbsp;<\/p>\n<p><strong>En sessi\u00f3 extraordin\u00e0ria del dia 16 de desembre de 2021 es constitueix el nou Consell Escolar de la ZER Ponent\u00a0<\/strong><\/p>\n<p>&nbsp;<\/p>\n<p><strong>En sessi\u00f3 de Consell Escolar de 14 d&#8217;octubre de 2021, s\u2019acorden els seg\u00fcents punts:<\/strong><\/p>\n<ol>\n<li>Es presenta la mem\u00f2ria del curs 20\/21<\/li>\n<\/ol>\n<p>2. S&#8217;aprova la Planificaci\u00f3 General Anual pel curs 21\/22<\/p>\n<p>3. S&#8217;aprova el Pla d&#8217;organitzaci\u00f3 de la ZER Ponent pel curs 2021\/22 en el marc de la pand\u00e8mia per COVID 19<\/p>\n<p>4. S&#8217;aprova el projecte esportiu de la ZER Ponent<\/p>\n<p>5.S&#8217;aprova la modificaci\u00f3 de la secci\u00f3 1 del cap\u00edtol 1 de l&#8217;apartat de funcionament del centre que fa refer\u00e8ncia a entrades i sortides de l&#8217;alumnat<\/p>\n<p>&nbsp;<\/p>\n<p><strong>En sessi\u00f3 de Consell Escolar de 15 de juny de 2021, s\u2019acorden els seg\u00fcents punts:<\/strong><\/p>\n<ol>\n<li>S\u2019aprova el calendari escolar pel curs 2021-2022.<\/li>\n<li>Es modifica el pressupost en la partida de sortides.<\/li>\n<\/ol>\n<p>&nbsp;<\/p>\n<p><strong>En sessi\u00f3 de Consell Escolar de 27 de gener de 2021, s\u2019acorden els seg\u00fcents punts:<\/strong><\/p>\n<ol>\n<li>S\u2019aprova la liquidaci\u00f3 dels comptes de l\u2019any 2020.<\/li>\n<li>S\u2019aprova el pressupost per l\u2019any 2021.<\/li>\n<li>S\u2019aprova el dia 30 d\u2019abril com a dia de lliure disposici\u00f3.<\/li>\n<li>S\u2019aprova fer una sortida amb l\u2019alumnat per grups estables.<\/li>\n<\/ol>\n<p>&nbsp;<\/p>\n<p><strong>En sessi\u00f3 de Consell Escolar de 22 d\u2019octubre de 2020, s\u2019acorden els seg\u00fcents punts:<\/strong><\/p>\n<ol>\n<li>Es presenta i aprova la mem\u00f2ria anual de ZER corresponent al curs 2019\/2020.<\/li>\n<li>Es presenta i aprova la Programaci\u00f3 General Anual de ZER corresponent al curs 2020\/2021.<\/li>\n<\/ol>\n<p>&nbsp;<\/p>\n<p><strong>En sessi\u00f3 de Consell Escolar de 7 de setembre de 2020, s\u2019acorda el seg\u00fcent punt:<\/strong><\/p>\n<ol>\n<li>Aprovaci\u00f3 del Pla d\u2019organitzaci\u00f3 de la ZER Ponent pel curs 2020 \u2013 2021 en el marc de la pand\u00e8mia per COVID \u2013 19.<\/li>\n<\/ol>\n<p>&nbsp;<\/p>\n<p><strong>En sessi\u00f3 de Consell Escolar del17 de juliol de 2020, s&#8217;acorda el seg\u00fcent punt:<\/strong><\/p>\n<ol>\n<li>S&#8217;aprova el calendari escolar del curs 20\/21<\/li>\n<\/ol>\n<p>&nbsp;<\/p>\n<p>En sessi\u00f3 de Consell Escolar del 28 de maig de 2020, s&#8217;acorda el seg\u00fcent punt:<\/p>\n<ol>\n<li>S&#8217;informa el Consell del Pla d&#8217;obertura dels centres de la ZER en fase 2 (juny 2020)<\/li>\n<\/ol>\n<p>&nbsp;<\/p>\n<p><strong>En sessi\u00f3 de Consell Escolar del 31 de gener de 2020, s\u2019acorden els seg\u00fcents punts:<\/strong><\/p>\n<ol>\n<li>S&#8217;aprova la liquidaci\u00f3 2019<\/li>\n<li>S&#8217;aprova el pressupost 2020<\/li>\n<li>S&#8217;aprova:\n<ul>\n<li>Canvi de data de la sortida d&#8217;Alqu\u00e9zar a data 27 de mar\u00e7<\/li>\n<li>Noves sortida a Guissona de l&#8217;alumnat de 4t el dia 20 de febrer<\/li>\n<li>\u00a0Nova sortida a Vallfogona de Balaguer d&#8217;Educaci\u00f3 Prim\u00e0ria de l&#8217;escola de Sucs el dia 25 de febrer<\/li>\n<\/ul>\n<\/li>\n<li>Es fa la proposta per formar la comissi\u00f3 de selecci\u00f3 de la nova direcci\u00f3 de la ZER<\/li>\n<li>Es recorda les festes que se celebren a la ZER i s&#8217;informa a ajuntaments i fam\u00edlies de les necessitats que tenim per dur-les a terme<\/li>\n<li>S&#8217;acorda un canvi d&#8217;horari pels propers Consells escolars que es realitzaran a les 13.30h.<\/li>\n<\/ol>\n<p>&nbsp;<\/p>\n<p><strong>En sessi\u00f3 de Consell Escolar de 10 d\u2019octubre de 2019, s\u2019acorden els seg\u00fcents punts:<\/strong><\/p>\n<ol>\n<li>Es presenta i aprova la Mem\u00f2ria Anual de ZER\u00a0 corresponent al curs 2018\/2019.<\/li>\n<li>Es presenta la Programaci\u00f3 General anual de la ZER corresponent\u00a0 al curs 2019\/2020.<\/li>\n<li>S\u2019informa de l\u2019activitat Escola de Natura de Gimenells i es fa extensiva a la resta de la comunitat de la ZER<\/li>\n<li>S\u2019acorda dur a terme l\u2019activitat Petits Reanimadors proposada per l\u2019ABS d\u2019Almacelles destinada a alumnat, fam\u00edlies i docents.<\/li>\n<\/ol>\n<p><strong>\u00a0<\/strong><\/p>\n<p><strong>\u00a0<\/strong><\/p>\n","protected":false},"excerpt":{"rendered":"<p>En sessi\u00f3 de Consell Escolar de\u00a0 10 d\u2019octubre de 2025, s\u2019acorden els seg\u00fcents punts:<br \/>\n&nbsp;<\/p>\n<ol>\n<li>Es presenta la mem\u00f2ria del curs 24\/25<\/li>\n<\/ol>\n<p>2. S\u2019aprova la Planificaci\u00f3 General Anual pel curs 25\/26<br \/>\n3. Es presenta la proposta de modificaci\u00f3 hor\u00e0ria singular de dues tardes lectives mensuals per a fer reunions&hellip;  <a href=\"https:\/\/agora.xtec.cat\/zerponent\/lescola\/consell-escolar\/\" title=\"Read Consell escolar\">Llegeix m\u00e9s\u00bb<\/a><\/p>\n","protected":false},"author":2,"featured_media":0,"parent":22,"menu_order":30,"comment_status":"closed","ping_status":"closed","template":"page-templates\/side-menu.php","meta":{"_bbp_topic_count":0,"_bbp_reply_count":0,"_bbp_total_topic_count":0,"_bbp_total_reply_count":0,"_bbp_voice_count":0,"_bbp_anonymous_reply_count":0,"_bbp_topic_count_hidden":0,"_bbp_reply_count_hidden":0,"_bbp_forum_subforum_count":0,"footnotes":""},"class_list":["post-28","page","type-page","status-publish","hentry"],"post_mailing_queue_ids":[],"_links":{"self":[{"href":"https:\/\/agora.xtec.cat\/zerponent\/wp-json\/wp\/v2\/pages\/28","targetHints":{"allow":["GET"]}}],"collection":[{"href":"https:\/\/agora.xtec.cat\/zerponent\/wp-json\/wp\/v2\/pages"}],"about":[{"href":"https:\/\/agora.xtec.cat\/zerponent\/wp-json\/wp\/v2\/types\/page"}],"author":[{"embeddable":true,"href":"https:\/\/agora.xtec.cat\/zerponent\/wp-json\/wp\/v2\/users\/2"}],"replies":[{"embeddable":true,"href":"https:\/\/agora.xtec.cat\/zerponent\/wp-json\/wp\/v2\/comments?post=28"}],"version-history":[{"count":7,"href":"https:\/\/agora.xtec.cat\/zerponent\/wp-json\/wp\/v2\/pages\/28\/revisions"}],"predecessor-version":[{"id":19216,"href":"https:\/\/agora.xtec.cat\/zerponent\/wp-json\/wp\/v2\/pages\/28\/revisions\/19216"}],"up":[{"embeddable":true,"href":"https:\/\/agora.xtec.cat\/zerponent\/wp-json\/wp\/v2\/pages\/22"}],"wp:attachment":[{"href":"https:\/\/agora.xtec.cat\/zerponent\/wp-json\/wp\/v2\/media?parent=28"}],"curies":[{"name":"wp","href":"https:\/\/api.w.org\/{rel}","templated":true}]}}