{"id":18712,"date":"2021-10-19T15:03:50","date_gmt":"2021-10-19T13:03:50","guid":{"rendered":"https:\/\/agora.xtec.cat\/zerponent\/?page_id=18712"},"modified":"2025-08-29T10:57:43","modified_gmt":"2025-08-29T08:57:43","slug":"material-pedagogic-llibres","status":"publish","type":"page","link":"https:\/\/agora.xtec.cat\/zerponent\/lescola\/material-pedagogic-llibres\/","title":{"rendered":"Material pedag\u00f2gic (llibres)"},"content":{"rendered":"<table style=\"border-collapse: collapse; width: 100%;\">\n<tbody>\n<tr>\n<td style=\"width: 25%;\">Escola El Vilot<\/td>\n<td style=\"width: 25%;\">Escola Sant Isidre<\/td>\n<td style=\"width: 25%;\">Escola Inoc\u00e8ncio Pardos<\/td>\n<td style=\"width: 25%;\">Escola Josep Man\u00f1\u00e9 i Gavald\u00e0<\/td>\n<\/tr>\n<tr>\n<td style=\"width: 25%;\">\u00a0Innovamat 1r-6\u00e8<\/p>\n<p>KIDS CAN!\u00a0 CM CS<\/td>\n<td style=\"width: 25%;\">&nbsp;<\/p>\n<p>Innovamat I3-6\u00e8<\/p>\n<p>KIDS CAN! CM CS<\/p>\n<p>&nbsp;<\/td>\n<td style=\"width: 25%;\">&nbsp;<\/p>\n<p>Innovamat I3-6\u00e8<\/p>\n<p>KIDS CAN! CM\u00a0 CS<\/p>\n<p>&nbsp;<\/td>\n<td style=\"width: 25%;\">\u00a0Innovamat 1r-6\u00e8<\/p>\n<p>KIDS CAN! 5 Pb\u00a0 CS<\/td>\n<\/tr>\n<\/tbody>\n<\/table>\n","protected":false},"excerpt":{"rendered":"<p>Escola El Vilot<br \/>\nEscola Sant Isidre<br \/>\nEscola Inoc\u00e8ncio Pardos<br \/>\nEscola Josep Man\u00f1\u00e9 i Gavald\u00e0<\/p>\n<p>\u00a0Innovamat 1r-6\u00e8<br \/>\nKIDS CAN!\u00a0 CM CS<br \/>\n&nbsp;<br \/>\nInnovamat I3-6\u00e8<br \/>\nKIDS CAN! CM CS<br \/>\n&nbsp;<br \/>\n&nbsp;<br \/>\nInnovamat I3-6\u00e8<br \/>\nKIDS CAN! CM\u00a0 CS<br \/>\n&nbsp;<br \/>\n\u00a0Innovamat 1r-6\u00e8<br \/>\nKIDS CAN! 5 Pb\u00a0 CS<\/p>\n","protected":false},"author":54,"featured_media":0,"parent":22,"menu_order":70,"comment_status":"closed","ping_status":"closed","template":"page-templates\/side-menu.php","meta":{"_bbp_topic_count":0,"_bbp_reply_count":0,"_bbp_total_topic_count":0,"_bbp_total_reply_count":0,"_bbp_voice_count":0,"_bbp_anonymous_reply_count":0,"_bbp_topic_count_hidden":0,"_bbp_reply_count_hidden":0,"_bbp_forum_subforum_count":0,"footnotes":""},"class_list":["post-18712","page","type-page","status-publish","hentry"],"post_mailing_queue_ids":[],"_links":{"self":[{"href":"https:\/\/agora.xtec.cat\/zerponent\/wp-json\/wp\/v2\/pages\/18712","targetHints":{"allow":["GET"]}}],"collection":[{"href":"https:\/\/agora.xtec.cat\/zerponent\/wp-json\/wp\/v2\/pages"}],"about":[{"href":"https:\/\/agora.xtec.cat\/zerponent\/wp-json\/wp\/v2\/types\/page"}],"author":[{"embeddable":true,"href":"https:\/\/agora.xtec.cat\/zerponent\/wp-json\/wp\/v2\/users\/54"}],"replies":[{"embeddable":true,"href":"https:\/\/agora.xtec.cat\/zerponent\/wp-json\/wp\/v2\/comments?post=18712"}],"version-history":[{"count":5,"href":"https:\/\/agora.xtec.cat\/zerponent\/wp-json\/wp\/v2\/pages\/18712\/revisions"}],"predecessor-version":[{"id":19208,"href":"https:\/\/agora.xtec.cat\/zerponent\/wp-json\/wp\/v2\/pages\/18712\/revisions\/19208"}],"up":[{"embeddable":true,"href":"https:\/\/agora.xtec.cat\/zerponent\/wp-json\/wp\/v2\/pages\/22"}],"wp:attachment":[{"href":"https:\/\/agora.xtec.cat\/zerponent\/wp-json\/wp\/v2\/media?parent=18712"}],"curies":[{"name":"wp","href":"https:\/\/api.w.org\/{rel}","templated":true}]}}