{"id":17745,"date":"2020-02-20T09:45:18","date_gmt":"2020-02-20T08:45:18","guid":{"rendered":"http:\/\/agora.xtec.cat\/zerponent\/?page_id=17745"},"modified":"2025-06-26T12:50:25","modified_gmt":"2025-06-26T10:50:25","slug":"gestio-economica","status":"publish","type":"page","link":"https:\/\/agora.xtec.cat\/zerponent\/gestio-economica\/","title":{"rendered":"Gesti\u00f3 econ\u00f2mica"},"content":{"rendered":"<p>&nbsp;<\/p>\n<table style=\"height: 435px; width: 91.9485%;\" width=\"869\">\n<tbody>\n<tr style=\"height: 97px;\">\n<td style=\"width: 11.0053%; height: 97px;\">\n<p style=\"text-align: center;\"><strong>ZER PONENT<\/strong><\/p>\n<p>&nbsp;<\/td>\n<td style=\"width: 12.6738%; height: 97px;\">\n<p style=\"text-align: center;\"><strong>ESCOLA EL VILOT<\/strong><\/p>\n<p style=\"text-align: center;\">SUCS<\/p>\n<\/td>\n<td style=\"width: 13.8538%; height: 97px;\">\n<p style=\"text-align: center;\"><strong>ESCOLA SANT ISIDRE<\/strong><\/p>\n<p style=\"text-align: center;\">GIMENELLS<\/p>\n<\/td>\n<td style=\"width: 16.4951%; height: 97px;\">\n<p style=\"text-align: center;\"><strong>ESCOLA INOCENCIO PARDOS<\/strong><\/p>\n<p style=\"text-align: center;\">PLA DE LA FONT<\/p>\n<\/td>\n<td style=\"width: 16.1431%; height: 97px;\">\n<p style=\"text-align: center;\"><strong>ESCOLA JOSEP MA\u00d1\u00c9<\/strong><\/p>\n<p style=\"text-align: center;\">RAIMAT<\/p>\n<\/td>\n<\/tr>\n<tr style=\"height: 32px;\">\n<td style=\"width: 11.0053%; height: 32px;\"><\/td>\n<td style=\"width: 12.6738%; height: 32px;\"><\/td>\n<td style=\"width: 13.8538%; height: 32px;\"><\/td>\n<td style=\"width: 16.4951%; height: 32px;\"><\/td>\n<td style=\"width: 16.1431%; height: 32px;\"><\/td>\n<\/tr>\n<tr style=\"height: 306px;\">\n<td style=\"width: 11.0053%; height: 306px;\"><a href=\"https:\/\/agora.xtec.cat\/zerponent\/wp-content\/uploads\/usu437\/2025\/06\/20250326_Liquidacio2024_ZER_Ponent.pdf\" target=\"_blank\" rel=\"noopener\">Liquidaci\u00f3 econ\u00f2mica 2024 ZER Ponent<\/a><\/p>\n<p><a href=\"https:\/\/agora.xtec.cat\/zerponent\/wp-content\/uploads\/usu437\/2025\/06\/20250326_Pressupost2025_ZER_Ponent-1.pdf\">Pressupost 2025 ZER Ponent <\/a><\/p>\n<p>&nbsp;<\/td>\n<td style=\"width: 12.6738%; height: 306px;\"><a href=\"https:\/\/agora.xtec.cat\/zerponent\/general\/v-copa-despanya-de-datchball\/\">Liquidaci\u00f3 econ\u00f2mica 2024 El Vilot Sucs<\/a><\/p>\n<p><a href=\"https:\/\/agora.xtec.cat\/zerponent\/wp-content\/uploads\/usu437\/2025\/06\/20250326_Pressupost2025_El_Vilot.pdf\">Pressupost 2025 El Vilot Sucs<\/a><\/td>\n<td style=\"width: 13.8538%; height: 306px;\">&nbsp;<\/p>\n<p><a href=\"https:\/\/agora.xtec.cat\/zerponent\/wp-content\/uploads\/usu437\/2025\/06\/20250326_Liquidacio2024_Sant_Isidre.pdf\">Liquidaci\u00f3 econ\u00f2mica 2024 Sant_Isidre Gimenells<\/a><\/p>\n<p><a href=\"https:\/\/agora.xtec.cat\/zerponent\/wp-content\/uploads\/usu437\/2025\/06\/20250326_Pressupost2025_Sant_Isidre.pdf\">Pressupost 2025 Sant Isidre Gimenells<\/a><\/p>\n<p>&nbsp;<\/td>\n<td style=\"width: 16.4951%; height: 306px;\">&nbsp;<\/p>\n<p><a href=\"https:\/\/agora.xtec.cat\/zerponent\/wp-content\/uploads\/usu437\/2025\/06\/20250326_Liquidacio2024_Inocencio_Pardos.pdf\">Liquidaci\u00f3 econ\u00f2mica 2024 Inocencio Pardos Pla de la Font<\/a><\/p>\n<p><a href=\"https:\/\/agora.xtec.cat\/zerponent\/wp-content\/uploads\/usu437\/2025\/06\/20250326_Pressupost2025_Inocencio_Pardos.pdf\">Pressupost 2025 Inocencio Pardos Pla de la Font<\/a><\/p>\n<p>&nbsp;<\/td>\n<td style=\"width: 16.1431%; height: 306px;\">&nbsp;<\/p>\n<p><a href=\"https:\/\/agora.xtec.cat\/zerponent\/wp-content\/uploads\/usu437\/2025\/06\/20250326_Liquidacio2024_Josep_Mane_i_Gavalda.pdf\">Liquidaci\u00f3 econ\u00f2mica 2024 Josep Ma\u00f1\u00e9 i Gavald\u00e0 Raimat<\/a><\/p>\n<p><a href=\"https:\/\/agora.xtec.cat\/zerponent\/wp-content\/uploads\/usu437\/2025\/06\/20250326_Pressupost2025_Josep_Mane_i_Gavalda.pdf\">Pressupost 2025 Josep Ma\u00f1\u00e9 i Gavald\u00e0 Raimat<\/a><\/p>\n<p>&nbsp;<\/td>\n<\/tr>\n<\/tbody>\n<\/table>\n<p>&nbsp;<\/p>\n","protected":false},"excerpt":{"rendered":"<p>&nbsp;<\/p>\n<p>ZER PONENT<br \/>\n&nbsp;<\/p>\n<p>ESCOLA EL VILOT<br \/>\nSUCS<\/p>\n<p>ESCOLA SANT ISIDRE<br \/>\nGIMENELLS<\/p>\n<p>ESCOLA INOCENCIO PARDOS<br \/>\nPLA DE LA FONT<\/p>\n<p>ESCOLA JOSEP MA\u00d1\u00c9<br \/>\nRAIMAT<\/p>\n<p><a href=\"https:\/\/agora.xtec.cat\/zerponent\/wp-content\/uploads\/usu437\/2025\/06\/20250326_Liquidacio2024_ZER_Ponent.pdf\" target=\"_blank\" rel=\"noopener\">Liquidaci\u00f3 econ\u00f2mica 2024 ZER Ponent<\/a><br \/>\n<a href=\"https:\/\/agora.xtec.cat\/zerponent\/wp-content\/uploads\/usu437\/2025\/06\/20250326_Pressupost2025_ZER_Ponent-1.pdf\">Pressupost 2025 ZER Ponent <\/a><br \/>\n&nbsp;<br \/>\n<a href=\"https:\/\/agora.xtec.cat\/zerponent\/general\/v-copa-despanya-de-datchball\/\">Liquidaci\u00f3 econ\u00f2mica 2024 El Vilot Sucs<\/a><br \/>\n<a href=\"https:\/\/agora.xtec.cat\/zerponent\/wp-content\/uploads\/usu437\/2025\/06\/20250326_Pressupost2025_El_Vilot.pdf\">Pressupost 2025 El Vilot Sucs<\/a><br \/>\n&nbsp;<br \/>\n<a href=\"https:\/\/agora.xtec.cat\/zerponent\/wp-content\/uploads\/usu437\/2025\/06\/20250326_Liquidacio2024_Sant_Isidre.pdf\">Liquidaci\u00f3 econ\u00f2mica 2024 Sant_Isidre Gimenells<\/a><br \/>\n<a href=\"https:\/\/agora.xtec.cat\/zerponent\/wp-content\/uploads\/usu437\/2025\/06\/20250326_Pressupost2025_Sant_Isidre.pdf\">Pressupost 2025 Sant Isidre&hellip;  <a href=\"https:\/\/agora.xtec.cat\/zerponent\/gestio-economica\/\" title=\"Read Gesti\u00f3 econ\u00f2mica\">Llegeix m\u00e9s\u00bb<\/a><\/p>\n","protected":false},"author":1,"featured_media":0,"parent":0,"menu_order":0,"comment_status":"closed","ping_status":"closed","template":"","meta":{"_bbp_topic_count":0,"_bbp_reply_count":0,"_bbp_total_topic_count":0,"_bbp_total_reply_count":0,"_bbp_voice_count":0,"_bbp_anonymous_reply_count":0,"_bbp_topic_count_hidden":0,"_bbp_reply_count_hidden":0,"_bbp_forum_subforum_count":0,"footnotes":""},"class_list":["post-17745","page","type-page","status-publish","hentry"],"post_mailing_queue_ids":[],"_links":{"self":[{"href":"https:\/\/agora.xtec.cat\/zerponent\/wp-json\/wp\/v2\/pages\/17745","targetHints":{"allow":["GET"]}}],"collection":[{"href":"https:\/\/agora.xtec.cat\/zerponent\/wp-json\/wp\/v2\/pages"}],"about":[{"href":"https:\/\/agora.xtec.cat\/zerponent\/wp-json\/wp\/v2\/types\/page"}],"author":[{"embeddable":true,"href":"https:\/\/agora.xtec.cat\/zerponent\/wp-json\/wp\/v2\/users\/1"}],"replies":[{"embeddable":true,"href":"https:\/\/agora.xtec.cat\/zerponent\/wp-json\/wp\/v2\/comments?post=17745"}],"version-history":[{"count":8,"href":"https:\/\/agora.xtec.cat\/zerponent\/wp-json\/wp\/v2\/pages\/17745\/revisions"}],"predecessor-version":[{"id":19193,"href":"https:\/\/agora.xtec.cat\/zerponent\/wp-json\/wp\/v2\/pages\/17745\/revisions\/19193"}],"wp:attachment":[{"href":"https:\/\/agora.xtec.cat\/zerponent\/wp-json\/wp\/v2\/media?parent=17745"}],"curies":[{"name":"wp","href":"https:\/\/api.w.org\/{rel}","templated":true}]}}