{"id":63,"date":"2014-09-18T10:06:31","date_gmt":"2014-09-18T10:06:31","guid":{"rendered":"http:\/\/agora.xtec.cat\/zerpoblet\/?page_id=63"},"modified":"2025-09-02T13:57:21","modified_gmt":"2025-09-02T11:57:21","slug":"serveis","status":"publish","type":"page","link":"https:\/\/agora.xtec.cat\/zerpoblet\/zer\/serveis\/","title":{"rendered":"Serveis"},"content":{"rendered":"<p style=\"color: #444444;\"><strong>MENJADOR ESCOLAR<\/strong><\/p>\n<p style=\"color: #444444;\">Les tres escoles de la ZER disposen de servei de menjador escolar\u00a0gestionat per l\u2019empresa <em>Serveis d&#8217;\u00e0pats<\/em> i pel Consell Comarcal de la Conca de Barber\u00e0.<\/p>\n<p>A final de cada mes, s&#8217;entrega\u00a0a cada alumne, el calendari\u00a0mensual amb el men\u00fa de cada dia.<\/p>\n<p>L&#8217;horari de menjador \u00e9s de 12:30h a les 15h de la tarda.<\/p>\n<ul>\n<li>Escola de Blancafort: 1 monitor\/a<\/li>\n<li>Escola de Vilaverd: Monitor\/a<\/li>\n<li>Escola de Vimbod\u00ed i Poblet: 2 monitors\/res<\/li>\n<\/ul>\n<p>Per a m\u00e9s informaci\u00f3:<\/p>\n<p>www.alimentart.com<\/p>\n<p>&nbsp;<\/p>\n<p><strong>EXTRAESCOLARS<\/strong><\/p>\n<p>Les tres escoles que formen la ZER Poblet participen a les trobades esportives que s&#8217;organitzen des del Consell Comarcal de la Conca de Barber\u00e0, en l&#8217;especialitat de tennis taula, escacs i cros, coordinat per la mestra d&#8217;educaci\u00f3 f\u00edsica, Nat\u00e0lia Cabeza.<\/p>\n<p>Les activitats extraescolars estan gestionades per les AMPAs i AFAs de cada centre.<\/p>\n<p>&nbsp;<\/p>\n<p><strong>LLAR D&#8217;INFANTS<\/strong><\/p>\n<p>Des del curs 2022-2023, l&#8217;escola de Blancafort t\u00e9 integrada la Llar d&#8217;infants al centre.<\/p>\n<p>A partir d&#8217;aquest curs 2024-2025 l&#8217;Escola del Montgoi a Vilaverd, tamb\u00e9 conta amb llar d&#8217;infants integrada.<\/p>\n<p>El municipi de Vimbod\u00ed i Poblet, disposa de Llar d&#8217;infants municipal, la qual est\u00e0 ubicada al mateix edifici de l&#8217;escola.<\/p>\n","protected":false},"excerpt":{"rendered":"<p>MENJADOR ESCOLAR Les tres escoles de la ZER disposen de servei de menjador escolar\u00a0gestionat per l\u2019empresa Serveis d&#8217;\u00e0pats i pel Consell Comarcal de la Conca de Barber\u00e0. A final de cada mes, s&#8217;entrega\u00a0a cada alumne, el calendari\u00a0mensual amb el men\u00fa de cada dia. L&#8217;horari de menjador \u00e9s de 12:30h a les 15h de la tarda. [&hellip;]<\/p>\n","protected":false},"author":1,"featured_media":0,"parent":19,"menu_order":10,"comment_status":"closed","ping_status":"closed","template":"","meta":{"_bbp_topic_count":0,"_bbp_reply_count":0,"_bbp_total_topic_count":0,"_bbp_total_reply_count":0,"_bbp_voice_count":0,"_bbp_anonymous_reply_count":0,"_bbp_topic_count_hidden":0,"_bbp_reply_count_hidden":0,"_bbp_forum_subforum_count":0,"site-sidebar-layout":"default","site-content-layout":"","ast-site-content-layout":"default","site-content-style":"default","site-sidebar-style":"default","ast-global-header-display":"","ast-banner-title-visibility":"","ast-main-header-display":"","ast-hfb-above-header-display":"","ast-hfb-below-header-display":"","ast-hfb-mobile-header-display":"","site-post-title":"","ast-breadcrumbs-content":"","ast-featured-img":"","footer-sml-layout":"","theme-transparent-header-meta":"default","adv-header-id-meta":"","stick-header-meta":"","header-above-stick-meta":"","header-main-stick-meta":"","header-below-stick-meta":"","astra-migrate-meta-layouts":"set","ast-page-background-enabled":"default","ast-page-background-meta":{"desktop":{"background-color":"var(--ast-global-color-4)","background-image":"","background-repeat":"repeat","background-position":"center center","background-size":"auto","background-attachment":"scroll","background-type":"","background-media":"","overlay-type":"","overlay-color":"","overlay-opacity":"","overlay-gradient":""},"tablet":{"background-color":"","background-image":"","background-repeat":"repeat","background-position":"center center","background-size":"auto","background-attachment":"scroll","background-type":"","background-media":"","overlay-type":"","overlay-color":"","overlay-opacity":"","overlay-gradient":""},"mobile":{"background-color":"","background-image":"","background-repeat":"repeat","background-position":"center center","background-size":"auto","background-attachment":"scroll","background-type":"","background-media":"","overlay-type":"","overlay-color":"","overlay-opacity":"","overlay-gradient":""}},"ast-content-background-meta":{"desktop":{"background-color":"var(--ast-global-color-5)","background-image":"","background-repeat":"repeat","background-position":"center center","background-size":"auto","background-attachment":"scroll","background-type":"","background-media":"","overlay-type":"","overlay-color":"","overlay-opacity":"","overlay-gradient":""},"tablet":{"background-color":"var(--ast-global-color-5)","background-image":"","background-repeat":"repeat","background-position":"center center","background-size":"auto","background-attachment":"scroll","background-type":"","background-media":"","overlay-type":"","overlay-color":"","overlay-opacity":"","overlay-gradient":""},"mobile":{"background-color":"var(--ast-global-color-5)","background-image":"","background-repeat":"repeat","background-position":"center center","background-size":"auto","background-attachment":"scroll","background-type":"","background-media":"","overlay-type":"","overlay-color":"","overlay-opacity":"","overlay-gradient":""}},"footnotes":""},"class_list":["post-63","page","type-page","status-publish","hentry"],"post_mailing_queue_ids":[],"_links":{"self":[{"href":"https:\/\/agora.xtec.cat\/zerpoblet\/wp-json\/wp\/v2\/pages\/63","targetHints":{"allow":["GET"]}}],"collection":[{"href":"https:\/\/agora.xtec.cat\/zerpoblet\/wp-json\/wp\/v2\/pages"}],"about":[{"href":"https:\/\/agora.xtec.cat\/zerpoblet\/wp-json\/wp\/v2\/types\/page"}],"author":[{"embeddable":true,"href":"https:\/\/agora.xtec.cat\/zerpoblet\/wp-json\/wp\/v2\/users\/1"}],"replies":[{"embeddable":true,"href":"https:\/\/agora.xtec.cat\/zerpoblet\/wp-json\/wp\/v2\/comments?post=63"}],"version-history":[{"count":7,"href":"https:\/\/agora.xtec.cat\/zerpoblet\/wp-json\/wp\/v2\/pages\/63\/revisions"}],"predecessor-version":[{"id":5432,"href":"https:\/\/agora.xtec.cat\/zerpoblet\/wp-json\/wp\/v2\/pages\/63\/revisions\/5432"}],"up":[{"embeddable":true,"href":"https:\/\/agora.xtec.cat\/zerpoblet\/wp-json\/wp\/v2\/pages\/19"}],"wp:attachment":[{"href":"https:\/\/agora.xtec.cat\/zerpoblet\/wp-json\/wp\/v2\/media?parent=63"}],"curies":[{"name":"wp","href":"https:\/\/api.w.org\/{rel}","templated":true}]}}