{"id":57,"date":"2014-09-17T17:01:07","date_gmt":"2014-09-17T17:01:07","guid":{"rendered":"http:\/\/agora.xtec.cat\/zerpoblet\/?page_id=57"},"modified":"2025-09-02T13:34:29","modified_gmt":"2025-09-02T11:34:29","slug":"projecte-educatiu","status":"publish","type":"page","link":"https:\/\/agora.xtec.cat\/zerpoblet\/zer\/projecte-educatiu\/","title":{"rendered":"Projecte educatiu i altres documents"},"content":{"rendered":"<p>El <strong>projecte educatiu de la ZER\u00a0(PEZ)<\/strong> \u00e9s un document que inclou els nostres trets d&#8217;identitat, principis pedag\u00f2gics, principis organitzatius i projecte ling\u00fc\u00edstic.<\/p>\n<p>En aquest document s&#8217;especifiquen els valors, els objectius i les prioritats d&#8217;actuaci\u00f3 del centre, la concreci\u00f3 dels curr\u00edculums que s&#8217;imparteixen i el tractament transversal en les \u00e0rees, mat\u00e8ries o m\u00f2duls de l&#8217;educaci\u00f3 en valors i altres ensenyaments.<\/p>\n<p>El PEZ ha estat elaborat pel claustre de mestres, a iniciativa de la directora.<\/p>\n<p>Els centres p\u00fablics i els centres privats concertats han de disposar de projecte educatiu, d&#8217;acord amb el que estableix la <a title=\"Article 91 LEC\" href=\"http:\/\/www20.gencat.cat\/portal\/site\/portaljuridic\/menuitem.d15a4e5dfb99396dc366ec10b0c0e1a0\/?vgnextoid=b85297b5a87d6210VgnVCM1000000b0c1e0aRCRD&amp;vgnextchannel=b85297b5a87d6210VgnVCM1000000b0c1e0aRCRD&amp;vgnextfmt=default&amp;action=fitxa&amp;portalId=1&amp;documentId=480169&amp;newLang=ca_ES#fragment-1182442\" target=\"_blank\" rel=\"noopener noreferrer\">Llei 12\/2009, de 10 de juliol, d&#8217;Educaci\u00f3 de Catalunya (LEC)<\/a>, el projecte educatiu.<\/p>\n<p style=\"text-align: center;\">Si en voleu consultar el document amb tot el contingut, cliqueu aqu\u00ed <a href=\"https:\/\/agora.xtec.cat\/zerpoblet\/wp-content\/uploads\/usu992\/2025\/09\/Projecte-Educatiu-de-la-ZER-Poblet-.pdf\">Projecte Educatiu de la ZER Poblet<\/a>.<\/p>\n<p>Del Projecte Educatiu se&#8217;n despr\u00e8n el\u00a0 cam\u00ed a fer durant aquests pr\u00f2xims anys, i aquest fet est\u00e0 reflectit en el projecte de direcci\u00f3 de ZER. El podeu trobar aqu\u00ed. <a href=\"https:\/\/agora.xtec.cat\/zerpoblet\/wp-content\/uploads\/usu992\/2024\/10\/PdD_ZER-Poblet_Isabel-Guasch-1.pdf\">PdD_ZER Poblet_Isabel Guasch<\/a><\/p>\n<p>I concretant el cam\u00ed d&#8217;aquest any el podreu trobar al seg\u00fcent enlla\u00e7:\u00a0 <a href=\"https:\/\/agora.xtec.cat\/zerpoblet\/wp-content\/uploads\/usu992\/2024\/10\/PGA-2024-2025.pdf\">PGA 2024-2025<\/a><\/p>\n<p>La ZER Poblet ha elaborat els\u00a0documents seg\u00fcents, els quals tamb\u00e9 formen part del projecte educatiu:<\/p>\n<p>&nbsp;<\/p>\n<ul>\n<li><a href=\"https:\/\/agora.xtec.cat\/zerpoblet\/wp-content\/uploads\/usu992\/2024\/01\/PLA-DE-CONVIVENCIA_juny2020.pdf\">Pla de conviv\u00e8ncia<\/a><\/li>\n<li><a href=\"https:\/\/agora.xtec.cat\/zerpoblet\/wp-content\/uploads\/usu992\/2019\/12\/PROJECTE-LING\u00dc\u00cdSTIC-ZER-POBLET.pdf\">Projecte ling\u00fc\u00edstic ZER POBLET<\/a><\/li>\n<li><a href=\"https:\/\/agora.xtec.cat\/zerpoblet\/wp-content\/uploads\/usu992\/2024\/02\/NOFZ_31-1-18-_nodes-1.pdf\">NOFZ_ZER<\/a><\/li>\n<li><a href=\"https:\/\/agora.xtec.cat\/zerpoblet\/wp-content\/uploads\/usu992\/2024\/01\/Pla-de-Comunicacio-ZER-POBLET.docx-3.pdf\">Pla de comunicaci\u00f3 i Acollida<\/a><\/li>\n<\/ul>\n<p>&nbsp;<\/p>\n","protected":false},"excerpt":{"rendered":"<p>El projecte educatiu de la ZER\u00a0(PEZ) \u00e9s un document que inclou els nostres trets d&#8217;identitat, principis pedag\u00f2gics, principis organitzatius i projecte ling\u00fc\u00edstic. En aquest document s&#8217;especifiquen els valors, els objectius i les prioritats d&#8217;actuaci\u00f3 del centre, la concreci\u00f3 dels curr\u00edculums que s&#8217;imparteixen i el tractament transversal en les \u00e0rees, mat\u00e8ries o m\u00f2duls de l&#8217;educaci\u00f3 en [&hellip;]<\/p>\n","protected":false},"author":1,"featured_media":0,"parent":19,"menu_order":3,"comment_status":"closed","ping_status":"closed","template":"","meta":{"_bbp_topic_count":0,"_bbp_reply_count":0,"_bbp_total_topic_count":0,"_bbp_total_reply_count":0,"_bbp_voice_count":0,"_bbp_anonymous_reply_count":0,"_bbp_topic_count_hidden":0,"_bbp_reply_count_hidden":0,"_bbp_forum_subforum_count":0,"site-sidebar-layout":"default","site-content-layout":"","ast-site-content-layout":"default","site-content-style":"default","site-sidebar-style":"default","ast-global-header-display":"","ast-banner-title-visibility":"","ast-main-header-display":"","ast-hfb-above-header-display":"","ast-hfb-below-header-display":"","ast-hfb-mobile-header-display":"","site-post-title":"","ast-breadcrumbs-content":"","ast-featured-img":"","footer-sml-layout":"","theme-transparent-header-meta":"default","adv-header-id-meta":"","stick-header-meta":"","header-above-stick-meta":"","header-main-stick-meta":"","header-below-stick-meta":"","astra-migrate-meta-layouts":"set","ast-page-background-enabled":"default","ast-page-background-meta":{"desktop":{"background-color":"var(--ast-global-color-4)","background-image":"","background-repeat":"repeat","background-position":"center center","background-size":"auto","background-attachment":"scroll","background-type":"","background-media":"","overlay-type":"","overlay-color":"","overlay-opacity":"","overlay-gradient":""},"tablet":{"background-color":"","background-image":"","background-repeat":"repeat","background-position":"center center","background-size":"auto","background-attachment":"scroll","background-type":"","background-media":"","overlay-type":"","overlay-color":"","overlay-opacity":"","overlay-gradient":""},"mobile":{"background-color":"","background-image":"","background-repeat":"repeat","background-position":"center center","background-size":"auto","background-attachment":"scroll","background-type":"","background-media":"","overlay-type":"","overlay-color":"","overlay-opacity":"","overlay-gradient":""}},"ast-content-background-meta":{"desktop":{"background-color":"var(--ast-global-color-5)","background-image":"","background-repeat":"repeat","background-position":"center center","background-size":"auto","background-attachment":"scroll","background-type":"","background-media":"","overlay-type":"","overlay-color":"","overlay-opacity":"","overlay-gradient":""},"tablet":{"background-color":"var(--ast-global-color-5)","background-image":"","background-repeat":"repeat","background-position":"center center","background-size":"auto","background-attachment":"scroll","background-type":"","background-media":"","overlay-type":"","overlay-color":"","overlay-opacity":"","overlay-gradient":""},"mobile":{"background-color":"var(--ast-global-color-5)","background-image":"","background-repeat":"repeat","background-position":"center center","background-size":"auto","background-attachment":"scroll","background-type":"","background-media":"","overlay-type":"","overlay-color":"","overlay-opacity":"","overlay-gradient":""}},"footnotes":""},"class_list":["post-57","page","type-page","status-publish","hentry"],"post_mailing_queue_ids":[],"_links":{"self":[{"href":"https:\/\/agora.xtec.cat\/zerpoblet\/wp-json\/wp\/v2\/pages\/57","targetHints":{"allow":["GET"]}}],"collection":[{"href":"https:\/\/agora.xtec.cat\/zerpoblet\/wp-json\/wp\/v2\/pages"}],"about":[{"href":"https:\/\/agora.xtec.cat\/zerpoblet\/wp-json\/wp\/v2\/types\/page"}],"author":[{"embeddable":true,"href":"https:\/\/agora.xtec.cat\/zerpoblet\/wp-json\/wp\/v2\/users\/1"}],"replies":[{"embeddable":true,"href":"https:\/\/agora.xtec.cat\/zerpoblet\/wp-json\/wp\/v2\/comments?post=57"}],"version-history":[{"count":7,"href":"https:\/\/agora.xtec.cat\/zerpoblet\/wp-json\/wp\/v2\/pages\/57\/revisions"}],"predecessor-version":[{"id":5431,"href":"https:\/\/agora.xtec.cat\/zerpoblet\/wp-json\/wp\/v2\/pages\/57\/revisions\/5431"}],"up":[{"embeddable":true,"href":"https:\/\/agora.xtec.cat\/zerpoblet\/wp-json\/wp\/v2\/pages\/19"}],"wp:attachment":[{"href":"https:\/\/agora.xtec.cat\/zerpoblet\/wp-json\/wp\/v2\/media?parent=57"}],"curies":[{"name":"wp","href":"https:\/\/api.w.org\/{rel}","templated":true}]}}